{"id":10220,"date":"2021-08-18T08:42:38","date_gmt":"2021-08-18T06:42:38","guid":{"rendered":"https:\/\/aisn.pl\/webinaria\/leczenie-ozw-2\/"},"modified":"2021-09-15T10:41:09","modified_gmt":"2021-09-15T08:41:09","slug":"przezskornemetody","status":"publish","type":"page","link":"https:\/\/aisn.pl\/en\/webinaria\/przezskornemetody\/","title":{"rendered":"Przezsk\u00f3rne metody leczenia wad serca u os\u00f3b w podesz\u0142ym wieku"},"content":{"rendered":"","protected":false},"excerpt":{"rendered":"","protected":false},"author":6,"featured_media":0,"parent":9152,"menu_order":2,"comment_status":"closed","ping_status":"closed","template":"","meta":{"footnotes":""},"class_list":["post-10220","page","type-page","status-publish","hentry"],"_links":{"self":[{"href":"https:\/\/aisn.pl\/en\/wp-json\/wp\/v2\/pages\/10220","targetHints":{"allow":["GET"]}}],"collection":[{"href":"https:\/\/aisn.pl\/en\/wp-json\/wp\/v2\/pages"}],"about":[{"href":"https:\/\/aisn.pl\/en\/wp-json\/wp\/v2\/types\/page"}],"author":[{"embeddable":true,"href":"https:\/\/aisn.pl\/en\/wp-json\/wp\/v2\/users\/6"}],"replies":[{"embeddable":true,"href":"https:\/\/aisn.pl\/en\/wp-json\/wp\/v2\/comments?post=10220"}],"version-history":[{"count":31,"href":"https:\/\/aisn.pl\/en\/wp-json\/wp\/v2\/pages\/10220\/revisions"}],"predecessor-version":[{"id":10863,"href":"https:\/\/aisn.pl\/en\/wp-json\/wp\/v2\/pages\/10220\/revisions\/10863"}],"up":[{"embeddable":true,"href":"https:\/\/aisn.pl\/en\/wp-json\/wp\/v2\/pages\/9152"}],"wp:attachment":[{"href":"https:\/\/aisn.pl\/en\/wp-json\/wp\/v2\/media?parent=10220"}],"curies":[{"name":"wp","href":"https:\/\/api.w.org\/{rel}","templated":true}]}}