{"id":105,"date":"2020-06-13T10:09:28","date_gmt":"2020-06-13T10:09:28","guid":{"rendered":"https:\/\/test.aisn.pl\/?page_id=105"},"modified":"2025-10-09T11:11:08","modified_gmt":"2025-10-09T09:11:08","slug":"zarzad_aisn","status":"publish","type":"page","link":"https:\/\/aisn.pl\/en\/aisn\/zarzad_aisn\/","title":{"rendered":"AISN Management Board"},"content":{"rendered":"<div data-elementor-type=\"wp-page\" data-elementor-id=\"105\" data-post-id=\"105\" data-obj-id=\"105\" class=\"elementor elementor-105 dce-elementor-post-105\" data-elementor-post-type=\"page\">\n\t\t\t\t\t\t<section class=\"elementor-section elementor-top-section elementor-element elementor-element-8ccecf7 elementor-section-boxed elementor-section-height-default elementor-section-height-default\" data-id=\"8ccecf7\" data-element_type=\"section\" data-settings=\"{&quot;jet_parallax_layout_list&quot;:[{&quot;jet_parallax_layout_image&quot;:{&quot;url&quot;:&quot;&quot;,&quot;id&quot;:&quot;&quot;,&quot;size&quot;:&quot;&quot;},&quot;_id&quot;:&quot;1bb745d&quot;,&quot;jet_parallax_layout_image_tablet&quot;:{&quot;url&quot;:&quot;&quot;,&quot;id&quot;:&quot;&quot;,&quot;size&quot;:&quot;&quot;},&quot;jet_parallax_layout_image_mobile&quot;:{&quot;url&quot;:&quot;&quot;,&quot;id&quot;:&quot;&quot;,&quot;size&quot;:&quot;&quot;},&quot;jet_parallax_layout_speed&quot;:{&quot;unit&quot;:&quot;%&quot;,&quot;size&quot;:50,&quot;sizes&quot;:[]},&quot;jet_parallax_layout_type&quot;:&quot;scroll&quot;,&quot;jet_parallax_layout_direction&quot;:null,&quot;jet_parallax_layout_fx_direction&quot;:null,&quot;jet_parallax_layout_z_index&quot;:&quot;&quot;,&quot;jet_parallax_layout_bg_x&quot;:50,&quot;jet_parallax_layout_bg_x_tablet&quot;:&quot;&quot;,&quot;jet_parallax_layout_bg_x_mobile&quot;:&quot;&quot;,&quot;jet_parallax_layout_bg_y&quot;:50,&quot;jet_parallax_layout_bg_y_tablet&quot;:&quot;&quot;,&quot;jet_parallax_layout_bg_y_mobile&quot;:&quot;&quot;,&quot;jet_parallax_layout_bg_size&quot;:&quot;auto&quot;,&quot;jet_parallax_layout_bg_size_tablet&quot;:&quot;&quot;,&quot;jet_parallax_layout_bg_size_mobile&quot;:&quot;&quot;,&quot;jet_parallax_layout_animation_prop&quot;:&quot;transform&quot;,&quot;jet_parallax_layout_on&quot;:[&quot;desktop&quot;,&quot;tablet&quot;]}]}\">\n\t\t\t\t\t\t<div class=\"elementor-container elementor-column-gap-default\">\n\t\t\t\t\t<div class=\"elementor-column elementor-col-100 elementor-top-column elementor-element elementor-element-c790ddb\" data-id=\"c790ddb\" data-element_type=\"column\">\n\t\t\t<div class=\"elementor-widget-wrap elementor-element-populated\">\n\t\t\t\t\t\t<div class=\"elementor-element elementor-element-f4f21e5 elementor-widget elementor-widget-text-editor\" data-id=\"f4f21e5\" data-element_type=\"widget\" data-widget_type=\"text-editor.default\">\n\t\t\t\t<div class=\"elementor-widget-container\">\n\t\t\t\t\t\t\t<h6><span style=\"color: #bf0000;\">President<\/span><\/h6><p><span style=\"color: #000000;\">Prof.\u00a0 dr hab. n. med. Zenon Huczek<br \/><\/span><\/p><h6><span style=\"color: #bf0000;\">Outgoing President<\/span><\/h6><p><span style=\"color: #000000;\">Dr hab. n. med. Micha\u0142 Hawranek<br \/><\/span><\/p><h6><span style=\"color: #bf0000;\">President Elect<\/span><\/h6><p><span style=\"color: #000000;\">Dr hab. n. med. Maciej D\u0105browski<br \/><\/span><\/p>\t\t\t\t\t\t<\/div>\n\t\t\t\t<\/div>\n\t\t\t\t<div class=\"elementor-element elementor-element-6726a07 elementor-widget elementor-widget-text-editor\" data-id=\"6726a07\" data-element_type=\"widget\" data-widget_type=\"text-editor.default\">\n\t\t\t\t<div class=\"elementor-widget-container\">\n\t\t\t\t\t\t\t<h4><strong>The Management Board<\/strong><\/h4><ul><li>dr hab. med. n. med. \u0141ukasz Lewicki (Sekretarz)<\/li><li style=\"font-size: 16px;\">prof. dr hab. n. med. Mariusz Tomaniak (Skarbnik)<\/li><li>dr hab. n. med. Marta Ka\u0142u\u017cna-Oleksy<\/li><li>dr hab. med. Wojciech Wa\u0144ha<\/li><li>dr hab. n. med. Jerzy Pr\u0119gowski, prof. NIK<\/li><li>dr hab. n. med. Krzysztof Bryniarski<\/li><li>dr hab. n. med. Wiktor Kuliczkowski, prof. UMW<br \/><br \/><\/li><\/ul><h4><strong>Review Board\u00a0<\/strong><\/h4><ul><li>prof. dr hab. n. med. Marek Grygier<\/li><li>prof. dr hab. n. med. S\u0142awomir Dobrzycki<\/li><li>prof. dr hab. n. med. Andrzej Ocha\u0142a<\/li><li>dr n. med. Dariusz Cie\u0107wierz<\/li><li>prof. dr hab. n. med. Zbigniew Chmielak<br \/><br \/><\/li><\/ul><h4><strong>Certification Committee AISN AISN PTK\u00a0<\/strong><\/h4><ul><li style=\"font-size: 16px;\">prof. dr hab. n. med. Zenon Huczek<\/li><li>dr hab. n. med. Micha\u0142 Hawranek<\/li><li>prof. dr hab. n. med. Maciej D\u0105browski<\/li><\/ul>\t\t\t\t\t\t<\/div>\n\t\t\t\t<\/div>\n\t\t\t\t\t<\/div>\n\t\t<\/div>\n\t\t\t\t\t<\/div>\n\t\t<\/section>\n\t\t\t\t<\/div>","protected":false},"excerpt":{"rendered":"<p>Przewodnicz\u0105cy Prof.\u00a0 dr hab. n. med. Zenon Huczek Ust\u0119puj\u0105cy Przewodnicz\u0105cy Dr hab. n. med. Micha\u0142 Hawranek Przewodnicz\u0105cy Elekt Dr hab. n. med. Maciej D\u0105browski Zarz\u0105d dr hab. med. n. med. \u0141ukasz Lewicki (Sekretarz) prof. dr hab. n. med. Mariusz Tomaniak (Skarbnik) dr hab. n. med. Marta Ka\u0142u\u017cna-Oleksy dr hab. med. Wojciech Wa\u0144ha dr hab. n. [&hellip;]<\/p>","protected":false},"author":6,"featured_media":0,"parent":98,"menu_order":1,"comment_status":"closed","ping_status":"closed","template":"","meta":{"footnotes":""},"class_list":["post-105","page","type-page","status-publish","hentry"],"_links":{"self":[{"href":"https:\/\/aisn.pl\/en\/wp-json\/wp\/v2\/pages\/105","targetHints":{"allow":["GET"]}}],"collection":[{"href":"https:\/\/aisn.pl\/en\/wp-json\/wp\/v2\/pages"}],"about":[{"href":"https:\/\/aisn.pl\/en\/wp-json\/wp\/v2\/types\/page"}],"author":[{"embeddable":true,"href":"https:\/\/aisn.pl\/en\/wp-json\/wp\/v2\/users\/6"}],"replies":[{"embeddable":true,"href":"https:\/\/aisn.pl\/en\/wp-json\/wp\/v2\/comments?post=105"}],"version-history":[{"count":55,"href":"https:\/\/aisn.pl\/en\/wp-json\/wp\/v2\/pages\/105\/revisions"}],"predecessor-version":[{"id":26860,"href":"https:\/\/aisn.pl\/en\/wp-json\/wp\/v2\/pages\/105\/revisions\/26860"}],"up":[{"embeddable":true,"href":"https:\/\/aisn.pl\/en\/wp-json\/wp\/v2\/pages\/98"}],"wp:attachment":[{"href":"https:\/\/aisn.pl\/en\/wp-json\/wp\/v2\/media?parent=105"}],"curies":[{"name":"wp","href":"https:\/\/api.w.org\/{rel}","templated":true}]}}