{"id":107,"date":"2020-06-13T12:45:45","date_gmt":"2020-06-13T12:45:45","guid":{"rendered":"https:\/\/test.aisn.pl\/?page_id=107"},"modified":"2025-10-09T11:20:49","modified_gmt":"2025-10-09T09:20:49","slug":"sklad_poprzednich_zarzadow","status":"publish","type":"page","link":"https:\/\/aisn.pl\/en\/aisn\/zarzad_aisn\/sklad_poprzednich_zarzadow\/","title":{"rendered":"Composition of previous Management Boards"},"content":{"rendered":"<div data-elementor-type=\"wp-page\" data-elementor-id=\"107\" data-post-id=\"107\" data-obj-id=\"107\" class=\"elementor elementor-107 dce-elementor-post-107\" data-elementor-post-type=\"page\">\n\t\t\t\t\t\t<section class=\"elementor-section elementor-top-section elementor-element elementor-element-58773aab elementor-section-boxed elementor-section-height-default elementor-section-height-default\" data-id=\"58773aab\" data-element_type=\"section\" data-settings=\"{&quot;jet_parallax_layout_list&quot;:[{&quot;jet_parallax_layout_image&quot;:{&quot;url&quot;:&quot;&quot;,&quot;id&quot;:&quot;&quot;,&quot;size&quot;:&quot;&quot;},&quot;_id&quot;:&quot;aed2b63&quot;,&quot;jet_parallax_layout_image_tablet&quot;:{&quot;url&quot;:&quot;&quot;,&quot;id&quot;:&quot;&quot;,&quot;size&quot;:&quot;&quot;},&quot;jet_parallax_layout_image_mobile&quot;:{&quot;url&quot;:&quot;&quot;,&quot;id&quot;:&quot;&quot;,&quot;size&quot;:&quot;&quot;},&quot;jet_parallax_layout_speed&quot;:{&quot;unit&quot;:&quot;%&quot;,&quot;size&quot;:50,&quot;sizes&quot;:[]},&quot;jet_parallax_layout_type&quot;:&quot;scroll&quot;,&quot;jet_parallax_layout_direction&quot;:null,&quot;jet_parallax_layout_fx_direction&quot;:null,&quot;jet_parallax_layout_z_index&quot;:&quot;&quot;,&quot;jet_parallax_layout_bg_x&quot;:50,&quot;jet_parallax_layout_bg_x_tablet&quot;:&quot;&quot;,&quot;jet_parallax_layout_bg_x_mobile&quot;:&quot;&quot;,&quot;jet_parallax_layout_bg_y&quot;:50,&quot;jet_parallax_layout_bg_y_tablet&quot;:&quot;&quot;,&quot;jet_parallax_layout_bg_y_mobile&quot;:&quot;&quot;,&quot;jet_parallax_layout_bg_size&quot;:&quot;auto&quot;,&quot;jet_parallax_layout_bg_size_tablet&quot;:&quot;&quot;,&quot;jet_parallax_layout_bg_size_mobile&quot;:&quot;&quot;,&quot;jet_parallax_layout_animation_prop&quot;:&quot;transform&quot;,&quot;jet_parallax_layout_on&quot;:[&quot;desktop&quot;,&quot;tablet&quot;]}]}\">\n\t\t\t\t\t\t<div class=\"elementor-container elementor-column-gap-default\">\n\t\t\t\t\t<div class=\"elementor-column elementor-col-100 elementor-top-column elementor-element elementor-element-44a0b8e7\" data-id=\"44a0b8e7\" data-element_type=\"column\">\n\t\t\t<div class=\"elementor-widget-wrap elementor-element-populated\">\n\t\t\t\t\t\t<div class=\"elementor-element elementor-element-7142cbff elementor-widget elementor-widget-text-editor\" data-id=\"7142cbff\" data-element_type=\"widget\" data-widget_type=\"text-editor.default\">\n\t\t\t\t<div class=\"elementor-widget-container\">\n\t\t\t\t\t\t\t<h2 style=\"color: #7a7a7a; font-family: Lato, sans-serif;\"><span style=\"color: #cb0200;\">2023 &#8211; 2025<\/span><\/h2>\n<p style=\"font-size: 16px;\"><span style=\"font-weight: bolder;\">The President:&nbsp;<\/span><span style=\"font-weight: bold;\">Dr hab. n. med. Micha\u0142 Hawranek<\/span><\/p>\n<p style=\"font-size: 16px;\">Chairman elect:&nbsp;<b>Prof. d<\/b><span style=\"font-weight: bolder;\">r hab. n. med. Zenon Huczek<\/span><br>The outgoing President:<span style=\"font-weight: bolder;\">&nbsp;Prof. dr hab. n. med. Marek Grygier<\/span><br>Secretary:&nbsp;<span style=\"font-weight: bold;\">Prof. d<\/span><span style=\"font-weight: bolder;\">r hab. n. med. Mariusz Tomaniak<\/span><\/p>\n<p style=\"font-size: 16px;\">Members of the Board:<\/p>\n<ul style=\"background-color: #ffffff; font-size: 16px;\">\n<li style=\"font-size: 16px;\">Prof. dr hab. med. Maksymilian Opolski (Skarbnik)<\/li>\n<li style=\"font-size: 16px;\">Prof. dr hab. med. Pawe\u0142 Kleczy\u0144ski<\/li>\n<li style=\"font-size: 16px;\">Dr hab. med. Marta Ka\u0142u\u017cna-Oleksy<\/li>\n<li style=\"font-size: 16px;\">Prof. dr hab. med. Krzysztof Milewski<\/li>\n<li style=\"font-size: 16px;\">Prof. dr hab. med. Robert Sabiniewicz<\/li>\n<li style=\"font-size: 16px;\">Prof. dr hab. med. Grzegorz Smolka<\/li>\n<\/ul>\n<p><span style=\"color: #cb0200;\"><br><\/span><\/p><h2 style=\"color: rgb(122, 122, 122); font-family: Lato, sans-serif;\"><span style=\"color: rgb(203, 2, 0);\">2021 &#8211; 2023<\/span><\/h2>\n<p style=\"font-size: 16px;\"><span style=\"font-weight: bolder;\">The President: <span style=\"font-weight: bold;\">Prof. UM, d<\/span>r hab. n. med. Marek Grygier<br><\/span><\/p>\n<p style=\"font-size: 16px;\">Chairman elect: <span style=\"font-weight: bolder;\">Dr hab. n. med. Micha\u0142 Hawranek<\/span><br>The outgoing President:<span style=\"font-weight: bolder;\"> Prof. dr hab n. med. Stanis\u0142aw Bartu\u015b<\/span><br>Secretary: <b>Prof. d<\/b><span style=\"font-weight: bolder;\">r hab. n. med. Grzegorz Smolka<\/span><\/p>\n<p style=\"font-size: 16px;\">Members of the Board:<\/p>\n<ul style=\"font-size: 16px; background-color: #ffffff;\">\n<li style=\"font-size: 16px;\">Prof. dr hab. med. Maksymilian Opolski (Skarbnik)<\/li>\n<li>Prof. UJ, dr hab. med. Pawe\u0142 Kleczy\u0144ski<\/li>\n<li>Prof. dr hab. med. Jacek Kusa<\/li>\n<li>Prof. dr hab. med. Krzysztof Milewski<\/li>\n<li>Prof. dr hab. med. Tomasz Paw\u0142owski<\/li>\n<li>Prof. dr hab. med. Marcin Protasiewicz<\/li>\n<\/ul>\n<h2><span style=\"color: #cb0200; font-family: inherit; font-size: 2rem; letter-spacing: var( --e-global-typography-text-letter-spacing );\">2019 &#8211; 2021<\/span><\/h2>\n<p><strong>Przewodnicz\u0105cy: Prof. dr hab n. med. Stanis\u0142aw Bartu\u015b<br><\/strong><\/p>\n<p>Chairman elect: <b>Prof. UM, d<\/b><strong>r hab. n. med. Marek Grygier<\/strong><br>The outgoing President:<strong> Prof. dr hab. n. med. Wojciech Wojakowski<\/strong><br>Secretary: <strong>Dr hab. n. med. Micha\u0142 Hawranek<\/strong><\/p>\n<p>Members of the Board:<\/p>\n<ul>\n<li>Prof. UM, dr hab. n. med. Aleksander Araszkiewicz<\/li>\n<li>Dr n. med. Maciej D\u0105browski (Skarbnik)<\/li>\n<li>Dr hab. n. med. Zenon Huczek<\/li>\n<li>Dr n. med. Pawe\u0142 Kralisz<\/li>\n<li>Prof. dr hab. n. med. Jacek Kusa<\/li>\n<li>Prof. dr hab. n. med. Tomasz Roleder<\/li>\n<\/ul>\n<h2><span style=\"color: #cb0200;\">2017 &#8211; 2019<\/span><\/h2>\n<p><strong>The President: Prof. dr hab n. med. Wojciech Wojakowski<\/strong><\/p>\n<p>Chairman elect: <b>D<\/b><strong>r hab. n. med. Stanis\u0142aw Bartu\u015b, prof. UJ<\/strong><br>The outgoing President:<strong> Prof. UJ, dr hab. med. Jacek Legutko<\/strong><br>Secretary: <strong>Dr n. med. Micha\u0142 Hawranek<\/strong><\/p>\n<p>Members of the Board:<\/p>\n<ul>\n<li>Dr hab. n. med. Aleksander Araszkiewicz<\/li>\n<li>Dr n. med. Jacek Bil<\/li>\n<li>Dr n. med. Maciej D\u0105browski (Skarbnik)<\/li>\n<li>Dr hab. n. med. Zenon Huczek<\/li>\n<li>Dr n. med. Pawe\u0142 Kralisz<\/li>\n<li>Dr hab. n. med. Tomasz Roleder<\/li>\n<\/ul>\n<h2><span style=\"color: #cb0200;\">2015 &#8211; 2017<\/span><\/h2>\n<p><strong>Przewodnicz\u0105cy: Prof. UJ, dr hab. n. med. Jacek Legutko&nbsp;<\/strong><\/p>\n<p>Chairman elect: <strong>Prof. dr hab. n. med. Wojciech Wojakowski<\/strong><br>The outgoing President: <strong>Prof.&nbsp;dr hab. n. med. Andrzej Ocha\u0142a<\/strong><br>Secretary: <strong>Dr hab. n. med. Stanis\u0142aw Bartu\u015b<\/strong><\/p>\n<p>Members of the Board:<\/p>\n<ul>\n<li>Prof. dr hab. n. med. Zbigniew Chmielak (Skarbnik)<\/li>\n<li>Prof. dr hab. n. med. S\u0142awomir Dobrzycki<\/li>\n<li>Dr hab. n. med. Marek Grygier<\/li>\n<li>Prof. dr hab. n. med. Tomasz Moszura<\/li>\n<li>Dr n. med. Rados\u0142aw Parma<\/li>\n<li>Dr hab. n. med. Tomasz Paw\u0142owski<\/li>\n<\/ul>\n<h2><span style=\"color: #cb0200;\">2013 &#8211; 2015<\/span><\/h2>\n<p><strong>The President: Prof. dr hab. n. med. Andrzej Ocha\u0142a<\/strong><\/p>\n<p>Chairman elect: <strong>Dr hab. n. med. Jacek Legutko<\/strong><br>The outgoing President: <strong>Prof. dr hab. n. med. Dariusz Dudek<\/strong><br>Secretary: <strong>Dr n. med. Rados\u0142aw Parma<\/strong><\/p>\n<p>Members of the Board:<\/p>\n<ul>\n<li>Dr hab. n. med. Stanis\u0142aw Bartu\u015b<\/li>\n<li>Prof. dr hab. n. med. Zbigniew Chmielak (Skarbnik)<\/li>\n<li>Prof. dr hab. n. med. S\u0142awomir Dobrzycki<\/li>\n<li>Dr n. med. Marek Grygier<\/li>\n<li>Prof. dr hab. n. med. Tomasz Moszura<\/li>\n<li>Dr n. med. Tomasz Paw\u0142owski<\/li>\n<\/ul>\n<h2><span style=\"color: #cb0200;\">2011 &#8211; 2013<\/span><\/h2>\n<p><strong>Przewodnicz\u0105cy: Prof. UJ, dr hab. med. Dariusz Dudek<\/strong><\/p>\n<p>Chairman elect: <strong>Prof. dr hab. med. Andrzej Ocha\u0142a<\/strong><br>The outgoing President: <strong>Dr hab. med. Maciej Lesiak<\/strong><br>Secretary: <strong>Dr n. med. Jacek Legutko<\/strong><\/p>\n<p>Members of the Board:<\/p>\n<ul>\n<li>Dr med. Aleksander Araszkiewicz<\/li>\n<li>Dr med. Tomasz Deptuch (Skarbnik)<\/li>\n<li>Prof. nadzw. IK Maciej Karcz<\/li>\n<li>Dr med. Zbigniew Peruga<\/li>\n<li>Dr hab. med. Ma\u0142gorzata Szkutnik<\/li>\n<li>Dr hab. med. Wojciech Wojakowski<\/li>\n<\/ul>\n<h2><span style=\"color: #cb0200;\">2007 &#8211; 2011<\/span><\/h2>\n<p><strong>The President: Dr hab. med. Maciej Lesiak<\/strong><\/p>\n<p>Chairman elect: <strong>Dr hab. med. Dariusz Dudek<\/strong><br>The outgoing President: <strong>Prof. dr hab. med. Adam Witkowski<\/strong><br>Secretary: <strong>Dr med. Aleksander Araszkiewicz<\/strong><\/p>\n<p>Members of the Board:<\/p>\n<ul>\n<li>Dr med. Dariusz Cie\u0107wierz<\/li>\n<li>Dr med. Tomasz Deptuch (Skarbnik)<\/li>\n<li>Dr med. Jacek Legutko<\/li>\n<li>Dr med. Pawe\u0142 Maciejewski<\/li>\n<li>Dr med. Andrzej Ocha\u0142a<\/li>\n<li>Dr hab. med. Ma\u0142gorzata Szkutnik<\/li>\n<li>Dr hab. med. Wojciech Wojakowski<\/li>\n<\/ul>\n<h2><span style=\"color: #cb0200;\">2004 &#8211; 2007<\/span><\/h2>\n<p><strong>The President: Dr hab. med. Adam Witkowski<\/strong><\/p>\n<p>The vice president:<strong> Dr hab. med. Krzysztof \u017bmudka<\/strong><br>The outgoing President:<strong> Dr hab. med. Robert Gil<\/strong><br>Secretary: <strong>Dr hab. med. Jacek Bia\u0142kowski<\/strong><\/p>\n<p>Members of the Board:<\/p>\n<ul>\n<li>Dr med. Dariusz Cie\u0107wierz<\/li>\n<li>Dr med. Dariusz Dudek (Doradca ds. naukowych)<\/li>\n<li>Dr med. Maciej Ko\u015bmider (Skarbnik)<\/li>\n<li>Dr med. Maciej Lesiak<\/li>\n<li>Dr med. Andrzej Ocha\u0142a<\/li>\n<\/ul>\n<h2><span style=\"color: #cb0200;\">2000 &#8211; 2004 <\/span><\/h2>\n<p><strong>The President: Dr hab. med. Robert J. Gil<\/strong><\/p>\n<p>Members of the Board:<\/p>\n<ul>\n<li>Pawe\u0142 Buszman<\/li>\n<li>Gra\u017cyna Brzezi\u0144ska-Rajszys<\/li>\n<li>Marek D\u0105browski<\/li>\n<li>Maciej Lesiak<\/li>\n<li>Adam Witkowski&nbsp;<\/li>\n<\/ul>\n<h2><span style=\"color: #cb0200;\">1997 &#8211; 2000 <\/span><\/h2>\n<p><strong>The President: Dr hab. med. Robert J. Gil<\/strong><\/p>\n<p>Members of the Board:<\/p>\n<ul>\n<li>Pawe\u0142 Buszman<\/li>\n<li>Gra\u017cyna Brzezi\u0144ska-Rajszys<\/li>\n<li>Marek D\u0105browski<\/li>\n<li>Jacek Kubica&nbsp;<\/li>\n<\/ul>\n<h2><span style=\"color: #ff0000;\"><span style=\"color: #cb0200;\">1993 &#8211; 1997<\/span> &nbsp;<\/span><\/h2>\n<p><strong>The President: Prof. dr hab. med. Witold Ru\u017cy\u0142\u0142o<\/strong><\/p>\n<p>Members of the Board:<\/p>\n<ul>\n<li>Pawe\u0142 Buszman<\/li>\n<li>Gra\u017cyna Brzezi\u0144ska-Rajszys<\/li>\n<li>Janusz Drzewiecki<\/li>\n<li>Marek D\u0105browski&nbsp;<\/li>\n<\/ul>\t\t\t\t\t\t<\/div>\n\t\t\t\t<\/div>\n\t\t\t\t\t<\/div>\n\t\t<\/div>\n\t\t\t\t\t<\/div>\n\t\t<\/section>\n\t\t\t\t<\/div>","protected":false},"excerpt":{"rendered":"<p>2023 &#8211; 2025 Przewodnicz\u0105cy:&nbsp;Dr hab. n. med. Micha\u0142 Hawranek Przewodnicz\u0105cy elekt:&nbsp;Prof. dr hab. n. med. Zenon HuczekPrzewodnicz\u0105cy ust\u0119puj\u0105cy:&nbsp;Prof. dr hab. n. med. Marek GrygierSekretarz:&nbsp;Prof. dr hab. n. med. Mariusz Tomaniak Cz\u0142onkowie Zarz\u0105du: Prof. dr hab. med. Maksymilian Opolski (Skarbnik) Prof. dr hab. med. Pawe\u0142 Kleczy\u0144ski Dr hab. med. Marta Ka\u0142u\u017cna-Oleksy Prof. dr hab. med. Krzysztof [&hellip;]<\/p>","protected":false},"author":6,"featured_media":0,"parent":105,"menu_order":0,"comment_status":"closed","ping_status":"closed","template":"","meta":{"footnotes":""},"class_list":["post-107","page","type-page","status-publish","hentry"],"_links":{"self":[{"href":"https:\/\/aisn.pl\/en\/wp-json\/wp\/v2\/pages\/107","targetHints":{"allow":["GET"]}}],"collection":[{"href":"https:\/\/aisn.pl\/en\/wp-json\/wp\/v2\/pages"}],"about":[{"href":"https:\/\/aisn.pl\/en\/wp-json\/wp\/v2\/types\/page"}],"author":[{"embeddable":true,"href":"https:\/\/aisn.pl\/en\/wp-json\/wp\/v2\/users\/6"}],"replies":[{"embeddable":true,"href":"https:\/\/aisn.pl\/en\/wp-json\/wp\/v2\/comments?post=107"}],"version-history":[{"count":20,"href":"https:\/\/aisn.pl\/en\/wp-json\/wp\/v2\/pages\/107\/revisions"}],"predecessor-version":[{"id":26866,"href":"https:\/\/aisn.pl\/en\/wp-json\/wp\/v2\/pages\/107\/revisions\/26866"}],"up":[{"embeddable":true,"href":"https:\/\/aisn.pl\/en\/wp-json\/wp\/v2\/pages\/105"}],"wp:attachment":[{"href":"https:\/\/aisn.pl\/en\/wp-json\/wp\/v2\/media?parent=107"}],"curies":[{"name":"wp","href":"https:\/\/api.w.org\/{rel}","templated":true}]}}