{"id":10791,"date":"2021-09-14T14:03:10","date_gmt":"2021-09-14T12:03:10","guid":{"rendered":"https:\/\/aisn.pl\/webinaria\/mechanicznewspomaganie-2\/"},"modified":"2021-11-09T20:05:40","modified_gmt":"2021-11-09T18:05:40","slug":"skrajnaniewydolnosc","status":"publish","type":"page","link":"https:\/\/aisn.pl\/en\/webinaria\/skrajnaniewydolnosc\/","title":{"rendered":"Skrajna niewydolno\u015b\u0107 serca, leczenie na oddziale kardiologii inwazyjnej"},"content":{"rendered":"<div data-elementor-type=\"wp-page\" data-elementor-id=\"10791\" data-post-id=\"10791\" data-obj-id=\"10791\" class=\"elementor elementor-10791 dce-elementor-post-10791\" data-elementor-post-type=\"page\">\n\t\t\t\t\t\t<section class=\"elementor-section elementor-top-section elementor-element elementor-element-ba62bb9 elementor-section-boxed elementor-section-height-default elementor-section-height-default\" data-id=\"ba62bb9\" data-element_type=\"section\" data-settings=\"{&quot;jet_parallax_layout_list&quot;:[{&quot;jet_parallax_layout_image&quot;:{&quot;url&quot;:&quot;&quot;,&quot;id&quot;:&quot;&quot;,&quot;size&quot;:&quot;&quot;},&quot;_id&quot;:&quot;6512005&quot;,&quot;jet_parallax_layout_image_tablet&quot;:{&quot;url&quot;:&quot;&quot;,&quot;id&quot;:&quot;&quot;,&quot;size&quot;:&quot;&quot;},&quot;jet_parallax_layout_image_mobile&quot;:{&quot;url&quot;:&quot;&quot;,&quot;id&quot;:&quot;&quot;,&quot;size&quot;:&quot;&quot;},&quot;jet_parallax_layout_speed&quot;:{&quot;unit&quot;:&quot;%&quot;,&quot;size&quot;:50,&quot;sizes&quot;:[]},&quot;jet_parallax_layout_type&quot;:&quot;scroll&quot;,&quot;jet_parallax_layout_direction&quot;:null,&quot;jet_parallax_layout_fx_direction&quot;:null,&quot;jet_parallax_layout_z_index&quot;:&quot;&quot;,&quot;jet_parallax_layout_bg_x&quot;:50,&quot;jet_parallax_layout_bg_x_tablet&quot;:&quot;&quot;,&quot;jet_parallax_layout_bg_x_mobile&quot;:&quot;&quot;,&quot;jet_parallax_layout_bg_y&quot;:50,&quot;jet_parallax_layout_bg_y_tablet&quot;:&quot;&quot;,&quot;jet_parallax_layout_bg_y_mobile&quot;:&quot;&quot;,&quot;jet_parallax_layout_bg_size&quot;:&quot;auto&quot;,&quot;jet_parallax_layout_bg_size_tablet&quot;:&quot;&quot;,&quot;jet_parallax_layout_bg_size_mobile&quot;:&quot;&quot;,&quot;jet_parallax_layout_animation_prop&quot;:&quot;transform&quot;,&quot;jet_parallax_layout_on&quot;:[&quot;desktop&quot;,&quot;tablet&quot;]}]}\">\n\t\t\t\t\t\t<div class=\"elementor-container elementor-column-gap-default\">\n\t\t\t\t\t<div class=\"elementor-column elementor-col-100 elementor-top-column elementor-element elementor-element-c33b458\" data-id=\"c33b458\" data-element_type=\"column\">\n\t\t\t<div class=\"elementor-widget-wrap elementor-element-populated\">\n\t\t\t\t\t\t<div class=\"elementor-element elementor-element-f893190 elementor-widget elementor-widget-heading\" data-id=\"f893190\" data-element_type=\"widget\" data-widget_type=\"heading.default\">\n\t\t\t\t<div class=\"elementor-widget-container\">\n\t\t\t<h2 class=\"elementor-heading-title elementor-size-default\"><a href=\"https:\/\/aisn.pl\/en\/konferencje\/webinary\/\">Nagrany webinar \"Skrajna niewydolno\u015b\u0107 serca, leczenie na oddziale kardiologii inwazyjnej\" b\u0119dzie dost\u0119pny na naszej stronie internetowej w zak\u0142adce \"Webinary\"<\/a><\/h2>\t\t<\/div>\n\t\t\t\t<\/div>\n\t\t\t\t\t<\/div>\n\t\t<\/div>\n\t\t\t\t\t<\/div>\n\t\t<\/section>\n\t\t\t\t<\/div>","protected":false},"excerpt":{"rendered":"<p>Nagrany webinar &#8222;Skrajna niewydolno\u015b\u0107 serca, leczenie na oddziale kardiologii inwazyjnej&#8221; b\u0119dzie dost\u0119pny na naszej stronie internetowej w zak\u0142adce &#8222;Webinary&#8221;<\/p>","protected":false},"author":6,"featured_media":0,"parent":9152,"menu_order":5,"comment_status":"closed","ping_status":"closed","template":"","meta":{"footnotes":""},"class_list":["post-10791","page","type-page","status-publish","hentry"],"_links":{"self":[{"href":"https:\/\/aisn.pl\/en\/wp-json\/wp\/v2\/pages\/10791","targetHints":{"allow":["GET"]}}],"collection":[{"href":"https:\/\/aisn.pl\/en\/wp-json\/wp\/v2\/pages"}],"about":[{"href":"https:\/\/aisn.pl\/en\/wp-json\/wp\/v2\/types\/page"}],"author":[{"embeddable":true,"href":"https:\/\/aisn.pl\/en\/wp-json\/wp\/v2\/users\/6"}],"replies":[{"embeddable":true,"href":"https:\/\/aisn.pl\/en\/wp-json\/wp\/v2\/comments?post=10791"}],"version-history":[{"count":22,"href":"https:\/\/aisn.pl\/en\/wp-json\/wp\/v2\/pages\/10791\/revisions"}],"predecessor-version":[{"id":12331,"href":"https:\/\/aisn.pl\/en\/wp-json\/wp\/v2\/pages\/10791\/revisions\/12331"}],"up":[{"embeddable":true,"href":"https:\/\/aisn.pl\/en\/wp-json\/wp\/v2\/pages\/9152"}],"wp:attachment":[{"href":"https:\/\/aisn.pl\/en\/wp-json\/wp\/v2\/media?parent=10791"}],"curies":[{"name":"wp","href":"https:\/\/api.w.org\/{rel}","templated":true}]}}