{"id":14452,"date":"2022-03-16T08:35:34","date_gmt":"2022-03-16T07:35:34","guid":{"rendered":"https:\/\/aisn.pl\/regulamin-uczestnictwa-2-2\/"},"modified":"2022-03-16T08:35:34","modified_gmt":"2022-03-16T07:35:34","slug":"regulamin-uczestnictwa-2-2","status":"publish","type":"page","link":"https:\/\/aisn.pl\/en\/regulamin-uczestnictwa-2-2\/","title":{"rendered":"REGULAMIN UCZESTNICTWA"},"content":{"rendered":"<div class=\"page\" title=\"Page 1\">\n<div class=\"layoutArea\">\n<div class=\"column\">\n<p>w seminarium on-line organizowanym pod nazwa\u0328 \u201eOd choroby wien\u0301cowej do niewydolnos\u0301ci serca\u201d<\/p>\n<\/div>\n<\/div>\n<div class=\"layoutArea\">\n<div class=\"column\">\n<p>1.1. Niniejszy regulamin (\u201eRegulamin\u201d) okres\u0301la zasady uczestnictwa w seminarium on-line organizowanym pod nazwa\u0328 \u201eOd choroby wien\u0301cowej do niewydolnos\u0301ci serca\u201d (\u201eSeminarium\u201d) w dniu 1 grudnia 2020 r. na podstronie internetowej www.aisn.pl (\u201eStrona internetowa\u201d).<\/p>\n<p>1.2. Organizatorem Seminarium jest Polskie Towarzystwo Kardiologiczne z siedziba\u0328 w Warszawie przy ul. Stawki 3A lok. 12, NIP: 954-21-39-638 (\u201ePTK\u201d).<\/p>\n<p>1.3. Organizatorem Wykonawczym Seminarium jest: Konrad Wo\u0301jcik prowadza\u0328cy dzia\u0142alnos\u0301c\u0301 gospodarcza\u0328 pod firma\u0328 Wo\u0301jcik Konrad 3KStudio z siedziba\u0328 w Drzewicy, ul. Zdrojowa 19A, 26-340 Drzewica, NIP 799-170-74-30 (\u201eOrganizator Wykonawczy\u201d).<\/p>\n<p>1.4. Regulamin obowia\u0328zuje wszystkich uczestniko\u0301w Seminarium i jest udoste\u0328pniany uczestnikom na Stronie internetowej.<\/p>\n<p>1.5. Seminarium jest skierowane w szczego\u0301lnos\u0301ci do a) oso\u0301b zwia\u0328zanych zawodowo z tematyka\u0328 Seminarium, b) oso\u0301b zainteresowanych tematyka\u0328 Seminarium lub c) wyk\u0142adowco\u0301w i d) oso\u0301b prowadza\u0328cych Seminarium.<\/p>\n<p>1.6. W ramach Seminarium odbywac\u0301 sie\u0328 be\u0328da\u0328 wyk\u0142ady o charakterze naukowo-dydaktycznym przeznaczone wy\u0142a\u0328cznie dla uczestniko\u0301w, o kto\u0301rych mowa w pkt. 1.5 Regulaminu.<\/p>\n<p>\u00a72 Zasady uczestnictwa<\/p>\n<p>2.1. Doste\u0328p do Seminarium be\u0328dzie dla wszystkich uczestniko\u0301w bezp\u0142atny. Warunkiem udzia\u0142u w Seminarium jest wype\u0142nienie na stronie internetowej www.aisn.pl zg\u0142oszenia z podaniem w nim naste\u0328puja\u0328cych danych: imie\u0328 i nazwisko, adres e-mail, a naste\u0328pnie po otrzymaniu od Organizatora za pos\u0301rednictwem poczty elektronicznej link do Seminarium.<\/p>\n<p>2.2. Uczestnik zobowia\u0328zany jest do udzia\u0142u w Seminarium w sposo\u0301b nieprowadza\u0328cy do utrudniania lub zak\u0142o\u0301cania przeprowadzenia Seminarium oraz niepodejmowania jakichkolwiek dzia\u0142an\u0301, kto\u0301re sa\u0328 niezgodne z przepisami powszechnie obowia\u0328zuja\u0328cego prawa ba\u0328dz\u0301 dobrymi obyczajami, a takz\u0307e naruszaja\u0328cych dobra osobiste innych uczestniko\u0301w lub uzasadnione interesy Organizatora Wykonawczego, PTK lub innych uczestniko\u0301w.<\/p>\n<p>2.3. Zastrzega sie\u0328 prawo do zmiany wyk\u0142adowco\u0301w bez podania przyczyny. Uczestnikowi nie przys\u0142uguje w takim przypadku prawo do jakichkolwiek roszczen\u0301.<\/p>\n<\/div>\n<\/div>\n<div class=\"layoutArea\">\n<div class=\"column\">\n<p>1<\/p>\n<\/div>\n<\/div>\n<\/div>\n<div class=\"page\" title=\"Page 2\">\n<div class=\"layoutArea\">\n<div class=\"column\">\n<p>\u00a73 Reklamacje<\/p>\n<\/div>\n<\/div>\n<div class=\"layoutArea\">\n<div class=\"column\">\n<p>3.1. Wszelkie reklamacje uczestniko\u0301w Seminarium zwia\u0328zane z Seminarium powinny byc\u0301 zg\u0142aszane w formie pisemnej listem poleconym za potwierdzeniem odbioru na adres siedziby Organizatora Wykonawczego.<\/p>\n<p>3.2. Reklamacje uczestniko\u0301w Seminarium moga\u0328 byc\u0301 zg\u0142aszane nie po\u0301z\u0301niej niz\u0307 w terminie 14 dni roboczych od daty zakon\u0301czenia Seminarium.<\/p>\n<p>3.3. Po up\u0142ywie wyz\u0307ej okres\u0301lonego terminu z\u0307adne reklamacje nie be\u0328da\u0328 rozpatrywane.<\/p>\n<p>\u00a74 Dane osobowe<\/p>\n<p>4.1. Administratorem danych osobowych podanych w formularzu zg\u0142oszeniowym uczestnictwa w Seminarium, dotycza\u0328cych uczestniko\u0301w, jest PTK.<\/p>\n<p>4.2. Dane osobowe uczestniko\u0301w Seminarium be\u0328da\u0328 przetwarzane zgodnie z warunkami okres\u0301lonymi w rozporza\u0328dzeniu Parlamentu Europejskiego i Rady (UE) 2016\/679 z dnia 27 kwietnia 2016r. w sprawie ochrony oso\u0301b fizycznych w zwia\u0328zku z przetwarzaniem danych osobowych i w sprawie swobodnego przep\u0142ywu takich danych oraz uchylenia dyrektywy 95\/46\/WE (OJ L 119, 4.5.2016, p. 1\u201388, RODO), polskimi przepisami przyje\u0328tymi w celu umoz\u0307liwienia stosowania RODO, innymi obowia\u0328zuja\u0328cymi przepisami prawa, Regulaminem. Administrator nie sprzedaje zgromadzonych danych osobowych uczestniko\u0301w Seminarium innym osobom lub instytucjom. Dane osobowe podane przez uczestnika Seminarium traktowane sa\u0328 jako informacje poufne i s\u0142uz\u0307a\u0328 wy\u0142a\u0328cznie do celo\u0301w wskazanych w Klauzuli Informacyjnej znajduja\u0328cej sie\u0328 na stronie www.aisn.pl pod zg\u0142oszeniem oraz stanowia\u0328cej za\u0142a\u0328cznik nr 1 do Regulaminu.<\/p>\n<p>\u00a75. Warunki techniczne<br \/>\nUczestniczenie w Seminarium moz\u0307liwe jest, gdy uczestnik dysponuje \u0142a\u0328cznie:<\/p>\n<p>1. Urza\u0328dzeniami typu komputer (stacjonarny, laptop), smartfon, tablet z doste\u0328pem do Internetu. Przy czym Organizator Wykonawczy zastrzega brak specyficznych funkcji na urza\u0328dzeniach typu smartfon.<\/p>\n<p>2. Zaktualizowanym systemem operacyjnym.<\/p>\n<p>3. Przegla\u0328darka\u0328 Internet Explorer, Google Chrome, Firefox, Opera, Safari w wersjach aktualnych na dzien\u0301 uczestniczenia w Seminarium.<\/p>\n<p>4. W\u0142a\u0328czonymi funkcjami Audio\/Video i w\u0142a\u0328czonymi mechanizmami zapisywania tzw. cookies przez przegla\u0328darke\u0328.<\/p>\n<p>\u00a76. Odpowiedzialnos\u0301c\u0301<br \/>\n6.1. Organizator Wykonawczy lub PTK nie ponosi odpowiedzialnos\u0301ci za:<br \/>\na) niepoprawnie wpisane dane przez uczestnika,<br \/>\nb) brak spe\u0142nienia warunko\u0301w technicznych niezbe\u0328dnych do korzystania z udzia\u0142u w Seminarium,<\/p>\n<\/div>\n<\/div>\n<div class=\"layoutArea\">\n<div class=\"column\">\n<p>2<\/p>\n<\/div>\n<\/div>\n<\/div>\n<div class=\"page\" title=\"Page 3\">\n<div class=\"layoutArea\">\n<div class=\"column\">\n<p>c) poniesione szkody jak i utracone korzys\u0301ci przez uczestnika, kto\u0301re spowodowane zosta\u0142y na skutek: dzia\u0142ania lub zaniechania oso\u0301b trzecich, na kto\u0301re Organizator Wykonawczy nie mia\u0142 wp\u0142ywu, zmiane\u0328 terminu Seminarium ba\u0328dz\u0301 jego odwo\u0142anie z powodu si\u0142y wyz\u0307szej.<\/p>\n<p>\u00a7 7. W\u0142asnos\u0301c\u0301 intelektualna<\/p>\n<p>7.1. Tytu\u0142 i program zaro\u0301wno Seminarium jak i poszczego\u0301lnych wyk\u0142ado\u0301w w ramach Seminarium, w tym podstrona www, uk\u0142ad, loga, grafiki, zdje\u0328cia, pliki audio i video oraz prezentacje wykorzystywane w zwia\u0328zku z Seminarium przys\u0142uguja\u0328 PTK i sa\u0328 prawnie chronione.<\/p>\n<p>7.2. Powyz\u0307sze oznaczenia i materia\u0142y nie moga\u0328 byc\u0301 wykorzystywane bez pisemnej zgody podmiotu lub osoby be\u0328da\u0328cej w\u0142as\u0301cicielem praw. Kopiowanie materia\u0142o\u0301w z Seminarium lub nagrywanie Seminarium, a takz\u0307e udoste\u0328pnianie takich materia\u0142o\u0301w i nagran\u0301 jest nielegalne i podlega ochronie zgodnie z ustawa\u0328 z dnia 4 lutego 1994r. o prawie autorskim i prawach pokrewnych.<\/p>\n<p>\u00a78 Postanowienia kon\u0301cowe<\/p>\n<p>8.1. Wszelkie spory moga\u0328ce wynikna\u0328c\u0301 z tytu\u0142u uczestnictwa w Seminarium be\u0328da\u0328 rozstrzygane w przypadku uczestniko\u0301w be\u0328da\u0328cych osobami fizycznymi (konsumentami) &#8211; przez sa\u0328d w\u0142as\u0301ciwy zgodnie z przepisami z dnia 17 listopada 1964 roku Kodeks postepowania cywilnego (tekst jedn.: Dz. U. z 2014 roku, poz. 101 ze zm.).<\/p>\n<p>8.2. Przes\u0142anie zg\u0142oszenia, a naste\u0328pnie uczestniczenie w Seminarium oznacza akceptacje\u0328 postanowien\u0301 Regulaminu, a takz\u0307e przestrzegania przepiso\u0301w porza\u0328dkowych oraz wszelkich innych ustalen\u0301 dokonanych mie\u0328dzy uczestnikiem a PTK lub Organizatorem Wykonawczym.<\/p>\n<p>8.3. W sprawach nieuregulowanych Regulaminem zastosowanie maja\u0328 obowia\u0328zuja\u0328ce przepisy prawa. 8.4. Regulamin wchodzi w z\u0307ycie z dniem jego zamieszczenia na Stronie internetowej.<\/p>\n<\/div>\n<\/div>\n<\/div>","protected":false},"excerpt":{"rendered":"<p>w seminarium on-line organizowanym pod nazwa\u0328 \u201eOd choroby wien\u0301cowej do niewydolnos\u0301ci serca\u201d 1.1. Niniejszy regulamin (\u201eRegulamin\u201d) okres\u0301la zasady uczestnictwa w seminarium on-line organizowanym pod nazwa\u0328 \u201eOd choroby wien\u0301cowej do niewydolnos\u0301ci serca\u201d (\u201eSeminarium\u201d) w dniu 1 grudnia 2020 r. na podstronie internetowej www.aisn.pl (\u201eStrona internetowa\u201d). 1.2. Organizatorem Seminarium jest Polskie Towarzystwo Kardiologiczne z siedziba\u0328 w Warszawie [&hellip;]<\/p>","protected":false},"author":6,"featured_media":0,"parent":0,"menu_order":12,"comment_status":"closed","ping_status":"closed","template":"","meta":{"footnotes":""},"class_list":["post-14452","page","type-page","status-publish","hentry"],"_links":{"self":[{"href":"https:\/\/aisn.pl\/en\/wp-json\/wp\/v2\/pages\/14452","targetHints":{"allow":["GET"]}}],"collection":[{"href":"https:\/\/aisn.pl\/en\/wp-json\/wp\/v2\/pages"}],"about":[{"href":"https:\/\/aisn.pl\/en\/wp-json\/wp\/v2\/types\/page"}],"author":[{"embeddable":true,"href":"https:\/\/aisn.pl\/en\/wp-json\/wp\/v2\/users\/6"}],"replies":[{"embeddable":true,"href":"https:\/\/aisn.pl\/en\/wp-json\/wp\/v2\/comments?post=14452"}],"version-history":[{"count":0,"href":"https:\/\/aisn.pl\/en\/wp-json\/wp\/v2\/pages\/14452\/revisions"}],"wp:attachment":[{"href":"https:\/\/aisn.pl\/en\/wp-json\/wp\/v2\/media?parent=14452"}],"curies":[{"name":"wp","href":"https:\/\/api.w.org\/{rel}","templated":true}]}}