{"id":16537,"date":"2022-07-11T12:56:01","date_gmt":"2022-07-11T10:56:01","guid":{"rendered":"https:\/\/aisn.pl\/aisn\/orpki-2\/"},"modified":"2025-02-13T10:17:44","modified_gmt":"2025-02-13T09:17:44","slug":"pol-mkw","status":"publish","type":"page","link":"https:\/\/aisn.pl\/en\/aisn\/pol-mkw\/","title":{"rendered":"Og\u00f3lnopolski Rejestr Inwazyjnej Oceny Mikrokr\u0105\u017cenia Wie\u0144cowego"},"content":{"rendered":"<div data-elementor-type=\"wp-page\" data-elementor-id=\"16537\" data-post-id=\"16537\" data-obj-id=\"16537\" class=\"elementor elementor-16537 dce-elementor-post-16537\" data-elementor-post-type=\"page\">\n\t\t\t\t\t\t<section class=\"elementor-section elementor-top-section elementor-element elementor-element-dda6530 elementor-section-boxed elementor-section-height-default elementor-section-height-default\" data-id=\"dda6530\" data-element_type=\"section\" data-settings=\"{&quot;jet_parallax_layout_list&quot;:[{&quot;jet_parallax_layout_image&quot;:{&quot;url&quot;:&quot;&quot;,&quot;id&quot;:&quot;&quot;,&quot;size&quot;:&quot;&quot;},&quot;_id&quot;:&quot;f7b51e5&quot;,&quot;jet_parallax_layout_image_tablet&quot;:{&quot;url&quot;:&quot;&quot;,&quot;id&quot;:&quot;&quot;,&quot;size&quot;:&quot;&quot;},&quot;jet_parallax_layout_image_mobile&quot;:{&quot;url&quot;:&quot;&quot;,&quot;id&quot;:&quot;&quot;,&quot;size&quot;:&quot;&quot;},&quot;jet_parallax_layout_speed&quot;:{&quot;unit&quot;:&quot;%&quot;,&quot;size&quot;:50,&quot;sizes&quot;:[]},&quot;jet_parallax_layout_type&quot;:&quot;scroll&quot;,&quot;jet_parallax_layout_direction&quot;:null,&quot;jet_parallax_layout_fx_direction&quot;:null,&quot;jet_parallax_layout_z_index&quot;:&quot;&quot;,&quot;jet_parallax_layout_bg_x&quot;:50,&quot;jet_parallax_layout_bg_x_tablet&quot;:&quot;&quot;,&quot;jet_parallax_layout_bg_x_mobile&quot;:&quot;&quot;,&quot;jet_parallax_layout_bg_y&quot;:50,&quot;jet_parallax_layout_bg_y_tablet&quot;:&quot;&quot;,&quot;jet_parallax_layout_bg_y_mobile&quot;:&quot;&quot;,&quot;jet_parallax_layout_bg_size&quot;:&quot;auto&quot;,&quot;jet_parallax_layout_bg_size_tablet&quot;:&quot;&quot;,&quot;jet_parallax_layout_bg_size_mobile&quot;:&quot;&quot;,&quot;jet_parallax_layout_animation_prop&quot;:&quot;transform&quot;,&quot;jet_parallax_layout_on&quot;:[&quot;desktop&quot;,&quot;tablet&quot;]}]}\">\n\t\t\t\t\t\t<div class=\"elementor-container elementor-column-gap-default\">\n\t\t\t\t\t<div class=\"elementor-column elementor-col-100 elementor-top-column elementor-element elementor-element-c179c7c\" data-id=\"c179c7c\" data-element_type=\"column\">\n\t\t\t<div class=\"elementor-widget-wrap elementor-element-populated\">\n\t\t\t\t\t\t\t<\/div>\n\t\t<\/div>\n\t\t\t\t\t<\/div>\n\t\t<\/section>\n\t\t\t\t<section class=\"elementor-section elementor-top-section elementor-element elementor-element-fffe468 elementor-section-boxed elementor-section-height-default elementor-section-height-default\" data-id=\"fffe468\" data-element_type=\"section\" data-settings=\"{&quot;jet_parallax_layout_list&quot;:[{&quot;jet_parallax_layout_image&quot;:{&quot;url&quot;:&quot;&quot;,&quot;id&quot;:&quot;&quot;,&quot;size&quot;:&quot;&quot;},&quot;_id&quot;:&quot;b1cd785&quot;,&quot;jet_parallax_layout_image_tablet&quot;:{&quot;url&quot;:&quot;&quot;,&quot;id&quot;:&quot;&quot;,&quot;size&quot;:&quot;&quot;},&quot;jet_parallax_layout_image_mobile&quot;:{&quot;url&quot;:&quot;&quot;,&quot;id&quot;:&quot;&quot;,&quot;size&quot;:&quot;&quot;},&quot;jet_parallax_layout_speed&quot;:{&quot;unit&quot;:&quot;%&quot;,&quot;size&quot;:50,&quot;sizes&quot;:[]},&quot;jet_parallax_layout_type&quot;:&quot;scroll&quot;,&quot;jet_parallax_layout_direction&quot;:null,&quot;jet_parallax_layout_fx_direction&quot;:null,&quot;jet_parallax_layout_z_index&quot;:&quot;&quot;,&quot;jet_parallax_layout_bg_x&quot;:50,&quot;jet_parallax_layout_bg_x_tablet&quot;:&quot;&quot;,&quot;jet_parallax_layout_bg_x_mobile&quot;:&quot;&quot;,&quot;jet_parallax_layout_bg_y&quot;:50,&quot;jet_parallax_layout_bg_y_tablet&quot;:&quot;&quot;,&quot;jet_parallax_layout_bg_y_mobile&quot;:&quot;&quot;,&quot;jet_parallax_layout_bg_size&quot;:&quot;auto&quot;,&quot;jet_parallax_layout_bg_size_tablet&quot;:&quot;&quot;,&quot;jet_parallax_layout_bg_size_mobile&quot;:&quot;&quot;,&quot;jet_parallax_layout_animation_prop&quot;:&quot;transform&quot;,&quot;jet_parallax_layout_on&quot;:[&quot;desktop&quot;,&quot;tablet&quot;]}]}\">\n\t\t\t\t\t\t<div class=\"elementor-container elementor-column-gap-default\">\n\t\t\t\t\t<div class=\"elementor-column elementor-col-100 elementor-top-column elementor-element elementor-element-54a0a59\" data-id=\"54a0a59\" data-element_type=\"column\">\n\t\t\t<div class=\"elementor-widget-wrap elementor-element-populated\">\n\t\t\t\t\t\t<div class=\"elementor-element elementor-element-bb478de elementor-widget elementor-widget-text-editor\" data-id=\"bb478de\" data-element_type=\"widget\" data-widget_type=\"text-editor.default\">\n\t\t\t\t<div class=\"elementor-widget-container\">\n\t\t\t\t\t\t\t<p style=\"text-align: justify; line-height: normal; background-image: initial; background-position: initial; background-size: initial; background-repeat: initial; background-attachment: initial; background-origin: initial; background-clip: initial;\">Og\u00f3lnopolski Rejestr Inwazyjnej Oceny Mikrokr\u0105\u017cenia Wie\u0144cowego (POL-MKW) to narodowy rejestr zbieraj\u0105cy dane dotycz\u0105ce procedur inwazyjnej oceny mikrokr\u0105\u017cenia wie\u0144cowego wykonywanych na terenie Polski w pracowniach i oddzia\u0142ach kardiologii inwazyjnej wyposa\u017conych w aparatur\u0119 do oceny mikrokr\u0105\u017cenia wie\u0144cowego. Rejestr jest prowadzony pod patronatem Asocjacji Interwencji Sercowo-Naczyniowych Polskiego Towarzystwa Kardiologicznego. W chwili obecnej w bazie POL-MKW jest umieszczonych 28 pracowni.<\/p>\n<p style=\"text-align: center; line-height: normal; background-image: initial; background-position: initial; background-size: initial; background-repeat: initial; background-attachment: initial; background-origin: initial; background-clip: initial;\" align=\"center\"><span style=\"color: #ff0000;\">The electronic database form is located at:&nbsp;<\/span><\/p>\n<p style=\"text-align: center; line-height: normal; background-image: initial; background-position: initial; background-size: initial; background-repeat: initial; background-attachment: initial; background-origin: initial; background-clip: initial;\" align=\"center\"><a style=\"font-size: 1em; letter-spacing: var( --e-global-typography-text-letter-spacing ); background-color: #ffffff;\" href=\"https:\/\/pol-mkw.cm-uj.krakow.pl\/\" target=\"_blank\" rel=\"noopener\">https:\/\/pol-mkw.cm-uj.krakow.pl\/<\/a><span style=\"color: #111827; font-family: 'Times New Roman', serif; font-size: 2rem; letter-spacing: var( --e-global-typography-text-letter-spacing );\">&nbsp;<\/span><\/p>\n<h5 style=\"font-family: Lato, sans-serif; color: #353a4d;\"><span style=\"font-weight: bolder;\">&nbsp;<\/span><\/h5>\n<p><strong>Patronat naukowy:<\/strong><br>Prof. dr hab. med. Stanis\u0142aw Bartu\u015b<br>Prof. dr hab. med. Wojciech Wojakowski<br>Prof. dr hab. med. Jacek Legutko<br>Prof. dr hab. med. Marek Grygier<\/p>\n<p><strong>Koordynatorzy:<\/strong><br>Prof. dr hab. med. Rafa\u0142 Januszek<br>Dr hab. med. Wojciech Wa\u0144ha<br>Dr hab. med. Bart\u0142omiej Guzik, prof. UJ<br>Prof. dr hab. med. \u0141ukasz Ko\u0142towski<br>Prof. dr hab. med. Tomasz Paw\u0142owski<\/p>\n<h3 style=\"border: none; mso-border-alt: solid #E5E7EB .25pt; padding: 0cm; mso-padding-alt: 0cm 0cm 0cm 0cm;\">&nbsp;<\/h3>\n<div style=\"mso-element: para-border-div; border: solid #E5E7EB 1.0pt; mso-border-alt: solid #E5E7EB .25pt; padding: 0cm 0cm 0cm 0cm; margin-left: 18.0pt; margin-right: 0cm;\">&nbsp;<\/div>\n<p style=\"line-height: normal; background-image: initial; background-position: initial; background-size: initial; background-repeat: initial; background-attachment: initial; background-origin: initial; background-clip: initial;\"><b><span style=\"font-size: 12.0pt; font-family: 'Times New Roman',serif; mso-fareast-font-family: 'Times New Roman'; color: #353a4d; mso-fareast-language: PL;\">&nbsp;<\/span><\/b><\/p>\n<p style=\"line-height: normal; background-image: initial; background-position: initial; background-size: initial; background-repeat: initial; background-attachment: initial; background-origin: initial; background-clip: initial;\">Dane teleadresowe:<br>Clinical Department of Cardiology and Cardiovascular Interventions<br>University Hospital in Krakow<br>ul. Macieja Jakubowskiego 2, 30-688 Krak\u00f3w<br>tel. 12 400 22 50<\/p>\n<p style=\"margin-bottom: 0.0001pt; line-height: normal; background-image: initial; background-position: initial; background-size: initial; background-repeat: initial; background-attachment: initial; background-origin: initial; background-clip: initial;\">\n<\/p>\t\t\t\t\t\t<\/div>\n\t\t\t\t<\/div>\n\t\t\t\t\t<\/div>\n\t\t<\/div>\n\t\t\t\t\t<\/div>\n\t\t<\/section>\n\t\t\t\t<\/div>","protected":false},"excerpt":{"rendered":"<p>Og\u00f3lnopolski Rejestr Inwazyjnej Oceny Mikrokr\u0105\u017cenia Wie\u0144cowego (POL-MKW) to narodowy rejestr zbieraj\u0105cy dane dotycz\u0105ce procedur inwazyjnej oceny mikrokr\u0105\u017cenia wie\u0144cowego wykonywanych na terenie Polski w pracowniach i oddzia\u0142ach kardiologii inwazyjnej wyposa\u017conych w aparatur\u0119 do oceny mikrokr\u0105\u017cenia wie\u0144cowego. Rejestr jest prowadzony pod patronatem Asocjacji Interwencji Sercowo-Naczyniowych Polskiego Towarzystwa Kardiologicznego. W chwili obecnej w bazie POL-MKW jest umieszczonych 28 [&hellip;]<\/p>","protected":false},"author":6,"featured_media":0,"parent":98,"menu_order":8,"comment_status":"closed","ping_status":"closed","template":"","meta":{"footnotes":""},"class_list":["post-16537","page","type-page","status-publish","hentry"],"_links":{"self":[{"href":"https:\/\/aisn.pl\/en\/wp-json\/wp\/v2\/pages\/16537","targetHints":{"allow":["GET"]}}],"collection":[{"href":"https:\/\/aisn.pl\/en\/wp-json\/wp\/v2\/pages"}],"about":[{"href":"https:\/\/aisn.pl\/en\/wp-json\/wp\/v2\/types\/page"}],"author":[{"embeddable":true,"href":"https:\/\/aisn.pl\/en\/wp-json\/wp\/v2\/users\/6"}],"replies":[{"embeddable":true,"href":"https:\/\/aisn.pl\/en\/wp-json\/wp\/v2\/comments?post=16537"}],"version-history":[{"count":35,"href":"https:\/\/aisn.pl\/en\/wp-json\/wp\/v2\/pages\/16537\/revisions"}],"predecessor-version":[{"id":25916,"href":"https:\/\/aisn.pl\/en\/wp-json\/wp\/v2\/pages\/16537\/revisions\/25916"}],"up":[{"embeddable":true,"href":"https:\/\/aisn.pl\/en\/wp-json\/wp\/v2\/pages\/98"}],"wp:attachment":[{"href":"https:\/\/aisn.pl\/en\/wp-json\/wp\/v2\/media?parent=16537"}],"curies":[{"name":"wp","href":"https:\/\/api.w.org\/{rel}","templated":true}]}}