{"id":17306,"date":"2022-09-26T14:39:11","date_gmt":"2022-09-26T12:39:11","guid":{"rendered":"https:\/\/aisn.pl\/wzor-2-2-2-2\/"},"modified":"2023-04-18T20:45:44","modified_gmt":"2023-04-18T18:45:44","slug":"18inwien04","status":"publish","type":"page","link":"https:\/\/aisn.pl\/en\/18inwien04\/","title":{"rendered":"Webinar- Interwencja wie\u0144cowa u chorego z migotaniem przedsionk\u00f3w &#8211; rejestracja"},"content":{"rendered":"<div data-elementor-type=\"wp-page\" data-elementor-id=\"17306\" data-post-id=\"17306\" data-obj-id=\"17306\" class=\"elementor elementor-17306 dce-elementor-post-17306\" data-elementor-post-type=\"page\">\n\t\t\t\t\t\t<section class=\"elementor-section elementor-top-section elementor-element elementor-element-9c18d75 elementor-section-boxed elementor-section-height-default elementor-section-height-default\" data-id=\"9c18d75\" data-element_type=\"section\" data-settings=\"{&quot;jet_parallax_layout_list&quot;:[{&quot;jet_parallax_layout_image&quot;:{&quot;url&quot;:&quot;&quot;,&quot;id&quot;:&quot;&quot;,&quot;size&quot;:&quot;&quot;},&quot;_id&quot;:&quot;6512005&quot;,&quot;jet_parallax_layout_image_tablet&quot;:{&quot;url&quot;:&quot;&quot;,&quot;id&quot;:&quot;&quot;,&quot;size&quot;:&quot;&quot;},&quot;jet_parallax_layout_image_mobile&quot;:{&quot;url&quot;:&quot;&quot;,&quot;id&quot;:&quot;&quot;,&quot;size&quot;:&quot;&quot;},&quot;jet_parallax_layout_speed&quot;:{&quot;unit&quot;:&quot;%&quot;,&quot;size&quot;:50,&quot;sizes&quot;:[]},&quot;jet_parallax_layout_type&quot;:&quot;scroll&quot;,&quot;jet_parallax_layout_direction&quot;:null,&quot;jet_parallax_layout_fx_direction&quot;:null,&quot;jet_parallax_layout_z_index&quot;:&quot;&quot;,&quot;jet_parallax_layout_bg_x&quot;:50,&quot;jet_parallax_layout_bg_x_tablet&quot;:&quot;&quot;,&quot;jet_parallax_layout_bg_x_mobile&quot;:&quot;&quot;,&quot;jet_parallax_layout_bg_y&quot;:50,&quot;jet_parallax_layout_bg_y_tablet&quot;:&quot;&quot;,&quot;jet_parallax_layout_bg_y_mobile&quot;:&quot;&quot;,&quot;jet_parallax_layout_bg_size&quot;:&quot;auto&quot;,&quot;jet_parallax_layout_bg_size_tablet&quot;:&quot;&quot;,&quot;jet_parallax_layout_bg_size_mobile&quot;:&quot;&quot;,&quot;jet_parallax_layout_animation_prop&quot;:&quot;transform&quot;,&quot;jet_parallax_layout_on&quot;:[&quot;desktop&quot;,&quot;tablet&quot;]}]}\">\n\t\t\t\t\t\t<div class=\"elementor-container elementor-column-gap-default\">\n\t\t\t\t\t<div class=\"elementor-column elementor-col-100 elementor-top-column elementor-element elementor-element-6325de2\" data-id=\"6325de2\" data-element_type=\"column\">\n\t\t\t<div class=\"elementor-widget-wrap elementor-element-populated\">\n\t\t\t\t\t\t<div class=\"elementor-element elementor-element-6bcb672 elementor-widget elementor-widget-heading\" data-id=\"6bcb672\" data-element_type=\"widget\" data-widget_type=\"heading.default\">\n\t\t\t\t<div class=\"elementor-widget-container\">\n\t\t\t<h2 class=\"elementor-heading-title elementor-size-default\">Rejestracja<\/h2>\t\t<\/div>\n\t\t\t\t<\/div>\n\t\t\t\t<div class=\"elementor-element elementor-element-c75d769 elementor-widget elementor-widget-heading\" data-id=\"c75d769\" data-element_type=\"widget\" data-widget_type=\"heading.default\">\n\t\t\t\t<div class=\"elementor-widget-container\">\n\t\t\t<h4 class=\"elementor-heading-title elementor-size-default\">Moje najtrudniejsze przypadki\/decyzje w leczeniu zawa\u0142u serca.\nInterwencja wie\u0144cowa u chorego z migotaniem przedsionk\u00f3w \u2013 czy aby na pewno wiemy ju\u017c wszystko?<\/h4>\t\t<\/div>\n\t\t\t\t<\/div>\n\t\t\t\t<div class=\"elementor-element elementor-element-8061c54 elementor-widget elementor-widget-heading\" data-id=\"8061c54\" data-element_type=\"widget\" data-widget_type=\"heading.default\">\n\t\t\t\t<div class=\"elementor-widget-container\">\n\t\t\t<h3 class=\"elementor-heading-title elementor-size-default\">Webinar AISN PTK we wsp\u00f3\u0142pracy z <!--[if gte mso 9]&gt;-->\n \n  \n  \n \n<!--[if gte mso 9]&gt;-->\n \n  Normal\n  0\n  \n  \n  21\n  \n  \n  false\n  false\n  false\n  \n  PL\n  X-NONE\n  X-NONE\n  \n   \n   \n   \n   \n   \n   \n   \n   \n   \n  \n  \n   \n   \n   \n   \n   \n   \n   \n   \n   \n   \n   \n  \n<!--[if gte mso 9]&gt;-->\n \n  \n  \n  \n  \n  \n  \n  \n  \n  \n  \n  \n  \n  \n  \n  \n  \n  \n  \n  \n  \n  \n  \n  \n  \n  \n  \n  \n  \n  \n  \n  \n  \n  \n  \n  \n  \n  \n  \n  \n  \n  \n  \n  \n  \n  \n  \n  \n  \n  \n  \n  \n  \n  \n  \n  \n  \n  \n  \n  \n  \n  \n  \n  \n  \n  \n  \n  \n  \n  \n  \n  \n  \n  \n  \n  \n  \n  \n  \n  \n  \n  \n  \n  \n  \n  \n  \n  \n  \n  \n  \n  \n  \n  \n  \n  \n  \n  \n  \n  \n  \n  \n  \n  \n  \n  \n  \n  \n  \n  \n  \n  \n  \n  \n  \n  \n  \n  \n  \n  \n  \n  \n  \n  \n  \n  \n  \n  \n  \n  \n  \n  \n  \n  \n  \n  \n  \n  \n \n<!--[if gte mso 10]&gt;-->\n\n \/* Style Definitions *\/\n table.MsoNormalTable\n\t{mso-style-name:Standardowy;\n\tmso-tstyle-rowband-size:0;\n\tmso-tstyle-colband-size:0;\n\tmso-style-noshow:yes;\n\tmso-style-priority:99;\n\tmso-style-parent:\"\";\n\tmso-padding-alt:0cm 5.4pt 0cm 5.4pt;\n\tmso-para-margin:0cm;\n\tmso-para-margin-bottom:.0001pt;\n\tmso-pagination:widow-orphan;\n\tfont-size:10.0pt;\n\tfont-family:\"Calibri\",\"sans-serif\";\n\tmso-bidi-font-family:\"Times New Roman\";}\n\nPfizer Polska<\/h3>\t\t<\/div>\n\t\t\t\t<\/div>\n\t\t\t\t<div class=\"elementor-element elementor-element-13d186a elementor-widget-divider--view-line elementor-widget elementor-widget-divider\" data-id=\"13d186a\" data-element_type=\"widget\" data-widget_type=\"divider.default\">\n\t\t\t\t<div class=\"elementor-widget-container\">\n\t\t\t\t\t<div class=\"elementor-divider\">\n\t\t\t<span class=\"elementor-divider-separator\">\n\t\t\t\t\t\t<\/span>\n\t\t<\/div>\n\t\t\t\t<\/div>\n\t\t\t\t<\/div>\n\t\t\t\t<div class=\"elementor-element elementor-element-bb04e45 elementor-widget elementor-widget-heading\" data-id=\"bb04e45\" data-element_type=\"widget\" data-widget_type=\"heading.default\">\n\t\t\t\t<div class=\"elementor-widget-container\">\n\t\t\t<h4 class=\"elementor-heading-title elementor-size-default\">Nagrany webinar b\u0119dzie wkr\u00f3tce dost\u0119pny na https:\/\/aisn.pl\/konferencje\/webinary\/<\/h4>\t\t<\/div>\n\t\t\t\t<\/div>\n\t\t\t\t<section class=\"elementor-section elementor-inner-section elementor-element elementor-element-950c03e elementor-section-boxed elementor-section-height-default elementor-section-height-default\" data-id=\"950c03e\" data-element_type=\"section\" data-settings=\"{&quot;jet_parallax_layout_list&quot;:[{&quot;jet_parallax_layout_image&quot;:{&quot;url&quot;:&quot;&quot;,&quot;id&quot;:&quot;&quot;,&quot;size&quot;:&quot;&quot;},&quot;_id&quot;:&quot;7491c6b&quot;,&quot;jet_parallax_layout_image_tablet&quot;:{&quot;url&quot;:&quot;&quot;,&quot;id&quot;:&quot;&quot;,&quot;size&quot;:&quot;&quot;},&quot;jet_parallax_layout_image_mobile&quot;:{&quot;url&quot;:&quot;&quot;,&quot;id&quot;:&quot;&quot;,&quot;size&quot;:&quot;&quot;},&quot;jet_parallax_layout_speed&quot;:{&quot;unit&quot;:&quot;%&quot;,&quot;size&quot;:50,&quot;sizes&quot;:[]},&quot;jet_parallax_layout_type&quot;:&quot;scroll&quot;,&quot;jet_parallax_layout_direction&quot;:null,&quot;jet_parallax_layout_fx_direction&quot;:null,&quot;jet_parallax_layout_z_index&quot;:&quot;&quot;,&quot;jet_parallax_layout_bg_x&quot;:50,&quot;jet_parallax_layout_bg_x_tablet&quot;:&quot;&quot;,&quot;jet_parallax_layout_bg_x_mobile&quot;:&quot;&quot;,&quot;jet_parallax_layout_bg_y&quot;:50,&quot;jet_parallax_layout_bg_y_tablet&quot;:&quot;&quot;,&quot;jet_parallax_layout_bg_y_mobile&quot;:&quot;&quot;,&quot;jet_parallax_layout_bg_size&quot;:&quot;auto&quot;,&quot;jet_parallax_layout_bg_size_tablet&quot;:&quot;&quot;,&quot;jet_parallax_layout_bg_size_mobile&quot;:&quot;&quot;,&quot;jet_parallax_layout_animation_prop&quot;:&quot;transform&quot;,&quot;jet_parallax_layout_on&quot;:[&quot;desktop&quot;,&quot;tablet&quot;]}]}\">\n\t\t\t\t\t\t<div class=\"elementor-container elementor-column-gap-no\">\n\t\t\t\t\t<div class=\"elementor-column elementor-col-50 elementor-inner-column elementor-element elementor-element-80adff5\" data-id=\"80adff5\" data-element_type=\"column\">\n\t\t\t<div class=\"elementor-widget-wrap elementor-element-populated\">\n\t\t\t\t\t\t\t<\/div>\n\t\t<\/div>\n\t\t\t\t<div class=\"elementor-column elementor-col-50 elementor-inner-column elementor-element elementor-element-ffc4531\" data-id=\"ffc4531\" data-element_type=\"column\">\n\t\t\t<div class=\"elementor-widget-wrap\">\n\t\t\t\t\t\t\t<\/div>\n\t\t<\/div>\n\t\t\t\t\t<\/div>\n\t\t<\/section>\n\t\t\t\t\t<\/div>\n\t\t<\/div>\n\t\t\t\t\t<\/div>\n\t\t<\/section>\n\t\t\t\t<\/div>","protected":false},"excerpt":{"rendered":"<p>Rejestracja Moje najtrudniejsze przypadki\/decyzje w leczeniu zawa\u0142u serca. Interwencja wie\u0144cowa u chorego z migotaniem przedsionk\u00f3w \u2013 czy aby na pewno wiemy ju\u017c wszystko? Webinar AISN PTK we wsp\u00f3\u0142pracy z Pfizer Polska Nagrany webinar b\u0119dzie wkr\u00f3tce dost\u0119pny na https:\/\/aisn.pl\/konferencje\/webinary\/<\/p>","protected":false},"author":6,"featured_media":0,"parent":0,"menu_order":28,"comment_status":"closed","ping_status":"closed","template":"","meta":{"footnotes":""},"class_list":["post-17306","page","type-page","status-publish","hentry"],"_links":{"self":[{"href":"https:\/\/aisn.pl\/en\/wp-json\/wp\/v2\/pages\/17306","targetHints":{"allow":["GET"]}}],"collection":[{"href":"https:\/\/aisn.pl\/en\/wp-json\/wp\/v2\/pages"}],"about":[{"href":"https:\/\/aisn.pl\/en\/wp-json\/wp\/v2\/types\/page"}],"author":[{"embeddable":true,"href":"https:\/\/aisn.pl\/en\/wp-json\/wp\/v2\/users\/6"}],"replies":[{"embeddable":true,"href":"https:\/\/aisn.pl\/en\/wp-json\/wp\/v2\/comments?post=17306"}],"version-history":[{"count":31,"href":"https:\/\/aisn.pl\/en\/wp-json\/wp\/v2\/pages\/17306\/revisions"}],"predecessor-version":[{"id":20917,"href":"https:\/\/aisn.pl\/en\/wp-json\/wp\/v2\/pages\/17306\/revisions\/20917"}],"wp:attachment":[{"href":"https:\/\/aisn.pl\/en\/wp-json\/wp\/v2\/media?parent=17306"}],"curies":[{"name":"wp","href":"https:\/\/api.w.org\/{rel}","templated":true}]}}