{"id":18457,"date":"2022-11-15T08:27:33","date_gmt":"2022-11-15T07:27:33","guid":{"rendered":"https:\/\/aisn.pl\/aisn\/zarzad_aisn\/rada-konsultacyjna-aisn-ptk\/"},"modified":"2023-11-09T10:35:15","modified_gmt":"2023-11-09T09:35:15","slug":"rada-konsultacyjna-aisn-ptk","status":"publish","type":"page","link":"https:\/\/aisn.pl\/en\/aisn\/zarzad_aisn\/rada-konsultacyjna-aisn-ptk\/","title":{"rendered":"Rada Konsultacyjna AISN PTK"},"content":{"rendered":"<div data-elementor-type=\"wp-page\" data-elementor-id=\"18457\" data-post-id=\"18457\" data-obj-id=\"18457\" class=\"elementor elementor-18457 dce-elementor-post-18457\" data-elementor-post-type=\"page\">\n\t\t\t\t\t\t<section class=\"elementor-section elementor-top-section elementor-element elementor-element-3962ce3 elementor-section-boxed elementor-section-height-default elementor-section-height-default\" data-id=\"3962ce3\" data-element_type=\"section\" data-settings=\"{&quot;jet_parallax_layout_list&quot;:[{&quot;jet_parallax_layout_image&quot;:{&quot;url&quot;:&quot;&quot;,&quot;id&quot;:&quot;&quot;,&quot;size&quot;:&quot;&quot;},&quot;_id&quot;:&quot;956fa2c&quot;,&quot;jet_parallax_layout_image_tablet&quot;:{&quot;url&quot;:&quot;&quot;,&quot;id&quot;:&quot;&quot;,&quot;size&quot;:&quot;&quot;},&quot;jet_parallax_layout_image_mobile&quot;:{&quot;url&quot;:&quot;&quot;,&quot;id&quot;:&quot;&quot;,&quot;size&quot;:&quot;&quot;},&quot;jet_parallax_layout_speed&quot;:{&quot;unit&quot;:&quot;%&quot;,&quot;size&quot;:50,&quot;sizes&quot;:[]},&quot;jet_parallax_layout_type&quot;:&quot;scroll&quot;,&quot;jet_parallax_layout_direction&quot;:null,&quot;jet_parallax_layout_fx_direction&quot;:null,&quot;jet_parallax_layout_z_index&quot;:&quot;&quot;,&quot;jet_parallax_layout_bg_x&quot;:50,&quot;jet_parallax_layout_bg_x_tablet&quot;:&quot;&quot;,&quot;jet_parallax_layout_bg_x_mobile&quot;:&quot;&quot;,&quot;jet_parallax_layout_bg_y&quot;:50,&quot;jet_parallax_layout_bg_y_tablet&quot;:&quot;&quot;,&quot;jet_parallax_layout_bg_y_mobile&quot;:&quot;&quot;,&quot;jet_parallax_layout_bg_size&quot;:&quot;auto&quot;,&quot;jet_parallax_layout_bg_size_tablet&quot;:&quot;&quot;,&quot;jet_parallax_layout_bg_size_mobile&quot;:&quot;&quot;,&quot;jet_parallax_layout_animation_prop&quot;:&quot;transform&quot;,&quot;jet_parallax_layout_on&quot;:[&quot;desktop&quot;,&quot;tablet&quot;]}]}\">\n\t\t\t\t\t\t<div class=\"elementor-container elementor-column-gap-default\">\n\t\t\t\t\t<div class=\"elementor-column elementor-col-100 elementor-top-column elementor-element elementor-element-9ea0574\" data-id=\"9ea0574\" data-element_type=\"column\">\n\t\t\t<div class=\"elementor-widget-wrap elementor-element-populated\">\n\t\t\t\t\t\t<div class=\"elementor-element elementor-element-4786094 elementor-widget elementor-widget-text-editor\" data-id=\"4786094\" data-element_type=\"widget\" data-widget_type=\"text-editor.default\">\n\t\t\t\t<div class=\"elementor-widget-container\">\n\t\t\t\t\t\t\t<p><strong>Regulamin Rady Konsultacyjnej <\/strong><strong>Asocjacji Interwencji Sercowo-Naczyniowych <\/strong><strong>Polskiego Towarzystwa Kardiologicznego<\/strong><\/p><p><strong>Rozdzia\u0142 1 <\/strong><\/p><p><strong>Postanowienia og\u00f3lne<\/strong><\/p><ol><li>Rada Konsultacyjna (\u201eRada\u201d) Asocjacji Interwencji Sercowo-Naczyniowych (\u201eAISN\u201d) Polskiego Towarzystwa Kardiologicznego (\u201ePTK\u201d) jest cia\u0142em doradczym AISN PTK.<\/li><li>Rada zosta\u0142a powo\u0142ana przez Zarz\u0105d AISN w dniu 25 listopada 2015 roku na podstawie wniosku 10 Cz\u0142onk\u00f3w i dzia\u0142a przy zarz\u0105dzie AISN PTK.<\/li><li>Spos\u00f3b powo\u0142ywania i odwo\u0142ywania Rady okre\u015bla regulamin organizacyjny AISN PTK.<\/li><li>Organizacj\u0119 i dzia\u0142anie Rady Konsultacyjnej AISN PTK okre\u015bla niniejszy regulamin (\u201eRegulamin\u201d).<\/li><li>Rada dzia\u0142a zgodnie z Regulaminem, statutem PTK i innymi aktami wewn\u0119trznymi obowi\u0105zuj\u0105cymi w PTK oraz bezwzgl\u0119dnie obowi\u0105zuj\u0105cymi przepisami prawa.<\/li><li>Rada dzia\u0142a na terenie Rzeczypospolitej Polskiej.<\/li><li>W kontaktach zagranicznych AISN b\u0119dzie u\u017cywa\u0107 nazwy Rady: \u201eThe Advisory Board of the Association of Percutaneous Cardiovascular Interventions of the Polish Cardiac Society\u201d.<\/li><\/ol><p><strong>\u00a0<\/strong><\/p><p><strong>Rozdzia\u0142 2<\/strong><\/p><p><strong>Cele i zadania Rady Konsultacyjnej AISN PTK<\/strong><\/p><ol><li>Rada doradza Zarz\u0105dowi AISN w realizacji wszystkich cel\u00f3w AISN i PTK.<\/li><li>Rada realizuje swoje zadania poprzez: doradzanie, opiniowanie na wniosek Zarz\u0105du AISN, formu\u0142owanie wniosk\u00f3w do Zarz\u0105du AISN w wa\u017cnych dla kardiologii inwazyjnej sprawach.<\/li><li>Na zaproszenie Przewodnicz\u0105cego AISN wyznaczeni przez Rad\u0119 cz\u0142onkowie Rady uczestnicz\u0105 z g\u0142osem doradczym w posiedzeniach Zarz\u0105du AISN.<\/li><li>Do zada\u0144 Rady nale\u017cy w szczeg\u00f3lno\u015bci wydawanie opinii, przygotowywanie raport\u00f3w oraz konsultacji na zlecenie Zarz\u0105du AISN w szczeg\u00f3lno\u015bci na temat:<\/li><li>zapewnienia optymalnego rozwoju inwazyjnego leczenia choroby wie\u0144cowej (w tym ostrych zespo\u0142\u00f3w wie\u0144cowych), chor\u00f3b strukturalnych serca oraz chor\u00f3b t\u0119tnic obwodowych w Polsce;<\/li><li>dzia\u0142ania systemu szkolenia lekarzy w dziedzinie kardiologii interwencyjnej i angiologii oraz kompleksowego systemu kontroli jako\u015bci wykonywanych zabieg\u00f3w.<\/li><\/ol><p><strong>\u00a0<\/strong><\/p><p><strong>Rozdzia\u0142 3<\/strong><\/p><p><strong>Organizacja wewn\u0119trzna Rady <\/strong><\/p><ol><li>Pracami Rady kieruje 5-osobowy Zarz\u0105d Rady, w sk\u0142ad kt\u00f3rego wchodz\u0105: przewodnicz\u0105cy, zast\u0119pca przewodnicz\u0105cego, sekretarz oraz dw\u00f3ch cz\u0142onk\u00f3w Zarz\u0105du Rady, wybierani spo\u015br\u00f3d cz\u0142onk\u00f3w Rady zwyk\u0142\u0105 wi\u0119kszo\u015bci\u0105 g\u0142os\u00f3w na 4-letni\u0105, wsp\u00f3ln\u0105 kadencj\u0119, przy czym cz\u0142onek Zarz\u0105du Rady mo\u017ce piastowa\u0107 t\u0119 funkcj\u0119 maksymalnie przez dwie kolejne kadencje.<\/li><li>Zarz\u0105d Rady podejmuje decyzje w drodze uchwa\u0142 w trakcie posiedze\u0144 Zarz\u0105du Rady, a w sytuacjach wymagaj\u0105cych podj\u0119cia pilnych decyzji tak\u017ce z wykorzystaniem telekonferencji, wideokonferencji oraz za po\u015brednictwem poczty elektronicznej.<\/li><li>Zarz\u0105d Rady organizuje minimum 4 razy w roku plenarne spotkania wszystkich cz\u0142onk\u00f3w Rady Konsultacyjnej (minimum 1 spotkanie na kwarta\u0142).<\/li><li>W uzasadnionych wypadkach organizowane b\u0119d\u0105 spotkania cz\u0142onk\u00f3w Rady z wykorzystaniem metod internetowych.<\/li><li>Podczas okresowych spotka\u0144 cz\u0142onk\u00f3w Rady, Zarz\u0105d Rady przedstawia swoje planowane dzia\u0142ania celem ich zatwierdzenia przez Rad\u0119, a wszystkie decyzje Rady podejmowane s\u0105 zgodnie z punktem 2 powy\u017cej zwyk\u0142\u0105 wi\u0119kszo\u015bci\u0105 g\u0142os\u00f3w.<\/li><li>Cz\u0142onkami Rady zostaj\u0105 automatycznie wszyscy poprzedni Przewodnicz\u0105cy Zarz\u0105du AISN po zako\u0144czeniu swojej kadencji, chyba \u017ce odm\u00f3wi\u0105 cz\u0142onkostwa w Radzie.<\/li><li>Pozosta\u0142ych cz\u0142onk\u00f3w Rady zaprasza Zarz\u0105d Rady, w oparciu o przedstawiane przez cz\u0142onk\u00f3w Rady kandydatury, przeg\u0142osowywane wi\u0119kszo\u015bci\u0105 kwalifikowan\u0105 (70% g\u0142os\u00f3w oddanych za kandydatem\/-k\u0105).<\/li><li>Nowi cz\u0142onkowie Rady Konsultacyjnej, wybierani spo\u015br\u00f3d cz\u0142onk\u00f3w AISN, powinni spe\u0142nia\u0107 nast\u0119puj\u0105ce wymagania:<ol><li>samodzielny operator kardiologii inwazyjnej od minimum 10 lat,<\/li><li>posiadanie do\u015bwiadczenia w kierowaniu zespo\u0142ami prowadz\u0105cymi dzia\u0142alno\u015b\u0107 lecznicz\u0105 w zakresie leczenia chor\u00f3b serca i naczy\u0144 (na przyk\u0142ad: kierownik pracowni kardiologii inwazyjnej, kierownik kliniki kardiologicznej, ordynator oddzia\u0142u o profilu sercowo-naczyniowym, dyrektor szpitala\/instytutu sercowo-naczyniowego lub prezes zarz\u0105du podmiotu medycznego \u015bwiadcz\u0105cego us\u0142ugi z zakresu us\u0142ug sercowo-naczyniowych lub inne)<\/li><li>czas kierowania zespo\u0142em ludzkim powy\u017cej 5 lat,<\/li><li>samodzielny pracownik naukowy (na przyk\u0142ad posiadaj\u0105cy tytu\u0142 naukowy: dr hab. med. lub prof. dr hab. med.)<\/li><\/ol><\/li><li>Cz\u0142onkiem Rady Konsultacyjnej mo\u017ce si\u0119 sta\u0107 ka\u017cdy inny cz\u0142onek AISN (np. lider regionalny), pod warunkiem uzyskania akceptacji wszystkich cz\u0142onk\u00f3w Rady. Do czasu spe\u0142nienia wszystkich formalnych wymog\u00f3w dysponuje on g\u0142osem doradczym.<\/li><li>Spotkania Rady Konsultacyjnej zwo\u0142uje Przewodnicz\u0105cy samodzielnie lub\u00a0 2 cz\u0142onk\u00f3w Zarz\u0105du na minimum 30 dni przed planowanym spotkaniem.<\/li><\/ol><p>\u00a0 \u00a0 \u00a0 \u00a0 \u00a0 \u00a0 \u00a0W pilnych sprawach spotkanie jest zwo\u0142ywane na w ci\u0105gu maksymalnie 7 dni, ale pod warunkiem zgody wszystkich jej cz\u0142onk\u00f3w. Przewodnicz\u0105cy lub 2 cz\u0142onk\u00f3w Zarz\u0105du ma obowi\u0105zek zwo\u0142a\u0107 posiedzenie Rady w trybie pilnym lub zwyk\u0142ym, na wniosek Zarz\u0105du AISN PTK lub minimum po\u0142owy cz\u0142onk\u00f3w Rady Konsultacyjnej w ci\u0105gu 7 dni od daty wp\u0142yni\u0119cia do Zarz\u0105du Rady wniosku na pi\u015bmie lub poczt\u0105 elektroniczn\u0105.<\/p><p><strong>\u00a0<\/strong><\/p><p><strong>Rozdzia\u0142 4<\/strong><\/p><p><strong>Cz\u0142onkostwo w Radzie<\/strong><\/p><ol><li>Cz\u0142onkowie RK AISN s\u0105 cz\u0142onkami AISN oraz cz\u0142onkami PTK.<\/li><li>List\u0119 cz\u0142onk\u00f3w Rady prowadzi Sekretarz Zarz\u0105du Rady i dba o przekazywanie jej aktualnej wersji dla Zarz\u0105du AISN.<\/li><li>Utrata cz\u0142onkostwa w Radzie nast\u0119puje na skutek rezygnacji, \u015bmierci, utraty cz\u0142onkostwa PTK lub AISN, lub odwo\u0142ania przez Zarz\u0105d Rady w przypadku stwierdzenia nieobecno\u015bci cz\u0142onka Rady Konsultacyjnej na 2-\u00f3ch kolejnych spotkaniach Rady lub na &gt;50% spotka\u0144 w roku, chyba, \u017ce nieobecno\u015bci s\u0105 w wynikiem uzasadnionego problemu zdrowotnego lub innego wydarzenia losowego, a Zarz\u0105d Rady postanowi o nieodwo\u0142ywaniu takiego cz\u0142onka Rady.<\/li><li>Cz\u0142onek Rady mo\u017ce zrezygnowa\u0107 z cz\u0142onkostwa w Radzie w ka\u017cdym czasie poprzez z\u0142o\u017cenie Zarz\u0105dowi Rady pisemnej rezygnacji.<\/li><li>Rezygnacja z cz\u0142onkostwa w Radzie nie poci\u0105ga za sob\u0105 utraty cz\u0142onkostwa w AISN, ani w PTK.<\/li><li>Skre\u015blenie z listy cz\u0142onk\u00f3w PTK powoduje automatycznie skre\u015blenie z listy cz\u0142onk\u00f3w Asocjacji PTK, a tym samym z listy cz\u0142onk\u00f3w Rady.<\/li><li>Cz\u0142onkowie Rady, w tym cz\u0142onkowie Zarz\u0105du Rady nie pobieraj\u0105 z tego tytu\u0142u jakiegokolwiek wynagrodzenia.<\/li><\/ol>\t\t\t\t\t\t<\/div>\n\t\t\t\t<\/div>\n\t\t\t\t\t<\/div>\n\t\t<\/div>\n\t\t\t\t\t<\/div>\n\t\t<\/section>\n\t\t\t\t<\/div>","protected":false},"excerpt":{"rendered":"<p>Regulamin Rady Konsultacyjnej Asocjacji Interwencji Sercowo-Naczyniowych Polskiego Towarzystwa Kardiologicznego Rozdzia\u0142 1 Postanowienia og\u00f3lne Rada Konsultacyjna (\u201eRada\u201d) Asocjacji Interwencji Sercowo-Naczyniowych (\u201eAISN\u201d) Polskiego Towarzystwa Kardiologicznego (\u201ePTK\u201d) jest cia\u0142em doradczym AISN PTK. Rada zosta\u0142a powo\u0142ana przez Zarz\u0105d AISN w dniu 25 listopada 2015 roku na podstawie wniosku 10 Cz\u0142onk\u00f3w i dzia\u0142a przy zarz\u0105dzie AISN PTK. Spos\u00f3b powo\u0142ywania i [&hellip;]<\/p>","protected":false},"author":6,"featured_media":0,"parent":105,"menu_order":2,"comment_status":"closed","ping_status":"closed","template":"","meta":{"footnotes":""},"class_list":["post-18457","page","type-page","status-publish","hentry"],"_links":{"self":[{"href":"https:\/\/aisn.pl\/en\/wp-json\/wp\/v2\/pages\/18457","targetHints":{"allow":["GET"]}}],"collection":[{"href":"https:\/\/aisn.pl\/en\/wp-json\/wp\/v2\/pages"}],"about":[{"href":"https:\/\/aisn.pl\/en\/wp-json\/wp\/v2\/types\/page"}],"author":[{"embeddable":true,"href":"https:\/\/aisn.pl\/en\/wp-json\/wp\/v2\/users\/6"}],"replies":[{"embeddable":true,"href":"https:\/\/aisn.pl\/en\/wp-json\/wp\/v2\/comments?post=18457"}],"version-history":[{"count":7,"href":"https:\/\/aisn.pl\/en\/wp-json\/wp\/v2\/pages\/18457\/revisions"}],"predecessor-version":[{"id":22675,"href":"https:\/\/aisn.pl\/en\/wp-json\/wp\/v2\/pages\/18457\/revisions\/22675"}],"up":[{"embeddable":true,"href":"https:\/\/aisn.pl\/en\/wp-json\/wp\/v2\/pages\/105"}],"wp:attachment":[{"href":"https:\/\/aisn.pl\/en\/wp-json\/wp\/v2\/media?parent=18457"}],"curies":[{"name":"wp","href":"https:\/\/api.w.org\/{rel}","templated":true}]}}