{"id":22920,"date":"2023-12-03T20:25:18","date_gmt":"2023-12-03T19:25:18","guid":{"rendered":"https:\/\/aisn.pl\/aisn\/regulamin_aisn-2-2\/"},"modified":"2024-06-18T08:07:21","modified_gmt":"2024-06-18T06:07:21","slug":"grupy-robocze","status":"publish","type":"page","link":"https:\/\/aisn.pl\/en\/aisn\/grupy-robocze\/","title":{"rendered":"Grupy Robocze w ramach AISN"},"content":{"rendered":"<div data-elementor-type=\"wp-page\" data-elementor-id=\"22920\" data-post-id=\"22920\" data-obj-id=\"22920\" class=\"elementor elementor-22920 dce-elementor-post-22920\" data-elementor-post-type=\"page\">\n\t\t\t\t\t\t<section class=\"elementor-section elementor-top-section elementor-element elementor-element-b6204ae elementor-section-boxed elementor-section-height-default elementor-section-height-default\" data-id=\"b6204ae\" data-element_type=\"section\" data-settings=\"{&quot;jet_parallax_layout_list&quot;:[{&quot;jet_parallax_layout_image&quot;:{&quot;url&quot;:&quot;&quot;,&quot;id&quot;:&quot;&quot;,&quot;size&quot;:&quot;&quot;},&quot;_id&quot;:&quot;6abd89c&quot;,&quot;jet_parallax_layout_image_tablet&quot;:{&quot;url&quot;:&quot;&quot;,&quot;id&quot;:&quot;&quot;,&quot;size&quot;:&quot;&quot;},&quot;jet_parallax_layout_image_mobile&quot;:{&quot;url&quot;:&quot;&quot;,&quot;id&quot;:&quot;&quot;,&quot;size&quot;:&quot;&quot;},&quot;jet_parallax_layout_speed&quot;:{&quot;unit&quot;:&quot;%&quot;,&quot;size&quot;:50,&quot;sizes&quot;:[]},&quot;jet_parallax_layout_type&quot;:&quot;scroll&quot;,&quot;jet_parallax_layout_direction&quot;:null,&quot;jet_parallax_layout_fx_direction&quot;:null,&quot;jet_parallax_layout_z_index&quot;:&quot;&quot;,&quot;jet_parallax_layout_bg_x&quot;:50,&quot;jet_parallax_layout_bg_x_tablet&quot;:&quot;&quot;,&quot;jet_parallax_layout_bg_x_mobile&quot;:&quot;&quot;,&quot;jet_parallax_layout_bg_y&quot;:50,&quot;jet_parallax_layout_bg_y_tablet&quot;:&quot;&quot;,&quot;jet_parallax_layout_bg_y_mobile&quot;:&quot;&quot;,&quot;jet_parallax_layout_bg_size&quot;:&quot;auto&quot;,&quot;jet_parallax_layout_bg_size_tablet&quot;:&quot;&quot;,&quot;jet_parallax_layout_bg_size_mobile&quot;:&quot;&quot;,&quot;jet_parallax_layout_animation_prop&quot;:&quot;transform&quot;,&quot;jet_parallax_layout_on&quot;:[&quot;desktop&quot;,&quot;tablet&quot;]}]}\">\n\t\t\t\t\t\t<div class=\"elementor-container elementor-column-gap-default\">\n\t\t\t\t\t<div class=\"elementor-column elementor-col-100 elementor-top-column elementor-element elementor-element-b9b9a56\" data-id=\"b9b9a56\" data-element_type=\"column\">\n\t\t\t<div class=\"elementor-widget-wrap elementor-element-populated\">\n\t\t\t\t\t\t<div class=\"elementor-element elementor-element-74873ea elementor-widget elementor-widget-text-editor\" data-id=\"74873ea\" data-element_type=\"widget\" data-widget_type=\"text-editor.default\">\n\t\t\t\t<div class=\"elementor-widget-container\">\n\t\t\t\t\t\t\t<h3><span style=\"color: #ff0000;\">Grupa Robocza<br>&#8222;Nowoczesne technologie stent\u00f3w i balon\u00f3w lekowych&#8221;<\/span><\/h3>\n<p>G\u0142\u00f3wnym obszarem dzia\u0142alno\u015bci grupy jest rozw\u00f3j bada\u0144 naukowych w dziedzinie balon\u00f3w pokrytych lekiem antyproliferacyjnym oraz stent\u00f3w nowej generacji. Poszerzenie wiedzy w tym zakresie przyczyni si\u0119 do szerszego wdro\u017cenia innowacyjnych strategii terapeutycznych w leczeniu choroby wie\u0144cowej.<\/p>\n<p><strong>The President:<\/strong> prof. Wojciech Wa\u0144ha<br><strong>Secretary:<\/strong> dr n. med. Sylwia Iwa\u0144czyk<br><strong>Ekspert zagraniczny:<\/strong> dr Bernardo Cortese<\/p>\n<p><strong>Cz\u0142onkowie Grupy:<\/strong><br>prof. Adam Janas, dr hab. med. Adrian W\u0142odarczak, dr n. med. Kamil Bujak, prof. Maksymilian Opolski, dr hab. med. Micha\u0142 Hawranek, dr n. med. Mi\u0142osz Dziarmaga, dr n. med. Piotr Desperak, dr n. med. Piotr Niezgoda, dr hab. med. Rafa\u0142 Januszek, dr n. med. Rafa\u0142 Wolny, prof. Zenon Huczek<\/p>\n<h3><span style=\"color: #ff0000;\">Grupa Robocza<\/span><br><span style=\"color: #ff0000;\">&#8222;Niewydolno\u015b\u0107 serca i mechaniczne wspomaganie kr\u0105\u017cenia&#8221;<\/span><\/h3>\n<p>Obszarami dzia\u0142alno\u015bci grupy jest ocena sposob\u00f3w i efekt\u00f3w leczenia wstrz\u0105su kardiogennego w Polsce oraz opracowanie zalece\u0144 dotycz\u0105cych poprawy tych efekt\u00f3w w oparciu o zastosowanie mechanicznego wspomagania kr\u0105\u017cenia w systemie hub-and-spoke. Aby to osi\u0105gn\u0105\u0107 grupa b\u0119dzie organizowa\u0107 szkolenia z zakresu stosowania mechanicznego wspomagania kr\u0105\u017cenia w zabiegach angioplastyki wysokiego ryzyka i wstrz\u0105su kardiogennego.<\/p>\n<p><strong>The President:<\/strong> prof. Wiktor Kuliczkowski<br><strong>Wice-Przewodnicz\u0105cy:<\/strong> dr hab. med. Jerzy Sacha<br><strong>Secretary:<\/strong> dr n. med. Wojciech Zimoch<br><strong>Ekspert (Mentor):<\/strong> prof. Mariusz G\u0105sior<\/p>\n<p><strong>Cz\u0142onkowie Grupy:<\/strong><br>prof. Stanis\u0142aw Bartu\u015b, dr n. med. Maciej Bochenek, prof. Rober Gil, dr hab. med. Micha\u0142 Hawranek, dr hab. med. Tomasz Hrapkowicz, prof. Zenon Huczek, dr hab. med. Marta Ka\u0142u\u017cna-Oleksy, prof. Pawe\u0142 Kleczy\u0144ski, dr Micha\u0142 Kosowski, prof. Jacek Legutko, dr n. med. Arkadiusz Pietrasik, prof. Roman Przybylski, dr n. med. \u0141ukasz Pyka, prof. Agnieszka Tyci\u0144ska<\/p>\n<h3><span style=\"color: #ff0000;\">Grupa Robocza<\/span><br><span style=\"color: #ff0000;\">&#8222;Interwencje sercowo-naczyniowe u kobiet&#8221;<\/span><\/h3>\n<p>G\u0142\u00f3wnym obszarem dzia\u0142alno\u015bci grupy jest poszerzenie wiedzy w zakresie zdrowia sercowo-naczyniowego kobiet, ze szczeg\u00f3lnym uwzgl\u0119dnieniem leczenia inwazyjnego. Zwr\u00f3cenie uwagi na odmienno\u015bci czynnik\u00f3w ryzyka, strategii post\u0119powanie oraz rokowania.<br>Dodatkowo, zale\u017cy nam na integracji \u015brodowiska kobiet zajmuj\u0105cych si\u0119 kardiologi\u0105 interwencyjna, w tym zwi\u0119kszaniu liczby kobiet kszta\u0142c\u0105cych si\u0119 oraz w tym obszarze.<\/p>\n<p>Celem zespo\u0142u #PWIC jest: <br><strong>Edukacja<\/strong> &#8211; stworzenie platformy wsp\u00f3\u0142pracy naukowej w zakresie zdrowia sercowo-naczyniowego kobiet<br><strong>Zaanga\u017cowanie<\/strong> &#8211; opracowywanie nowych inicjatyw maj\u0105cych na celu zainteresowanie lekarzy podj\u0119ciem kszta\u0142cenia w zakresie kardiologii interwencyjnej (zar\u00f3wno kobiet, jak i m\u0119\u017cczyzn)<br><strong>Wsp\u00f3\u0142praca<\/strong> &#8211; wsp\u00f3\u0142praca z innymi grupami roboczymi AISN, jak i towarzystwami naukowymi w celu szerzenia wiedzy w zakresie zdrowia sercowo-naczyniowego kobiet<br><strong>Wsparcie<\/strong> &#8211; wspieranie zmian w praktyce zawodowej, kt\u00f3re promuj\u0105 r\u00f3wno\u015b\u0107 kardiolog\u00f3w i sta\u017cyst\u00f3w, m\u0119\u017cczyzn i kobiet<\/p>\n<p><strong>Przewodnicz\u0105ca:<\/strong> dr hab. med. Marta Ka\u0142u\u017cna-Oleksy<br><strong>Secretary:<\/strong> dr Helena Krysztofiak<br><strong>Ekspert polski:<\/strong> dr n. med. Bartosz Hudzik<br><b>Ekspert zagraniczny: <\/b>Shilla Banerjee, MD<\/p>\n<p><strong>Cz\u0142onkowie Grupy:<\/strong> <br>dr Marta Bujak, Aleksandra G\u0105secka-van der Pol, dr hab. med.Micha\u0142 Hawranek, prof.Zenon Huczek, prof.Jacek K\u0105dziela, dr Anna Kwiecie\u0144, Wiktor Kuliczkowski, dr n. med. Sylwia S\u0142awek-Szmyt, dr Karolina Szyma\u0144ska<\/p>\n<h3><span style=\"color: #ff0000;\">Grupa Robocza<\/span><br><span style=\"color: #ff0000;\">&#8222;Interwencyjne leczenie zwapnie\u0144 w t\u0119tnicach wie\u0144cowych&#8221;<\/span><\/h3>\n<p>G\u0142\u00f3wnym obszarem dzia\u0142alno\u015bci grupy jest rozw\u00f3j bada\u0144 naukowych i klinicznych w dziedzinie leczenia zaawansowanych zmian zwapnia\u0142ych w t\u0119tnicach wie\u0144cowych, a tak\u017ce szersze wdra\u017canie nowoczesnych strategii terapeutycznych w tym zakresie.<\/p>\n<p><strong>The President:<\/strong> dr hab. med. Piotr K\u00fcbler<br><strong>Wiceprzewodnicz\u0105cy:<\/strong> dr Pawe\u0142 Kralisz<br><strong>Secretary:<\/strong> dr hab. med. \u0141ukasz Lewicki<br><strong>Mentorzy:<\/strong> prof. S\u0142awomir Dobrzycki, prof. Krzysztof Reczuch<\/p>\n<p><strong>Cz\u0142onkowie grupy:<\/strong> <br>dr hab. med. Micha\u0142 Hawranek, prof. Zenon Huczek, prof. Pawe\u0142 Kleczy\u0144ski, dr Micha\u0142 Lesiak, prof. Tomasz Paw\u0142owski, dr hab. med. \u0141ukasz Rzeszutko, dr hab. med. Piotr Waci\u0144ski, dr hab. med. Wojciech Wa\u0144ha, dr hab. med. Adrian W\u0142odarczak, dr Micha\u0142 Wr\u00f3bel, dr n. med. Wojciech Zimoch, lek. Bartosz Czarniak<\/p>\n<h3><span style=\"color: #ff0000;\">Grupa Robocza<br>&#8222;Przewlek\u0142e okluzje t\u0119tnic wie\u0144cowych&#8221;<\/span><\/h3>\n<p>Priorytetem dzia\u0142alno\u015bci grupy jest rozw\u00f3j bada\u0144 naukowych w zakresie inwazyjnego leczenia przewlek\u0142ych niedro\u017cno\u015bci t\u0119tnic wie\u0144cowych, ze szczeg\u00f3lnym uwzgl\u0119dnieniem bezpiecze\u0144stwa i optymalizacji procedur. Dodatkowym zadaniem jest dzia\u0142alno\u015b\u0107 wspieraj\u0105ca i doradcza dla AISN PTK w celu zwi\u0119kszenia finansowania zabieg\u00f3w CTO PCI w Polsce oraz prowadzenie program\u00f3w mentoringowych dla pocz\u0105tkuj\u0105cych operator\u00f3w.<\/p>\n<p><strong>The President:<\/strong> prof. Maksymilian Opolski<br><strong>Wice-Przewodnicz\u0105cy:<\/strong> dr hab. med. Grzegorz Sobieszek<br><strong>Secretary:<\/strong> dr n. med. Sylwia Iwa\u0144czyk<br><strong>Ekspert polski:<\/strong> prof. Leszek Bryniarski<br><strong>Ekspert zagraniczny:<\/strong> prof. Emmanouil Brilakis<\/p>\n<p><strong>Cz\u0142onkowie Grupy:<\/strong><br>dr n. med. Jakub Drozd, dr n. med. Piotr Kwiatkowski, dr Micha\u0142 Lesiak, dr n. med. Grzegorz M\u0119\u017cy\u0144ski, dr n. med. Arkadiusz Pietrasik, dr n. med. Wojciech Skorupski, dr hab. med. Mateusz Tajstra, dr n. med. Bartosz Zi\u0119ba, dr n. med. Wojciech Zimoch<\/p>\n<h3><span style=\"color: #ff0000;\">Grupa Robocza<br>&#8222;Niedomykalno\u015b\u0107 zastawki tr\u00f3jdzielnej&#8221;<\/span><\/h3>\n<p>Najwa\u017cniejsze cele jakie stawia przed sob\u0105 grupa to rozw\u00f3j bada\u0144 naukowych z zakresu leczenia niedomykalno\u015bci zastawki tr\u00f3jdzielnej ze szczeg\u00f3lnym uwzgl\u0119dnieniem kwalifikacji, osi\u0105gania optymalnych wynik\u00f3w leczenia, jako\u015bci i metod obrazowania, bezpiecze\u0144stwa pacjent\u00f3w oraz stworzenie jednolitych zalece\u0144 w zakresie obrazowania echokardiograficznego. Wa\u017cnym zadaniem nad kt\u00f3rym b\u0119d\u0105 pracowali cz\u0142onkowie grupy jest stworzenie og\u00f3lnopolskiego rejestru zabieg\u00f3w T-TEER. Cz\u0142onkowie grupy stanowi\u0105 r\u00f3wnie\u017c cia\u0142em doradczym dla AISN PTK.<\/p>\n<p><strong>The President:<\/strong> dr n. med. Adam Rdzanek<br><strong>Zast\u0119pca przewodnicz\u0105cego:<\/strong> prof. Marek Grygier<br><strong>Secretary:<\/strong> dr n. med. Micha\u0142 Chmielecki<br><strong>Mentor &#8211; echokardiografia:<\/strong> prof. Piotr Szyma\u0144ski<\/p>\n<p><strong>Cz\u0142onkowie Grupy:<\/strong><br>prof. Marcin Fija\u0142kowski, prof. Andrzej Gackowski, dr hab. med. Agnieszka Kap\u0142on-Cie\u015blicka, dr n. med. Agata Markiewicz, dr hab. med. Jerzy Pr\u0119gowski, prof. Krzysztof Reczuch, dr hab. med. Piotr Scis\u0142o, dr hab. med. Witold Streb, prof. Piotr Suwalski, dr hab. med. Mariusz Tomaniak, dr n. med. Jaros\u0142aw Tr\u0119bacz, prof. Wojciech Wojakowski<\/p>\n<h3><span style=\"color: #ff0000;\">Grupa Robocza<br>&#8222;Ocena czynno\u015bciowa t\u0119tnic wie\u0144cowych i mikrokr\u0105\u017cenia&#8221;<\/span><\/h3>\n<p>G\u0142\u00f3wnym celem dzia\u0142alno\u015bci grupy jest rozw\u00f3j bada\u0144 w zakresie fizjologii kr\u0105\u017cenia wie\u0144cowego i nowych technik diagnostycznych, ze szczeg\u00f3lnym uwzgl\u0119dnieniem mikrokr\u0105\u017cenia wie\u0144cowego.<\/p>\n<p><strong>The President:<\/strong> prof. Krzysztof Milewski<br><strong>Wice-Przewodnicz\u0105cy:<\/strong> dr hab. med. Mariusz Tomaniak<\/p>\n<p><strong>Cz\u0142onkowie Grupy:<\/strong> <br>prof. Krzysztof Milewski, dr hab. med. Mariusz Tomaniak, prof. Robert Gil, dr n. med. Jozef Bartunek, dr hab. med. Micha\u0142 Hawranek, prof. Mi\u0142osz Jaguszewski, dr hab. med. Pawel Gasior, dr n. med. Piotr Ty\u015blerowicz, dr n. med. Rados\u0142aw Liszka, dr n. med. \u0141ukasz Ku\u017ama, dr n. med. Adrian W\u0142odarczak, prof. Zenon Huczek, prof. Marek Grygier<\/p>\n<h3><span style=\"color: #ff0000;\">Grupa Robocza<br>&#8222;Leczenie bifurkacji\/pnia g\u0142\u00f3wnego lewej t\u0119tnicy wie\u0144cowej&#8221;<br><\/span><\/h3>\n<p>G\u0142\u00f3wnym obszarem dzia\u0142alno\u015bci grupy jest:<\/p>\n<p>\u2022 rozw\u00f3j dzia\u0142alno\u015bci popularyzatorskiej, w tym aktualnych informacji na temat leczenia pnia\/bifurkacji naczy\u0144 wie\u0144cowych, <br>\u2022 rozbudow\u0119 istniej\u0105cych rejestr\u00f3w oraz\/lub stworzenie w\u0142asnego og\u00f3lnopolskiego rejestru leczenia bifurkacji naczy\u0144 wie\u0144cowych celem gromadzenia i analizy wysokiej jako\u015bci danych na temat bie\u017c\u0105cej praktyki klinicznej w warunkach polskich,<br>\u2022 u\u0142atwienie kontaktu pomi\u0119dzy o\u015brodkami specjalizuj\u0105cymi si\u0119 w leczeniu przezsk\u00f3rnym zw\u0119\u017ce\u0144 pnia lewej t\u0119tnicy wie\u0144cowej.<\/p>\n<p><strong>The President:<\/strong> prof. Pawe\u0142 Kleczy\u0144ski<br><strong>Wice-Przewodnicz\u0105cy:<\/strong> dr Kamil Bujak<br><strong>Secretary:<\/strong> dr n. med. \u0141ukasz Niewiara<br><strong>Eksperci polscy:<\/strong> prof. Robert Gil, prof. Jacek Legutko, prof. Maciej Lesiak <br><strong>Ekspert zagraniczny:<\/strong> TBD.<\/p>\n<p><strong>Cz\u0142onkowie grupy:<\/strong> <br>dr S\u0142awomir Go\u0142\u0119biewski, prof. Micha\u0142 Hawranek, prof. Zenon Huczek, doc. \u0141ukasz Ko\u0142towski, doc. \u0141ukasz Lewicki, prof. Tomasz Paw\u0142owski, doc. \u0141ukasz Rzeszutko, dr Piotr Ty\u015blerowicz, doc. Adrian W\u0142odarczak<\/p>\n<h3 style=\"font-family: Lato, sans-serif; color: rgb(122, 122, 122);\"><span style=\"color: rgb(255, 0, 0);\">Grupa Robocza<br>&#8222;TAVI &#8211; przezcewnikowa implantacja zastawki aortalnej&#8221;<\/span><\/h3>\n<p>G\u0142\u00f3wnym obszarem dzia\u0142alno\u015bci grupy jest tworzenie przestrzeni dla rozwoju bada\u0144 naukowych, wymiany do\u015bwiadcze\u0144, wspierania i wdra\u017cania najlepszych praktyk klinicznych i zabiegowych oraz innowacyjnych rozwi\u0105za\u0144 w dziedzinie TAVI.<\/p>\n<p><strong>The President:<\/strong> Maciej D\u0105browski<br><strong>Wiceprzewodnicz\u0105cy:<\/strong> Rados\u0142aw Parma<br><strong>Secretary:<\/strong> Rafa\u0142 Wolny<br><strong>Mentorzy:<\/strong> Dariusz Dudek, Adam Witkowski, Wojtek Wojakowski<\/p>\n<p><strong>Cz\u0142onkowie grupy:<\/strong> <br>Aleksander Araszkiewicz, Marek Grygier, Micha\u0142 Hawranek, Zenon Huczek, Pawe\u0142 Kralisz, Piotr Kubler, \u0141ukasz Lewicki, Marcin Protasiewicz, Bartosz Rymuza, Rados\u0142aw Targo\u0144ski, Jaros\u0142aw Tr\u0119bacz, Rados\u0142aw Wilimski<\/p>\t\t\t\t\t\t<\/div>\n\t\t\t\t<\/div>\n\t\t\t\t\t<\/div>\n\t\t<\/div>\n\t\t\t\t\t<\/div>\n\t\t<\/section>\n\t\t\t\t<\/div>","protected":false},"excerpt":{"rendered":"<p>Grupa Robocza&#8222;Nowoczesne technologie stent\u00f3w i balon\u00f3w lekowych&#8221; G\u0142\u00f3wnym obszarem dzia\u0142alno\u015bci grupy jest rozw\u00f3j bada\u0144 naukowych w dziedzinie balon\u00f3w pokrytych lekiem antyproliferacyjnym oraz stent\u00f3w nowej generacji. Poszerzenie wiedzy w tym zakresie przyczyni si\u0119 do szerszego wdro\u017cenia innowacyjnych strategii terapeutycznych w leczeniu choroby wie\u0144cowej. Przewodnicz\u0105cy: prof. Wojciech Wa\u0144haSekretarz: dr n. med. Sylwia Iwa\u0144czykEkspert zagraniczny: dr Bernardo Cortese [&hellip;]<\/p>","protected":false},"author":6,"featured_media":0,"parent":98,"menu_order":4,"comment_status":"closed","ping_status":"closed","template":"","meta":{"footnotes":""},"class_list":["post-22920","page","type-page","status-publish","hentry"],"_links":{"self":[{"href":"https:\/\/aisn.pl\/en\/wp-json\/wp\/v2\/pages\/22920","targetHints":{"allow":["GET"]}}],"collection":[{"href":"https:\/\/aisn.pl\/en\/wp-json\/wp\/v2\/pages"}],"about":[{"href":"https:\/\/aisn.pl\/en\/wp-json\/wp\/v2\/types\/page"}],"author":[{"embeddable":true,"href":"https:\/\/aisn.pl\/en\/wp-json\/wp\/v2\/users\/6"}],"replies":[{"embeddable":true,"href":"https:\/\/aisn.pl\/en\/wp-json\/wp\/v2\/comments?post=22920"}],"version-history":[{"count":85,"href":"https:\/\/aisn.pl\/en\/wp-json\/wp\/v2\/pages\/22920\/revisions"}],"predecessor-version":[{"id":24750,"href":"https:\/\/aisn.pl\/en\/wp-json\/wp\/v2\/pages\/22920\/revisions\/24750"}],"up":[{"embeddable":true,"href":"https:\/\/aisn.pl\/en\/wp-json\/wp\/v2\/pages\/98"}],"wp:attachment":[{"href":"https:\/\/aisn.pl\/en\/wp-json\/wp\/v2\/media?parent=22920"}],"curies":[{"name":"wp","href":"https:\/\/api.w.org\/{rel}","templated":true}]}}