{"id":25727,"date":"2024-12-13T10:41:11","date_gmt":"2024-12-13T09:41:11","guid":{"rendered":"https:\/\/aisn.pl\/?page_id=25727"},"modified":"2025-02-13T10:38:12","modified_gmt":"2025-02-13T09:38:12","slug":"regulamin-programu-mentoringowego-aisn","status":"publish","type":"page","link":"https:\/\/aisn.pl\/en\/nauka_i_edukacja\/regulamin-programu-mentoringowego-aisn\/","title":{"rendered":"Regulamin programu mentoringowego AISN"},"content":{"rendered":"<div data-elementor-type=\"wp-page\" data-elementor-id=\"25727\" data-post-id=\"25727\" data-obj-id=\"25727\" class=\"elementor elementor-25727 dce-elementor-post-25727\" data-elementor-post-type=\"page\">\n\t\t\t\t\t\t<section class=\"elementor-section elementor-top-section elementor-element elementor-element-661e2832 elementor-section-boxed elementor-section-height-default elementor-section-height-default\" data-id=\"661e2832\" data-element_type=\"section\" data-settings=\"{&quot;jet_parallax_layout_list&quot;:[{&quot;jet_parallax_layout_image&quot;:{&quot;url&quot;:&quot;&quot;,&quot;id&quot;:&quot;&quot;,&quot;size&quot;:&quot;&quot;},&quot;_id&quot;:&quot;9d451a8&quot;,&quot;jet_parallax_layout_image_tablet&quot;:{&quot;url&quot;:&quot;&quot;,&quot;id&quot;:&quot;&quot;,&quot;size&quot;:&quot;&quot;},&quot;jet_parallax_layout_image_mobile&quot;:{&quot;url&quot;:&quot;&quot;,&quot;id&quot;:&quot;&quot;,&quot;size&quot;:&quot;&quot;},&quot;jet_parallax_layout_speed&quot;:{&quot;unit&quot;:&quot;%&quot;,&quot;size&quot;:50,&quot;sizes&quot;:[]},&quot;jet_parallax_layout_type&quot;:&quot;scroll&quot;,&quot;jet_parallax_layout_direction&quot;:null,&quot;jet_parallax_layout_fx_direction&quot;:null,&quot;jet_parallax_layout_z_index&quot;:&quot;&quot;,&quot;jet_parallax_layout_bg_x&quot;:50,&quot;jet_parallax_layout_bg_x_tablet&quot;:&quot;&quot;,&quot;jet_parallax_layout_bg_x_mobile&quot;:&quot;&quot;,&quot;jet_parallax_layout_bg_y&quot;:50,&quot;jet_parallax_layout_bg_y_tablet&quot;:&quot;&quot;,&quot;jet_parallax_layout_bg_y_mobile&quot;:&quot;&quot;,&quot;jet_parallax_layout_bg_size&quot;:&quot;auto&quot;,&quot;jet_parallax_layout_bg_size_tablet&quot;:&quot;&quot;,&quot;jet_parallax_layout_bg_size_mobile&quot;:&quot;&quot;,&quot;jet_parallax_layout_animation_prop&quot;:&quot;transform&quot;,&quot;jet_parallax_layout_on&quot;:[&quot;desktop&quot;,&quot;tablet&quot;]}]}\">\n\t\t\t\t\t\t<div class=\"elementor-container elementor-column-gap-default\">\n\t\t\t\t\t<div class=\"elementor-column elementor-col-100 elementor-top-column elementor-element elementor-element-94383c8\" data-id=\"94383c8\" data-element_type=\"column\">\n\t\t\t<div class=\"elementor-widget-wrap elementor-element-populated\">\n\t\t\t\t\t\t<div class=\"elementor-element elementor-element-a78cae4 elementor-widget elementor-widget-text-editor\" data-id=\"a78cae4\" data-element_type=\"widget\" data-widget_type=\"text-editor.default\">\n\t\t\t\t<div class=\"elementor-widget-container\">\n\t\t\t\t\t\t\t<ol>\n<li>Niniejszy regulamin <strong>(\u201eRegulamin\u201d) <\/strong>okre\u015bla zasady dzia\u0142ania programu mentorskiego <strong>(\u201eProgram\u201d)<\/strong> organizowanego i koordynowanego przez Asocjacj\u0119 Interwencji Sercowo-Naczyniowych Polskiego Towarzystwa Kardiologicznego <strong>(\u201eAsocjacja\u201d)<\/strong>.<\/li>\n<li>Celem Programu jest wspieranie kszta\u0142cenia w zakresie kardiologii interwencyjnej, szczeg\u00f3lnie w celu zwi\u0119kszania umiej\u0119tno\u015bci praktycznych, ale r\u00f3wnie\u017c nawi\u0105zywania wsp\u00f3\u0142pracy naukowej w relacjach: do\u015bwiadczony kardiolog <strong>(\u201eOsoba przyjmuj\u0105ca\u201d)<\/strong> \u2013 zdobywaj\u0105cy do\u015bwiadczenie kardiolog <strong>(\u201eOsoba przyjmowana\u201d)<\/strong>.<\/li>\n<li>Ka\u017cda Osoba przyjmuj\u0105ca zajmuje si\u0119 kszta\u0142ceniem 1 (jednej) Osoby przyjmowanej.<\/li>\n<li>Podstawowym zadaniem Osoby przyjmuj\u0105cej jest w szczeg\u00f3lno\u015bci:<br>a\/ umo\u017cliwienie Osobie przyjmowanej realizacji dzia\u0142a\u0144 praktycznych w o\u015brodku kszta\u0142c\u0105cym innym ani\u017celi o\u015brodek, w kt\u00f3rym Osoba przyjmowana \u015bwiadczy us\u0142ugi medyczne, na zasadach wymaganych przez danych o\u015brodek kszta\u0142c\u0105cy, w ka\u017cdym jednak przypadku w zakresie umo\u017cliwiaj\u0105cym wsp\u00f3ln\u0105 prac\u0119 Osoby przyjmuj\u0105cej i Osoby przyjmowanej z pacjentami i nieodp\u0142atnie,<br>b\/ odbywanie z Osob\u0105 przyjmowan\u0105 spotka\u0144 szkoleniowych w formule on-line lub stacjonarnie.<\/li>\n<li>Program zak\u0142ada odbycie minimum 8 spotka\u0144 stacjonarnych (forma preferowana) lub online Osoby przyjmowanej z Osob\u0105 przyjmuj\u0105c\u0105 (w o\u015brodku Osoby przyjmuj\u0105cej) obejmuj\u0105cych aktywny udzia\u0142 w zabiegach, w kt\u00f3rych Osoba przyjmowana uczestniczy jako asysta\/drugi operator (d\u0142ugo\u015b\u0107 spotka\u0144 do ustalenia indywidualnie w ci\u0105gu ca\u0142ego cyklu szkoleniowego) oraz minimum 2 spotkania online.<\/li>\n<li>Udzia\u0142 w Programie jest nieodp\u0142atny zar\u00f3wno dla Osoby przyjmuj\u0105cej, jak i Osoby przyjmowanej. \u017badne dzia\u0142ania w ramach realizacji Programu nie skutkuj\u0105 powstaniem prawa po stronie kt\u00f3regokolwiek z uczestnik\u00f3w Programu, w tym o\u015brodka kszta\u0142c\u0105cego do jakiegokolwiek wynagrodzenia czy zwrotu koszt\u00f3w. W szczeg\u00f3lno\u015bci Polskie Towarzystwo Kardiologiczne <strong>(\u201ePTK\u201d)<\/strong>, a tym samym tak\u017ce Asocjacja nie jest zobowi\u0105zane do wyp\u0142aty jakichkolwiek kwot na rzecz jakiegokolwiek podmiotu w zwi\u0105zku z Programem.<\/li>\n<li>Program b\u0119dzie oceniany przez Osoby przyjmuj\u0105ce i Osoby przyjmowane w dw\u00f3ch odr\u0119bnych ankietach, aby w przysz\u0142o\u015bci udoskonali\u0107 za\u0142o\u017cenia Programu. Wz\u00f3r ankiety stanowi za\u0142\u0105cznik nr 1 do Regulaminu. Ankiety winny zosta\u0107 wys\u0142ane na adres e-mail: biuroaisn@ptkardio.pl. w terminie 7 dni od zako\u0144czenia danego szkolenia w ramach Programu.<\/li>\n<li>Osobami przyjmuj\u0105cymi mog\u0105 by\u0107 cz\u0142onkowie Zarz\u0105du Asocjacji oraz maksymalnie dwie osoby wskazane przez ka\u017cdego z cz\u0142onk\u00f3w Zarz\u0105du Asocjacji spo\u015br\u00f3d grup roboczych Asocjacji z uwzgl\u0119dnieniem min. 20% miejsc dla kobiet (przy czym w sytuacji braku zg\u0142osze\u0144 dost\u0119pne miejsca zostan\u0105 rozdysponowane w\u015br\u00f3d pozosta\u0142ych zg\u0142oszonych Kandydat\u00f3w), po udzieleniu i przekazaniu do Zarz\u0105du Asocjacji na adres <a href=\"mailto:biuroaisn@ptkardio.pl\">biuroaisn@ptkardio.pl<\/a> skanu w\u0142asnor\u0119cznie podpisanej zgody danej osoby na obj\u0119cie funkcji Osoby przyjmuj\u0105cej w Programie, przy czym w zgodzie tej winny by\u0107 dodatkowo zawarte nast\u0119puj\u0105ce informacje <br>i dane: imi\u0119, nazwisko, tytu\u0142 naukowy, kontakt: adres, adres email, telefon, pozycja zawodowa oraz miejsce \u015bwiadczenia us\u0142ug medycznych (instytucja) oraz wskazanie dziedziny kardiologii interwencyjnej, kt\u00f3rej dotyczy\u0107 b\u0119dzie mentoring, a tak\u017ce zgoda na przetwarzanie danych osobowych wed\u0142ug wzoru stanowi\u0105cego Za\u0142\u0105cznik nr 2 do Regulaminu.<\/li>\n<li>Rozpocz\u0119cie Programu przewidziane jest na 15 marca 2025 roku. Czas trwania programu to 8 miesi\u0119cy od daty podpisania umowy wolontariackiej w O\u015brodku Osoby przyjmuj\u0105cej.<\/li>\n<li>W ramach Programu realizowane b\u0119d\u0105 nast\u0119puj\u0105ce zakresy tematyczne:<br><span style=\"background-color: transparent; color: var( --e-global-color-text ); font-family: var( --e-global-typography-text-font-family ), Sans-serif; letter-spacing: var( --e-global-typography-text-letter-spacing );\"><b>a) Inwazyjna diagnostyka:<br><\/b><\/span>i) obrazowanie wewn\u0105trzwie\u0144cowe: IVUS, OCT<br>ii) ocena czynno\u015bciowa t\u0119tnic wie\u0144cowych wraz z ocen\u0105 mikrokr\u0105\u017cenia wie\u0144cowego<br><span style=\"background-color: transparent; color: var( --e-global-color-text ); font-family: var( --e-global-typography-text-font-family ), Sans-serif; letter-spacing: var( --e-global-typography-text-letter-spacing );\"><b>b) Interwencje wie\u0144cowe:<br><\/b><\/span>i) interwencje wie\u0144cowe leczenie \u2013 zwapnienia<br>ii) interwencje wie\u0144cowe leczenie \u2013 bifurkacje<br>iii)&nbsp; interwencje wie\u0144cowe leczenie \u2013 CHIP<br>iv) interwencje wie\u0144cowe leczenie &#8211; CTO<br>v) cewnikowanie prawego serca + interwencje p\u0142ucne<br><span style=\"background-color: transparent; color: var( --e-global-color-text ); font-family: var( --e-global-typography-text-font-family ), Sans-serif; letter-spacing: var( --e-global-typography-text-letter-spacing );\"><b>c) Interwencje strukturalne<br><\/b><\/span>i) TAVI<br>ii) TEER (M-TEER, T-TEER)<br>iv) LAAC<br>v) ASD\/PFO<\/li>\n<li>Zar\u00f3wno Osoba przyjmuj\u0105ca, jak i Osoba przyjmowana musz\u0105 by\u0107 cz\u0142onkami PTK i Asocjacji i nie zalega\u0107 ze sk\u0142adkami cz\u0142onkowskimi w PTK.<\/li>\n<li>Osob\u0105 przyjmowan\u0105 mo\u017ce zosta\u0107 wy\u0142\u0105cznie lekarz z uko\u0144czon\u0105 lub otwart\u0105 specjalizacj\u0105 z kardiologii (uko\u0144czony minimum modu\u0142 podstawowy) potwierdzon\u0105 przez kierownika specjalizacji. Wniosek o ubieganie si\u0119 o pozycj\u0119 Osoby przyjmowanej, wraz ze wskazaniem wybranej formy realizacji programu (stacjonarna \/ online) winien zosta\u0107 przes\u0142any na adres e-mail: biuroaisn@ptkardio.pl. i winien zawiera\u0107 nast\u0119puj\u0105ce dane: imi\u0119, nazwisko, wiek, p\u0142e\u0107, adres mail, numer telefonu i nale\u017cy do niego do\u0142\u0105czy\u0107:<br>a) kopi\u0119 dyplomu specjalizacji z kardiologii lub za\u015bwiadczenie o uko\u0144czeniu modu\u0142u podstawowego specjalizacji z kardiologii;<br>b) CV (maks. 2 strony);<br>c) list motywacyjny z obszarami zainteresowa\u0144 (maks. 1 strona);<br>d) za\u015bwiadczenie o zatrudnieniu w danej jednostce\/oddziale (miejsce \u015bwiadczenia us\u0142ug medycznych);<br>e) skan podpisanej w\u0142asnor\u0119cznie zgody na przetwarzanie danych osobowych wed\u0142ug wzoru stanowi\u0105cego Za\u0142\u0105cznik nr 2a do Regulaminu.<br>Termin nadsy\u0142ania zg\u0142osze\u0144 to 31 stycznia 2025 r.<\/li>\n<\/ol>\n<ol start=\"13\">\n<li>Osob\u0105 przyjmuj\u0105c\u0105, poza innymi warunkami wskazanymi w Regulaminie, mo\u017ce zosta\u0107 wy\u0142\u0105cznie kardiolog interwencyjny z du\u017cym do\u015bwiadczeniem klinicznym\/zabiegowym w danej dziedzinie, tj. poza innymi wymogami wskazanymi w Regulaminie, Osob\u0105 przyjmuj\u0105c\u0105 mo\u017ce zosta\u0107 wy\u0142\u0105cznie kardiolog interwencyjny: i) z ponad 5-letnim do\u015bwiadczeniem jako samodzielny operator wie\u0144cowy, z udokumentowanym \u2013 w formie o\u015bwiadczenia &#8211; wykonaniem ponad 500 angioplastyk wie\u0144cowych (\u015bcie\u017cka interwencji wie\u0144cowych), ii) z ponad 5-letnim do\u015bwiadczeniem jako operator strukturalny, z udokumentowanym \u2013 w formie o\u015bwiadczenia \u2013 wykonaniem ponad 300 TAVI i\/lub 100 TEER lub 100 LAAC lub 100 ASD\/PFO (\u015bcie\u017cka interwencji strukturalnych), iii) z ponad 3-letnim do\u015bwiadczeniem jako samodzielny operator wie\u0144cowy, z udokumentowanym \u2013 w formie o\u015bwiadczenia \u2013 wykonaniem &gt; 150 IVUS oraz &gt; 100 OCT oraz &gt; 200 FFR\/iFR oraz &gt;60 bada\u0144 inwazyjnej oceny mikrokr\u0105\u017cenia wie\u0144cowego (\u015bcie\u017cka inwazyjnej diagnostyki).<\/li>\n<li>Informacje do kandydat\u00f3w na Osoby przyjmuj\u0105ce o ich w\u0142\u0105czeniu do programu b\u0119d\u0105 rozes\u0142ane przez Biuro Zarz\u0105du Asocjacji nie p\u00f3\u017aniej ni\u017c do 7 dni po powo\u0142aniu.<\/li>\n<li>Po dokonaniu weryfikacji spe\u0142nienia warunk\u00f3w przewidzianych w Regulaminie dla przypisania wnioskodawcy pozycji Osoby przyjmowanej, spo\u015br\u00f3d os\u00f3b, kt\u00f3re spe\u0142niaj\u0105 te wymogi Zarz\u0105d Asocjacji dokona wyboru maksymalnie 15 Os\u00f3b przyjmowanych, kt\u00f3re otrzyma\u0142y najwi\u0119ksz\u0105 liczb\u0119 punkt\u00f3w. Przy wyborze Uczni\u00f3w Zarz\u0105d Asocjacji b\u0119dzie bra\u0107 pod uwag\u0119 nast\u0119puj\u0105ce kryteria i punktacja:(max liczba punkt\u00f3w &#8211; 10 pkt).<br>1) dyplom specjalisty z kardiologii \u2013 0 lub 2 pkt;<br>2)&nbsp; uko\u0144czony modu\u0142 podstawowy specjalizacji z kardiologii \u2013 0 lub 1 pkt;<br>3)&nbsp; zgodno\u015b\u0107 zainteresowa\u0144 i plan\u00f3w rozwoju z profilem zainteresowa\u0144 i do\u015bwiadczeniem Mentora 0-5 pkt;<br>4)&nbsp; sta\u017c pracy w pracowni kardiologii inwazyjnej do 1 roku &#8211; 1 pkt, do 2 lat 2 pkt, &gt; 3 lat 3 pkt;<br>a wyb\u00f3r nast\u0105pi po zliczeniu liczby punkt\u00f3w, kt\u00f3re b\u0119d\u0105 przypisywane przez ka\u017cdego Cz\u0142onka Zarz\u0105du Asocjacji za ka\u017cde z kryteri\u00f3w. Z przebiegu i wynik\u00f3w wybor\u00f3w Os\u00f3b przyjmowanych zostanie sporz\u0105dzony protok\u00f3\u0142. Wnioski os\u00f3b nie wybranych zostan\u0105 zniszczone.<\/li>\n<\/ol>\n<ol start=\"16\">\n<li>Mo\u017cliwe jest wy\u0142onienie maksymalnie 15 par Osoba przyjmuj\u0105ca-Osoba przyjmowana.<\/li>\n<li>Wynik wyboru, powo\u0142ania os\u00f3b, kt\u00f3re zakwalifikuj\u0105 si\u0119 do Programu (Os\u00f3b przyjmuj\u0105cych i Os\u00f3b przyjmowanych) oraz liczb\u0119 par Osoba przyjmuj\u0105ca-Osoba przyjmowana zostanie og\u0142oszony do 28.02.2025 roku poprzez publikacj\u0119 na stronie internetowej Asocjacji. Ka\u017cda Osoba przyjmuj\u0105ca i Osoba przyjmowana przyst\u0119puj\u0105c do Programu wyra\u017ca zgod\u0119 na upublicznienie swoich danych (imi\u0119, nazwisko, tytu\u0142 naukowy) w przypadku zakwalifikowania si\u0119 do Programu. Decyzja Zarz\u0105du Asocjacji jest wi\u0105\u017c\u0105ca i ostateczna.<\/li>\n<li>Administratorem danych osobowych uczestnik\u00f3w Programu (\u201eDane\u201d) jest PTK (z siedzib\u0105 w Warszawie (kod: 00-193), przy ulicy Stawki 3a lokal 1-2). Administrator powo\u0142a\u0142 IOD, z kt\u00f3rym mo\u017cna si\u0119 skontaktowa\u0107 mailowo pod adresem: ptkczlonkowie@gbbsoft.pl.<\/li>\n<li>Podanie Danych przez uczestnika Programu jest warunkiem uczestnictwa w Programie. Odmowa podania Danych uniemo\u017cliwia z\u0142o\u017cenie wniosku i udzia\u0142 w Programie. Do ka\u017cdego zg\u0142oszenia uczestnictwa w Programie obj\u0119tym Regulaminem (wniosku o przyznanie funkcji Ucznia oraz do zgody Mentora) winna by\u0107 do\u0142\u0105czona zgoda na przetwarzanie danych osobowych i informacji przekazanych wed\u0142ug wzoru stanowi\u0105cego odpowiednio Za\u0142\u0105cznik nr 2 albo 2a do Regulaminu. Dane mog\u0105 by\u0107 przekazywane podmiotom trzecim, \u015bwiadcz\u0105cym us\u0142ugi zewn\u0119trzne na rzecz PTK w zakresie niezb\u0119dnym dla realizacji tych us\u0142ug. Podmiotami trzecimi s\u0105 w szczeg\u00f3lno\u015bci dostawca us\u0142ug i system\u00f3w informatycznych, operatorzy pocztowi i kurierzy, podmioty \u015bwiadcz\u0105ce us\u0142ugi consultingowe, prawne, ksi\u0119gowe i audytowe.<\/li>\n<li>Dane nie b\u0119d\u0105 przekazywane do pa\u0144stw\/organizacji mi\u0119dzynarodowych poza Europejski Obszar Gospodarczy. Dane nie b\u0119d\u0105 profilowane ani automatyzowane.<\/li>\n<li>Dane b\u0119d\u0105 przetwarzane na podstawie art. 6 pkt a) (zgoda), f) (prawnie uzasadniony interes administratora), RODO, wy\u0142\u0105cznie w celu przeprowadzenia Programu przewidzianego Regulaminem, gdzie prawnie uzasadniony interes administratora zwi\u0105zany jest przetwarzaniem danych w zwi\u0105zku z ewentualnym dochodzeniem roszcze\u0144. .<\/li>\n<li>Dane przetwarzane b\u0119d\u0105 przez okres trwania Programu, a po tym czasie jedynie w celu dochodzenia ewentualnych roszcze\u0144.<\/li>\n<li>Skarg\u0119 dotycz\u0105c\u0105 przetwarzania Danych mo\u017cna z\u0142o\u017cy\u0107 do organu nadzorczego zajmuj\u0105cego si\u0119 ochron\u0105 danych osobowych. W Rzeczpospolitej Polskiej organem nadzorczym jest Prezes Urz\u0119du Ochrony Danych Osobowych.<\/li>\n<li>Osobie, kt\u00f3rej Dane dotycz\u0105 przys\u0142uguje prawo sprostowania Danych, dost\u0119pu do Danych, do usuni\u0119cia Danych, do ograniczenia przetwarzania Danych. \u017b\u0105danie, o kt\u00f3rym mowa winno zosta\u0107 przes\u0142ane na adres: ptkczlonkowie@gbbsoft.pl<\/li>\n<li>Osobie, kt\u00f3rej Dane dotycz\u0105 przys\u0142uguje prawo do z\u0142o\u017cenia sprzeciwu wobec przetwarzania Danych oraz prawo do cofni\u0119cia zgody w dowolnym momencie. Cofni\u0119cie zgody nie wp\u0142ywa na zgodno\u015b\u0107 z prawem przetwarzania, kt\u00f3re nast\u0105pi\u0142o przed wycofaniem zgody. \u017b\u0105danie, o kt\u00f3rym mowa winno zosta\u0107 przes\u0142ane na adres: ptkczlonkowie@gbbsoft.pl.5<\/li>\n<\/ol>\t\t\t\t\t\t<\/div>\n\t\t\t\t<\/div>\n\t\t\t\t\t<\/div>\n\t\t<\/div>\n\t\t\t\t\t<\/div>\n\t\t<\/section>\n\t\t\t\t<section class=\"elementor-section elementor-top-section elementor-element elementor-element-32ba072 elementor-section-boxed elementor-section-height-default elementor-section-height-default\" data-id=\"32ba072\" data-element_type=\"section\" data-settings=\"{&quot;jet_parallax_layout_list&quot;:[]}\">\n\t\t\t\t\t\t<div class=\"elementor-container elementor-column-gap-default\">\n\t\t\t\t\t<div class=\"elementor-column elementor-col-100 elementor-top-column elementor-element elementor-element-f580ba9\" data-id=\"f580ba9\" data-element_type=\"column\">\n\t\t\t<div class=\"elementor-widget-wrap elementor-element-populated\">\n\t\t\t\t\t\t<div class=\"elementor-element elementor-element-e5e7a17 elementor-widget-divider--view-line_text elementor-widget-divider--element-align-left elementor-widget elementor-widget-divider\" data-id=\"e5e7a17\" data-element_type=\"widget\" data-widget_type=\"divider.default\">\n\t\t\t\t<div class=\"elementor-widget-container\">\n\t\t\t\t\t<div class=\"elementor-divider\">\n\t\t\t<span class=\"elementor-divider-separator\">\n\t\t\t\t\t\t\t<span class=\"elementor-divider__text elementor-divider__element\">\n\t\t\t\tPliki do pobrania\t\t\t\t<\/span>\n\t\t\t\t\t\t<\/span>\n\t\t<\/div>\n\t\t\t\t<\/div>\n\t\t\t\t<\/div>\n\t\t\t\t<div class=\"elementor-element elementor-element-745064d elementor-widget elementor-widget-dce-filebrowser\" data-id=\"745064d\" data-element_type=\"widget\" data-widget_type=\"dce-filebrowser.default\">\n\t\t\t\t<div class=\"elementor-widget-container\">\n\t\t\t<ul class=\"list-unstyled dce-list dce-list-root\"><li class=\"file ext-doc\"><a class=\"block btn-block dce-file-download\" href=\"https:\/\/aisn.pl\/download\/pliki\/Program mentoringowy\/Wz\u00f3r zgody na obj\u0119cie funkcji Osoby przyjmuj\u0105cej i przetwarzanie danych osobowych.doc\"  data-md5=\"bd052a362317c809bb250cd572e80e00\" target=\"_blank\"><span class=\"middle fiv-viv fiv-icon-doc\"><\/span><span class=\"dce-file-text\"><strong class=\"dce-file-title\">Wz\u00f3r zgody na obj\u0119cie funkcji Osoby przyjmuj\u0105cej i przetwarzanie danych osobowych.doc<\/strong> <small class=\"label label-default dce-file-size-label\">(26 KB)<\/small><\/span><\/a><\/li><li class=\"file ext-doc\"><a class=\"block btn-block dce-file-download\" href=\"https:\/\/aisn.pl\/download\/pliki\/Program mentoringowy\/Wz\u00f3r zgody Osoby przyjmowanej na przetwarzanie danych osobowych.doc\"  data-md5=\"b144aec6325772714a8d9037cbad3d30\" target=\"_blank\"><span class=\"middle fiv-viv fiv-icon-doc\"><\/span><span class=\"dce-file-text\"><strong class=\"dce-file-title\">Wz\u00f3r zgody Osoby przyjmowanej na przetwarzanie danych osobowych.doc<\/strong> <small class=\"label label-default dce-file-size-label\">(24 KB)<\/small><\/span><\/a><\/li><li class=\"file ext-docx\"><a class=\"block btn-block dce-file-download\" href=\"https:\/\/aisn.pl\/download\/pliki\/Program mentoringowy\/Regulamin Programu Mentoringowego AISN PTK.docx\"  data-md5=\"52699dff89ffe2aef271d9871b84d79a\" target=\"_blank\"><span class=\"middle fiv-viv fiv-icon-docx\"><\/span><span class=\"dce-file-text\"><strong class=\"dce-file-title\">Regulamin Programu Mentoringowego AISN PTK.docx<\/strong> <small class=\"label label-default dce-file-size-label\">(54 KB)<\/small><\/span><\/a><\/li><\/ul>\t\t<script type=\"text\/javascript\" >\n\t\t\tvar lastHide = '';\n\t\t\tjQuery(function () {\n\t\t\t\tif (typeof ajaxurl === 'undefined') {\n\t\t\t\t\tvar ajaxurl = \"\/wp-admin\/admin-ajax.php\";\n\t\t\t\t}\n\n\t\t\t\n\t\t\t\t\t});\n\t\t<\/script>\n\t\t\t\t<\/div>\n\t\t\t\t<\/div>\n\t\t\t\t\t<\/div>\n\t\t<\/div>\n\t\t\t\t\t<\/div>\n\t\t<\/section>\n\t\t\t\t<\/div>","protected":false},"excerpt":{"rendered":"<p>Niniejszy regulamin (\u201eRegulamin\u201d) okre\u015bla zasady dzia\u0142ania programu mentorskiego (\u201eProgram\u201d) organizowanego i koordynowanego przez Asocjacj\u0119 Interwencji Sercowo-Naczyniowych Polskiego Towarzystwa Kardiologicznego (\u201eAsocjacja\u201d). Celem Programu jest wspieranie kszta\u0142cenia w zakresie kardiologii interwencyjnej, szczeg\u00f3lnie w celu zwi\u0119kszania umiej\u0119tno\u015bci praktycznych, ale r\u00f3wnie\u017c nawi\u0105zywania wsp\u00f3\u0142pracy naukowej w relacjach: do\u015bwiadczony kardiolog (\u201eOsoba przyjmuj\u0105ca\u201d) \u2013 zdobywaj\u0105cy do\u015bwiadczenie kardiolog (\u201eOsoba przyjmowana\u201d). Ka\u017cda Osoba przyjmuj\u0105ca [&hellip;]<\/p>","protected":false},"author":6,"featured_media":0,"parent":800,"menu_order":0,"comment_status":"closed","ping_status":"closed","template":"","meta":{"footnotes":""},"class_list":["post-25727","page","type-page","status-publish","hentry"],"_links":{"self":[{"href":"https:\/\/aisn.pl\/en\/wp-json\/wp\/v2\/pages\/25727","targetHints":{"allow":["GET"]}}],"collection":[{"href":"https:\/\/aisn.pl\/en\/wp-json\/wp\/v2\/pages"}],"about":[{"href":"https:\/\/aisn.pl\/en\/wp-json\/wp\/v2\/types\/page"}],"author":[{"embeddable":true,"href":"https:\/\/aisn.pl\/en\/wp-json\/wp\/v2\/users\/6"}],"replies":[{"embeddable":true,"href":"https:\/\/aisn.pl\/en\/wp-json\/wp\/v2\/comments?post=25727"}],"version-history":[{"count":16,"href":"https:\/\/aisn.pl\/en\/wp-json\/wp\/v2\/pages\/25727\/revisions"}],"predecessor-version":[{"id":25919,"href":"https:\/\/aisn.pl\/en\/wp-json\/wp\/v2\/pages\/25727\/revisions\/25919"}],"up":[{"embeddable":true,"href":"https:\/\/aisn.pl\/en\/wp-json\/wp\/v2\/pages\/800"}],"wp:attachment":[{"href":"https:\/\/aisn.pl\/en\/wp-json\/wp\/v2\/media?parent=25727"}],"curies":[{"name":"wp","href":"https:\/\/api.w.org\/{rel}","templated":true}]}}