{"id":27032,"date":"2025-10-27T08:20:59","date_gmt":"2025-10-27T07:20:59","guid":{"rendered":"https:\/\/aisn.pl\/?page_id=27032"},"modified":"2026-03-02T20:06:19","modified_gmt":"2026-03-02T19:06:19","slug":"podcasty","status":"publish","type":"page","link":"https:\/\/aisn.pl\/en\/edukacja-aisn\/podcasty\/","title":{"rendered":"Podcasty"},"content":{"rendered":"<div data-elementor-type=\"wp-page\" data-elementor-id=\"27032\" data-post-id=\"27032\" data-obj-id=\"27032\" class=\"elementor elementor-27032 dce-elementor-post-27032\" data-elementor-post-type=\"page\">\n\t\t\t\t\t\t<section class=\"elementor-section elementor-top-section elementor-element elementor-element-0922420 elementor-section-boxed elementor-section-height-default elementor-section-height-default\" data-id=\"0922420\" data-element_type=\"section\" data-settings=\"{&quot;jet_parallax_layout_list&quot;:[]}\">\n\t\t\t\t\t\t<div class=\"elementor-container elementor-column-gap-default\">\n\t\t\t\t\t<div class=\"elementor-column elementor-col-100 elementor-top-column elementor-element elementor-element-852db1b\" data-id=\"852db1b\" data-element_type=\"column\">\n\t\t\t<div class=\"elementor-widget-wrap elementor-element-populated\">\n\t\t\t\t\t\t<div class=\"elementor-element elementor-element-708b7bc elementor-widget elementor-widget-text-editor\" data-id=\"708b7bc\" data-element_type=\"widget\" data-widget_type=\"text-editor.default\">\n\t\t\t\t<div class=\"elementor-widget-container\">\n\t\t\t\t\t\t\t<p><em>Podcast #4<\/em><\/p>\t\t\t\t\t\t<\/div>\n\t\t\t\t<\/div>\n\t\t\t\t<div class=\"elementor-element elementor-element-0c72eac elementor-widget elementor-widget-heading\" data-id=\"0c72eac\" data-element_type=\"widget\" data-widget_type=\"heading.default\">\n\t\t\t\t<div class=\"elementor-widget-container\">\n\t\t\t<h1 class=\"elementor-heading-title elementor-size-default\">Litotrypsja wie\u0144cowa w trudnych sytuacjach<\/h1>\t\t<\/div>\n\t\t\t\t<\/div>\n\t\t\t\t<div class=\"elementor-element elementor-element-812977b elementor-widget elementor-widget-text-editor\" data-id=\"812977b\" data-element_type=\"widget\" data-widget_type=\"text-editor.default\">\n\t\t\t\t<div class=\"elementor-widget-container\">\n\t\t\t\t\t\t\t<p>Micha\u0142 Hawranek, Stanis\u0142aw Bartu\u015b, \u0141ukasz Lewicki<\/p>\t\t\t\t\t\t<\/div>\n\t\t\t\t<\/div>\n\t\t\t\t<div class=\"elementor-element elementor-element-0a96eb9 elementor-widget elementor-widget-html\" data-id=\"0a96eb9\" data-element_type=\"widget\" data-widget_type=\"html.default\">\n\t\t\t\t<div class=\"elementor-widget-container\">\n\t\t\t<iframe width=\"700\" height=\"400\" src=\"https:\/\/podcasty.aisn.pl\/live\/ptk4\/\" frameborder=\"0\" allowfullscreen><\/iframe>\t\t<\/div>\n\t\t\t\t<\/div>\n\t\t\t\t\t<\/div>\n\t\t<\/div>\n\t\t\t\t\t<\/div>\n\t\t<\/section>\n\t\t\t\t<section class=\"elementor-section elementor-top-section elementor-element elementor-element-b99558b elementor-section-boxed elementor-section-height-default elementor-section-height-default\" data-id=\"b99558b\" data-element_type=\"section\" data-settings=\"{&quot;jet_parallax_layout_list&quot;:[]}\">\n\t\t\t\t\t\t<div class=\"elementor-container elementor-column-gap-default\">\n\t\t\t\t\t<div class=\"elementor-column elementor-col-100 elementor-top-column elementor-element elementor-element-6b81bbe\" data-id=\"6b81bbe\" data-element_type=\"column\">\n\t\t\t<div class=\"elementor-widget-wrap elementor-element-populated\">\n\t\t\t\t\t\t<div class=\"elementor-element elementor-element-1309f9e elementor-widget elementor-widget-text-editor\" data-id=\"1309f9e\" data-element_type=\"widget\" data-widget_type=\"text-editor.default\">\n\t\t\t\t<div class=\"elementor-widget-container\">\n\t\t\t\t\t\t\t<p><em>Podcast #3<\/em><\/p>\t\t\t\t\t\t<\/div>\n\t\t\t\t<\/div>\n\t\t\t\t<div class=\"elementor-element elementor-element-ce7637b elementor-widget elementor-widget-heading\" data-id=\"ce7637b\" data-element_type=\"widget\" data-widget_type=\"heading.default\">\n\t\t\t\t<div class=\"elementor-widget-container\">\n\t\t\t<h1 class=\"elementor-heading-title elementor-size-default\">Wszystko co powinni\u015bmy wiedzie\u0107 o balonach lekowych (DEB)<\/h1>\t\t<\/div>\n\t\t\t\t<\/div>\n\t\t\t\t<div class=\"elementor-element elementor-element-f1e98e4 elementor-widget elementor-widget-text-editor\" data-id=\"f1e98e4\" data-element_type=\"widget\" data-widget_type=\"text-editor.default\">\n\t\t\t\t<div class=\"elementor-widget-container\">\n\t\t\t\t\t\t\t<p>Zenon Huczek, Sylwia Iwa\u0144czyk, Wojciech Wa\u0144ha<\/p>\t\t\t\t\t\t<\/div>\n\t\t\t\t<\/div>\n\t\t\t\t<div class=\"elementor-element elementor-element-0474a8a elementor-widget elementor-widget-html\" data-id=\"0474a8a\" data-element_type=\"widget\" data-widget_type=\"html.default\">\n\t\t\t\t<div class=\"elementor-widget-container\">\n\t\t\t<iframe width=\"700\" height=\"400\" src=\"https:\/\/podcasty.aisn.pl\/live\/ptk3\/\" frameborder=\"0\" allowfullscreen><\/iframe>\t\t<\/div>\n\t\t\t\t<\/div>\n\t\t\t\t\t<\/div>\n\t\t<\/div>\n\t\t\t\t\t<\/div>\n\t\t<\/section>\n\t\t\t\t<section class=\"elementor-section elementor-top-section elementor-element elementor-element-2001f02 elementor-section-boxed elementor-section-height-default elementor-section-height-default\" data-id=\"2001f02\" data-element_type=\"section\" data-settings=\"{&quot;jet_parallax_layout_list&quot;:[]}\">\n\t\t\t\t\t\t<div class=\"elementor-container elementor-column-gap-default\">\n\t\t\t\t\t<div class=\"elementor-column elementor-col-100 elementor-top-column elementor-element elementor-element-4363ca3\" data-id=\"4363ca3\" data-element_type=\"column\">\n\t\t\t<div class=\"elementor-widget-wrap elementor-element-populated\">\n\t\t\t\t\t\t<div class=\"elementor-element elementor-element-1470c87 elementor-widget elementor-widget-text-editor\" data-id=\"1470c87\" data-element_type=\"widget\" data-widget_type=\"text-editor.default\">\n\t\t\t\t<div class=\"elementor-widget-container\">\n\t\t\t\t\t\t\t<p><em>Podcast #2<\/em><\/p>\t\t\t\t\t\t<\/div>\n\t\t\t\t<\/div>\n\t\t\t\t<div class=\"elementor-element elementor-element-9ba96e5 elementor-widget elementor-widget-heading\" data-id=\"9ba96e5\" data-element_type=\"widget\" data-widget_type=\"heading.default\">\n\t\t\t\t<div class=\"elementor-widget-container\">\n\t\t\t<h1 class=\"elementor-heading-title elementor-size-default\">Jak nowe wytyczne ESC dotycz\u0105ce wad zastawkowych zmieni\u0105 moje podej\u015bcie do leczenia stenozy aortalnej?<\/h1>\t\t<\/div>\n\t\t\t\t<\/div>\n\t\t\t\t<div class=\"elementor-element elementor-element-e13f7b8 elementor-widget elementor-widget-text-editor\" data-id=\"e13f7b8\" data-element_type=\"widget\" data-widget_type=\"text-editor.default\">\n\t\t\t\t<div class=\"elementor-widget-container\">\n\t\t\t\t\t\t\t<p>\u0141ukasz Lewicki, Zenon Huczek, Micha\u0142 Hawranek<\/p>\t\t\t\t\t\t<\/div>\n\t\t\t\t<\/div>\n\t\t\t\t<div class=\"elementor-element elementor-element-e3108d6 elementor-widget elementor-widget-html\" data-id=\"e3108d6\" data-element_type=\"widget\" data-widget_type=\"html.default\">\n\t\t\t\t<div class=\"elementor-widget-container\">\n\t\t\t<iframe width=\"700\" height=\"400\" src=\"https:\/\/podcasty.aisn.pl\/live\/ptk1\/\" frameborder=\"0\" allowfullscreen><\/iframe> \t\t<\/div>\n\t\t\t\t<\/div>\n\t\t\t\t\t<\/div>\n\t\t<\/div>\n\t\t\t\t\t<\/div>\n\t\t<\/section>\n\t\t\t\t<section class=\"elementor-section elementor-top-section elementor-element elementor-element-f9ee474 elementor-section-boxed elementor-section-height-default elementor-section-height-default\" data-id=\"f9ee474\" data-element_type=\"section\" data-settings=\"{&quot;jet_parallax_layout_list&quot;:[]}\">\n\t\t\t\t\t\t<div class=\"elementor-container elementor-column-gap-default\">\n\t\t\t\t\t<div class=\"elementor-column elementor-col-100 elementor-top-column elementor-element elementor-element-2cf0212\" data-id=\"2cf0212\" data-element_type=\"column\">\n\t\t\t<div class=\"elementor-widget-wrap elementor-element-populated\">\n\t\t\t\t\t\t<div class=\"elementor-element elementor-element-4769dcf elementor-widget elementor-widget-text-editor\" data-id=\"4769dcf\" data-element_type=\"widget\" data-widget_type=\"text-editor.default\">\n\t\t\t\t<div class=\"elementor-widget-container\">\n\t\t\t\t\t\t\t<p><em>Podcast #1<\/em><\/p>\t\t\t\t\t\t<\/div>\n\t\t\t\t<\/div>\n\t\t\t\t<div class=\"elementor-element elementor-element-0851aab elementor-widget elementor-widget-heading\" data-id=\"0851aab\" data-element_type=\"widget\" data-widget_type=\"heading.default\">\n\t\t\t\t<div class=\"elementor-widget-container\">\n\t\t\t<h1 class=\"elementor-heading-title elementor-size-default\">Nowe wytyczne ESC dotycz\u0105ce wad zastawki mitralnej <br>i tr\u00f3jdzielnej w aspekcie TEER<\/h1>\t\t<\/div>\n\t\t\t\t<\/div>\n\t\t\t\t<div class=\"elementor-element elementor-element-6dcf8bb elementor-widget elementor-widget-text-editor\" data-id=\"6dcf8bb\" data-element_type=\"widget\" data-widget_type=\"text-editor.default\">\n\t\t\t\t<div class=\"elementor-widget-container\">\n\t\t\t\t\t\t\t<p>Zenon Huczek, Adam Rdzanek, Jerzy Pr\u0119gowski<\/p>\t\t\t\t\t\t<\/div>\n\t\t\t\t<\/div>\n\t\t\t\t<div class=\"elementor-element elementor-element-bc629e6 elementor-widget elementor-widget-html\" data-id=\"bc629e6\" data-element_type=\"widget\" data-widget_type=\"html.default\">\n\t\t\t\t<div class=\"elementor-widget-container\">\n\t\t\t<iframe width=\"700\" height=\"400\" src=\"https:\/\/podcasty.aisn.pl\/live\/ptk2\/\" frameborder=\"0\" allowfullscreen><\/iframe> \t\t<\/div>\n\t\t\t\t<\/div>\n\t\t\t\t\t<\/div>\n\t\t<\/div>\n\t\t\t\t\t<\/div>\n\t\t<\/section>\n\t\t\t\t<\/div>","protected":false},"excerpt":{"rendered":"<p>Podcast #4 Litotrypsja wie\u0144cowa w trudnych sytuacjach Micha\u0142 Hawranek, Stanis\u0142aw Bartu\u015b, \u0141ukasz Lewicki Podcast #3 Wszystko co powinni\u015bmy wiedzie\u0107 o balonach lekowych (DEB) Zenon Huczek, Sylwia Iwa\u0144czyk, Wojciech Wa\u0144ha Podcast #2 Jak nowe wytyczne ESC dotycz\u0105ce wad zastawkowych zmieni\u0105 moje podej\u015bcie do leczenia stenozy aortalnej? \u0141ukasz Lewicki, Zenon Huczek, Micha\u0142 Hawranek Podcast #1 Nowe wytyczne [&hellip;]<\/p>","protected":false},"author":7,"featured_media":0,"parent":27294,"menu_order":0,"comment_status":"closed","ping_status":"closed","template":"","meta":{"footnotes":""},"class_list":["post-27032","page","type-page","status-publish","hentry"],"_links":{"self":[{"href":"https:\/\/aisn.pl\/en\/wp-json\/wp\/v2\/pages\/27032","targetHints":{"allow":["GET"]}}],"collection":[{"href":"https:\/\/aisn.pl\/en\/wp-json\/wp\/v2\/pages"}],"about":[{"href":"https:\/\/aisn.pl\/en\/wp-json\/wp\/v2\/types\/page"}],"author":[{"embeddable":true,"href":"https:\/\/aisn.pl\/en\/wp-json\/wp\/v2\/users\/7"}],"replies":[{"embeddable":true,"href":"https:\/\/aisn.pl\/en\/wp-json\/wp\/v2\/comments?post=27032"}],"version-history":[{"count":37,"href":"https:\/\/aisn.pl\/en\/wp-json\/wp\/v2\/pages\/27032\/revisions"}],"predecessor-version":[{"id":27869,"href":"https:\/\/aisn.pl\/en\/wp-json\/wp\/v2\/pages\/27032\/revisions\/27869"}],"up":[{"embeddable":true,"href":"https:\/\/aisn.pl\/en\/wp-json\/wp\/v2\/pages\/27294"}],"wp:attachment":[{"href":"https:\/\/aisn.pl\/en\/wp-json\/wp\/v2\/media?parent=27032"}],"curies":[{"name":"wp","href":"https:\/\/api.w.org\/{rel}","templated":true}]}}