{"id":3,"date":"2020-06-09T15:42:18","date_gmt":"2020-06-09T15:42:18","guid":{"rendered":"https:\/\/test.aisn.pl\/?page_id=3"},"modified":"2020-09-14T17:17:05","modified_gmt":"2020-09-14T15:17:05","slug":"privacy-policy","status":"publish","type":"page","link":"https:\/\/aisn.pl\/en\/privacy-policy\/","title":{"rendered":"Privacy Policy"},"content":{"rendered":"<p><\/p>\r\n<h1 class=\"wp-block-heading\">Polityka prywatno\u015bci<\/h1>\r\n<div class=\"tresc br\">\r\n<p class=\"info1\"><strong>Szanujemy Pa\u0144stwa prawo do prywatno\u015bci.<\/strong><\/p>\r\n<p>AISN PTK\u00a0informuje, \u017ce dane podawane przez u\u017cytkownik\u00f3w w formularzach udost\u0119pnionych w niniejszym serwisie internetowym, s\u0105 w pe\u0142ni poufne i wykorzystywane jedynie do:<\/p>\r\n<ul>\r\n<li>nawi\u0105zania kontaktu z zwi\u0105zanego z zapytaniem lub komentarzem, na kt\u00f3ry oczekujecie Pa\u0144stwo odpowiedzi,<\/li>\r\n<li>przesy\u0142aniem wiadomo\u015bci e-mail zam\u00f3wionych przez Pa\u0144stwa,<\/li>\r\n<li>wewn\u0119trznym badaniem obiegu informacji sk\u0142adanych z WWW.<\/li>\r\n<\/ul>\r\n<p>Wszelkie dane otrzymane przy pomocy niniejszego serwisu internetowego przeznaczone s\u0105 wy\u0142\u0105cznie na u\u017cytek AISN PTK\u00a0lub podmiot\u00f3w, kt\u00f3re musz\u0105 by\u0107 niezb\u0119dnie zaanga\u017cowane w spraw\u0119 odpowiedzi na wasz\u0105 pro\u015bb\u0119. Dane te nie b\u0119d\u0105 sprzedawane ani udost\u0119pniane innym firmom, urz\u0119dom, organizacjom ani osobom nieb\u0119d\u0105cym pracownikami lub sta\u0142ymi wsp\u00f3\u0142pracownikami. Poufno\u015b\u0107 danych mo\u017ce by\u0107 uchylona w celach dowodowych lub na polecenie odpowiednich organ\u00f3w pa\u0144stwowych.<\/p>\r\n<h2>Dane zbierane automatycznie i pliki cookies<\/h2>\r\n<p>Podczas Pa\u0144stwa wizyty na witrynie\u00a0AISN PTK zbierane s\u0105 dane dotycz\u0105ce wizyty, np. adres IP, nazwa domeny, typ przegl\u0105darki, typ systemu operacyjnego, itp. S\u0105 to dane statystyczne pozwalaj\u0105ce na przyk\u0142ad reagowa\u0107 na zmieniaj\u0105ce si\u0119 trendy rynkowe i dostosowywa\u0107 witryn\u0119 do Pa\u0144stwa potrzeb.<\/p>\r\n<p>W niekt\u00f3rych przypadkach identyfikacja i zwi\u0105zany z ni\u0105 zindywidualizowany dost\u0119p oparte s\u0105 na cookies. Wy\u0142\u0105czenie cookies w przegl\u0105darce zazwyczaj nie uniemo\u017cliwia korzystania ze strony internetowej AISN PTK, ale mo\u017ce spowodowa\u0107 utrudnienia. Cookies s\u0105 r\u00f3wnie\u017c u\u017cywane do zbierania og\u00f3lnych, statystycznych informacji o korzystaniu z naszych serwis\u00f3w przez u\u017cytkownik\u00f3w.<\/p>\r\n<h2>Zmiana danych<\/h2>\r\n<p>Procedura sk\u0142adania zapyta\u0144 poprzez stron\u0119 internetow\u0105 wymaga podania podstawowych danych (w celu\u00a0og\u00f3lnej identyfikacji nadawcy) mo\u017cecie Pa\u0144stwo zmieni\u0107 lub przegl\u0105dn\u0105\u0107 zgromadzone dane (je\u017celi dotycz\u0105 Waszej osoby) kontaktuj\u0105c si\u0119 z w\u0142a\u015bcicielami AISN PTK\u00a0(dane podane s\u0105 na stronie Kontakt). Danych zbieranych automatycznie nie da si\u0119 zmieni\u0107 lub usun\u0105\u0107.<\/p>\r\n<h2>Zmiana polityki prywatno\u015bci<\/h2>\r\n<p>AISN PTK zastrzega sobie prawo zmiany powy\u017cszej polityki prywatno\u015bci poprzez opublikowanie nowej polityki prywatno\u015bci na niniejszej stronie. Zmiany w polityce prywatno\u015bci obowi\u0105zuj\u0105 od dnia ich opublikowania.<\/p>\r\n<\/div>\r\n<p><\/p>\r\n<p>&nbsp;<\/p>","protected":false},"excerpt":{"rendered":"<p>Polityka prywatno\u015bci Szanujemy Pa\u0144stwa prawo do prywatno\u015bci. AISN PTK\u00a0informuje, \u017ce dane podawane przez u\u017cytkownik\u00f3w w formularzach udost\u0119pnionych w niniejszym serwisie internetowym, s\u0105 w pe\u0142ni poufne i wykorzystywane jedynie do: nawi\u0105zania kontaktu z zwi\u0105zanego z zapytaniem lub komentarzem, na kt\u00f3ry oczekujecie Pa\u0144stwo odpowiedzi, przesy\u0142aniem wiadomo\u015bci e-mail zam\u00f3wionych przez Pa\u0144stwa, wewn\u0119trznym badaniem obiegu informacji sk\u0142adanych z WWW. [&hellip;]<\/p>","protected":false},"author":6,"featured_media":0,"parent":0,"menu_order":110,"comment_status":"closed","ping_status":"closed","template":"","meta":{"footnotes":""},"class_list":["post-3","page","type-page","status-publish","hentry"],"_links":{"self":[{"href":"https:\/\/aisn.pl\/en\/wp-json\/wp\/v2\/pages\/3","targetHints":{"allow":["GET"]}}],"collection":[{"href":"https:\/\/aisn.pl\/en\/wp-json\/wp\/v2\/pages"}],"about":[{"href":"https:\/\/aisn.pl\/en\/wp-json\/wp\/v2\/types\/page"}],"author":[{"embeddable":true,"href":"https:\/\/aisn.pl\/en\/wp-json\/wp\/v2\/users\/6"}],"replies":[{"embeddable":true,"href":"https:\/\/aisn.pl\/en\/wp-json\/wp\/v2\/comments?post=3"}],"version-history":[{"count":1,"href":"https:\/\/aisn.pl\/en\/wp-json\/wp\/v2\/pages\/3\/revisions"}],"predecessor-version":[{"id":6262,"href":"https:\/\/aisn.pl\/en\/wp-json\/wp\/v2\/pages\/3\/revisions\/6262"}],"wp:attachment":[{"href":"https:\/\/aisn.pl\/en\/wp-json\/wp\/v2\/media?parent=3"}],"curies":[{"name":"wp","href":"https:\/\/api.w.org\/{rel}","templated":true}]}}