{"id":4046,"date":"2020-07-27T12:45:00","date_gmt":"2020-07-27T12:45:11","guid":{"rendered":"https:\/\/test.aisn.pl\/?page_id=4046"},"modified":"2026-03-17T06:10:23","modified_gmt":"2026-03-17T05:10:23","slug":"kalendarz_konferencji","status":"publish","type":"page","link":"https:\/\/aisn.pl\/en\/konferencje\/kalendarz_konferencji\/","title":{"rendered":"Conference calendar"},"content":{"rendered":"<div data-elementor-type=\"wp-page\" data-elementor-id=\"4046\" data-post-id=\"4046\" data-obj-id=\"4046\" class=\"elementor elementor-4046 dce-elementor-post-4046\" data-elementor-post-type=\"page\">\n\t\t\t\t\t\t<section class=\"elementor-section elementor-top-section elementor-element elementor-element-ff67109 elementor-section-boxed elementor-section-height-default elementor-section-height-default\" data-id=\"ff67109\" data-element_type=\"section\" data-settings=\"{&quot;jet_parallax_layout_list&quot;:[{&quot;jet_parallax_layout_image&quot;:{&quot;url&quot;:&quot;&quot;,&quot;id&quot;:&quot;&quot;,&quot;size&quot;:&quot;&quot;},&quot;_id&quot;:&quot;61a095f&quot;,&quot;jet_parallax_layout_image_tablet&quot;:{&quot;url&quot;:&quot;&quot;,&quot;id&quot;:&quot;&quot;,&quot;size&quot;:&quot;&quot;},&quot;jet_parallax_layout_image_mobile&quot;:{&quot;url&quot;:&quot;&quot;,&quot;id&quot;:&quot;&quot;,&quot;size&quot;:&quot;&quot;},&quot;jet_parallax_layout_speed&quot;:{&quot;unit&quot;:&quot;%&quot;,&quot;size&quot;:50,&quot;sizes&quot;:[]},&quot;jet_parallax_layout_type&quot;:&quot;scroll&quot;,&quot;jet_parallax_layout_direction&quot;:null,&quot;jet_parallax_layout_fx_direction&quot;:null,&quot;jet_parallax_layout_z_index&quot;:&quot;&quot;,&quot;jet_parallax_layout_bg_x&quot;:50,&quot;jet_parallax_layout_bg_x_tablet&quot;:&quot;&quot;,&quot;jet_parallax_layout_bg_x_mobile&quot;:&quot;&quot;,&quot;jet_parallax_layout_bg_y&quot;:50,&quot;jet_parallax_layout_bg_y_tablet&quot;:&quot;&quot;,&quot;jet_parallax_layout_bg_y_mobile&quot;:&quot;&quot;,&quot;jet_parallax_layout_bg_size&quot;:&quot;auto&quot;,&quot;jet_parallax_layout_bg_size_tablet&quot;:&quot;&quot;,&quot;jet_parallax_layout_bg_size_mobile&quot;:&quot;&quot;,&quot;jet_parallax_layout_animation_prop&quot;:&quot;transform&quot;,&quot;jet_parallax_layout_on&quot;:[&quot;desktop&quot;,&quot;tablet&quot;]}]}\">\n\t\t\t\t\t\t<div class=\"elementor-container elementor-column-gap-default\">\n\t\t\t\t\t<div class=\"elementor-column elementor-col-100 elementor-top-column elementor-element elementor-element-3b67ca4\" data-id=\"3b67ca4\" data-element_type=\"column\">\n\t\t\t<div class=\"elementor-widget-wrap elementor-element-populated\">\n\t\t\t\t\t\t<div class=\"elementor-element elementor-element-bd8267f elementor-widget elementor-widget-jet-timeline\" data-id=\"bd8267f\" data-element_type=\"widget\" data-widget_type=\"jet-timeline.default\">\n\t\t\t\t<div class=\"elementor-widget-container\">\n\t\t\t<div class=\"elementor-jet-timeline jet-elements\"><div class=\"jet-timeline jet-timeline--align-left jet-timeline--align-top\">\n\t<div class=\"jet-timeline__line\"><div class=\"jet-timeline__line-progress\"><\/div><\/div>\n\t<div class=\"jet-timeline-list\"><div class=\"jet-timeline-item jet-timeline-item--animated elementor-repeater-item-56c4aca jet-timeline-item--image-inside\">\n\t<div class=\"timeline-item__card\">\n\t\t<div class=\"timeline-item__card-inner\">\n\t\t\t\t<div class=\"timeline-item__card-img\"><img decoding=\"async\" width=\"161\" height=\"51\" src=\"https:\/\/aisn.pl\/download\/LuCTO-2022-8-9-APRIL-2022-e1674113567107.png\" class=\"attachment-full size-full wp-image-14000\" alt=\"\" srcset=\"https:\/\/aisn.pl\/download\/LuCTO-2022-8-9-APRIL-2022-e1674113567107.png 161w, https:\/\/aisn.pl\/download\/LuCTO-2022-8-9-APRIL-2022-e1674113567107-18x6.png 18w\" sizes=\"(max-width: 161px) 100vw, 161px\" \/><\/div>\t\t\t\t<div class=\"timeline-item__card-content\">\n\t\t\t\t\t<div class=\"timeline-item__meta\"><div class=\"timeline-item__meta-content\">17-18 kwietnia 2026<\/div><\/div><h5 class=\"timeline-item__card-title\">International Expert to Expert CTO Forum <br>CTO Live Case Meeting Lublin - Na\u0142\u0119cz\u00f3w<\/h5><div class=\"timeline-item__card-btn-wrap\"><a class=\"timeline-item__card-btn elementor-button elementor-size-md\" role=\"button\" href=\"https:\/\/www.ikardia.pl\/konferencje\/konferencje\/international-expert-to-expert-cto-forum-2026\">More<\/a><\/div>\t\t\t\t<\/div>\n\t\t\t\t\t\t<\/div>\n\t\t<div class=\"timeline-item__card-arrow\"><\/div>\n\t<\/div>\n\t<div class=\"timeline-item__point\"><div class=\"timeline-item__point-content timeline-item__point-content--icon\"><span class=\"jet-elements-icon\"><i aria-hidden=\"true\" class=\"fas fa-calendar-alt\"><\/i><\/span><\/div><\/div><div class=\"timeline-item__meta\"><div class=\"timeline-item__meta-content\">17-18 kwietnia 2026<\/div><\/div><\/div><div class=\"jet-timeline-item jet-timeline-item--animated elementor-repeater-item-f24b224 jet-timeline-item--image-inside\">\n\t<div class=\"timeline-item__card\">\n\t\t<div class=\"timeline-item__card-inner\">\n\t\t\t\t<div class=\"timeline-item__card-img\"><img decoding=\"async\" width=\"300\" height=\"94\" src=\"https:\/\/aisn.pl\/download\/Wcci_logo_PL_rgb_300dpi-1-300x94.jpg\" class=\"attachment-medium size-medium wp-image-4299\" alt=\"\" srcset=\"https:\/\/aisn.pl\/download\/Wcci_logo_PL_rgb_300dpi-1-300x94.jpg 300w, https:\/\/aisn.pl\/download\/Wcci_logo_PL_rgb_300dpi-1-1024x322.jpg 1024w, https:\/\/aisn.pl\/download\/Wcci_logo_PL_rgb_300dpi-1-768x241.jpg 768w, https:\/\/aisn.pl\/download\/Wcci_logo_PL_rgb_300dpi-1.jpg 1105w\" sizes=\"(max-width: 300px) 100vw, 300px\" \/><\/div>\t\t\t\t<div class=\"timeline-item__card-content\">\n\t\t\t\t\t<div class=\"timeline-item__meta\"><div class=\"timeline-item__meta-content\">23-24 kwietnia 2026<\/div><\/div><h5 class=\"timeline-item__card-title\">Warsaw Course on Cardiovascular Interventions (WCCI)<\/h5><div class=\"timeline-item__card-btn-wrap\"><a class=\"timeline-item__card-btn elementor-button elementor-size-md\" role=\"button\" href=\"http:\/\/wcci.pl\/\">More<\/a><\/div>\t\t\t\t<\/div>\n\t\t\t\t\t\t<\/div>\n\t\t<div class=\"timeline-item__card-arrow\"><\/div>\n\t<\/div>\n\t<div class=\"timeline-item__point\"><div class=\"timeline-item__point-content timeline-item__point-content--icon\"><span class=\"jet-elements-icon\"><i aria-hidden=\"true\" class=\"fas fa-calendar-alt\"><\/i><\/span><\/div><\/div><div class=\"timeline-item__meta\"><div class=\"timeline-item__meta-content\">23-24 kwietnia 2026<\/div><\/div><\/div><div class=\"jet-timeline-item jet-timeline-item--animated elementor-repeater-item-0e8d165 jet-timeline-item--image-inside\">\n\t<div class=\"timeline-item__card\">\n\t\t<div class=\"timeline-item__card-inner\">\n\t\t\t\t<div class=\"timeline-item__card-img\"><img decoding=\"async\" width=\"150\" height=\"150\" src=\"https:\/\/aisn.pl\/download\/Zabrze-150x150.jpg\" class=\"attachment-thumbnail size-thumbnail wp-image-4412\" alt=\"\" \/><\/div>\t\t\t\t<div class=\"timeline-item__card-content\">\n\t\t\t\t\t<div class=\"timeline-item__meta\"><div class=\"timeline-item__meta-content\">14-15 maja 2026<\/div><\/div><h5 class=\"timeline-item__card-title\">Zabrza\u0144skie Warsztaty Kardiologii Interwencyjnej<\/h5><div class=\"timeline-item__card-btn-wrap\"><a class=\"timeline-item__card-btn elementor-button elementor-size-md\" role=\"button\" href=\"https:\/\/www.mp.pl\/konferencje\/kardiologia-zabrze\/2025\/\">More<\/a><\/div>\t\t\t\t<\/div>\n\t\t\t\t\t\t<\/div>\n\t\t<div class=\"timeline-item__card-arrow\"><\/div>\n\t<\/div>\n\t<div class=\"timeline-item__point\"><div class=\"timeline-item__point-content timeline-item__point-content--icon\"><span class=\"jet-elements-icon\"><i aria-hidden=\"true\" class=\"fas fa-calendar-alt\"><\/i><\/span><\/div><\/div><div class=\"timeline-item__meta\"><div class=\"timeline-item__meta-content\">14-15 maja 2026<\/div><\/div><\/div><div class=\"jet-timeline-item jet-timeline-item--animated elementor-repeater-item-2f5b897 jet-timeline-item--image-inside\">\n\t<div class=\"timeline-item__card\">\n\t\t<div class=\"timeline-item__card-inner\">\n\t\t\t\t<div class=\"timeline-item__card-img\"><img decoding=\"async\" src=\"https:\/\/aisn.pl\/download\/elementor\/thumbs\/EuroPCR-e1602492222959-qrroqm31mlv0xsg4sk7parrg3ipg7mskklspele9k8.jpg\" title=\"EuroPCR\" alt=\"EuroPCR\" loading=\"lazy\" \/><\/div>\t\t\t\t<div class=\"timeline-item__card-content\">\n\t\t\t\t\t<div class=\"timeline-item__meta\"><div class=\"timeline-item__meta-content\">19-22 maja 2026<\/div><\/div><h5 class=\"timeline-item__card-title\">EuroPCR<\/h5><div class=\"timeline-item__card-btn-wrap\"><a class=\"timeline-item__card-btn elementor-button elementor-size-md\" role=\"button\" href=\"https:\/\/www.pcronline.com\/Courses\/EuroPCR\">More<\/a><\/div>\t\t\t\t<\/div>\n\t\t\t\t\t\t<\/div>\n\t\t<div class=\"timeline-item__card-arrow\"><\/div>\n\t<\/div>\n\t<div class=\"timeline-item__point\"><div class=\"timeline-item__point-content timeline-item__point-content--icon\"><span class=\"jet-elements-icon\"><i aria-hidden=\"true\" class=\"fas fa-calendar-alt\"><\/i><\/span><\/div><\/div><div class=\"timeline-item__meta\"><div class=\"timeline-item__meta-content\">19-22 maja 2026<\/div><\/div><\/div><div class=\"jet-timeline-item jet-timeline-item--animated elementor-repeater-item-560bc50 jet-timeline-item--image-inside\">\n\t<div class=\"timeline-item__card\">\n\t\t<div class=\"timeline-item__card-inner\">\n\t\t\t\t<div class=\"timeline-item__card-img\"><img loading=\"lazy\" decoding=\"async\" width=\"150\" height=\"150\" src=\"https:\/\/aisn.pl\/download\/Kazimierz-powiklania-150x150.jpg\" class=\"attachment-thumbnail size-thumbnail wp-image-24343\" alt=\"\" \/><\/div>\t\t\t\t<div class=\"timeline-item__card-content\">\n\t\t\t\t\t<div class=\"timeline-item__meta\"><div class=\"timeline-item__meta-content\">11-13 czerwca 2026<\/div><\/div><h5 class=\"timeline-item__card-title\">Powik\u0142ania Zabieg\u00f3w Interwencyjnych: Zapobieganie i Leczenie<\/h5><div class=\"timeline-item__card-btn-wrap\"><a class=\"timeline-item__card-btn elementor-button elementor-size-md\" role=\"button\" href=\"https:\/\/www.ikardia.pl\/konferencje\">More<\/a><\/div>\t\t\t\t<\/div>\n\t\t\t\t\t\t<\/div>\n\t\t<div class=\"timeline-item__card-arrow\"><\/div>\n\t<\/div>\n\t<div class=\"timeline-item__point\"><div class=\"timeline-item__point-content timeline-item__point-content--icon\"><span class=\"jet-elements-icon\"><i aria-hidden=\"true\" class=\"fas fa-calendar-alt\"><\/i><\/span><\/div><\/div><div class=\"timeline-item__meta\"><div class=\"timeline-item__meta-content\">11-13 czerwca 2026<\/div><\/div><\/div><div class=\"jet-timeline-item jet-timeline-item--animated elementor-repeater-item-952befe jet-timeline-item--image-inside\">\n\t<div class=\"timeline-item__card\">\n\t\t<div class=\"timeline-item__card-inner\">\n\t\t\t\t<div class=\"timeline-item__card-img\"><img decoding=\"async\" src=\"https:\/\/aisn.pl\/download\/elementor\/thumbs\/PINC-logo-qrroqowk73yvwmc1c3fl091tvobjuq3rkzr5ufa31k.jpg\" title=\"PINC logo\" alt=\"PINC logo\" loading=\"lazy\" \/><\/div>\t\t\t\t<div class=\"timeline-item__card-content\">\n\t\t\t\t\t<div class=\"timeline-item__meta\"><div class=\"timeline-item__meta-content\">18-19 czerwca 2026<\/div><\/div><h5 class=\"timeline-item__card-title\">Percutaneous Interventions in Krak\u00f3w (PINC)<\/h5><div class=\"timeline-item__card-btn-wrap\"><a class=\"timeline-item__card-btn elementor-button elementor-size-md\" role=\"button\" href=\"https:\/\/pinc.pl\/\">More<\/a><\/div>\t\t\t\t<\/div>\n\t\t\t\t\t\t<\/div>\n\t\t<div class=\"timeline-item__card-arrow\"><\/div>\n\t<\/div>\n\t<div class=\"timeline-item__point\"><div class=\"timeline-item__point-content timeline-item__point-content--icon\"><span class=\"jet-elements-icon\"><i aria-hidden=\"true\" class=\"fas fa-calendar-alt\"><\/i><\/span><\/div><\/div><div class=\"timeline-item__meta\"><div class=\"timeline-item__meta-content\">18-19 czerwca 2026<\/div><\/div><\/div><div class=\"jet-timeline-item jet-timeline-item--animated elementor-repeater-item-eac5825 jet-timeline-item--image-inside\">\n\t<div class=\"timeline-item__card\">\n\t\t<div class=\"timeline-item__card-inner\">\n\t\t\t\t<div class=\"timeline-item__card-img\"><img decoding=\"async\" src=\"https:\/\/aisn.pl\/download\/elementor\/thumbs\/Kaszubskie-logo-rcw9o6s467fnwiheu6drwvtombynf0cx9tmc201wx4.jpg\" title=\"Kaszubskie logo\" alt=\"Kaszubskie logo\" loading=\"lazy\" \/><\/div>\t\t\t\t<div class=\"timeline-item__card-content\">\n\t\t\t\t\t<div class=\"timeline-item__meta\"><div class=\"timeline-item__meta-content\">19-20 czerwca 2026<\/div><\/div><h5 class=\"timeline-item__card-title\">Kaszubsko-Pomorskie Warsztaty Kardiologii Interwencyjnej<\/h5>\t\t\t\t<\/div>\n\t\t\t\t\t\t<\/div>\n\t\t<div class=\"timeline-item__card-arrow\"><\/div>\n\t<\/div>\n\t<div class=\"timeline-item__point\"><div class=\"timeline-item__point-content timeline-item__point-content--icon\"><span class=\"jet-elements-icon\"><i aria-hidden=\"true\" class=\"fas fa-calendar-alt\"><\/i><\/span><\/div><\/div><div class=\"timeline-item__meta\"><div class=\"timeline-item__meta-content\">19-20 czerwca 2026<\/div><\/div><\/div><div class=\"jet-timeline-item jet-timeline-item--animated elementor-repeater-item-0121917 jet-timeline-item--image-inside\">\n\t<div class=\"timeline-item__card\">\n\t\t<div class=\"timeline-item__card-inner\">\n\t\t\t\t<div class=\"timeline-item__card-img\"><img decoding=\"async\" src=\"https:\/\/aisn.pl\/download\/elementor\/thumbs\/NewYorkValves-rkk1sk6q1z4la5t7spkt2xeszslys71nkqyamo9z1s.png\" title=\"NewYorkValves\" alt=\"NewYorkValves\" loading=\"lazy\" \/><\/div>\t\t\t\t<div class=\"timeline-item__card-content\">\n\t\t\t\t\t<div class=\"timeline-item__meta\"><div class=\"timeline-item__meta-content\">24 - 26 czerwca 2026<\/div><\/div><h5 class=\"timeline-item__card-title\">New York Valves<\/h5><div class=\"timeline-item__card-btn-wrap\"><a class=\"timeline-item__card-btn elementor-button elementor-size-md\" role=\"button\" href=\"https:\/\/www.nyvalvesconference.com\">More<\/a><\/div>\t\t\t\t<\/div>\n\t\t\t\t\t\t<\/div>\n\t\t<div class=\"timeline-item__card-arrow\"><\/div>\n\t<\/div>\n\t<div class=\"timeline-item__point\"><div class=\"timeline-item__point-content timeline-item__point-content--icon\"><span class=\"jet-elements-icon\"><i aria-hidden=\"true\" class=\"fas fa-calendar-alt\"><\/i><\/span><\/div><\/div><div class=\"timeline-item__meta\"><div class=\"timeline-item__meta-content\">24 - 26 czerwca 2026<\/div><\/div><\/div><div class=\"jet-timeline-item jet-timeline-item--animated elementor-repeater-item-c122237 jet-timeline-item--image-inside\">\n\t<div class=\"timeline-item__card\">\n\t\t<div class=\"timeline-item__card-inner\">\n\t\t\t\t<div class=\"timeline-item__card-img\"><img loading=\"lazy\" decoding=\"async\" width=\"200\" height=\"151\" src=\"https:\/\/aisn.pl\/download\/ESC-e1602492928705.jpg\" class=\"attachment-full size-full wp-image-4382\" alt=\"\" \/><\/div>\t\t\t\t<div class=\"timeline-item__card-content\">\n\t\t\t\t\t<div class=\"timeline-item__meta\"><div class=\"timeline-item__meta-content\">28-31 sierpnia 2026<\/div><\/div><h5 class=\"timeline-item__card-title\">ESC Congress<\/h5><div class=\"timeline-item__card-btn-wrap\"><a class=\"timeline-item__card-btn elementor-button elementor-size-md\" role=\"button\" href=\"https:\/\/www.escardio.org\/Congresses-Events\/ESC-Congress\">More<\/a><\/div>\t\t\t\t<\/div>\n\t\t\t\t\t\t<\/div>\n\t\t<div class=\"timeline-item__card-arrow\"><\/div>\n\t<\/div>\n\t<div class=\"timeline-item__point\"><div class=\"timeline-item__point-content timeline-item__point-content--icon\"><span class=\"jet-elements-icon\"><i aria-hidden=\"true\" class=\"fas fa-calendar-alt\"><\/i><\/span><\/div><\/div><div class=\"timeline-item__meta\"><div class=\"timeline-item__meta-content\">28-31 sierpnia 2026<\/div><\/div><\/div><div class=\"jet-timeline-item jet-timeline-item--animated elementor-repeater-item-ef049f1 jet-timeline-item--image-inside\">\n\t<div class=\"timeline-item__card\">\n\t\t<div class=\"timeline-item__card-inner\">\n\t\t\t\t<div class=\"timeline-item__card-img\"><img decoding=\"async\" src=\"https:\/\/aisn.pl\/download\/elementor\/thumbs\/Prevention--qrxpgceewxud27zy5whtr14ve4yufd4hvl6wztowrs.jpg\" title=\"Prevention\" alt=\"Prevention\" loading=\"lazy\" \/><\/div>\t\t\t\t<div class=\"timeline-item__card-content\">\n\t\t\t\t\t<div class=\"timeline-item__meta\"><div class=\"timeline-item__meta-content\">8-10 pa\u017adziernika 2026<\/div><\/div><h5 class=\"timeline-item__card-title\">Prevention & Intervention<\/h5><div class=\"timeline-item__card-btn-wrap\"><a class=\"timeline-item__card-btn elementor-button elementor-size-md\" role=\"button\" href=\"https:\/\/prev-interv.com\/\">More<\/a><\/div>\t\t\t\t<\/div>\n\t\t\t\t\t\t<\/div>\n\t\t<div class=\"timeline-item__card-arrow\"><\/div>\n\t<\/div>\n\t<div class=\"timeline-item__point\"><div class=\"timeline-item__point-content timeline-item__point-content--icon\"><span class=\"jet-elements-icon\"><i aria-hidden=\"true\" class=\"fas fa-calendar-alt\"><\/i><\/span><\/div><\/div><div class=\"timeline-item__meta\"><div class=\"timeline-item__meta-content\">8-10 pa\u017adziernika 2026<\/div><\/div><\/div><div class=\"jet-timeline-item jet-timeline-item--animated elementor-repeater-item-c9599b3 jet-timeline-item--image-inside\">\n\t<div class=\"timeline-item__card\">\n\t\t<div class=\"timeline-item__card-inner\">\n\t\t\t\t<div class=\"timeline-item__card-img\"><img decoding=\"async\" src=\"https:\/\/aisn.pl\/download\/elementor\/thumbs\/TCT-logo-qrroqpuedxzlrmyduj5r1mza37qpsj8bbmwtaqpqem.jpg\" title=\"TCT logo\" alt=\"TCT logo\" loading=\"lazy\" \/><\/div>\t\t\t\t<div class=\"timeline-item__card-content\">\n\t\t\t\t\t<div class=\"timeline-item__meta\"><div class=\"timeline-item__meta-content\">31 pa\u017adziernika - 3 listopada 2026<\/div><\/div><h5 class=\"timeline-item__card-title\">Transcatheter Cardiovascular Therapeutics (TCT)<\/h5><div class=\"timeline-item__card-btn-wrap\"><a class=\"timeline-item__card-btn elementor-button elementor-size-md\" role=\"button\" href=\"https:\/\/www.tctconference.com\/\">More<\/a><\/div>\t\t\t\t<\/div>\n\t\t\t\t\t\t<\/div>\n\t\t<div class=\"timeline-item__card-arrow\"><\/div>\n\t<\/div>\n\t<div class=\"timeline-item__point\"><div class=\"timeline-item__point-content timeline-item__point-content--icon\"><span class=\"jet-elements-icon\"><i aria-hidden=\"true\" class=\"fas fa-calendar-alt\"><\/i><\/span><\/div><\/div><div class=\"timeline-item__meta\"><div class=\"timeline-item__meta-content\">31 pa\u017adziernika - 3 listopada 2026<\/div><\/div><\/div><div class=\"jet-timeline-item jet-timeline-item--animated elementor-repeater-item-09c1e67 jet-timeline-item--image-inside\">\n\t<div class=\"timeline-item__card\">\n\t\t<div class=\"timeline-item__card-inner\">\n\t\t\t\t<div class=\"timeline-item__card-img\"><img decoding=\"async\" src=\"https:\/\/aisn.pl\/download\/elementor\/thumbs\/EUROPCR_2026-rkmkhsx8avvt7ks6jzi8n1cucfgfpvifws8clx8c06.png\" title=\"EUROPCR_2026\" alt=\"EUROPCR_2026\" loading=\"lazy\" \/><\/div>\t\t\t\t<div class=\"timeline-item__card-content\">\n\t\t\t\t\t<div class=\"timeline-item__meta\"><div class=\"timeline-item__meta-content\">22 - 24 listopada 2026<\/div><\/div><h5 class=\"timeline-item__card-title\">PCR London Valves 2026<\/h5><div class=\"timeline-item__card-btn-wrap\"><a class=\"timeline-item__card-btn elementor-button elementor-size-md\" role=\"button\" href=\"https:\/\/www.pcronline.com\/Courses\/PCR-London-Valves\">More<\/a><\/div>\t\t\t\t<\/div>\n\t\t\t\t\t\t<\/div>\n\t\t<div class=\"timeline-item__card-arrow\"><\/div>\n\t<\/div>\n\t<div class=\"timeline-item__point\"><div class=\"timeline-item__point-content timeline-item__point-content--icon\"><span class=\"jet-elements-icon\"><i aria-hidden=\"true\" class=\"fas fa-calendar-alt\"><\/i><\/span><\/div><\/div><div class=\"timeline-item__meta\"><div class=\"timeline-item__meta-content\">22 - 24 listopada 2026<\/div><\/div><\/div><\/div><\/div><\/div>\t\t<\/div>\n\t\t\t\t<\/div>\n\t\t\t\t\t<\/div>\n\t\t<\/div>\n\t\t\t\t\t<\/div>\n\t\t<\/section>\n\t\t\t\t<\/div>","protected":false},"excerpt":{"rendered":"<p>17-18 kwietnia 2026 International Expert to Expert CTO Forum CTO Live Case Meeting Lublin &#8211; Na\u0142\u0119cz\u00f3w Wi\u0119cej 17-18 kwietnia 2026 23-24 kwietnia 2026 Warsaw Course on Cardiovascular Interventions (WCCI) Wi\u0119cej 23-24 kwietnia 2026 14-15 maja 2026 Zabrza\u0144skie Warsztaty Kardiologii Interwencyjnej Wi\u0119cej 14-15 maja 2026 19-22 maja 2026 EuroPCR Wi\u0119cej 19-22 maja 2026 11-13 czerwca 2026 [&hellip;]<\/p>","protected":false},"author":6,"featured_media":0,"parent":770,"menu_order":0,"comment_status":"closed","ping_status":"closed","template":"","meta":{"footnotes":""},"class_list":["post-4046","page","type-page","status-publish","hentry"],"_links":{"self":[{"href":"https:\/\/aisn.pl\/en\/wp-json\/wp\/v2\/pages\/4046","targetHints":{"allow":["GET"]}}],"collection":[{"href":"https:\/\/aisn.pl\/en\/wp-json\/wp\/v2\/pages"}],"about":[{"href":"https:\/\/aisn.pl\/en\/wp-json\/wp\/v2\/types\/page"}],"author":[{"embeddable":true,"href":"https:\/\/aisn.pl\/en\/wp-json\/wp\/v2\/users\/6"}],"replies":[{"embeddable":true,"href":"https:\/\/aisn.pl\/en\/wp-json\/wp\/v2\/comments?post=4046"}],"version-history":[{"count":786,"href":"https:\/\/aisn.pl\/en\/wp-json\/wp\/v2\/pages\/4046\/revisions"}],"predecessor-version":[{"id":27989,"href":"https:\/\/aisn.pl\/en\/wp-json\/wp\/v2\/pages\/4046\/revisions\/27989"}],"up":[{"embeddable":true,"href":"https:\/\/aisn.pl\/en\/wp-json\/wp\/v2\/pages\/770"}],"wp:attachment":[{"href":"https:\/\/aisn.pl\/en\/wp-json\/wp\/v2\/media?parent=4046"}],"curies":[{"name":"wp","href":"https:\/\/api.w.org\/{rel}","templated":true}]}}