{"id":5871,"date":"2020-08-31T09:57:32","date_gmt":"2020-08-31T09:57:32","guid":{"rendered":"https:\/\/test.aisn.pl\/?page_id=5871"},"modified":"2020-08-31T10:49:42","modified_gmt":"2020-08-31T10:49:42","slug":"aktualnosci-wszystkie","status":"publish","type":"page","link":"https:\/\/aisn.pl\/en\/strony-inne\/aktualnosci-wszystkie\/","title":{"rendered":"Aktualno\u015bci wszystkie"},"content":{"rendered":"<div data-elementor-type=\"wp-page\" data-elementor-id=\"5871\" data-post-id=\"27899\" data-obj-id=\"27899\" class=\"elementor elementor-5871 dce-elementor-post-27899\" data-elementor-post-type=\"page\">\n\t\t\t\t\t\t<section class=\"elementor-section elementor-top-section elementor-element elementor-element-8999cdf elementor-section-boxed elementor-section-height-default elementor-section-height-default\" data-id=\"8999cdf\" data-element_type=\"section\" data-settings=\"{&quot;jet_parallax_layout_list&quot;:[{&quot;jet_parallax_layout_image&quot;:{&quot;url&quot;:&quot;&quot;,&quot;id&quot;:&quot;&quot;,&quot;size&quot;:&quot;&quot;},&quot;_id&quot;:&quot;22cfb4f&quot;,&quot;jet_parallax_layout_image_tablet&quot;:{&quot;url&quot;:&quot;&quot;,&quot;id&quot;:&quot;&quot;,&quot;size&quot;:&quot;&quot;},&quot;jet_parallax_layout_image_mobile&quot;:{&quot;url&quot;:&quot;&quot;,&quot;id&quot;:&quot;&quot;,&quot;size&quot;:&quot;&quot;},&quot;jet_parallax_layout_speed&quot;:{&quot;unit&quot;:&quot;%&quot;,&quot;size&quot;:50,&quot;sizes&quot;:[]},&quot;jet_parallax_layout_type&quot;:&quot;scroll&quot;,&quot;jet_parallax_layout_direction&quot;:null,&quot;jet_parallax_layout_fx_direction&quot;:null,&quot;jet_parallax_layout_z_index&quot;:&quot;&quot;,&quot;jet_parallax_layout_bg_x&quot;:50,&quot;jet_parallax_layout_bg_y&quot;:50,&quot;jet_parallax_layout_bg_size&quot;:&quot;auto&quot;,&quot;jet_parallax_layout_animation_prop&quot;:&quot;transform&quot;,&quot;jet_parallax_layout_on&quot;:[&quot;desktop&quot;,&quot;tablet&quot;],&quot;jet_parallax_layout_bg_x_tablet&quot;:&quot;&quot;,&quot;jet_parallax_layout_bg_x_mobile&quot;:&quot;&quot;,&quot;jet_parallax_layout_bg_y_tablet&quot;:&quot;&quot;,&quot;jet_parallax_layout_bg_y_mobile&quot;:&quot;&quot;,&quot;jet_parallax_layout_bg_size_tablet&quot;:&quot;&quot;,&quot;jet_parallax_layout_bg_size_mobile&quot;:&quot;&quot;}]}\">\n\t\t\t\t\t\t<div class=\"elementor-container elementor-column-gap-default\">\n\t\t\t\t\t<div class=\"elementor-column elementor-col-100 elementor-top-column elementor-element elementor-element-c001c40\" data-id=\"c001c40\" data-element_type=\"column\">\n\t\t\t<div class=\"elementor-widget-wrap elementor-element-populated\">\n\t\t\t\t\t\t<div class=\"elementor-element elementor-element-f9a7dcc elementor-grid-1 elementor-posts--thumbnail-none elementor-grid-tablet-2 elementor-grid-mobile-1 elementor-widget elementor-widget-posts\" data-id=\"f9a7dcc\" data-element_type=\"widget\" data-settings=\"{&quot;classic_columns&quot;:&quot;1&quot;,&quot;pagination_type&quot;:&quot;numbers&quot;,&quot;classic_columns_tablet&quot;:&quot;2&quot;,&quot;classic_columns_mobile&quot;:&quot;1&quot;,&quot;classic_row_gap&quot;:{&quot;unit&quot;:&quot;px&quot;,&quot;size&quot;:35,&quot;sizes&quot;:[]},&quot;classic_row_gap_tablet&quot;:{&quot;unit&quot;:&quot;px&quot;,&quot;size&quot;:&quot;&quot;,&quot;sizes&quot;:[]},&quot;classic_row_gap_mobile&quot;:{&quot;unit&quot;:&quot;px&quot;,&quot;size&quot;:&quot;&quot;,&quot;sizes&quot;:[]}}\" data-widget_type=\"posts.classic\">\n\t\t\t\t<div class=\"elementor-widget-container\">\n\t\t\t\t\t<div class=\"elementor-posts-container elementor-posts elementor-posts--skin-classic elementor-grid\">\n\t\t\t\t<article class=\"elementor-post elementor-grid-item post-28102 aktualnosci type-aktualnosci status-publish has-post-thumbnail hentry\">\n\t\t\t\t<div class=\"elementor-post__text\">\n\t\t\t\t<h3 class=\"elementor-post__title\">\n\t\t\t<a href=\"https:\/\/aisn.pl\/en\/aktualnosci\/newsletter-aisn-ptk-edycja-acc-202\/\" >\n\t\t\t\tNewsletter AISN PTK edycja ACC 202\t\t\t<\/a>\n\t\t<\/h3>\n\t\t\t\t<div class=\"elementor-post__meta-data\">\n\t\t\t\t\t<span class=\"elementor-post-date\">\n\t\t\tApril 10, 2026\t\t<\/span>\n\t\t\t\t<\/div>\n\t\t\t\t<div class=\"elementor-post__excerpt\">\n\t\t\t<p>Szanowni Pa\u0144stwo, kierujemy do Was kolejn\u0105 edycj\u0119 Newslettera AISN PTK zawieraj\u0105c\u0105 kr\u00f3tkie podsumowanie bada\u0144 zaprezentowanych podczas kongresu ACC 2026 w Nowym Orleanie, kt\u00f3rych wyniki zosta\u0142y<\/p>\n\t\t<\/div>\n\t\t\n\t\t<a class=\"elementor-post__read-more\" href=\"https:\/\/aisn.pl\/en\/aktualnosci\/newsletter-aisn-ptk-edycja-acc-202\/\" aria-label=\"Read more about Newsletter AISN PTK edycja ACC 202\" tabindex=\"-1\" >\n\t\t\tRead more \u00bb\t\t<\/a>\n\n\t\t\t\t<\/div>\n\t\t\t\t<\/article>\n\t\t\t\t<article class=\"elementor-post elementor-grid-item post-28095 aktualnosci type-aktualnosci status-publish hentry\">\n\t\t\t\t<div class=\"elementor-post__text\">\n\t\t\t\t<h3 class=\"elementor-post__title\">\n\t\t\t<a href=\"https:\/\/aisn.pl\/en\/aktualnosci\/zaproszenie-do-udzialu-w-rejestrze-coral\/\" >\n\t\t\t\tZaproszenie do udzia\u0142u w rejestrze CORAL\t\t\t<\/a>\n\t\t<\/h3>\n\t\t\t\t<div class=\"elementor-post__meta-data\">\n\t\t\t\t\t<span class=\"elementor-post-date\">\n\t\t\tMarch 30, 2026\t\t<\/span>\n\t\t\t\t<\/div>\n\t\t\t\t<div class=\"elementor-post__excerpt\">\n\t\t\t<p>Serdecznie zapraszamy Cz\u0142onk\u00f3w AISN do udzia\u0142u w prospektywnym, wieloo\u015brodkowym, inicjowanym przez badaczy rejestrze guzk\u00f3w wapiennych w t\u0119tnicach wie\u0144cowych \u2014 CORAL (Prospective, Multicenter, Investigator-Initiated COronary Registry<\/p>\n\t\t<\/div>\n\t\t\n\t\t<a class=\"elementor-post__read-more\" href=\"https:\/\/aisn.pl\/en\/aktualnosci\/zaproszenie-do-udzialu-w-rejestrze-coral\/\" aria-label=\"Read more about Zaproszenie do udzia\u0142u w rejestrze CORAL\" tabindex=\"-1\" >\n\t\t\tRead more \u00bb\t\t<\/a>\n\n\t\t\t\t<\/div>\n\t\t\t\t<\/article>\n\t\t\t\t<article class=\"elementor-post elementor-grid-item post-28091 aktualnosci type-aktualnosci status-publish hentry\">\n\t\t\t\t<div class=\"elementor-post__text\">\n\t\t\t\t<h3 class=\"elementor-post__title\">\n\t\t\t<a href=\"https:\/\/aisn.pl\/en\/aktualnosci\/kurs-nowoczesne-leczenie-zwapnialych-tetnic-wiencowych\/\" >\n\t\t\t\tKurs- Nowoczesne leczenie zwapnia\u0142ych t\u0119tnic wie\u0144cowych\t\t\t<\/a>\n\t\t<\/h3>\n\t\t\t\t<div class=\"elementor-post__meta-data\">\n\t\t\t\t\t<span class=\"elementor-post-date\">\n\t\t\tMarch 26, 2026\t\t<\/span>\n\t\t\t\t<\/div>\n\t\t\t\t<div class=\"elementor-post__excerpt\">\n\t\t\t<p>Pracownia Hemodynamiki Oddzia\u0142u Klinicznego Kardiologii Interwencyjnej Szpitala im. \u015aw. Jana Paw\u0142a II w Krakowie zaprasza do udzia\u0142u w specjalistycznym kursie skierowanym do lekarzy zajmuj\u0105cych si\u0119<\/p>\n\t\t<\/div>\n\t\t\n\t\t<a class=\"elementor-post__read-more\" href=\"https:\/\/aisn.pl\/en\/aktualnosci\/kurs-nowoczesne-leczenie-zwapnialych-tetnic-wiencowych\/\" aria-label=\"Read more about Kurs- Nowoczesne leczenie zwapnia\u0142ych t\u0119tnic wie\u0144cowych\" tabindex=\"-1\" >\n\t\t\tRead more \u00bb\t\t<\/a>\n\n\t\t\t\t<\/div>\n\t\t\t\t<\/article>\n\t\t\t\t<article class=\"elementor-post elementor-grid-item post-27995 aktualnosci type-aktualnosci status-publish hentry\">\n\t\t\t\t<div class=\"elementor-post__text\">\n\t\t\t\t<h3 class=\"elementor-post__title\">\n\t\t\t<a href=\"https:\/\/aisn.pl\/en\/aktualnosci\/nowe-horyzonty-w-terapii-wad-zastawki-aortalnej-relacja-z-topmedicaltrends-2026\/\" >\n\t\t\t\tNowe horyzonty w terapii wad zastawki aortalnej \u2013 relacja z #TopMedicalTrends 2026\t\t\t<\/a>\n\t\t<\/h3>\n\t\t\t\t<div class=\"elementor-post__meta-data\">\n\t\t\t\t\t<span class=\"elementor-post-date\">\n\t\t\tMarch 17, 2026\t\t<\/span>\n\t\t\t\t<\/div>\n\t\t\t\t<div class=\"elementor-post__excerpt\">\n\t\t\t<p>AISN PTK na hasztag#TopMedicalTrends w Poznaniu 13.03.2026! hasztag#WarsztatyAISN dla lekarzy POZ i specjalist\u00f3w medycyny rodzinnej dotycz\u0105ce poszerzaj\u0105cych si\u0119 wskaza\u0144 do przezcewnikowej terapii wad zastawki aortalnej.<\/p>\n\t\t<\/div>\n\t\t\n\t\t<a class=\"elementor-post__read-more\" href=\"https:\/\/aisn.pl\/en\/aktualnosci\/nowe-horyzonty-w-terapii-wad-zastawki-aortalnej-relacja-z-topmedicaltrends-2026\/\" aria-label=\"Read more about Nowe horyzonty w terapii wad zastawki aortalnej \u2013 relacja z #TopMedicalTrends 2026\" tabindex=\"-1\" >\n\t\t\tRead more \u00bb\t\t<\/a>\n\n\t\t\t\t<\/div>\n\t\t\t\t<\/article>\n\t\t\t\t<article class=\"elementor-post elementor-grid-item post-27909 aktualnosci type-aktualnosci status-publish has-post-thumbnail hentry\">\n\t\t\t\t<div class=\"elementor-post__text\">\n\t\t\t\t<h3 class=\"elementor-post__title\">\n\t\t\t<a href=\"https:\/\/aisn.pl\/en\/aktualnosci\/eksperci-spotkali-sie-na-tht-conference-2026\/\" >\n\t\t\t\tEksperci spotkali si\u0119 na THT Conference 2026\t\t\t<\/a>\n\t\t<\/h3>\n\t\t\t\t<div class=\"elementor-post__meta-data\">\n\t\t\t\t\t<span class=\"elementor-post-date\">\n\t\t\tMarch 13, 2026\t\t<\/span>\n\t\t\t\t<\/div>\n\t\t\t\t<div class=\"elementor-post__excerpt\">\n\t\t\t<p>Zako\u0144czy\u0142a si\u0119 kolejna edycja konferencji\u00a0THT Conference 2026, po\u015bwi\u0119conej nowoczesnym metodom przezcewnikowego leczenia chor\u00f3b strukturalnych serca. Wydarzenie zgromadzi\u0142o ekspert\u00f3w z zakresu kardiologii, kardiochirurgii oraz obrazowania serca,<\/p>\n\t\t<\/div>\n\t\t\n\t\t<a class=\"elementor-post__read-more\" href=\"https:\/\/aisn.pl\/en\/aktualnosci\/eksperci-spotkali-sie-na-tht-conference-2026\/\" aria-label=\"Read more about Eksperci spotkali si\u0119 na THT Conference 2026\" tabindex=\"-1\" >\n\t\t\tRead more \u00bb\t\t<\/a>\n\n\t\t\t\t<\/div>\n\t\t\t\t<\/article>\n\t\t\t\t<article class=\"elementor-post elementor-grid-item post-27899 aktualnosci type-aktualnosci status-publish has-post-thumbnail hentry\">\n\t\t\t\t<div class=\"elementor-post__text\">\n\t\t\t\t<h3 class=\"elementor-post__title\">\n\t\t\t<a href=\"https:\/\/aisn.pl\/en\/aktualnosci\/international-expert-to-expert-cto-forum-2026\/\" >\n\t\t\t\tInternational Expert to Expert CTO Forum 2026\t\t\t<\/a>\n\t\t<\/h3>\n\t\t\t\t<div class=\"elementor-post__meta-data\">\n\t\t\t\t\t<span class=\"elementor-post-date\">\n\t\t\tMarch 12, 2026\t\t<\/span>\n\t\t\t\t<\/div>\n\t\t\t\t<div class=\"elementor-post__excerpt\">\n\t\t\t<p>International Expert to Expert CTO Forum 2026<\/p>\n\t\t<\/div>\n\t\t\n\t\t<a class=\"elementor-post__read-more\" href=\"https:\/\/aisn.pl\/en\/aktualnosci\/international-expert-to-expert-cto-forum-2026\/\" aria-label=\"Read more about International Expert to Expert CTO Forum 2026\" tabindex=\"-1\" >\n\t\t\tRead more \u00bb\t\t<\/a>\n\n\t\t\t\t<\/div>\n\t\t\t\t<\/article>\n\t\t\t\t<\/div>\n\t\t\n\t\t\t\t<div class=\"e-load-more-anchor\" data-page=\"1\" data-max-page=\"66\" data-next-page=\"https:\/\/aisn.pl\/en\/wp-json\/wp\/v2\/pages\/5871\/page\/2\/\"><\/div>\n\t\t\t\t<nav class=\"elementor-pagination\" aria-label=\"Pagination\">\n\t\t\t<span aria-current=\"page\" class=\"page-numbers current\"><span class=\"elementor-screen-only\">Page<\/span>1<\/span>\n<a class=\"page-numbers\" href=\"https:\/\/aisn.pl\/en\/wp-json\/wp\/v2\/pages\/5871\/page\/2\/\"><span class=\"elementor-screen-only\">Page<\/span>2<\/a>\n<a class=\"page-numbers\" href=\"https:\/\/aisn.pl\/en\/wp-json\/wp\/v2\/pages\/5871\/page\/3\/\"><span class=\"elementor-screen-only\">Page<\/span>3<\/a>\n<span class=\"page-numbers dots\">&hellip;<\/span>\n<a class=\"page-numbers\" href=\"https:\/\/aisn.pl\/en\/wp-json\/wp\/v2\/pages\/5871\/page\/66\/\"><span class=\"elementor-screen-only\">Page<\/span>66<\/a>\t\t<\/nav>\n\t\t\t\t<\/div>\n\t\t\t\t<\/div>\n\t\t\t\t\t<\/div>\n\t\t<\/div>\n\t\t\t\t\t<\/div>\n\t\t<\/section>\n\t\t\t\t<\/div>","protected":false},"excerpt":{"rendered":"","protected":false},"author":6,"featured_media":0,"parent":6089,"menu_order":11,"comment_status":"closed","ping_status":"closed","template":"","meta":{"footnotes":""},"class_list":["post-5871","page","type-page","status-publish","hentry"],"_links":{"self":[{"href":"https:\/\/aisn.pl\/en\/wp-json\/wp\/v2\/pages\/5871","targetHints":{"allow":["GET"]}}],"collection":[{"href":"https:\/\/aisn.pl\/en\/wp-json\/wp\/v2\/pages"}],"about":[{"href":"https:\/\/aisn.pl\/en\/wp-json\/wp\/v2\/types\/page"}],"author":[{"embeddable":true,"href":"https:\/\/aisn.pl\/en\/wp-json\/wp\/v2\/users\/6"}],"replies":[{"embeddable":true,"href":"https:\/\/aisn.pl\/en\/wp-json\/wp\/v2\/comments?post=5871"}],"version-history":[{"count":0,"href":"https:\/\/aisn.pl\/en\/wp-json\/wp\/v2\/pages\/5871\/revisions"}],"up":[{"embeddable":true,"href":"https:\/\/aisn.pl\/en\/wp-json\/wp\/v2\/pages\/6089"}],"wp:attachment":[{"href":"https:\/\/aisn.pl\/en\/wp-json\/wp\/v2\/media?parent=5871"}],"curies":[{"name":"wp","href":"https:\/\/api.w.org\/{rel}","templated":true}]}}