{"id":7356,"date":"2020-11-27T09:53:54","date_gmt":"2020-11-27T07:53:54","guid":{"rendered":"https:\/\/aisn.pl\/regulamin-uczestnictwa-2\/"},"modified":"2022-10-05T10:39:18","modified_gmt":"2022-10-05T08:39:18","slug":"regulamin-uczestnictwa-2","status":"publish","type":"page","link":"https:\/\/aisn.pl\/en\/regulamin-uczestnictwa-2\/","title":{"rendered":"REGULAMIN UCZESTNICTWA"},"content":{"rendered":"<div class=\"page\" title=\"Page 1\">\n<div class=\"layoutArea\">\n<div class=\"column\">\n<p>w seminariach on-line organizowanych pod nazw\u0105 \u201cHot topics w intensywnej terapii kardiologicznej oraz kardiologii inwazyjnej, czyli w duecie si\u0142a\u201d oraz \u201cWsp\u00f3lne dzia\u0142anie kluczem do terapeutycznego sukcesu\u201d<\/p>\n<p>&nbsp;<\/p>\n<p><strong>1. Postanowienia og\u00f3lne<\/strong><\/p>\n<p>1.1. Niniejszy regulamin (\u201eRegulamin\u201d) okre\u015bla zasady uczestnictwa w seminariach on-line organizowanych pod nazw\u0105 \u201cHot topics w intensywnej terapii kardiologicznej oraz kardiologii inwazyjnej, czyli w duecie si\u0142a\u201d oraz \u201cWsp\u00f3lne dzia\u0142anie kluczem do terapeutycznego sukcesu\u201d (\u201e<strong>Seminarium<\/strong>\u201d) w dniu 21 i 22 pa\u017adziernika 2022 r. na podstronie internetowej \u00a0www.aisn.pl (\u201e<strong>Strona internetowa<\/strong>\u201d).<\/p>\n<p>1.2. Organizatorem Seminarium jest Polskie Towarzystwo Kardiologiczne z siedzib\u0105 w Warszawie przy ul. Stawki 3A lok. 12, NIP: 954-21-39-638 (\u201e<strong>PTK<\/strong>\u201d).<\/p>\n<p>1.3. Organizatorem Wykonawczym Seminarium jest: Konrad W\u00f3jcik prowadz\u0105cy dzia\u0142alno\u015b\u0107 gospodarcz\u0105 pod firm\u0105 3KStudio W\u00f3jcik Konrad z siedzib\u0105 w Drzewicy, ul. Zdrojowa 19A, 26-340 Drzewica, NIP 799-170-74-30 (\u201e<strong>Organizator Wykonawczy<\/strong>\u201d).<\/p>\n<p>1.4. Regulamin obowi\u0105zuje wszystkich uczestnik\u00f3w Seminarium i jest udost\u0119pniany uczestnikom na Stronie internetowej.<\/p>\n<p>1.5. Seminarium jest skierowane w szczeg\u00f3lno\u015bci do a) os\u00f3b zwi\u0105zanych zawodowo z tematyk\u0105 Seminarium, b) os\u00f3b zainteresowanych tematyk\u0105 Seminarium lub c) wyk\u0142adowc\u00f3w i d) os\u00f3b prowadz\u0105cych Seminarium.<\/p>\n<p>1.6. W ramach Seminarium odbywa\u0107 si\u0119 b\u0119d\u0105 wyk\u0142ady o charakterze naukowo-dydaktycznym przeznaczone wy\u0142\u0105cznie dla uczestnik\u00f3w, o kt\u00f3rych mowa w pkt. 1.5 Regulaminu.<\/p>\n<p>&nbsp;<\/p>\n<p><strong>2. Zasady uczestnictwa<\/strong><\/p>\n<p>2.1. Dost\u0119p do Seminarium b\u0119dzie dla wszystkich uczestnik\u00f3w bezp\u0142atny. Warunkiem udzia\u0142u w Seminarium jest wype\u0142nienie na stronie internetowej\u00a0 www.aisn.pl zg\u0142oszenia z podaniem w nim nast\u0119puj\u0105cych danych: imi\u0119 i nazwisko, adres e-mail, a nast\u0119pnie po otrzymaniu od Organizatora za po\u015brednictwem poczty elektronicznej link do Seminarium.<\/p>\n<p>2.2. Uczestnik zobowi\u0105zany jest do udzia\u0142u w Seminarium w spos\u00f3b nieprowadz\u0105cy do utrudniania lub zak\u0142\u00f3cania przeprowadzenia Seminarium oraz niepodejmowania jakichkolwiek dzia\u0142a\u0144, kt\u00f3re s\u0105 niezgodne z przepisami powszechnie obowi\u0105zuj\u0105cego prawa b\u0105d\u017a dobrymi obyczajami, a tak\u017ce naruszaj\u0105cych dobra osobiste innych uczestnik\u00f3w lub uzasadnione interesy Organizatora Wykonawczego, PTK lub innych uczestnik\u00f3w.<\/p>\n<p>2.8. Zastrzega si\u0119 prawo do zmiany wyk\u0142adowc\u00f3w bez podania przyczyny. Uczestnikowi nie przys\u0142uguje w takim przypadku prawo do jakichkolwiek roszcze\u0144.<\/p>\n<p>&nbsp;<\/p>\n<p><strong>3. Reklamacje<\/strong><\/p>\n<p>3.1. Wszelkie reklamacje uczestnik\u00f3w Seminarium zwi\u0105zane z Seminarium powinny by\u0107 zg\u0142aszane w formie pisemnej listem poleconym za potwierdzeniem odbioru na adres siedziby Organizatora Wykonawczego.<\/p>\n<p>3.2. Reklamacje uczestnik\u00f3w Seminarium mog\u0105 by\u0107 zg\u0142aszane nie p\u00f3\u017aniej ni\u017c w terminie 14 dni roboczych od daty zako\u0144czenia Seminarium.<\/p>\n<p>3.3. Po up\u0142ywie wy\u017cej okre\u015blonego terminu \u017cadne reklamacje nie b\u0119d\u0105 rozpatrywane.<\/p>\n<p>&nbsp;<\/p>\n<p><strong>4. Dane osobowe<\/strong><\/p>\n<p>4.1. Administratorem danych osobowych podanych w formularzu zg\u0142oszeniowym uczestnictwa w Seminarium, dotycz\u0105cych uczestnik\u00f3w, jest PTK.<\/p>\n<p>4.2. Dane osobowe uczestnik\u00f3w Seminarium b\u0119d\u0105 przetwarzane zgodnie z warunkami okre\u015blonymi w rozporz\u0105dzeniu Parlamentu Europejskiego i Rady (UE) 2016\/679 z dnia 27 kwietnia 2016r. w sprawie ochrony os\u00f3b fizycznych w zwi\u0105zku z przetwarzaniem danych osobowych i w sprawie swobodnego przep\u0142ywu takich danych oraz uchylenia dyrektywy 95\/46\/WE (OJ L 119, 4.5.2016, p. 1\u201388, RODO), polskimi przepisami przyj\u0119tymi w celu umo\u017cliwienia stosowania RODO, innymi obowi\u0105zuj\u0105cymi przepisami prawa, Regulaminem. Administrator nie sprzedaje zgromadzonych danych osobowych uczestnik\u00f3w Seminarium innym osobom lub instytucjom. Dane osobowe podane przez uczestnika Seminarium traktowane s\u0105 jako informacje poufne i s\u0142u\u017c\u0105 wy\u0142\u0105cznie do cel\u00f3w wskazanych w Klauzuli Informacyjnej znajduj\u0105cej si\u0119 na stronie www.aisn.pl pod zg\u0142oszeniem oraz stanowi\u0105cej za\u0142\u0105cznik nr 1 do Regulaminu.<\/p>\n<p><strong><br \/>\n5. Warunki techniczne<\/strong><\/p>\n<p>Uczestniczenie w Seminarium mo\u017cliwe jest, gdy uczestnik dysponuje \u0142\u0105cznie:<\/p>\n<p>Urz\u0105dzeniami typu komputer (stacjonarny, laptop), smartfon, tablet z dost\u0119pem do Internetu. Przy czym Organizator Wykonawczy zastrzega brak specyficznych funkcji na urz\u0105dzeniach typu smartfon.<\/p>\n<p>Zaktualizowanym systemem operacyjnym.<\/p>\n<p>Przegl\u0105dark\u0105 Internet Explorer, Google Chrome, Firefox, Opera, Safari w wersjach aktualnych na dzie\u0144 uczestniczenia w Seminarium.<\/p>\n<p>W\u0142\u0105czonymi funkcjami Audio\/Video i w\u0142\u0105czonymi mechanizmami zapisywania tzw. cookies przez przegl\u0105dark\u0119.<\/p>\n<p><strong><br \/>\n6. Odpowiedzialno\u015b\u0107<\/strong><\/p>\n<p>6.1. Organizator Wykonawczy lub PTK nie ponosi odpowiedzialno\u015bci za:<\/p>\n<p>a) niepoprawnie wpisane dane przez uczestnika,<\/p>\n<p>b) brak spe\u0142nienia warunk\u00f3w technicznych niezb\u0119dnych do korzystania z udzia\u0142u w Seminarium,<\/p>\n<p>c) poniesione szkody jak i utracone korzy\u015bci przez uczestnika, kt\u00f3re spowodowane zosta\u0142y na skutek: dzia\u0142ania lub zaniechania os\u00f3b trzecich, na kt\u00f3re Organizator Wykonawczy nie mia\u0142 wp\u0142ywu, zmian\u0119 terminu Seminarium b\u0105d\u017a jego odwo\u0142anie z powodu si\u0142y wy\u017cszej.<\/p>\n<p><strong><br \/>\n7. W\u0142asno\u015b\u0107 intelektualna<\/strong><\/p>\n<p>7.1. Tytu\u0142 i program zar\u00f3wno Seminarium jak i poszczeg\u00f3lnych wyk\u0142ad\u00f3w w ramach Seminarium, w tym podstrona www, uk\u0142ad, loga, grafiki, zdj\u0119cia, pliki audio i video oraz prezentacje wykorzystywane w zwi\u0105zku z Seminarium przys\u0142uguj\u0105 PTK i s\u0105 prawnie chronione.<\/p>\n<p>7.2. Powy\u017csze oznaczenia i materia\u0142y nie mog\u0105 by\u0107 wykorzystywane bez pisemnej zgody podmiotu lub osoby b\u0119d\u0105cej w\u0142a\u015bcicielem praw. Kopiowanie materia\u0142\u00f3w z Seminarium lub nagrywanie Seminarium, a tak\u017ce udost\u0119pnianie takich materia\u0142\u00f3w i nagra\u0144 jest nielegalne i podlega ochronie zgodnie z ustaw\u0105 z dnia 4 lutego 1994r. o prawie autorskim i prawach pokrewnych.<\/p>\n<p>&nbsp;<\/p>\n<p><strong>8. Postanowienia ko\u0144cowe<\/strong><\/p>\n<p>8.1. Wszelkie spory mog\u0105ce wynikn\u0105\u0107 z tytu\u0142u uczestnictwa w Seminarium b\u0119d\u0105 rozstrzygane w przypadku uczestnik\u00f3w b\u0119d\u0105cych osobami fizycznymi (konsumentami) \u2013 przez s\u0105d w\u0142a\u015bciwy zgodnie z przepisami z dnia 17 listopada 1964 roku Kodeks post\u0119powania cywilnego (tekst jedn.: Dz. U. z 2014 roku, poz. 101 ze zm.).<\/p>\n<p>8.2. Przes\u0142anie zg\u0142oszenia, a nast\u0119pnie uczestniczenie w Seminarium oznacza akceptacj\u0119 postanowie\u0144 Regulaminu, a tak\u017ce przestrzegania przepis\u00f3w porz\u0105dkowych oraz wszelkich innych ustale\u0144 dokonanych mi\u0119dzy uczestnikiem a PTK lub Organizatorem Wykonawczym.<\/p>\n<p>8.3. W sprawach nieuregulowanych Regulaminem zastosowanie maj\u0105 obowi\u0105zuj\u0105ce przepisy prawa.<\/p>\n<p>8.4. Regulamin wchodzi w \u017cycie z dniem jego zamieszczenia na Stronie internetowej.<\/p>\n<p>&nbsp;<\/p>\n<\/div>\n<\/div>\n<\/div>","protected":false},"excerpt":{"rendered":"<p>w seminariach on-line organizowanych pod nazw\u0105 \u201cHot topics w intensywnej terapii kardiologicznej oraz kardiologii inwazyjnej, czyli w duecie si\u0142a\u201d oraz \u201cWsp\u00f3lne dzia\u0142anie kluczem do terapeutycznego sukcesu\u201d &nbsp; 1. Postanowienia og\u00f3lne 1.1. Niniejszy regulamin (\u201eRegulamin\u201d) okre\u015bla zasady uczestnictwa w seminariach on-line organizowanych pod nazw\u0105 \u201cHot topics w intensywnej terapii kardiologicznej oraz kardiologii inwazyjnej, czyli w duecie [&hellip;]<\/p>","protected":false},"author":6,"featured_media":0,"parent":0,"menu_order":13,"comment_status":"closed","ping_status":"closed","template":"","meta":{"footnotes":""},"class_list":["post-7356","page","type-page","status-publish","hentry"],"_links":{"self":[{"href":"https:\/\/aisn.pl\/en\/wp-json\/wp\/v2\/pages\/7356","targetHints":{"allow":["GET"]}}],"collection":[{"href":"https:\/\/aisn.pl\/en\/wp-json\/wp\/v2\/pages"}],"about":[{"href":"https:\/\/aisn.pl\/en\/wp-json\/wp\/v2\/types\/page"}],"author":[{"embeddable":true,"href":"https:\/\/aisn.pl\/en\/wp-json\/wp\/v2\/users\/6"}],"replies":[{"embeddable":true,"href":"https:\/\/aisn.pl\/en\/wp-json\/wp\/v2\/comments?post=7356"}],"version-history":[{"count":5,"href":"https:\/\/aisn.pl\/en\/wp-json\/wp\/v2\/pages\/7356\/revisions"}],"predecessor-version":[{"id":17619,"href":"https:\/\/aisn.pl\/en\/wp-json\/wp\/v2\/pages\/7356\/revisions\/17619"}],"wp:attachment":[{"href":"https:\/\/aisn.pl\/en\/wp-json\/wp\/v2\/media?parent=7356"}],"curies":[{"name":"wp","href":"https:\/\/api.w.org\/{rel}","templated":true}]}} 