{"id":773,"date":"2020-06-22T13:03:59","date_gmt":"2020-06-22T13:03:59","guid":{"rendered":"https:\/\/test.aisn.pl\/regulamin-akredytacji-konferencji-polskich\/"},"modified":"2026-04-20T14:16:58","modified_gmt":"2026-04-20T12:16:58","slug":"regulamin-akredytacji-konferencji-polskich","status":"publish","type":"page","link":"https:\/\/aisn.pl\/en\/konferencje\/regulamin-akredytacji-konferencji-polskich\/","title":{"rendered":"Regulations for accreditation of Polish conferences"},"content":{"rendered":"<div data-elementor-type=\"wp-page\" data-elementor-id=\"773\" data-post-id=\"773\" data-obj-id=\"773\" class=\"elementor elementor-773 dce-elementor-post-773\" data-elementor-post-type=\"page\">\n\t\t\t\t\t\t<section class=\"elementor-section elementor-top-section elementor-element elementor-element-bd400f2 elementor-section-full_width elementor-section-height-default elementor-section-height-default\" data-id=\"bd400f2\" data-element_type=\"section\" data-settings=\"{&quot;jet_parallax_layout_list&quot;:[{&quot;jet_parallax_layout_image&quot;:{&quot;url&quot;:&quot;&quot;,&quot;id&quot;:&quot;&quot;,&quot;size&quot;:&quot;&quot;},&quot;_id&quot;:&quot;90a7d96&quot;,&quot;jet_parallax_layout_image_tablet&quot;:{&quot;url&quot;:&quot;&quot;,&quot;id&quot;:&quot;&quot;,&quot;size&quot;:&quot;&quot;},&quot;jet_parallax_layout_image_mobile&quot;:{&quot;url&quot;:&quot;&quot;,&quot;id&quot;:&quot;&quot;,&quot;size&quot;:&quot;&quot;},&quot;jet_parallax_layout_speed&quot;:{&quot;unit&quot;:&quot;%&quot;,&quot;size&quot;:50,&quot;sizes&quot;:[]},&quot;jet_parallax_layout_type&quot;:&quot;scroll&quot;,&quot;jet_parallax_layout_direction&quot;:null,&quot;jet_parallax_layout_fx_direction&quot;:null,&quot;jet_parallax_layout_z_index&quot;:&quot;&quot;,&quot;jet_parallax_layout_bg_x&quot;:50,&quot;jet_parallax_layout_bg_x_tablet&quot;:&quot;&quot;,&quot;jet_parallax_layout_bg_x_mobile&quot;:&quot;&quot;,&quot;jet_parallax_layout_bg_y&quot;:50,&quot;jet_parallax_layout_bg_y_tablet&quot;:&quot;&quot;,&quot;jet_parallax_layout_bg_y_mobile&quot;:&quot;&quot;,&quot;jet_parallax_layout_bg_size&quot;:&quot;auto&quot;,&quot;jet_parallax_layout_bg_size_tablet&quot;:&quot;&quot;,&quot;jet_parallax_layout_bg_size_mobile&quot;:&quot;&quot;,&quot;jet_parallax_layout_animation_prop&quot;:&quot;transform&quot;,&quot;jet_parallax_layout_on&quot;:[&quot;desktop&quot;,&quot;tablet&quot;]}]}\">\n\t\t\t\t\t\t<div class=\"elementor-container elementor-column-gap-default\">\n\t\t\t\t\t<div class=\"elementor-column elementor-col-100 elementor-top-column elementor-element elementor-element-38ab6ee\" data-id=\"38ab6ee\" data-element_type=\"column\">\n\t\t\t<div class=\"elementor-widget-wrap elementor-element-populated\">\n\t\t\t\t\t\t<div class=\"elementor-element elementor-element-bdc06cf elementor-widget elementor-widget-text-editor\" data-id=\"bdc06cf\" data-element_type=\"widget\" data-widget_type=\"text-editor.default\">\n\t\t\t\t<div class=\"elementor-widget-container\">\n\t\t\t\t\t\t\t<p>Asocjacja Interwencji Sercowo-Naczyniowych Polskiego Towarzystwa Kardiologicznego udziela rekomendacji bez przyznawania punkt\u00f3w edukacyjnych dla<\/p>\n<ul>\n<li>krajowych konferencji kardiologicznych, konferencjom organizowanym przez instytucj\u0119 naukowo-badawcz\u0105, fundacj\u0119 lub inn\u0105 organizacj\u0119 niezwi\u0105zan\u0105 z produkcj\u0105 i\/lub dystrybucj\u0105 lek\u00f3w lub sprz\u0119tu medycznego,<\/li>\n<li>program konferencji wraz z list\u0105 wyk\u0142adowc\u00f3w, operator\u00f3w, panelist\u00f3w i\/lub przewodnicz\u0105cych sesji\/moderator\u00f3w- musi by\u0107 przedstawiony do opinii Zarz\u0105du minimum na 1 miesi\u0105c przed terminem konferencji i zatwierdzony przez Zarz\u0105d AISN PTK,<\/li>\n<li>Komitet Naukowy musi uwzgl\u0119dnia\u0107 minimum 2 cz\u0142onk\u00f3w Zarz\u0105du AISN PTK,<\/li>\n<li>P\u0142atno\u015b\u0107 za akredytacj\u0119 jest wymagana w okresie 1 miesi\u0105ca od wystawienia faktury przez PTK,<\/li>\n<li>W przypadku konferencji z przyznan\u0105 maksymaln\u0105 ilo\u015bci\u0105 punkt\u00f3w akredytacyjnych (30 punkt\u00f3w) konieczne jest zorganizowanie sesji pod patronatem AISN, kt\u00f3rej zawarto\u015b\u0107 merytoryczna oraz wyk\u0142adowcy b\u0119d\u0105 ustalani i zatwierdzeni przez Zarz\u0105d AISN minimum 1 miesi\u0105c przed terminem konferencji.<\/li>\n<li>Niespe\u0142nienie wymog\u00f3w zwi\u0105zanych z akredytacja konferencji opisanych w regulaminie b\u0119dzie skutkowa\u0142 zmniejszeniem liczby punkt\u00f3w akredytacyjnych o po\u0142ow\u0119 w kolejnym roku kalendarzowym.<\/li>\n<li>Przyznanie akredytacji AISN PTK wi\u0105\u017ce si\u0119 z jednorazow\u0105 op\u0142at\u0105 na rzecz AISN PTK w wysoko\u015bci 10 000 z\u0142 brutto dla konferencji bez punkt\u00f3w akredytacyjnych. Dla konferencji z punktami akredytacyjnymi op\u0142ata na rzecz AISN PTK wynosi:<br>&nbsp;&nbsp;&nbsp;&nbsp;&nbsp;&nbsp;&nbsp;&nbsp;&nbsp;&nbsp;&nbsp;&nbsp;&nbsp;&nbsp; o 10 punkt\u00f3w akredytacyjnych: 15 000 z\u0142 brutto<br>&nbsp;&nbsp;&nbsp;&nbsp;&nbsp;&nbsp;&nbsp;&nbsp;&nbsp;&nbsp;&nbsp;&nbsp;&nbsp;&nbsp; o 30 punkt\u00f3w akredytacyjnych: 30 000 z\u0142 brutto<\/li>\n<li>Organizator konferencji zobowi\u0105zuje si\u0119 pisemnie we wniosku do Zarz\u0105du o nadanie akredytacji AISN PTK, \u017ce wyk\u0142ady, prezentacje przypadk\u00f3w klinicznych oraz transmisje zabieg\u00f3w b\u0119d\u0105 promowa\u0142y medycyn\u0119 opart\u0105 na faktach oraz aktualne wytyczne ESC, PTK i AISN PTK z wyra\u017anym podkre\u015bleniem sytuacji, w kt\u00f3rych leki lub produkty lecznicze stosowane s\u0105 w ramach prowadzonych bada\u0144 klinicznych lub niezgodnie z zarejestrowanymi wskazaniami (tak zwane zastosowanie \u201eoff label\u201d).<\/li>\n<li>Przyznanie akredytacji AISN PTK jest r\u00f3wnoznaczne z pe\u0142n\u0105 akceptacj\u0105 i poparciem Zarz\u0105du AISN PTK dla zawarto\u015bci merytorycznej konferencji, wi\u0105\u017ce si\u0119 z mo\u017cliwo\u015bci\u0105 u\u017cywania w materia\u0142ach promocyjnych (drukowanych oraz internetowych) oficjalnego logo AISN PTK, zapewnia promocj\u0105 danej konferencji za po\u015brednictwem strony internetowej AISN PTK oraz oficjalnych zawiadomie\u0144 i zaprosze\u0144 do udzia\u0142u w konferencji ze strony Przewodnicz\u0105cego Zarz\u0105du AISN PTK przesy\u0142anych do wszystkich cz\u0142onk\u00f3w Asocjacji za po\u015brednictwem poczty elektroniczne<\/li>\n<\/ul>\t\t\t\t\t\t<\/div>\n\t\t\t\t<\/div>\n\t\t\t\t\t<\/div>\n\t\t<\/div>\n\t\t\t\t\t<\/div>\n\t\t<\/section>\n\t\t\t\t<section class=\"elementor-section elementor-top-section elementor-element elementor-element-97c5602 elementor-section-boxed elementor-section-height-default elementor-section-height-default\" data-id=\"97c5602\" data-element_type=\"section\" data-settings=\"{&quot;jet_parallax_layout_list&quot;:[{&quot;jet_parallax_layout_image&quot;:{&quot;url&quot;:&quot;&quot;,&quot;id&quot;:&quot;&quot;,&quot;size&quot;:&quot;&quot;},&quot;_id&quot;:&quot;7c2702b&quot;,&quot;jet_parallax_layout_image_tablet&quot;:{&quot;url&quot;:&quot;&quot;,&quot;id&quot;:&quot;&quot;,&quot;size&quot;:&quot;&quot;},&quot;jet_parallax_layout_image_mobile&quot;:{&quot;url&quot;:&quot;&quot;,&quot;id&quot;:&quot;&quot;,&quot;size&quot;:&quot;&quot;},&quot;jet_parallax_layout_speed&quot;:{&quot;unit&quot;:&quot;%&quot;,&quot;size&quot;:50,&quot;sizes&quot;:[]},&quot;jet_parallax_layout_type&quot;:&quot;scroll&quot;,&quot;jet_parallax_layout_direction&quot;:null,&quot;jet_parallax_layout_fx_direction&quot;:null,&quot;jet_parallax_layout_z_index&quot;:&quot;&quot;,&quot;jet_parallax_layout_bg_x&quot;:50,&quot;jet_parallax_layout_bg_x_tablet&quot;:&quot;&quot;,&quot;jet_parallax_layout_bg_x_mobile&quot;:&quot;&quot;,&quot;jet_parallax_layout_bg_y&quot;:50,&quot;jet_parallax_layout_bg_y_tablet&quot;:&quot;&quot;,&quot;jet_parallax_layout_bg_y_mobile&quot;:&quot;&quot;,&quot;jet_parallax_layout_bg_size&quot;:&quot;auto&quot;,&quot;jet_parallax_layout_bg_size_tablet&quot;:&quot;&quot;,&quot;jet_parallax_layout_bg_size_mobile&quot;:&quot;&quot;,&quot;jet_parallax_layout_animation_prop&quot;:&quot;transform&quot;,&quot;jet_parallax_layout_on&quot;:[&quot;desktop&quot;,&quot;tablet&quot;]}]}\">\n\t\t\t\t\t\t<div class=\"elementor-container elementor-column-gap-default\">\n\t\t\t\t\t<div class=\"elementor-column elementor-col-100 elementor-top-column elementor-element elementor-element-6f21b05\" data-id=\"6f21b05\" data-element_type=\"column\">\n\t\t\t<div class=\"elementor-widget-wrap elementor-element-populated\">\n\t\t\t\t\t\t<div class=\"elementor-element elementor-element-f6f1349 elementor-widget-divider--view-line_text elementor-widget-divider--element-align-left elementor-widget elementor-widget-divider\" data-id=\"f6f1349\" data-element_type=\"widget\" data-widget_type=\"divider.default\">\n\t\t\t\t<div class=\"elementor-widget-container\">\n\t\t\t\t\t<div class=\"elementor-divider\">\n\t\t\t<span class=\"elementor-divider-separator\">\n\t\t\t\t\t\t\t<span class=\"elementor-divider__text elementor-divider__element\">\n\t\t\t\tPowi\u0105zane pliki\t\t\t\t<\/span>\n\t\t\t\t\t\t<\/span>\n\t\t<\/div>\n\t\t\t\t<\/div>\n\t\t\t\t<\/div>\n\t\t\t\t<div class=\"elementor-element elementor-element-863d341 elementor-widget elementor-widget-dce-filebrowser\" data-id=\"863d341\" data-element_type=\"widget\" data-widget_type=\"dce-filebrowser.default\">\n\t\t\t\t<div class=\"elementor-widget-container\">\n\t\t\t<ul class=\"list-unstyled dce-list dce-list-root\"><li class=\"file ext-docx\"><a class=\"block btn-block dce-file-download\" href=\"https:\/\/aisn.pl\/download\/pliki\/Regulamin akredytacji konferencji polskich\/Wniosek o nadanie akredytacji AISN PTK dla konferencji.docx\"  data-md5=\"5cd0cd0e0498381605f60e5b7c66f420\" target=\"_blank\"><span class=\"middle fiv-viv fiv-icon-docx\"><\/span><span class=\"dce-file-text\"><strong class=\"dce-file-title\">Wniosek o nadanie akredytacji AISN PTK dla konferencji.docx<\/strong> <small class=\"label label-default dce-file-size-label\">(46 KB)<\/small><\/span><\/a><\/li><\/ul>\t\t<script type=\"text\/javascript\" >\n\t\t\tvar lastHide = '';\n\t\t\tjQuery(function () {\n\t\t\t\tif (typeof ajaxurl === 'undefined') {\n\t\t\t\t\tvar ajaxurl = \"\/wp-admin\/admin-ajax.php\";\n\t\t\t\t}\n\n\t\t\t\n\t\t\t\t\t});\n\t\t<\/script>\n\t\t\t\t<\/div>\n\t\t\t\t<\/div>\n\t\t\t\t\t<\/div>\n\t\t<\/div>\n\t\t\t\t\t<\/div>\n\t\t<\/section>\n\t\t\t\t<\/div>","protected":false},"excerpt":{"rendered":"<p>Asocjacja Interwencji Sercowo-Naczyniowych Polskiego Towarzystwa Kardiologicznego udziela rekomendacji bez przyznawania punkt\u00f3w edukacyjnych dla krajowych konferencji kardiologicznych, konferencjom organizowanym przez instytucj\u0119 naukowo-badawcz\u0105, fundacj\u0119 lub inn\u0105 organizacj\u0119 niezwi\u0105zan\u0105 z produkcj\u0105 i\/lub dystrybucj\u0105 lek\u00f3w lub sprz\u0119tu medycznego, program konferencji wraz z list\u0105 wyk\u0142adowc\u00f3w, operator\u00f3w, panelist\u00f3w i\/lub przewodnicz\u0105cych sesji\/moderator\u00f3w- musi by\u0107 przedstawiony do opinii Zarz\u0105du minimum na 1 miesi\u0105c [&hellip;]<\/p>","protected":false},"author":6,"featured_media":0,"parent":770,"menu_order":2,"comment_status":"closed","ping_status":"closed","template":"","meta":{"footnotes":""},"class_list":["post-773","page","type-page","status-publish","hentry"],"_links":{"self":[{"href":"https:\/\/aisn.pl\/en\/wp-json\/wp\/v2\/pages\/773","targetHints":{"allow":["GET"]}}],"collection":[{"href":"https:\/\/aisn.pl\/en\/wp-json\/wp\/v2\/pages"}],"about":[{"href":"https:\/\/aisn.pl\/en\/wp-json\/wp\/v2\/types\/page"}],"author":[{"embeddable":true,"href":"https:\/\/aisn.pl\/en\/wp-json\/wp\/v2\/users\/6"}],"replies":[{"embeddable":true,"href":"https:\/\/aisn.pl\/en\/wp-json\/wp\/v2\/comments?post=773"}],"version-history":[{"count":15,"href":"https:\/\/aisn.pl\/en\/wp-json\/wp\/v2\/pages\/773\/revisions"}],"predecessor-version":[{"id":28180,"href":"https:\/\/aisn.pl\/en\/wp-json\/wp\/v2\/pages\/773\/revisions\/28180"}],"up":[{"embeddable":true,"href":"https:\/\/aisn.pl\/en\/wp-json\/wp\/v2\/pages\/770"}],"wp:attachment":[{"href":"https:\/\/aisn.pl\/en\/wp-json\/wp\/v2\/media?parent=773"}],"curies":[{"name":"wp","href":"https:\/\/api.w.org\/{rel}","templated":true}]}} 