{"id":7791,"date":"2021-03-01T10:14:04","date_gmt":"2021-03-01T08:14:04","guid":{"rendered":"https:\/\/aisn.pl\/?page_id=7791"},"modified":"2021-03-03T11:03:05","modified_gmt":"2021-03-03T09:03:05","slug":"regulamin_aisn_posiedzen_zdalnych","status":"publish","type":"page","link":"https:\/\/aisn.pl\/en\/aisn\/regulamin_aisn_posiedzen_zdalnych\/","title":{"rendered":"Regulamin organizacji posiedze\u0144 i zdalnych g\u0142osowa\u0144 AISN PTK"},"content":{"rendered":"<p style=\"text-align: center;\"><strong> \u00a7 1<\/strong><\/p>\n<ol>\n<li>Niniejszy regulamin <strong>(\u201eRegulamin\u201d)<\/strong> dotyczy organizacji posiedze\u0144 (w tym walnych zebra\u0144 lub zgromadze\u0144, posiedze\u0144 zarz\u0105du lub komisji rewizyjnej) i g\u0142osowania zdalnego w\u0142adz Asocjacji Interwencji Sercowo-Naczyniowych Polskiego Towarzystwa Kardiologicznego <strong>(\u201eAISN\u201d)<\/strong> za po\u015brednictwem sytemu cz\u0142onkowskiego PTK <strong>(\u201eSystem\u201d) <\/strong>oraz aplikacji ZOOM<strong> (\u201eAplikacja ZOOM\u201d)<\/strong>.<\/li>\n<li>Posiedzenie odbywa si\u0119 poprzez Aplikacj\u0119 ZOOM w grupie stworzonej dla cel\u00f3w posiedzenia oraz poprzez System w zakresie dotycz\u0105cym g\u0142osowania.<\/li>\n<li>Posiedzenia s\u0105 nagrywane w Aplikacji ZOOM lub za po\u015brednictwem urz\u0105dze\u0144 do utrwalania d\u017awi\u0119ku i uczestnicy winni by\u0107 o tej okoliczno\u015bci poinformowani.<\/li>\n<li>System zapewnia mo\u017cliwo\u015b\u0107 zachowania tajno\u015bci g\u0142osowania, gdy takie jest wymagane oraz bezpiecze\u0144stwo danych obejmuj\u0105ce m. in. szyfrowane \u0142\u0105cze oraz konieczno\u015b\u0107 indywidulanego logowania.<\/li>\n<li>System winien by\u0107 wykorzystywany zgodnie z instrukcjami &#8211; odpowiednio &#8211; dla administrator\u00f3w stanowi\u0105c\u0105 <strong>Za\u0142\u0105cznik nr 1<\/strong> do Regulaminu oraz dla u\u017cytkownik\u00f3w \u2013 stanowi\u0105c\u0105 <strong>Za\u0142\u0105cznik nr 2<\/strong> do Regulaminu.<\/li>\n<li>System dost\u0119pny jest pod adresem https:\/\/ptk.gbbsoft.pl\/Resolutions. Strona posiada wa\u017cny certyfikat SSL zabezpieczaj\u0105cy po\u0142\u0105czenie z witryn\u0105.<\/li>\n<li>Administratorem technicznym Systemu jest Piotr Maciejewski prowadz\u0105cy dzia\u0142alno\u015b\u0107 gospodarcz\u0105 pod firm\u0105 \u201eGBB SOFTWARE \u2013 PIOTR MACIEJEWSKI <strong>(\u201eGBB\u201d)<\/strong>, z kt\u00f3rym mo\u017cna si\u0119 kontaktowa\u0107 telefonicznie pod nr tel.: +48 605090409. oraz mailowo na adres e-mail: <a href=\"mailto:ptkczlonkowie@gbbsoft.pl\">ptkczlonkowie@gbbsoft.pl<\/a> .<\/li>\n<li>Obs\u0142ug\u0119 g\u0142osowania przy wykorzystaniu Systemu mo\u017cna przeprowadzi\u0107 we w\u0142asnym zakresie stosuj\u0105c instrukcje, o kt\u00f3rych mowa w ust. 5 niniejszego paragrafu, b\u0105d\u017a zam\u00f3wi\u0107 obs\u0142ug\u0119 g\u0142osowa\u0144 w GBB. Zam\u00f3wienia mog\u0105 by\u0107 dokonywane przez osob\u0119 wskazan\u0105 przez osob\u0119 uprawion\u0105 z ramienia w\u0142adz AISN.<\/li>\n<li>Z Aplikacji ZOOM, w ramach wykupionej przez PTK licencji, mo\u017cna korzysta\u0107 dla maksymalnie 500 uczestnik\u00f3w. Dla skorzystania z Aplikacji ZOOM dla wi\u0119kszej ilo\u015bci uczestnik\u00f3w konieczne jest uprzednie wykupienie odr\u0119bnej licencji i nale\u017cy to zrobi\u0107 tak aby zapewniony by\u0142 do niej dost\u0119p na potrzeby posiedzenia, przy czym jest mo\u017cliwe skorzystanie z Aplikacji ZOOM samodzielnie lub skorzystanie z obs\u0142ugi Biura Zarz\u0105du G\u0142\u00f3wnego PTK, za uprzednim uzgodnieniem z Dyrektorem Biura Zarz\u0105du G\u0142\u00f3wnego.<\/li>\n<li>Weryfikacja obecno\u015bci na posiedzeniu nast\u0119puje poprzez zg\u0142oszenie obecno\u015bci w Systemie zgodnie z instrukcj\u0105 dla u\u017cytkownik\u00f3w.<\/li>\n<li>List\u0119 obecno\u015bci na posiedzeniu (pobran\u0105 z Systemu) potwierdza podpisem przewodnicz\u0105cy danego posiedzenia i przekazuje protokolantowi lub sekretarzowi.<\/li>\n<li>Za nadz\u00f3r merytoryczny i procedur\u0119 przebiegu posiedzenia odpowiada przewodnicz\u0105cy danego posiedzenia.<\/li>\n<li>Zwo\u0142ywanie i przebieg poszczeg\u00f3lnych posiedze\u0144 winno nast\u0119powa\u0107 zgodnie ze statutem PTK.<\/li>\n<\/ol>\n<p style=\"text-align: center;\"><strong> \u00a7 <\/strong><strong>2<\/strong><\/p>\n<ol>\n<li>Regulamin wchodzi w \u017cycie z dniem podj\u0119cia uchwa\u0142y przez Zarz\u0105d AISN o przyj\u0119ciu Regulaminu do stosowania.<\/li>\n<li>Wszelkie zmiany Regulaminu wymagaj\u0105 formy przewidzianej dla wprowadzenia Regulaminu w \u017cycie.<\/li>\n<li>Za\u0142\u0105czniki do Regulaminu stanowi\u0105 jego integraln\u0105 cz\u0119\u015b\u0107.<\/li>\n<li>Regulamin jest dost\u0119pny na stronie <a href=\"https:\/\/aisn.pl\/en\/\">aisn.pl<\/a><\/li>\n<li>Zwa\u017cywszy, \u017ce instrukcje, o kt\u00f3rych w \u00a7 1 ust. 5 Regulaminu s\u0105 uniwersalne zar\u00f3wno dla Asocjacji, Oddzia\u0142\u00f3w, jak i Sekcji &#8211; Zarz\u0105dy Asocjacji, Oddzia\u0142\u00f3w i Sekcji \u2013 stosownie do i w wykonaniu postanowie\u0144 odpowiednio pkt 9.a.10, 9.4 i 12.13 statutu PTK, mog\u0105 przyj\u0105\u0107 Regulamin do stosowania odpowiednio w Asocjacji, Oddziale czy Sekcji jako regulamin danej jednostki organizacyjnej, przy czym mo\u017cliwe jest wprowadzenie zmian lub te\u017c regulaminu odr\u0119bnego, z zastrze\u017ceniem, \u017ce nie mog\u0105 by\u0107 zmieniane instrukcje dotycz\u0105ce korzystania z Systemu i winny one by\u0107 za\u0142\u0105cznikami do regulamin\u00f3w odpowiednio Asocjacji, Oddzia\u0142\u00f3w i Sekcji.<\/li>\n<\/ol>","protected":false},"excerpt":{"rendered":"<p>\u00a7 1 Niniejszy regulamin (\u201eRegulamin\u201d) dotyczy organizacji posiedze\u0144 (w tym walnych zebra\u0144 lub zgromadze\u0144, posiedze\u0144 zarz\u0105du lub komisji rewizyjnej) i g\u0142osowania zdalnego w\u0142adz Asocjacji Interwencji Sercowo-Naczyniowych Polskiego Towarzystwa Kardiologicznego (\u201eAISN\u201d) za po\u015brednictwem sytemu cz\u0142onkowskiego PTK (\u201eSystem\u201d) oraz aplikacji ZOOM (\u201eAplikacja ZOOM\u201d). Posiedzenie odbywa si\u0119 poprzez Aplikacj\u0119 ZOOM w grupie stworzonej dla cel\u00f3w posiedzenia oraz poprzez [&hellip;]<\/p>","protected":false},"author":6,"featured_media":0,"parent":98,"menu_order":5,"comment_status":"closed","ping_status":"closed","template":"","meta":{"footnotes":""},"class_list":["post-7791","page","type-page","status-publish","hentry"],"_links":{"self":[{"href":"https:\/\/aisn.pl\/en\/wp-json\/wp\/v2\/pages\/7791","targetHints":{"allow":["GET"]}}],"collection":[{"href":"https:\/\/aisn.pl\/en\/wp-json\/wp\/v2\/pages"}],"about":[{"href":"https:\/\/aisn.pl\/en\/wp-json\/wp\/v2\/types\/page"}],"author":[{"embeddable":true,"href":"https:\/\/aisn.pl\/en\/wp-json\/wp\/v2\/users\/6"}],"replies":[{"embeddable":true,"href":"https:\/\/aisn.pl\/en\/wp-json\/wp\/v2\/comments?post=7791"}],"version-history":[{"count":3,"href":"https:\/\/aisn.pl\/en\/wp-json\/wp\/v2\/pages\/7791\/revisions"}],"predecessor-version":[{"id":7815,"href":"https:\/\/aisn.pl\/en\/wp-json\/wp\/v2\/pages\/7791\/revisions\/7815"}],"up":[{"embeddable":true,"href":"https:\/\/aisn.pl\/en\/wp-json\/wp\/v2\/pages\/98"}],"wp:attachment":[{"href":"https:\/\/aisn.pl\/en\/wp-json\/wp\/v2\/media?parent=7791"}],"curies":[{"name":"wp","href":"https:\/\/api.w.org\/{rel}","templated":true}]}} 