{"id":785,"date":"2020-06-22T13:12:14","date_gmt":"2020-06-22T13:12:14","guid":{"rendered":"https:\/\/test.aisn.pl\/akredytacje\/certyfikat-operatora-aisn-ptk\/"},"modified":"2025-12-09T09:34:45","modified_gmt":"2025-12-09T08:34:45","slug":"certyfikat-operatora-aisn-ptk","status":"publish","type":"page","link":"https:\/\/aisn.pl\/en\/akredytacje\/certyfikat-operatora-aisn-ptk\/","title":{"rendered":"Operator Certificate AISN PTK"},"content":{"rendered":"<div data-elementor-type=\"wp-page\" data-elementor-id=\"785\" data-post-id=\"785\" data-obj-id=\"785\" class=\"elementor elementor-785 dce-elementor-post-785\" data-elementor-post-type=\"page\">\n\t\t\t\t\t\t<section class=\"elementor-section elementor-top-section elementor-element elementor-element-33bc028 elementor-section-content-middle elementor-reverse-mobile elementor-section-boxed elementor-section-height-default elementor-section-height-default\" data-id=\"33bc028\" data-element_type=\"section\" data-settings=\"{&quot;background_background&quot;:&quot;classic&quot;,&quot;jet_parallax_layout_list&quot;:[{&quot;_id&quot;:&quot;1601f3e&quot;,&quot;jet_parallax_layout_image&quot;:{&quot;url&quot;:&quot;&quot;,&quot;id&quot;:&quot;&quot;,&quot;size&quot;:&quot;&quot;},&quot;jet_parallax_layout_image_tablet&quot;:{&quot;url&quot;:&quot;&quot;,&quot;id&quot;:&quot;&quot;,&quot;size&quot;:&quot;&quot;},&quot;jet_parallax_layout_image_mobile&quot;:{&quot;url&quot;:&quot;&quot;,&quot;id&quot;:&quot;&quot;,&quot;size&quot;:&quot;&quot;},&quot;jet_parallax_layout_speed&quot;:{&quot;unit&quot;:&quot;%&quot;,&quot;size&quot;:50,&quot;sizes&quot;:[]},&quot;jet_parallax_layout_type&quot;:&quot;scroll&quot;,&quot;jet_parallax_layout_direction&quot;:null,&quot;jet_parallax_layout_fx_direction&quot;:null,&quot;jet_parallax_layout_z_index&quot;:&quot;&quot;,&quot;jet_parallax_layout_bg_x&quot;:50,&quot;jet_parallax_layout_bg_x_tablet&quot;:&quot;&quot;,&quot;jet_parallax_layout_bg_x_mobile&quot;:&quot;&quot;,&quot;jet_parallax_layout_bg_y&quot;:50,&quot;jet_parallax_layout_bg_y_tablet&quot;:&quot;&quot;,&quot;jet_parallax_layout_bg_y_mobile&quot;:&quot;&quot;,&quot;jet_parallax_layout_bg_size&quot;:&quot;auto&quot;,&quot;jet_parallax_layout_bg_size_tablet&quot;:&quot;&quot;,&quot;jet_parallax_layout_bg_size_mobile&quot;:&quot;&quot;,&quot;jet_parallax_layout_animation_prop&quot;:&quot;transform&quot;,&quot;jet_parallax_layout_on&quot;:[&quot;desktop&quot;,&quot;tablet&quot;]}]}\">\n\t\t\t\t\t\t\t<div class=\"elementor-background-overlay\"><\/div>\n\t\t\t\t\t\t\t<div class=\"elementor-container elementor-column-gap-no\">\n\t\t\t\t\t<div class=\"elementor-column elementor-col-50 elementor-top-column elementor-element elementor-element-2efbb43d\" data-id=\"2efbb43d\" data-element_type=\"column\">\n\t\t\t<div class=\"elementor-widget-wrap elementor-element-populated\">\n\t\t\t\t\t\t<div class=\"elementor-element elementor-element-707a588b elementor-widget elementor-widget-heading\" data-id=\"707a588b\" data-element_type=\"widget\" data-widget_type=\"heading.default\">\n\t\t\t\t<div class=\"elementor-widget-container\">\n\t\t\t<h2 class=\"elementor-heading-title elementor-size-default\">Aplikuj o <br \/>certyfikat\n<\/h2>\t\t<\/div>\n\t\t\t\t<\/div>\n\t\t\t\t\t<\/div>\n\t\t<\/div>\n\t\t\t\t<div class=\"elementor-column elementor-col-50 elementor-top-column elementor-element elementor-element-566ec97b\" data-id=\"566ec97b\" data-element_type=\"column\">\n\t\t\t<div class=\"elementor-widget-wrap elementor-element-populated\">\n\t\t\t\t\t\t<div class=\"elementor-element elementor-element-6473753 elementor-align-center elementor-widget elementor-widget-button\" data-id=\"6473753\" data-element_type=\"widget\" data-widget_type=\"button.default\">\n\t\t\t\t<div class=\"elementor-widget-container\">\n\t\t\t\t\t\t\t<div class=\"elementor-button-wrapper\">\n\t\t\t\t\t<a class=\"elementor-button elementor-button-link elementor-size-sm\" href=\"https:\/\/ptk.gbbsoft.pl\/\">\n\t\t\t\t\t\t<span class=\"elementor-button-content-wrapper\">\n\t\t\t\t\t\t\t\t\t<span class=\"elementor-button-text\">Aplikuj o certyfikat online<\/span>\n\t\t\t\t\t<\/span>\n\t\t\t\t\t<\/a>\n\t\t\t\t<\/div>\n\t\t\t\t\t\t<\/div>\n\t\t\t\t<\/div>\n\t\t\t\t\t<\/div>\n\t\t<\/div>\n\t\t\t\t\t<\/div>\n\t\t<\/section>\n\t\t\t\t<section class=\"elementor-section elementor-top-section elementor-element elementor-element-d65af21 elementor-section-full_width elementor-section-height-default elementor-section-height-default\" data-id=\"d65af21\" data-element_type=\"section\" data-settings=\"{&quot;jet_parallax_layout_list&quot;:[{&quot;jet_parallax_layout_image&quot;:{&quot;url&quot;:&quot;&quot;,&quot;id&quot;:&quot;&quot;,&quot;size&quot;:&quot;&quot;},&quot;_id&quot;:&quot;b8351f0&quot;,&quot;jet_parallax_layout_image_tablet&quot;:{&quot;url&quot;:&quot;&quot;,&quot;id&quot;:&quot;&quot;,&quot;size&quot;:&quot;&quot;},&quot;jet_parallax_layout_image_mobile&quot;:{&quot;url&quot;:&quot;&quot;,&quot;id&quot;:&quot;&quot;,&quot;size&quot;:&quot;&quot;},&quot;jet_parallax_layout_speed&quot;:{&quot;unit&quot;:&quot;%&quot;,&quot;size&quot;:50,&quot;sizes&quot;:[]},&quot;jet_parallax_layout_type&quot;:&quot;scroll&quot;,&quot;jet_parallax_layout_direction&quot;:null,&quot;jet_parallax_layout_fx_direction&quot;:null,&quot;jet_parallax_layout_z_index&quot;:&quot;&quot;,&quot;jet_parallax_layout_bg_x&quot;:50,&quot;jet_parallax_layout_bg_x_tablet&quot;:&quot;&quot;,&quot;jet_parallax_layout_bg_x_mobile&quot;:&quot;&quot;,&quot;jet_parallax_layout_bg_y&quot;:50,&quot;jet_parallax_layout_bg_y_tablet&quot;:&quot;&quot;,&quot;jet_parallax_layout_bg_y_mobile&quot;:&quot;&quot;,&quot;jet_parallax_layout_bg_size&quot;:&quot;auto&quot;,&quot;jet_parallax_layout_bg_size_tablet&quot;:&quot;&quot;,&quot;jet_parallax_layout_bg_size_mobile&quot;:&quot;&quot;,&quot;jet_parallax_layout_animation_prop&quot;:&quot;transform&quot;,&quot;jet_parallax_layout_on&quot;:[&quot;desktop&quot;,&quot;tablet&quot;]}]}\">\n\t\t\t\t\t\t<div class=\"elementor-container elementor-column-gap-default\">\n\t\t\t\t\t<div class=\"elementor-column elementor-col-100 elementor-top-column elementor-element elementor-element-c1868bf\" data-id=\"c1868bf\" data-element_type=\"column\">\n\t\t\t<div class=\"elementor-widget-wrap elementor-element-populated\">\n\t\t\t\t\t\t<div class=\"elementor-element elementor-element-409424d elementor-widget elementor-widget-heading\" data-id=\"409424d\" data-element_type=\"widget\" data-widget_type=\"heading.default\">\n\t\t\t\t<div class=\"elementor-widget-container\">\n\t\t\t<h2 class=\"elementor-heading-title elementor-size-default\">Certyfikat samodzielnego operatora kardiologii inwazyjnej<\/h2>\t\t<\/div>\n\t\t\t\t<\/div>\n\t\t\t\t<div class=\"elementor-element elementor-element-19a1d2c elementor-widget elementor-widget-text-editor\" data-id=\"19a1d2c\" data-element_type=\"widget\" data-widget_type=\"text-editor.default\">\n\t\t\t\t<div class=\"elementor-widget-container\">\n\t\t\t\t\t\t\t<ol><li>Tytu\u0142 samodzielnego operatora kardiologii inwazyjnej uzyska\u0107 mo\u017ce lekarz specjalista kardiolog b\u0119d\u0105cy cz\u0142onkiem Asocjacji Interwencji Sercowo-Naczyniowych Polskiego Towarzystwa Kardiologicznego.<\/li><li>Podstawowe szkolenie prowadzone powinno by\u0107 pod kontrol\u0105 kierownika szkol\u0105cej pracowni, kt\u00f3ra uzyska\u0142a co najmniej klas\u0119 B wg standard\u00f3w akredytacyjnych AISN PTK.<\/li><li>Czas szkolenia wynosi \u0142\u0105cznie co najmniej 12 miesi\u0119cy.<\/li><li>Wymagane jest zgromadzenie w ci\u0105gu szkolenia minimum 50 pkt za uczestnictwo w kongresach kardiologii inwazyjnej oraz kongresach rekomendowanych przez AISN PTK<sup>1)<\/sup>lub uzyskanie certyfikatu kardiologa interwencyjnego EAPCI ESC w danym okresie.<\/li><li>Wymagane jest obligatoryjnie uczestnictwo w szkoleniach po\u015bwi\u0119conych wykorzystaniu inwazyjnych technik diagnostycznych (IVUS, FFR), organizowanych w o\u015brodkach referencyjnych (z akredytacj\u0105 klasy C), (akredytowane przez AISN PTK). Za\u015bwiadczenie o uko\u0144czeniu szkolenia z podaniem liczby dni wystawia organizator szkolenia.<\/li><li>W trakcie szkolenia lekarz musi wykona\u0107 osobi\u015bcie (pod nadzorem) co najmniej 200 angioplastyk wie\u0144cowych &#8211; uzyskuje wtedy tytu\u0142 samodzielnego operatora kardiologii inwazyjnej na okres 5 lat i otrzymuje stosowny certyfikat.<\/li><li>Dla przed\u0142u\u017cenia certyfikatu na kolejne 5 lat konieczne jest spe\u0142nienie obu wskazanych punkt\u00f3w \u0142\u0105cznie<br \/>(a i b):<ol><li>wykonanie \u015brednio minimum 75 zabieg\u00f3w terapeutycznych na rok (375 zabieg\u00f3w terapeutycznych w ci\u0105gu pi\u0119ciu lat),<\/li><li>uzyskanie \u015brednio 30 punkt\u00f3w rocznie za uczestnictwo w kongresach kardiologii inwazyjnej oraz kongresach rekomendowanych przez AISN PTK<sup>1)\u00a0<\/sup>lub uzyskanie certyfikatu kardiologa interwencyjnego EAPCI ESC w danym okresie.<\/li><\/ol><\/li><li>Je\u017celi operator wykona samodzielnie ponad 500 wie\u0144cowych zabieg\u00f3w terapeutycznych do przed\u0142u\u017cenia certyfikatu na kolejne 5 lata wymagane jest uzyskanie \u015brednio 30 punkt\u00f3w rocznie za uczestnictwo w kongresach kardiologii inwazyjnej oraz kongresach rekomendowanych przez AISN PTK<sup>1)\u00a0<\/sup>lub uzyskanie certyfikatu kardiologa interwencyjnego EAPCI ESC w danym okresie.<\/li><li>Wykonanie zabieg\u00f3w musi by\u0107 potwierdzone w ksi\u0105\u017cce zabiegowej oraz w bazie Og\u00f3lnopolskiego Rejestru Procedur Kardiologii Inwazyjnej (ORPKI). Je\u017celi lekarz wykonywa\u0142 osobi\u015bcie (pod nadzorem) zabiegi w o\u015brodkach zagranicznych powinien przedstawi\u0107 za\u015bwiadczenie podpisane przez kierownika danego o\u015brodka potwierdzaj\u0105ce rodzaj i liczb\u0119 wykonanych procedur.<\/li><li>Wniosek o przyznanie certyfikatu samodzielnego operatora sk\u0142adany jest w systemie PTKCz\u0142onkowie. Do wniosku musz\u0105 by\u0107 do\u0142\u0105czone za\u015bwiadczenia stwierdzaj\u0105ce spe\u0142nienie stosownych wymog\u00f3w:<ol><li>wniosek o nadanie statusu samodzielnego operatora podpisany przez kierownika pracowni macierzystej lub dw\u00f3ch samodzielnych operator\u00f3w kardiologii inwazyjnej posiadaj\u0105cych certyfikat samodzielnego operatora AISN PTK, w tym jednego pe\u0142ni\u0105cego funkcj\u0119 kierownika pracowni akredytowanej przez PTK<\/li><li>kopia dyplomu specjalizacji z kardiologii,<\/li><li>za\u015bwiadczenie o liczbie wykonanych zabieg\u00f3w,<\/li><li>kopie certyfikat\u00f3w uczestnictwa w kongresach kardiologii inwazyjnej oraz kongresach rekomendowanych przez AISN PTK (lub certyfikat kardiologa interwencyjnego EAPCI ESC za dany okres),<\/li><li>za\u015bwiadczenie o uko\u0144czeniu szkolenia w zakresie zastosowania IVUS i FFR\u00a0<\/li><li>potwierdzenie dokonania op\u0142aty.<\/li><\/ol><\/li><li>Certyfikat samodzielnego operatora jest sygnowany przez Prezesa PTK i Przewodnicz\u0105cego AISN PTK.<\/li><li>Op\u0142ata za wydanie certyfikatu wynosi 500 PLN brutto (100 PLN rocznie).<\/li><\/ol><p><sup>1)\u00a0<\/sup>Punktacja za uczestnictwo w kongresach kardiologii inwazyjnej oraz kongresach rekomendowanych przez AISN PTK:<\/p><ul><li>Kongres Europejskiego Towarzystwa Kardiologicznego (ESC) &#8211; 20 pkt<\/li><li>Mi\u0119dzynarodowy Kongres Polskiego Towarzystwa Kardiologicznego &#8211; 20 pkt<\/li><li>Warsztaty Kardiologii Inwazyjnej w Warszawie (WCCI) &#8211; 30 pkt<\/li><li>Warsztaty Kardiologii Inwazyjnej w Zabrzu &#8211; 30 pkt<\/li><li>New Frontiers in Interventional Cardiology (NFIC) &#8211; 30 pkt<\/li><li>Mi\u0119dzynarodowe Warsztaty Kardiologii Inwazyjnej (EuroPCR, TCT) &#8211; 20 pkt<\/li><li>Aktualno\u015bci w Kardiologii Interwencyjnej (Bia\u0142owie\u017ca) &#8211; 10 pkt<\/li><li>Pozna\u0144skie Spotkania Kardiologiczne (Pozna\u0144) &#8211; 10 pkt<\/li><li>THT Conference\u00a0 (Warszawa, Katowice) &#8211; 10 pkt<\/li><li>Percutaneous\u00a0Interventions in Krakow (PINC) (Krak\u00f3w) &#8211; 10 pkt<\/li><li>Obrazowanie i Interwencje w Kardiologii (ISIIC)\u00a0 (Katowice) &#8211; 10 pkt<\/li><li>International Expert to Expert CTO Forum LuCTO (Na\u0142\u0119cz\u00f3w) &#8211; 10 pkt<\/li><li>WROclaw Calcified Lesions Advanced Workshop (Wroc\u0142aw) &#8211; 10 pkt<\/li><li>Lubelska Konferencja Kardiologii Inwazyjnej \u201cPowik\u0142ania Zabieg\u00f3w Interwencyjnych: Zapobieganie i Leczenie\u201d (Kazimierz Dolny) &#8211; 10 pkt (od 2024 r.)<\/li><li>Podkarpacka Konferencja Kardiologii Zabiegowej Live &#8211; 10 pkt (od 2025 r.)<\/li><li>Inne szkolenia krajowe, kt\u00f3re uzyskaj\u0105 akredytacj\u0119 AISN PTK<\/li><\/ul>\t\t\t\t\t\t<\/div>\n\t\t\t\t<\/div>\n\t\t\t\t\t<\/div>\n\t\t<\/div>\n\t\t\t\t\t<\/div>\n\t\t<\/section>\n\t\t\t\t<section class=\"elementor-section elementor-top-section elementor-element elementor-element-cf1a21f elementor-section-full_width elementor-section-height-default elementor-section-height-default\" data-id=\"cf1a21f\" data-element_type=\"section\" data-settings=\"{&quot;jet_parallax_layout_list&quot;:[{&quot;jet_parallax_layout_image&quot;:{&quot;url&quot;:&quot;&quot;,&quot;id&quot;:&quot;&quot;,&quot;size&quot;:&quot;&quot;},&quot;_id&quot;:&quot;1d813bd&quot;,&quot;jet_parallax_layout_image_tablet&quot;:{&quot;url&quot;:&quot;&quot;,&quot;id&quot;:&quot;&quot;,&quot;size&quot;:&quot;&quot;},&quot;jet_parallax_layout_image_mobile&quot;:{&quot;url&quot;:&quot;&quot;,&quot;id&quot;:&quot;&quot;,&quot;size&quot;:&quot;&quot;},&quot;jet_parallax_layout_speed&quot;:{&quot;unit&quot;:&quot;%&quot;,&quot;size&quot;:50,&quot;sizes&quot;:[]},&quot;jet_parallax_layout_type&quot;:&quot;scroll&quot;,&quot;jet_parallax_layout_direction&quot;:null,&quot;jet_parallax_layout_fx_direction&quot;:null,&quot;jet_parallax_layout_z_index&quot;:&quot;&quot;,&quot;jet_parallax_layout_bg_x&quot;:50,&quot;jet_parallax_layout_bg_x_tablet&quot;:&quot;&quot;,&quot;jet_parallax_layout_bg_x_mobile&quot;:&quot;&quot;,&quot;jet_parallax_layout_bg_y&quot;:50,&quot;jet_parallax_layout_bg_y_tablet&quot;:&quot;&quot;,&quot;jet_parallax_layout_bg_y_mobile&quot;:&quot;&quot;,&quot;jet_parallax_layout_bg_size&quot;:&quot;auto&quot;,&quot;jet_parallax_layout_bg_size_tablet&quot;:&quot;&quot;,&quot;jet_parallax_layout_bg_size_mobile&quot;:&quot;&quot;,&quot;jet_parallax_layout_animation_prop&quot;:&quot;transform&quot;,&quot;jet_parallax_layout_on&quot;:[&quot;desktop&quot;,&quot;tablet&quot;]}]}\">\n\t\t\t\t\t\t<div class=\"elementor-container elementor-column-gap-default\">\n\t\t\t\t\t<div class=\"elementor-column elementor-col-100 elementor-top-column elementor-element elementor-element-069981b\" data-id=\"069981b\" data-element_type=\"column\">\n\t\t\t<div class=\"elementor-widget-wrap elementor-element-populated\">\n\t\t\t\t\t\t<div class=\"elementor-element elementor-element-70031f7 elementor-widget-divider--view-line_text elementor-widget-divider--element-align-left elementor-widget elementor-widget-divider\" data-id=\"70031f7\" data-element_type=\"widget\" id=\"pliki\" data-widget_type=\"divider.default\">\n\t\t\t\t<div class=\"elementor-widget-container\">\n\t\t\t\t\t<div class=\"elementor-divider\">\n\t\t\t<span class=\"elementor-divider-separator\">\n\t\t\t\t\t\t\t<span class=\"elementor-divider__text elementor-divider__element\">\n\t\t\t\tPliki do pobrania\t\t\t\t<\/span>\n\t\t\t\t\t\t<\/span>\n\t\t<\/div>\n\t\t\t\t<\/div>\n\t\t\t\t<\/div>\n\t\t\t\t\t<\/div>\n\t\t<\/div>\n\t\t\t\t\t<\/div>\n\t\t<\/section>\n\t\t\t\t<section class=\"elementor-section elementor-top-section elementor-element elementor-element-5f773ba elementor-section-full_width elementor-section-height-default elementor-section-height-default\" data-id=\"5f773ba\" data-element_type=\"section\" data-settings=\"{&quot;jet_parallax_layout_list&quot;:[{&quot;jet_parallax_layout_image&quot;:{&quot;url&quot;:&quot;&quot;,&quot;id&quot;:&quot;&quot;,&quot;size&quot;:&quot;&quot;},&quot;_id&quot;:&quot;08c31d2&quot;,&quot;jet_parallax_layout_image_tablet&quot;:{&quot;url&quot;:&quot;&quot;,&quot;id&quot;:&quot;&quot;,&quot;size&quot;:&quot;&quot;},&quot;jet_parallax_layout_image_mobile&quot;:{&quot;url&quot;:&quot;&quot;,&quot;id&quot;:&quot;&quot;,&quot;size&quot;:&quot;&quot;},&quot;jet_parallax_layout_speed&quot;:{&quot;unit&quot;:&quot;%&quot;,&quot;size&quot;:50,&quot;sizes&quot;:[]},&quot;jet_parallax_layout_type&quot;:&quot;scroll&quot;,&quot;jet_parallax_layout_direction&quot;:null,&quot;jet_parallax_layout_fx_direction&quot;:null,&quot;jet_parallax_layout_z_index&quot;:&quot;&quot;,&quot;jet_parallax_layout_bg_x&quot;:50,&quot;jet_parallax_layout_bg_x_tablet&quot;:&quot;&quot;,&quot;jet_parallax_layout_bg_x_mobile&quot;:&quot;&quot;,&quot;jet_parallax_layout_bg_y&quot;:50,&quot;jet_parallax_layout_bg_y_tablet&quot;:&quot;&quot;,&quot;jet_parallax_layout_bg_y_mobile&quot;:&quot;&quot;,&quot;jet_parallax_layout_bg_size&quot;:&quot;auto&quot;,&quot;jet_parallax_layout_bg_size_tablet&quot;:&quot;&quot;,&quot;jet_parallax_layout_bg_size_mobile&quot;:&quot;&quot;,&quot;jet_parallax_layout_animation_prop&quot;:&quot;transform&quot;,&quot;jet_parallax_layout_on&quot;:[&quot;desktop&quot;,&quot;tablet&quot;]}]}\">\n\t\t\t\t\t\t<div class=\"elementor-container elementor-column-gap-default\">\n\t\t\t\t\t<div class=\"elementor-column elementor-col-100 elementor-top-column elementor-element elementor-element-6261e3a\" data-id=\"6261e3a\" data-element_type=\"column\">\n\t\t\t<div class=\"elementor-widget-wrap elementor-element-populated\">\n\t\t\t\t\t\t<div class=\"elementor-element elementor-element-292e168 elementor-widget elementor-widget-dce-filebrowser\" data-id=\"292e168\" data-element_type=\"widget\" data-widget_type=\"dce-filebrowser.default\">\n\t\t\t\t<div class=\"elementor-widget-container\">\n\t\t\t<ul class=\"list-unstyled dce-list dce-list-root\"><li class=\"file ext-docx\"><a class=\"block btn-block dce-file-download\" href=\"https:\/\/aisn.pl\/download\/pliki\/Certyfikat samodzielnego operatora kardiologii inwazyjnej\/Certyfikat AISN PTK Operator - wniosek pierwszorazowy.docx\"  data-md5=\"bc9f88c54c135c7c6a71babb9e6be5b9\" target=\"_blank\"><span class=\"middle fiv-viv fiv-icon-docx\"><\/span><span class=\"dce-file-text\"><strong class=\"dce-file-title\">Certyfikat AISN PTK Operator - wniosek pierwszorazowy.docx<\/strong> <small class=\"label label-default dce-file-size-label\">(72 KB)<\/small><\/span><\/a><\/li><li class=\"file ext-docx\"><a class=\"block btn-block dce-file-download\" href=\"https:\/\/aisn.pl\/download\/pliki\/Certyfikat samodzielnego operatora kardiologii inwazyjnej\/Certyfikat AISN PTK Operator - wniosek przed\u0142u\u017caj\u0105cy.docx\"  data-md5=\"ed2dcfb46ddd121ea5bc22c1c39939e2\" target=\"_blank\"><span class=\"middle fiv-viv fiv-icon-docx\"><\/span><span class=\"dce-file-text\"><strong class=\"dce-file-title\">Certyfikat AISN PTK Operator - wniosek przed\u0142u\u017caj\u0105cy.docx<\/strong> <small class=\"label label-default dce-file-size-label\">(73 KB)<\/small><\/span><\/a><\/li><li class=\"file ext-docx\"><a class=\"block btn-block dce-file-download\" href=\"https:\/\/aisn.pl\/download\/pliki\/Certyfikat samodzielnego operatora kardiologii inwazyjnej\/Certyfikat AISN PTK Operator Kierownik - wniosek przed\u0142u\u017caj\u0105cy.docx\"  data-md5=\"e6a2608a50fa0800790b2dbc8c2d8df1\" target=\"_blank\"><span class=\"middle fiv-viv fiv-icon-docx\"><\/span><span class=\"dce-file-text\"><strong class=\"dce-file-title\">Certyfikat AISN PTK Operator Kierownik - wniosek przed\u0142u\u017caj\u0105cy.docx<\/strong> <small class=\"label label-default dce-file-size-label\">(74 KB)<\/small><\/span><\/a><\/li><\/ul>\t\t<script type=\"text\/javascript\" >\n\t\t\tvar lastHide = '';\n\t\t\tjQuery(function () {\n\t\t\t\tif (typeof ajaxurl === 'undefined') {\n\t\t\t\t\tvar ajaxurl = \"\/wp-admin\/admin-ajax.php\";\n\t\t\t\t}\n\n\t\t\t\n\t\t\t\t\t});\n\t\t<\/script>\n\t\t\t\t<\/div>\n\t\t\t\t<\/div>\n\t\t\t\t\t<\/div>\n\t\t<\/div>\n\t\t\t\t\t<\/div>\n\t\t<\/section>\n\t\t\t\t<\/div>","protected":false},"excerpt":{"rendered":"<p>Aplikuj o certyfikat Aplikuj o certyfikat online Certyfikat samodzielnego operatora kardiologii inwazyjnej Tytu\u0142 samodzielnego operatora kardiologii inwazyjnej uzyska\u0107 mo\u017ce lekarz specjalista kardiolog b\u0119d\u0105cy cz\u0142onkiem Asocjacji Interwencji Sercowo-Naczyniowych Polskiego Towarzystwa Kardiologicznego. Podstawowe szkolenie prowadzone powinno by\u0107 pod kontrol\u0105 kierownika szkol\u0105cej pracowni, kt\u00f3ra uzyska\u0142a co najmniej klas\u0119 B wg standard\u00f3w akredytacyjnych AISN PTK. Czas szkolenia wynosi \u0142\u0105cznie [&hellip;]<\/p>","protected":false},"author":6,"featured_media":0,"parent":784,"menu_order":0,"comment_status":"closed","ping_status":"closed","template":"","meta":{"footnotes":""},"class_list":["post-785","page","type-page","status-publish","hentry"],"_links":{"self":[{"href":"https:\/\/aisn.pl\/en\/wp-json\/wp\/v2\/pages\/785","targetHints":{"allow":["GET"]}}],"collection":[{"href":"https:\/\/aisn.pl\/en\/wp-json\/wp\/v2\/pages"}],"about":[{"href":"https:\/\/aisn.pl\/en\/wp-json\/wp\/v2\/types\/page"}],"author":[{"embeddable":true,"href":"https:\/\/aisn.pl\/en\/wp-json\/wp\/v2\/users\/6"}],"replies":[{"embeddable":true,"href":"https:\/\/aisn.pl\/en\/wp-json\/wp\/v2\/comments?post=785"}],"version-history":[{"count":45,"href":"https:\/\/aisn.pl\/en\/wp-json\/wp\/v2\/pages\/785\/revisions"}],"predecessor-version":[{"id":27467,"href":"https:\/\/aisn.pl\/en\/wp-json\/wp\/v2\/pages\/785\/revisions\/27467"}],"up":[{"embeddable":true,"href":"https:\/\/aisn.pl\/en\/wp-json\/wp\/v2\/pages\/784"}],"wp:attachment":[{"href":"https:\/\/aisn.pl\/en\/wp-json\/wp\/v2\/media?parent=785"}],"curies":[{"name":"wp","href":"https:\/\/api.w.org\/{rel}","templated":true}]}}