{"id":786,"date":"2020-06-22T13:12:15","date_gmt":"2020-06-22T13:12:15","guid":{"rendered":"https:\/\/test.aisn.pl\/akredytacje\/certyfikat-diagnosty-aisn-ptk\/"},"modified":"2025-10-08T11:40:53","modified_gmt":"2025-10-08T09:40:53","slug":"certyfikat-diagnosty-aisn-ptk","status":"publish","type":"page","link":"https:\/\/aisn.pl\/en\/akredytacje\/certyfikat-diagnosty-aisn-ptk\/","title":{"rendered":"AISN PTK diagnostic certificate"},"content":{"rendered":"<div data-elementor-type=\"wp-page\" data-elementor-id=\"786\" data-post-id=\"786\" data-obj-id=\"786\" class=\"elementor elementor-786 dce-elementor-post-786\" data-elementor-post-type=\"page\">\n\t\t\t\t\t\t<section class=\"elementor-section elementor-top-section elementor-element elementor-element-0e2c897 elementor-section-content-middle elementor-reverse-mobile elementor-section-boxed elementor-section-height-default elementor-section-height-default\" data-id=\"0e2c897\" data-element_type=\"section\" data-settings=\"{&quot;background_background&quot;:&quot;classic&quot;,&quot;jet_parallax_layout_list&quot;:[{&quot;_id&quot;:&quot;1601f3e&quot;,&quot;jet_parallax_layout_image&quot;:{&quot;url&quot;:&quot;&quot;,&quot;id&quot;:&quot;&quot;,&quot;size&quot;:&quot;&quot;},&quot;jet_parallax_layout_image_tablet&quot;:{&quot;url&quot;:&quot;&quot;,&quot;id&quot;:&quot;&quot;,&quot;size&quot;:&quot;&quot;},&quot;jet_parallax_layout_image_mobile&quot;:{&quot;url&quot;:&quot;&quot;,&quot;id&quot;:&quot;&quot;,&quot;size&quot;:&quot;&quot;},&quot;jet_parallax_layout_speed&quot;:{&quot;unit&quot;:&quot;%&quot;,&quot;size&quot;:50,&quot;sizes&quot;:[]},&quot;jet_parallax_layout_type&quot;:&quot;scroll&quot;,&quot;jet_parallax_layout_direction&quot;:null,&quot;jet_parallax_layout_fx_direction&quot;:null,&quot;jet_parallax_layout_z_index&quot;:&quot;&quot;,&quot;jet_parallax_layout_bg_x&quot;:50,&quot;jet_parallax_layout_bg_x_tablet&quot;:&quot;&quot;,&quot;jet_parallax_layout_bg_x_mobile&quot;:&quot;&quot;,&quot;jet_parallax_layout_bg_y&quot;:50,&quot;jet_parallax_layout_bg_y_tablet&quot;:&quot;&quot;,&quot;jet_parallax_layout_bg_y_mobile&quot;:&quot;&quot;,&quot;jet_parallax_layout_bg_size&quot;:&quot;auto&quot;,&quot;jet_parallax_layout_bg_size_tablet&quot;:&quot;&quot;,&quot;jet_parallax_layout_bg_size_mobile&quot;:&quot;&quot;,&quot;jet_parallax_layout_animation_prop&quot;:&quot;transform&quot;,&quot;jet_parallax_layout_on&quot;:[&quot;desktop&quot;,&quot;tablet&quot;]}]}\">\n\t\t\t\t\t\t\t<div class=\"elementor-background-overlay\"><\/div>\n\t\t\t\t\t\t\t<div class=\"elementor-container elementor-column-gap-no\">\n\t\t\t\t\t<div class=\"elementor-column elementor-col-50 elementor-top-column elementor-element elementor-element-9fe534c\" data-id=\"9fe534c\" data-element_type=\"column\">\n\t\t\t<div class=\"elementor-widget-wrap elementor-element-populated\">\n\t\t\t\t\t\t<div class=\"elementor-element elementor-element-03d53c4 elementor-widget elementor-widget-heading\" data-id=\"03d53c4\" data-element_type=\"widget\" data-widget_type=\"heading.default\">\n\t\t\t\t<div class=\"elementor-widget-container\">\n\t\t\t<h2 class=\"elementor-heading-title elementor-size-default\">Aplikuj o <br \/>certyfikat\n<\/h2>\t\t<\/div>\n\t\t\t\t<\/div>\n\t\t\t\t\t<\/div>\n\t\t<\/div>\n\t\t\t\t<div class=\"elementor-column elementor-col-50 elementor-top-column elementor-element elementor-element-5b5a61a\" data-id=\"5b5a61a\" data-element_type=\"column\">\n\t\t\t<div class=\"elementor-widget-wrap elementor-element-populated\">\n\t\t\t\t\t\t<div class=\"elementor-element elementor-element-3786eb5 elementor-align-center elementor-widget elementor-widget-button\" data-id=\"3786eb5\" data-element_type=\"widget\" data-widget_type=\"button.default\">\n\t\t\t\t<div class=\"elementor-widget-container\">\n\t\t\t\t\t\t\t<div class=\"elementor-button-wrapper\">\n\t\t\t\t\t<a class=\"elementor-button elementor-button-link elementor-size-sm\" href=\"https:\/\/ptk.gbbsoft.pl\/\">\n\t\t\t\t\t\t<span class=\"elementor-button-content-wrapper\">\n\t\t\t\t\t\t\t\t\t<span class=\"elementor-button-text\">Aplikuj o certyfikat online<\/span>\n\t\t\t\t\t<\/span>\n\t\t\t\t\t<\/a>\n\t\t\t\t<\/div>\n\t\t\t\t\t\t<\/div>\n\t\t\t\t<\/div>\n\t\t\t\t\t<\/div>\n\t\t<\/div>\n\t\t\t\t\t<\/div>\n\t\t<\/section>\n\t\t\t\t<section class=\"elementor-section elementor-top-section elementor-element elementor-element-6c67d6e elementor-section-full_width elementor-section-height-default elementor-section-height-default\" data-id=\"6c67d6e\" data-element_type=\"section\" data-settings=\"{&quot;jet_parallax_layout_list&quot;:[{&quot;jet_parallax_layout_image&quot;:{&quot;url&quot;:&quot;&quot;,&quot;id&quot;:&quot;&quot;,&quot;size&quot;:&quot;&quot;},&quot;_id&quot;:&quot;b8351f0&quot;,&quot;jet_parallax_layout_image_tablet&quot;:{&quot;url&quot;:&quot;&quot;,&quot;id&quot;:&quot;&quot;,&quot;size&quot;:&quot;&quot;},&quot;jet_parallax_layout_image_mobile&quot;:{&quot;url&quot;:&quot;&quot;,&quot;id&quot;:&quot;&quot;,&quot;size&quot;:&quot;&quot;},&quot;jet_parallax_layout_speed&quot;:{&quot;unit&quot;:&quot;%&quot;,&quot;size&quot;:50,&quot;sizes&quot;:[]},&quot;jet_parallax_layout_type&quot;:&quot;scroll&quot;,&quot;jet_parallax_layout_direction&quot;:null,&quot;jet_parallax_layout_fx_direction&quot;:null,&quot;jet_parallax_layout_z_index&quot;:&quot;&quot;,&quot;jet_parallax_layout_bg_x&quot;:50,&quot;jet_parallax_layout_bg_x_tablet&quot;:&quot;&quot;,&quot;jet_parallax_layout_bg_x_mobile&quot;:&quot;&quot;,&quot;jet_parallax_layout_bg_y&quot;:50,&quot;jet_parallax_layout_bg_y_tablet&quot;:&quot;&quot;,&quot;jet_parallax_layout_bg_y_mobile&quot;:&quot;&quot;,&quot;jet_parallax_layout_bg_size&quot;:&quot;auto&quot;,&quot;jet_parallax_layout_bg_size_tablet&quot;:&quot;&quot;,&quot;jet_parallax_layout_bg_size_mobile&quot;:&quot;&quot;,&quot;jet_parallax_layout_animation_prop&quot;:&quot;transform&quot;,&quot;jet_parallax_layout_on&quot;:[&quot;desktop&quot;,&quot;tablet&quot;]}]}\">\n\t\t\t\t\t\t<div class=\"elementor-container elementor-column-gap-default\">\n\t\t\t\t\t<div class=\"elementor-column elementor-col-100 elementor-top-column elementor-element elementor-element-3cc6a4a\" data-id=\"3cc6a4a\" data-element_type=\"column\">\n\t\t\t<div class=\"elementor-widget-wrap elementor-element-populated\">\n\t\t\t\t\t\t<div class=\"elementor-element elementor-element-0871197 elementor-widget elementor-widget-heading\" data-id=\"0871197\" data-element_type=\"widget\" data-widget_type=\"heading.default\">\n\t\t\t\t<div class=\"elementor-widget-container\">\n\t\t\t<h2 class=\"elementor-heading-title elementor-size-default\">Certyfikat samodzielnego diagnosty AISN PTK<\/h2>\t\t<\/div>\n\t\t\t\t<\/div>\n\t\t\t\t<div class=\"elementor-element elementor-element-0886a03 elementor-widget elementor-widget-text-editor\" data-id=\"0886a03\" data-element_type=\"widget\" data-widget_type=\"text-editor.default\">\n\t\t\t\t<div class=\"elementor-widget-container\">\n\t\t\t\t\t\t\t<ol><li>Uprawnienia samodzielnego diagnosty uzyska\u0107 mo\u017ce lekarz specjalista kardiolog b\u0119d\u0105cy cz\u0142onkiem Asocjacji Interwencji Sercowo-Naczyniowych Polskiego Towarzystwa Kardiologicznego. Certyfikat ten nie jest wymagany dla os\u00f3b posiadaj\u0105cych certyfikat samodzielnego operatora kardiologii inwazyjnej.<\/li><li>Podstawowe szkolenie prowadzone powinno by\u0107 pod kontrol\u0105 kierownika szkol\u0105cej pracowni, kt\u00f3ra uzyska\u0142a co najmniej klas\u0119 B wg standard\u00f3w akredytacyjnych AISN PTK.<\/li><li>Czas szkolenia wynosi \u0142\u0105cznie co najmniej 12 miesi\u0119cy.<\/li><li>W trakcie szkolenia lekarz musi wykona\u0107 osobi\u015bcie (pod nadzorem) co najmniej 300 koronarografii.<\/li><li>Wykonanie zabieg\u00f3w musi by\u0107 potwierdzone w ksi\u0105\u017cce zabiegowej oraz w bazie Og\u00f3lnopolskiego Rejestru Procedur Kardiologii Inwazyjnej (ORPKI). Je\u017celi lekarz wykonywa\u0142 osobi\u015bcie (pod nadzorem) zabiegi w o\u015brodkach zagranicznych powinien przedstawi\u0107 za\u015bwiadczenie podpisane przez kierownika danego o\u015brodka potwierdzaj\u0105ce rodzaj i liczb\u0119 wykonanych procedur.<\/li><li>W ci\u0105gu szkolenia (minimum 12 miesi\u0119cy) wymagane jest zgromadzenie co najmniej 50 pkt za uczestnictwo w kongresach kardiologii inwazyjnej oraz kongresach rekomendowanych przez AISN PTK<sup>1)<\/sup>lub uzyskanie certyfikatu kardiologa interwencyjnego EAPCI ESC w danym okresie.<\/li><li>Certyfikat samodzielnego diagnosty jest wydawany na okres 5 lat.<\/li><li>W celu uzyskania kolejnego certyfikatu diagnosty (przed\u0142u\u017cenie) niezb\u0119dne jest wykonanie \u015brednio 100 koronarografii rocznie oraz uzyskanie \u015brednio 30 punkt\u00f3w rocznie za uczestnictwo w kongresach kardiologii inwazyjnej oraz kongresach PTK i ESC rekomendowanych przez AISN PTK<sup>1).<\/sup><\/li><li>Wniosek o przyznanie certyfikatu samodzielnego diagnosty sk\u0142adany jest w systemie PTKCz\u0142onkowie. Do wniosku musz\u0105 by\u0107 do\u0142\u0105czone za\u015bwiadczenia stwierdzaj\u0105ce spe\u0142nienie stosownych wymog\u00f3w:<ol><li>wniosek o nadanie statusu samodzielnego diagnosty podpisany przez kierownika pracowni macierzystej<\/li><li>kopia dyplomu specjalizacji z kardiologii,<\/li><li>za\u015bwiadczenie o liczbie wykonanych zabieg\u00f3w,<\/li><li>kopie certyfikat\u00f3w uczestnictwa w kongresach kardiologii inwazyjnej oraz kongresach PTK i ESC rekomendowanych przez AISN PTK.<\/li><\/ol><\/li><li>Certyfikat samodzielnego diagnosty jest sygnowany przez Prezesa PTK i Przewodnicz\u0105cego AISN PTK, a jego wydanie jest bezp\u0142atne.<\/li><\/ol><p><sup>1)\u00a0<\/sup>Punktacja za uczestnictwo w kongresach kardiologii inwazyjnej oraz kongresach PTK i ESC rekomendowanych przez AISN PTK:<\/p><ul><li>Kongres Europejskiego Towarzystwa Kardiologicznego (ESC) &#8211; 20 pkt<\/li><li>Mi\u0119dzynarodowy Kongres Polskiego Towarzystwa Kardiologicznego &#8211; 20 pkt<\/li><li>Warsztaty Kardiologii Inwazyjnej w Warszawie (WCCI) &#8211; 30 pkt<\/li><li>Warsztaty Kardiologii Inwazyjnej w Zabrzu &#8211; 20 pkt<\/li><li>Warsztaty Kardiologii Inwazyjnej w Krakowie (NFIC) &#8211; 30 pkt<\/li><li>Mi\u0119dzynarodowe Warsztaty Kardiologii Inwazyjnej (EuroPCR, TCT) &#8211; 20 pkt<\/li><li>Aktualno\u015bci w Kardiologii Interwencyjnej (Bia\u0142owie\u017ca) &#8211; 10 pkt<\/li><li>Jesienne Spotkanie Kardiolog\u00f3w (Pozna\u0144) &#8211; 10 pkt<\/li><li>Transcatheter Heart Team Poland: THT Poland (Warszawa, Katowice) &#8211; 10 pkt<\/li><li>Peripheral Interventions in Krakow (PINC) (Krak\u00f3w) &#8211; 10 pkt<\/li><li>Obrazowanie i interwencje w strukturalnych chorobach serca i naczy\u0144 (ISIIC) (Katowice) &#8211; 10 pkt<\/li><li>International Expert to Expert CTO Forum LuCTO (Na\u0142\u0119cz\u00f3w) &#8211; 10 pkt<\/li><li>WROclaw Calcified Lesions Advanced Workshop (Wroc\u0142aw) &#8211; 10 pkt<\/li><li>Lubelska Konferencja Kardiologii Inwazyjnej \u201cPowik\u0142ania Zabieg\u00f3w Interwencyjnych: Zapobieganie i Leczenie\u201d (Kazimierz Dolny) &#8211; 10 pkt (od 2024 r.)<\/li><li>Podkarpacka Konferencja Kardiologii Zabiegowej Live &#8211; 10 pkt (od 2025 r.)<\/li><li>Inne szkolenia krajowe, kt\u00f3re uzyskaj\u0105 akredytacj\u0119 AISN PTK<\/li><\/ul>\t\t\t\t\t\t<\/div>\n\t\t\t\t<\/div>\n\t\t\t\t\t<\/div>\n\t\t<\/div>\n\t\t\t\t\t<\/div>\n\t\t<\/section>\n\t\t\t\t<section class=\"elementor-section elementor-top-section elementor-element elementor-element-905916e elementor-section-full_width elementor-section-height-default elementor-section-height-default\" data-id=\"905916e\" data-element_type=\"section\" data-settings=\"{&quot;jet_parallax_layout_list&quot;:[{&quot;jet_parallax_layout_image&quot;:{&quot;url&quot;:&quot;&quot;,&quot;id&quot;:&quot;&quot;,&quot;size&quot;:&quot;&quot;},&quot;_id&quot;:&quot;7e5610a&quot;,&quot;jet_parallax_layout_image_tablet&quot;:{&quot;url&quot;:&quot;&quot;,&quot;id&quot;:&quot;&quot;,&quot;size&quot;:&quot;&quot;},&quot;jet_parallax_layout_image_mobile&quot;:{&quot;url&quot;:&quot;&quot;,&quot;id&quot;:&quot;&quot;,&quot;size&quot;:&quot;&quot;},&quot;jet_parallax_layout_speed&quot;:{&quot;unit&quot;:&quot;%&quot;,&quot;size&quot;:50,&quot;sizes&quot;:[]},&quot;jet_parallax_layout_type&quot;:&quot;scroll&quot;,&quot;jet_parallax_layout_direction&quot;:null,&quot;jet_parallax_layout_fx_direction&quot;:null,&quot;jet_parallax_layout_z_index&quot;:&quot;&quot;,&quot;jet_parallax_layout_bg_x&quot;:50,&quot;jet_parallax_layout_bg_x_tablet&quot;:&quot;&quot;,&quot;jet_parallax_layout_bg_x_mobile&quot;:&quot;&quot;,&quot;jet_parallax_layout_bg_y&quot;:50,&quot;jet_parallax_layout_bg_y_tablet&quot;:&quot;&quot;,&quot;jet_parallax_layout_bg_y_mobile&quot;:&quot;&quot;,&quot;jet_parallax_layout_bg_size&quot;:&quot;auto&quot;,&quot;jet_parallax_layout_bg_size_tablet&quot;:&quot;&quot;,&quot;jet_parallax_layout_bg_size_mobile&quot;:&quot;&quot;,&quot;jet_parallax_layout_animation_prop&quot;:&quot;transform&quot;,&quot;jet_parallax_layout_on&quot;:[&quot;desktop&quot;,&quot;tablet&quot;]}]}\">\n\t\t\t\t\t\t<div class=\"elementor-container elementor-column-gap-default\">\n\t\t\t\t\t<div class=\"elementor-column elementor-col-100 elementor-top-column elementor-element elementor-element-6e3c8d2\" data-id=\"6e3c8d2\" data-element_type=\"column\">\n\t\t\t<div class=\"elementor-widget-wrap elementor-element-populated\">\n\t\t\t\t\t\t<div class=\"elementor-element elementor-element-dc1197c elementor-widget-divider--view-line_text elementor-widget-divider--element-align-left elementor-widget elementor-widget-divider\" data-id=\"dc1197c\" data-element_type=\"widget\" id=\"pliki\" data-widget_type=\"divider.default\">\n\t\t\t\t<div class=\"elementor-widget-container\">\n\t\t\t\t\t<div class=\"elementor-divider\">\n\t\t\t<span class=\"elementor-divider-separator\">\n\t\t\t\t\t\t\t<span class=\"elementor-divider__text elementor-divider__element\">\n\t\t\t\tPliki do pobrania\t\t\t\t<\/span>\n\t\t\t\t\t\t<\/span>\n\t\t<\/div>\n\t\t\t\t<\/div>\n\t\t\t\t<\/div>\n\t\t\t\t\t<\/div>\n\t\t<\/div>\n\t\t\t\t\t<\/div>\n\t\t<\/section>\n\t\t\t\t<section class=\"elementor-section elementor-top-section elementor-element elementor-element-bffe5e5 elementor-section-full_width elementor-section-height-default elementor-section-height-default\" data-id=\"bffe5e5\" data-element_type=\"section\" data-settings=\"{&quot;jet_parallax_layout_list&quot;:[{&quot;jet_parallax_layout_image&quot;:{&quot;url&quot;:&quot;&quot;,&quot;id&quot;:&quot;&quot;,&quot;size&quot;:&quot;&quot;},&quot;_id&quot;:&quot;9907587&quot;,&quot;jet_parallax_layout_image_tablet&quot;:{&quot;url&quot;:&quot;&quot;,&quot;id&quot;:&quot;&quot;,&quot;size&quot;:&quot;&quot;},&quot;jet_parallax_layout_image_mobile&quot;:{&quot;url&quot;:&quot;&quot;,&quot;id&quot;:&quot;&quot;,&quot;size&quot;:&quot;&quot;},&quot;jet_parallax_layout_speed&quot;:{&quot;unit&quot;:&quot;%&quot;,&quot;size&quot;:50,&quot;sizes&quot;:[]},&quot;jet_parallax_layout_type&quot;:&quot;scroll&quot;,&quot;jet_parallax_layout_direction&quot;:null,&quot;jet_parallax_layout_fx_direction&quot;:null,&quot;jet_parallax_layout_z_index&quot;:&quot;&quot;,&quot;jet_parallax_layout_bg_x&quot;:50,&quot;jet_parallax_layout_bg_x_tablet&quot;:&quot;&quot;,&quot;jet_parallax_layout_bg_x_mobile&quot;:&quot;&quot;,&quot;jet_parallax_layout_bg_y&quot;:50,&quot;jet_parallax_layout_bg_y_tablet&quot;:&quot;&quot;,&quot;jet_parallax_layout_bg_y_mobile&quot;:&quot;&quot;,&quot;jet_parallax_layout_bg_size&quot;:&quot;auto&quot;,&quot;jet_parallax_layout_bg_size_tablet&quot;:&quot;&quot;,&quot;jet_parallax_layout_bg_size_mobile&quot;:&quot;&quot;,&quot;jet_parallax_layout_animation_prop&quot;:&quot;transform&quot;,&quot;jet_parallax_layout_on&quot;:[&quot;desktop&quot;,&quot;tablet&quot;]}]}\">\n\t\t\t\t\t\t<div class=\"elementor-container elementor-column-gap-default\">\n\t\t\t\t\t<div class=\"elementor-column elementor-col-100 elementor-top-column elementor-element elementor-element-41c736f\" data-id=\"41c736f\" data-element_type=\"column\">\n\t\t\t<div class=\"elementor-widget-wrap elementor-element-populated\">\n\t\t\t\t\t\t<div class=\"elementor-element elementor-element-4d4cdb2 elementor-widget elementor-widget-dce-filebrowser\" data-id=\"4d4cdb2\" data-element_type=\"widget\" data-widget_type=\"dce-filebrowser.default\">\n\t\t\t\t<div class=\"elementor-widget-container\">\n\t\t\t<ul class=\"list-unstyled dce-list dce-list-root\"><li class=\"file ext-docx\"><a class=\"block btn-block dce-file-download\" href=\"https:\/\/aisn.pl\/download\/pliki\/Certyfikat samodzielnego diagnosty AISN PTK\/Certyfikat AISN PTK Diagnosta - wniosek pierwszorazowy.docx\"  data-md5=\"9e155d19d9c86d295ad242d154a90539\" target=\"_blank\"><span class=\"middle fiv-viv fiv-icon-docx\"><\/span><span class=\"dce-file-text\"><strong class=\"dce-file-title\">Certyfikat AISN PTK Diagnosta - wniosek pierwszorazowy.docx<\/strong> <small class=\"label label-default dce-file-size-label\">(71 KB)<\/small><\/span><\/a><\/li><li class=\"file ext-docx\"><a class=\"block btn-block dce-file-download\" href=\"https:\/\/aisn.pl\/download\/pliki\/Certyfikat samodzielnego diagnosty AISN PTK\/Certyfikat AISN PTK Diagnosta - wniosek przed\u0142u\u017caj\u0105cy.docx\"  data-md5=\"1f7a546b09ee6ba3d914345ecf201f1f\" target=\"_blank\"><span class=\"middle fiv-viv fiv-icon-docx\"><\/span><span class=\"dce-file-text\"><strong class=\"dce-file-title\">Certyfikat AISN PTK Diagnosta - wniosek przed\u0142u\u017caj\u0105cy.docx<\/strong> <small class=\"label label-default dce-file-size-label\">(72 KB)<\/small><\/span><\/a><\/li><\/ul>\t\t<script type=\"text\/javascript\" >\n\t\t\tvar lastHide = '';\n\t\t\tjQuery(function () {\n\t\t\t\tif (typeof ajaxurl === 'undefined') {\n\t\t\t\t\tvar ajaxurl = \"\/wp-admin\/admin-ajax.php\";\n\t\t\t\t}\n\n\t\t\t\n\t\t\t\t\t});\n\t\t<\/script>\n\t\t\t\t<\/div>\n\t\t\t\t<\/div>\n\t\t\t\t\t<\/div>\n\t\t<\/div>\n\t\t\t\t\t<\/div>\n\t\t<\/section>\n\t\t\t\t<\/div>","protected":false},"excerpt":{"rendered":"<p>Aplikuj o certyfikat Aplikuj o certyfikat online Certyfikat samodzielnego diagnosty AISN PTK Uprawnienia samodzielnego diagnosty uzyska\u0107 mo\u017ce lekarz specjalista kardiolog b\u0119d\u0105cy cz\u0142onkiem Asocjacji Interwencji Sercowo-Naczyniowych Polskiego Towarzystwa Kardiologicznego. Certyfikat ten nie jest wymagany dla os\u00f3b posiadaj\u0105cych certyfikat samodzielnego operatora kardiologii inwazyjnej. Podstawowe szkolenie prowadzone powinno by\u0107 pod kontrol\u0105 kierownika szkol\u0105cej pracowni, kt\u00f3ra uzyska\u0142a co najmniej [&hellip;]<\/p>","protected":false},"author":6,"featured_media":0,"parent":784,"menu_order":1,"comment_status":"closed","ping_status":"closed","template":"","meta":{"footnotes":""},"class_list":["post-786","page","type-page","status-publish","hentry"],"_links":{"self":[{"href":"https:\/\/aisn.pl\/en\/wp-json\/wp\/v2\/pages\/786","targetHints":{"allow":["GET"]}}],"collection":[{"href":"https:\/\/aisn.pl\/en\/wp-json\/wp\/v2\/pages"}],"about":[{"href":"https:\/\/aisn.pl\/en\/wp-json\/wp\/v2\/types\/page"}],"author":[{"embeddable":true,"href":"https:\/\/aisn.pl\/en\/wp-json\/wp\/v2\/users\/6"}],"replies":[{"embeddable":true,"href":"https:\/\/aisn.pl\/en\/wp-json\/wp\/v2\/comments?post=786"}],"version-history":[{"count":13,"href":"https:\/\/aisn.pl\/en\/wp-json\/wp\/v2\/pages\/786\/revisions"}],"predecessor-version":[{"id":26828,"href":"https:\/\/aisn.pl\/en\/wp-json\/wp\/v2\/pages\/786\/revisions\/26828"}],"up":[{"embeddable":true,"href":"https:\/\/aisn.pl\/en\/wp-json\/wp\/v2\/pages\/784"}],"wp:attachment":[{"href":"https:\/\/aisn.pl\/en\/wp-json\/wp\/v2\/media?parent=786"}],"curies":[{"name":"wp","href":"https:\/\/api.w.org\/{rel}","templated":true}]}}