{"id":788,"date":"2020-06-22T13:12:15","date_gmt":"2020-06-22T13:12:15","guid":{"rendered":"https:\/\/test.aisn.pl\/akredytacje\/akredytacja-pracowni-kardiologii-inwazyjnej-doroslych\/"},"modified":"2021-06-21T12:26:13","modified_gmt":"2021-06-21T10:26:13","slug":"akredytacja-pracowni-kardiologii-inwazyjnej-doroslych","status":"publish","type":"page","link":"https:\/\/aisn.pl\/en\/akredytacje\/akredytacja-pracowni-kardiologii-inwazyjnej-doroslych\/","title":{"rendered":"Accreditation of an adult invasive cardiology laboratory"},"content":{"rendered":"<div data-elementor-type=\"wp-page\" data-elementor-id=\"788\" data-post-id=\"788\" data-obj-id=\"788\" class=\"elementor elementor-788 dce-elementor-post-788\" data-elementor-post-type=\"page\">\n\t\t\t\t\t\t<section class=\"elementor-section elementor-top-section elementor-element elementor-element-ee8f8d5 elementor-section-boxed elementor-section-height-default elementor-section-height-default\" data-id=\"ee8f8d5\" data-element_type=\"section\" data-settings=\"{&quot;jet_parallax_layout_list&quot;:[{&quot;jet_parallax_layout_image&quot;:{&quot;url&quot;:&quot;&quot;,&quot;id&quot;:&quot;&quot;,&quot;size&quot;:&quot;&quot;},&quot;_id&quot;:&quot;e5fdd75&quot;,&quot;jet_parallax_layout_image_tablet&quot;:{&quot;url&quot;:&quot;&quot;,&quot;id&quot;:&quot;&quot;,&quot;size&quot;:&quot;&quot;},&quot;jet_parallax_layout_image_mobile&quot;:{&quot;url&quot;:&quot;&quot;,&quot;id&quot;:&quot;&quot;,&quot;size&quot;:&quot;&quot;},&quot;jet_parallax_layout_speed&quot;:{&quot;unit&quot;:&quot;%&quot;,&quot;size&quot;:50,&quot;sizes&quot;:[]},&quot;jet_parallax_layout_type&quot;:&quot;scroll&quot;,&quot;jet_parallax_layout_direction&quot;:null,&quot;jet_parallax_layout_fx_direction&quot;:null,&quot;jet_parallax_layout_z_index&quot;:&quot;&quot;,&quot;jet_parallax_layout_bg_x&quot;:50,&quot;jet_parallax_layout_bg_x_tablet&quot;:&quot;&quot;,&quot;jet_parallax_layout_bg_x_mobile&quot;:&quot;&quot;,&quot;jet_parallax_layout_bg_y&quot;:50,&quot;jet_parallax_layout_bg_y_tablet&quot;:&quot;&quot;,&quot;jet_parallax_layout_bg_y_mobile&quot;:&quot;&quot;,&quot;jet_parallax_layout_bg_size&quot;:&quot;auto&quot;,&quot;jet_parallax_layout_bg_size_tablet&quot;:&quot;&quot;,&quot;jet_parallax_layout_bg_size_mobile&quot;:&quot;&quot;,&quot;jet_parallax_layout_animation_prop&quot;:&quot;transform&quot;,&quot;jet_parallax_layout_on&quot;:[&quot;desktop&quot;,&quot;tablet&quot;]}]}\">\n\t\t\t\t\t\t<div class=\"elementor-container elementor-column-gap-default\">\n\t\t\t\t\t<div class=\"elementor-column elementor-col-100 elementor-top-column elementor-element elementor-element-48fda9d\" data-id=\"48fda9d\" data-element_type=\"column\">\n\t\t\t<div class=\"elementor-widget-wrap elementor-element-populated\">\n\t\t\t\t\t\t<div class=\"elementor-element elementor-element-596375a elementor-widget elementor-widget-heading\" data-id=\"596375a\" data-element_type=\"widget\" data-widget_type=\"heading.default\">\n\t\t\t\t<div class=\"elementor-widget-container\">\n\t\t\t<h2 class=\"elementor-heading-title elementor-size-default\">Accreditation of an adult invasive cardiology laboratory<\/h2>\t\t<\/div>\n\t\t\t\t<\/div>\n\t\t\t\t\t<\/div>\n\t\t<\/div>\n\t\t\t\t\t<\/div>\n\t\t<\/section>\n\t\t\t\t<section class=\"elementor-section elementor-top-section elementor-element elementor-element-1dfb057 elementor-section-full_width elementor-section-height-default elementor-section-height-default\" data-id=\"1dfb057\" data-element_type=\"section\" data-settings=\"{&quot;jet_parallax_layout_list&quot;:[{&quot;jet_parallax_layout_image&quot;:{&quot;url&quot;:&quot;&quot;,&quot;id&quot;:&quot;&quot;,&quot;size&quot;:&quot;&quot;},&quot;_id&quot;:&quot;912e869&quot;,&quot;jet_parallax_layout_image_tablet&quot;:{&quot;url&quot;:&quot;&quot;,&quot;id&quot;:&quot;&quot;,&quot;size&quot;:&quot;&quot;},&quot;jet_parallax_layout_image_mobile&quot;:{&quot;url&quot;:&quot;&quot;,&quot;id&quot;:&quot;&quot;,&quot;size&quot;:&quot;&quot;},&quot;jet_parallax_layout_speed&quot;:{&quot;unit&quot;:&quot;%&quot;,&quot;size&quot;:50,&quot;sizes&quot;:[]},&quot;jet_parallax_layout_type&quot;:&quot;scroll&quot;,&quot;jet_parallax_layout_direction&quot;:null,&quot;jet_parallax_layout_fx_direction&quot;:null,&quot;jet_parallax_layout_z_index&quot;:&quot;&quot;,&quot;jet_parallax_layout_bg_x&quot;:50,&quot;jet_parallax_layout_bg_x_tablet&quot;:&quot;&quot;,&quot;jet_parallax_layout_bg_x_mobile&quot;:&quot;&quot;,&quot;jet_parallax_layout_bg_y&quot;:50,&quot;jet_parallax_layout_bg_y_tablet&quot;:&quot;&quot;,&quot;jet_parallax_layout_bg_y_mobile&quot;:&quot;&quot;,&quot;jet_parallax_layout_bg_size&quot;:&quot;auto&quot;,&quot;jet_parallax_layout_bg_size_tablet&quot;:&quot;&quot;,&quot;jet_parallax_layout_bg_size_mobile&quot;:&quot;&quot;,&quot;jet_parallax_layout_animation_prop&quot;:&quot;transform&quot;,&quot;jet_parallax_layout_on&quot;:[&quot;desktop&quot;,&quot;tablet&quot;]}]}\">\n\t\t\t\t\t\t<div class=\"elementor-container elementor-column-gap-default\">\n\t\t\t\t\t<div class=\"elementor-column elementor-col-100 elementor-top-column elementor-element elementor-element-ec81242\" data-id=\"ec81242\" data-element_type=\"column\">\n\t\t\t<div class=\"elementor-widget-wrap elementor-element-populated\">\n\t\t\t\t\t\t<div class=\"elementor-element elementor-element-6a12535 elementor-widget elementor-widget-text-editor\" data-id=\"6a12535\" data-element_type=\"widget\" data-widget_type=\"text-editor.default\">\n\t\t\t\t<div class=\"elementor-widget-container\">\n\t\t\t\t\t\t\t<p>Poni\u017csze zasady zosta\u0142y oparte na wcze\u015bniej opublikowanych kryteriach w Kardiologii Polskiej 2005; 63 Supl. III: S597-599. Ich aktualizacja jest zwi\u0105zana z dynamicznymi zmianami, kt\u00f3re zachodz\u0105 w standardach i organizacji kardiologii inwazyjnej w Polsce i na \u015bwiecie.<\/p><ul><li>Nadanie akredytacji s\u0142u\u017cy zapewnieniu wysokiej jako\u015bci oraz bezpiecze\u0144stwa zabieg\u00f3w wykonywanych w pracowniach kardiologii inwazyjnej.<\/li><li>Akredytacje s\u0105 nadawane przez Zarz\u0105d G\u0142\u00f3wny Polskiego Towarzystwa Kardiologicznego (PTK) na wniosek Zarz\u0105du Asocjacji Interwencji Sercowo-Naczyniowych PTK, kt\u00f3ra opiniuje wnioski.<\/li><li>Akredytacja jest przyznawana ka\u017cdorazowo na okres 3 lat. Po tym okresie nale\u017cy ponownie z\u0142o\u017cy\u0107 wniosek o przed\u0142u\u017cenie\/zmian\u0119 akredytacji.<\/li><li>Mo\u017cliwe jest wcze\u015bniejsze z\u0142o\u017cenie wniosku o podwy\u017cszenie klasy akredytacji, je\u017celi dana pracownia spe\u0142ni\u0142a wszystkie podane kryteria.<\/li><li>Posiadanie akredytacji jest to\u017csame z po\u015bwiadczeniem o wype\u0142nianiu przez o\u015brodek bazy danych zabieg\u00f3w kardiologii inwazyjnej AISN PTK.<\/li><li>Koszt wydania certyfikatu akredytacji wraz z za\u015bwiadczeniem o wype\u0142nianiu przez o\u015brodek bazy danych zabieg\u00f3w kardiologii inwazyjnej AISN PTK wynosi \u0142\u0105cznie 3 000 z\u0142 brutto.<\/li><li>W zale\u017cno\u015bci od spe\u0142nienia poni\u017cszych kryteri\u00f3w pracownia uzyskuje jedn\u0105 z trzech klas akredytacji: A, B lub C.<\/li><li>Wniosek akredytacyjny sk\u0142ada kierownik pracowni, do\u0142\u0105czaj\u0105c o\u015bwiadczenie potwierdzaj\u0105ce spe\u0142nienie stosownych wymog\u00f3w. Przes\u0142ane dane s\u0105 nast\u0119pnie weryfikowane w Og\u00f3lnopolskiej Bazie Danych AISN PTK.<\/li><\/ul><h4 data-fontsize=\"16\" data-lineheight=\"24\"><span style=\"color: #cb0200;\">Kierownikiem pracowni jest lekarz b\u0119d\u0105cy samodzielnym operatorem, kt\u00f3ry:<\/span><\/h4><ul><li>posiada specjalizacj\u0119 z kardiologii oraz certyfikat samodzielnego operatora kardiologii inwazyjnej wydany przez AISN PTK<\/li><li>wykona\u0142 samodzielnie co najmniej 500 zabieg\u00f3w PCI<\/li><\/ul><h4 data-fontsize=\"16\" data-lineheight=\"24\"><span style=\"color: #cb0200;\">Pracownie ubiegaj\u0105ce si\u0119 o akredytacje PTK powinny spe\u0142nia\u0107 wymogi dotycz\u0105ce:<\/span><\/h4><ul><li>Warunk\u00f3w lokalowych pracowni radiologii zabiegowej<\/li><li>Wyposa\u017cenia pracowni kardiologii inwazyjnej zgodnie z klas\u0105 akredytacji (A, B lub C)<\/li><li>Kadry o\u015brodka oraz prawid\u0142owej organizacji pracy (w tym oddzia\u0142u intensywnego nadzoru kardiologicznego)<\/li><li>Dost\u0119pno\u015bci anestezjologa w lokalizacji<\/li><li>Dost\u0119pno\u015bci respiratora w lokalizacji<\/li><li>Dost\u0119pno\u015bci echokardiografii w lokalizacji<\/li><li>W\u00a0przypadku o\u015brodk\u00f3w typu A i B wsp\u00f3\u0142pracy z referencyjnym o\u015brodkiem kardiologii interwencyjnej (typu C) i oddzia\u0142em kardiochirurgii zapewniaj\u0105cym ci\u0105g\u0142o\u015b\u0107 leczenia chorych<\/li><li>Regularnego przesy\u0142ania comiesi\u0119cznych raport\u00f3w do Og\u00f3lnopolskiej Bazy Danych AISN PTK. Regularna sprawozdawczo\u015b\u0107 jest warunkiem uzyskania certyfikatu akredytacji<\/li><\/ul><p>Za\u015bwiadczenia o sprawozdawczo\u015bci do Bazy Danych AISN PTK wydawane b\u0119d\u0105 tylko pracowniom posiadaj\u0105cym akredytacj\u0119 PTK.<\/p><p>Nowo powsta\u0142e pracownie b\u0119d\u0105 mog\u0142y zosta\u0107 warunkowo wpisane do Bazy Danych AISN PTK i prowadzi\u0107 sprawozdawczo\u015b\u0107 po spe\u0142nieniu wszystkich wymog\u00f3w formalnych niezb\u0119dnych do uzyskania minimum akredytacji klasy A, za wyj\u0105tkiem liczby wykonanych procedur. Po 12 miesi\u0105cach pracownia musi wykona\u0107 liczb\u0119 zabieg\u00f3w niezb\u0119dn\u0105 do uzyskania minimum akredytacji klasy A. Je\u017celi nie spe\u0142ni tego warunku zostanie wykre\u015blona z bazy danych AISN PTK i nie b\u0119dzie mog\u0142a ubiega\u0107 si\u0119 o uzyskanie za\u015bwiadczenia o sprawozdawczo\u015bci.\u00a0<\/p><h3 data-fontsize=\"18\" data-lineheight=\"27\">Kryteria dotycz\u0105ce poszczeg\u00f3lnych klas akredytacji AISN\/PTK dla pracowni\u00a0 kardiologii inwazyjnej<\/h3><h4><span style=\"color: #cb0200;\">Podstawowe wymogi kwalifikacyjne dla pracowni kardiologii inwazyjnej rozpoczynaj\u0105cej dzia\u0142alno\u015b\u0107 (klasa A)<\/span><\/h4><h4 align=\"left\">Wyposa\u017cenie:<\/h4><ul><li>angiokardiograf z cyfrow\u0105 rejestracj\u0105 obraz\u00f3w<\/li><li>aparaty: strzykawka automatyczna, polifizjograf (umo\u017cliwiaj\u0105cy pomiary ci\u015bnienia oraz rejestracj\u0119 EKG), defibrylator, kardiostymulator zewn\u0119trzny oraz zestaw resuscytacyjny; aparat do kontrapulsacji wewn\u0105trzaortalnej (IABP)<\/li><\/ul><h4 align=\"left\">\u00a0Minimalna liczba procedur na rok:<\/h4><ul><li>koronarografia: &gt;600<\/li><li>PCI:\u00a0 &gt;240<\/li><\/ul><h4 align=\"left\">\u00a0Tryb dzia\u0142alno\u015bci:<\/h4><ul><li>w godzinach funkcjonowania pracowni\u00a0<\/li><\/ul><h4 data-fontsize=\"16\" data-lineheight=\"24\"><span style=\"color: #cb0200;\">Podstawowe wymogi kwalifikacyjne dla zaawansowanej pracowni kardiologii inwazyjnej (klasa B)<\/span><\/h4><h4 align=\"left\">Wyposa\u017cenie:<\/h4><ul><li>angiokardiograf z cyfrow\u0105 rejestracj\u0105 obraz\u00f3w<\/li><li>aparaty: strzykawka automatyczna, polifizjograf (umo\u017cliwiaj\u0105cy pomiary ci\u015bnienia oraz rejestracj\u0119 EKG), defibrylator, kardiostymulator zewn\u0119trzny oraz zestaw resuscytacyjny; aparat do kontrapulsacji wewn\u0105trzaortalnej (IABP)<\/li><\/ul><h4 align=\"left\">\u00a0Minimalna liczba procedur na rok:<\/h4><ul><li>koronarografia: &gt;700 na rok<\/li><li>PCI: &gt;500 na rok<\/li><li>leczenie inwazyjne ostrych zespo\u0142\u00f3w wie\u0144cowych &gt;250 przypadk\u00f3w na rok<\/li><\/ul><h4 align=\"left\">Tryb udzielania \u015bwiadcze\u0144:<\/h4><ul><li>Zapewnienie mo\u017cliwo\u015b\u0107 wykonywania zabieg\u00f3w 24 godz.\/dob\u0119<\/li><\/ul><h4 data-fontsize=\"16\" data-lineheight=\"24\"><span style=\"color: #cb0200;\">Podstawowe wymogi kwalifikacyjne dla referencyjnej pracowni kardiologii inwazyjnej\u00a0(klasa C)<\/span><\/h4><h4 align=\"left\">Wyposa\u017cenie:<\/h4><ul><li>angiokardiograf z cyfrow\u0105 rejestracj\u0105 obraz\u00f3w<\/li><li>aparaty: strzykawka automatyczna, polifizjograf (umo\u017cliwiaj\u0105cy pomiary ci\u015bnienia oraz rejestracj\u0119 EKG), defibrylator, kardiostymulator zewn\u0119trzny oraz zestaw resuscytacyjny; aparat do kontrapulsacji wewn\u0105trzaortalnej (IABP) \u2013 aparaty: IVUS i FFR<\/li><\/ul><h4 align=\"left\">Minimalna liczba procedur na rok:<\/h4><ul><li>koronarografia: &gt;1000 na rok<\/li><li>PCI: &gt;700 na rok<\/li><li>leczenie inwazyjne ostrych zespo\u0142\u00f3w wie\u0144cowych &gt;250 przypadk\u00f3w na rok<\/li><li>IVUS i FFR \u2013 co najmniej 50 zabieg\u00f3w na rok (potwierdzonych w sprawozdaniach do bazy AISN PTK)<\/li><\/ul><h4 align=\"left\">Tryb udzielania \u015bwiadcze\u0144:<\/h4><ul><li>Zapewnienie mo\u017cliwo\u015b\u0107 wykonywania zabieg\u00f3w 24 godz.\/dob\u0119<\/li><\/ul><h5 align=\"left\"><strong>Dodatkowo posiada uprawnienia do samodzielnego prowadzenia procedur z grupy\u00a0pozawie\u0144cowej (co najmniej trzy typy procedur):<\/strong><\/h5><ul><li>przezsk\u00f3rne zamykanie ubytk\u00f3w wewn\u0105trzsercowych<\/li><li>przezcewnikowe wszczepienie protezy zastawki aortalnej (TAVI), wszczepienie protezy p\u0142ucnej (PAVTI)<\/li><li>walwuloplastyka mitralna, aortalna i p\u0142ucna<\/li><li>przezsk\u00f3rne zamykanie uszka lewego przedsionka<\/li><li>przezsk\u00f3rne zamykanie przeciek\u00f3w oko\u0142ozastawkowych<\/li><li>zak\u0142adanie klipsu mitralnego (inne przezsk\u00f3rne metody leczenia niedomykalno\u015bci mitralnej)<\/li><li>przezsk\u00f3rne zamykanie PDA u doros\u0142ych<\/li><li>angioplastyka t\u0119tnic obwodowych (stentowanie t\u0119tnic szyjnych, podobojczykowych, nerkowych, biodrowych, udowych, podkolanowych i t\u0119tnic poni\u017cej kolana)<\/li><li>wszczepienie stentgraft\u00f3w aortalnych<\/li><li>angioplastyka koarktacji aorty<\/li><li>wszczepienie filtra do \u017cy\u0142y g\u0142\u00f3wnej dolnej<\/li><li>przezsk\u00f3rna embolektomia t\u0119tnic p\u0142ucnych w zatorowo\u015bci p\u0142ucnej<\/li><li>terapia kom\u00f3rkowa w niewydolno\u015bci serca<br \/><br \/>Uchwa\u0142a nr 1\/04\/2021<br \/>Zarz\u0105d AISN PTK ustala, \u017ce dla Pracowni Hemodynamicznych, kt\u00f3re nie spe\u0142niaj\u0105 kryterium wystarczaj\u0105cej liczby procedur hemodynamicznych wykonywanych w 2020 r. i 2021 r. przy ubieganiu si\u0119 o przed\u0142u\u017cenie lub przyznanie certyfikatu AISN dla o\u015brodka mo\u017ce zosta\u0107 przyj\u0119ta liczba zabieg\u00f3w z roku 2019. Powy\u017csze wynika z sytuacji epidemicznej zwi\u0105zanej z COVID19, kt\u00f3ra w 2020 r. i 2021 r. istotnie wp\u0142yn\u0119\u0142a na mo\u017cliwo\u015b\u0107 leczenia pacjent\u00f3w ze schorzeniami sercowo-naczyniowymi.<\/li><\/ul>\t\t\t\t\t\t<\/div>\n\t\t\t\t<\/div>\n\t\t\t\t\t<\/div>\n\t\t<\/div>\n\t\t\t\t\t<\/div>\n\t\t<\/section>\n\t\t\t\t<section class=\"elementor-section elementor-top-section elementor-element elementor-element-9b52e82 elementor-section-full_width elementor-section-height-default elementor-section-height-default\" data-id=\"9b52e82\" data-element_type=\"section\" data-settings=\"{&quot;jet_parallax_layout_list&quot;:[{&quot;jet_parallax_layout_image&quot;:{&quot;url&quot;:&quot;&quot;,&quot;id&quot;:&quot;&quot;,&quot;size&quot;:&quot;&quot;},&quot;_id&quot;:&quot;3cb4136&quot;,&quot;jet_parallax_layout_image_tablet&quot;:{&quot;url&quot;:&quot;&quot;,&quot;id&quot;:&quot;&quot;,&quot;size&quot;:&quot;&quot;},&quot;jet_parallax_layout_image_mobile&quot;:{&quot;url&quot;:&quot;&quot;,&quot;id&quot;:&quot;&quot;,&quot;size&quot;:&quot;&quot;},&quot;jet_parallax_layout_speed&quot;:{&quot;unit&quot;:&quot;%&quot;,&quot;size&quot;:50,&quot;sizes&quot;:[]},&quot;jet_parallax_layout_type&quot;:&quot;scroll&quot;,&quot;jet_parallax_layout_direction&quot;:null,&quot;jet_parallax_layout_fx_direction&quot;:null,&quot;jet_parallax_layout_z_index&quot;:&quot;&quot;,&quot;jet_parallax_layout_bg_x&quot;:50,&quot;jet_parallax_layout_bg_x_tablet&quot;:&quot;&quot;,&quot;jet_parallax_layout_bg_x_mobile&quot;:&quot;&quot;,&quot;jet_parallax_layout_bg_y&quot;:50,&quot;jet_parallax_layout_bg_y_tablet&quot;:&quot;&quot;,&quot;jet_parallax_layout_bg_y_mobile&quot;:&quot;&quot;,&quot;jet_parallax_layout_bg_size&quot;:&quot;auto&quot;,&quot;jet_parallax_layout_bg_size_tablet&quot;:&quot;&quot;,&quot;jet_parallax_layout_bg_size_mobile&quot;:&quot;&quot;,&quot;jet_parallax_layout_animation_prop&quot;:&quot;transform&quot;,&quot;jet_parallax_layout_on&quot;:[&quot;desktop&quot;,&quot;tablet&quot;]}]}\">\n\t\t\t\t\t\t<div class=\"elementor-container elementor-column-gap-default\">\n\t\t\t\t\t<div class=\"elementor-column elementor-col-100 elementor-top-column elementor-element elementor-element-be9a513\" data-id=\"be9a513\" data-element_type=\"column\">\n\t\t\t<div class=\"elementor-widget-wrap elementor-element-populated\">\n\t\t\t\t\t\t<div class=\"elementor-element elementor-element-a1227f5 elementor-widget-divider--view-line_text elementor-widget-divider--element-align-left elementor-widget elementor-widget-divider\" data-id=\"a1227f5\" data-element_type=\"widget\" data-widget_type=\"divider.default\">\n\t\t\t\t<div class=\"elementor-widget-container\">\n\t\t\t\t\t<div class=\"elementor-divider\">\n\t\t\t<span class=\"elementor-divider-separator\">\n\t\t\t\t\t\t\t<span class=\"elementor-divider__text elementor-divider__element\">\n\t\t\t\tPowi\u0105zane pliki\t\t\t\t<\/span>\n\t\t\t\t\t\t<\/span>\n\t\t<\/div>\n\t\t\t\t<\/div>\n\t\t\t\t<\/div>\n\t\t\t\t\t<\/div>\n\t\t<\/div>\n\t\t\t\t\t<\/div>\n\t\t<\/section>\n\t\t\t\t<section class=\"elementor-section elementor-top-section elementor-element elementor-element-c6c319e elementor-section-full_width elementor-section-height-default elementor-section-height-default\" data-id=\"c6c319e\" data-element_type=\"section\" data-settings=\"{&quot;jet_parallax_layout_list&quot;:[{&quot;jet_parallax_layout_image&quot;:{&quot;url&quot;:&quot;&quot;,&quot;id&quot;:&quot;&quot;,&quot;size&quot;:&quot;&quot;},&quot;_id&quot;:&quot;3dd8a3d&quot;,&quot;jet_parallax_layout_image_tablet&quot;:{&quot;url&quot;:&quot;&quot;,&quot;id&quot;:&quot;&quot;,&quot;size&quot;:&quot;&quot;},&quot;jet_parallax_layout_image_mobile&quot;:{&quot;url&quot;:&quot;&quot;,&quot;id&quot;:&quot;&quot;,&quot;size&quot;:&quot;&quot;},&quot;jet_parallax_layout_speed&quot;:{&quot;unit&quot;:&quot;%&quot;,&quot;size&quot;:50,&quot;sizes&quot;:[]},&quot;jet_parallax_layout_type&quot;:&quot;scroll&quot;,&quot;jet_parallax_layout_direction&quot;:null,&quot;jet_parallax_layout_fx_direction&quot;:null,&quot;jet_parallax_layout_z_index&quot;:&quot;&quot;,&quot;jet_parallax_layout_bg_x&quot;:50,&quot;jet_parallax_layout_bg_x_tablet&quot;:&quot;&quot;,&quot;jet_parallax_layout_bg_x_mobile&quot;:&quot;&quot;,&quot;jet_parallax_layout_bg_y&quot;:50,&quot;jet_parallax_layout_bg_y_tablet&quot;:&quot;&quot;,&quot;jet_parallax_layout_bg_y_mobile&quot;:&quot;&quot;,&quot;jet_parallax_layout_bg_size&quot;:&quot;auto&quot;,&quot;jet_parallax_layout_bg_size_tablet&quot;:&quot;&quot;,&quot;jet_parallax_layout_bg_size_mobile&quot;:&quot;&quot;,&quot;jet_parallax_layout_animation_prop&quot;:&quot;transform&quot;,&quot;jet_parallax_layout_on&quot;:[&quot;desktop&quot;,&quot;tablet&quot;]}]}\">\n\t\t\t\t\t\t<div class=\"elementor-container elementor-column-gap-default\">\n\t\t\t\t\t<div class=\"elementor-column elementor-col-100 elementor-top-column elementor-element elementor-element-16049bc\" data-id=\"16049bc\" data-element_type=\"column\">\n\t\t\t<div class=\"elementor-widget-wrap elementor-element-populated\">\n\t\t\t\t\t\t<div class=\"elementor-element elementor-element-99570b1 elementor-widget elementor-widget-dce-filebrowser\" data-id=\"99570b1\" data-element_type=\"widget\" data-widget_type=\"dce-filebrowser.default\">\n\t\t\t\t<div class=\"elementor-widget-container\">\n\t\t\t<ul class=\"list-unstyled dce-list dce-list-root\"><li class=\"file ext-docx\"><a class=\"block btn-block dce-file-download\" href=\"https:\/\/aisn.pl\/download\/pliki\/Akredytacja pracowni kardiologii inwazyjnej doros\u0142ych\/Wniosek akredytacja AISN PTK osrodka kardiologii inwazyjnej.docx\"  data-md5=\"f884786a1be1cb0bd26eb5b6dbec5067\" target=\"_blank\"><span class=\"middle fiv-viv fiv-icon-docx\"><\/span><span class=\"dce-file-text\"><strong class=\"dce-file-title\">Wniosek akredytacja AISN PTK osrodka kardiologii inwazyjnej.docx<\/strong> <small class=\"label label-default dce-file-size-label\">(58 KB)<\/small><\/span><\/a><\/li><li class=\"file ext-pdf\"><a class=\"block btn-block dce-file-download\" href=\"https:\/\/aisn.pl\/download\/pliki\/Akredytacja pracowni kardiologii inwazyjnej doros\u0142ych\/Wniosek akredytacja AISN PTK osrodka kardiologii inwazyjnej.pdf\"  data-md5=\"2d16f3ceb5992e308e44b3800859ba78\" target=\"_blank\"><span class=\"middle fiv-viv fiv-icon-pdf\"><\/span><span class=\"dce-file-text\"><strong class=\"dce-file-title\">Wniosek akredytacja AISN PTK osrodka kardiologii inwazyjnej.pdf<\/strong> <small class=\"label label-default dce-file-size-label\">(477 KB)<\/small><\/span><\/a><\/li><\/ul>\t\t<script type=\"text\/javascript\" >\n\t\t\tvar lastHide = '';\n\t\t\tjQuery(function () {\n\t\t\t\tif (typeof ajaxurl === 'undefined') {\n\t\t\t\t\tvar ajaxurl = \"\/wp-admin\/admin-ajax.php\";\n\t\t\t\t}\n\n\t\t\t\n\t\t\t\t\t});\n\t\t<\/script>\n\t\t\t\t<\/div>\n\t\t\t\t<\/div>\n\t\t\t\t\t<\/div>\n\t\t<\/div>\n\t\t\t\t\t<\/div>\n\t\t<\/section>\n\t\t\t\t<\/div>","protected":false},"excerpt":{"rendered":"<p>Akredytacja pracowni kardiologii inwazyjnej doros\u0142ych Poni\u017csze zasady zosta\u0142y oparte na wcze\u015bniej opublikowanych kryteriach w Kardiologii Polskiej 2005; 63 Supl. III: S597-599. Ich aktualizacja jest zwi\u0105zana z dynamicznymi zmianami, kt\u00f3re zachodz\u0105 w standardach i organizacji kardiologii inwazyjnej w Polsce i na \u015bwiecie. Nadanie akredytacji s\u0142u\u017cy zapewnieniu wysokiej jako\u015bci oraz bezpiecze\u0144stwa zabieg\u00f3w wykonywanych w pracowniach kardiologii inwazyjnej. [&hellip;]<\/p>","protected":false},"author":6,"featured_media":0,"parent":784,"menu_order":3,"comment_status":"closed","ping_status":"closed","template":"","meta":{"footnotes":""},"class_list":["post-788","page","type-page","status-publish","hentry"],"_links":{"self":[{"href":"https:\/\/aisn.pl\/en\/wp-json\/wp\/v2\/pages\/788","targetHints":{"allow":["GET"]}}],"collection":[{"href":"https:\/\/aisn.pl\/en\/wp-json\/wp\/v2\/pages"}],"about":[{"href":"https:\/\/aisn.pl\/en\/wp-json\/wp\/v2\/types\/page"}],"author":[{"embeddable":true,"href":"https:\/\/aisn.pl\/en\/wp-json\/wp\/v2\/users\/6"}],"replies":[{"embeddable":true,"href":"https:\/\/aisn.pl\/en\/wp-json\/wp\/v2\/comments?post=788"}],"version-history":[{"count":3,"href":"https:\/\/aisn.pl\/en\/wp-json\/wp\/v2\/pages\/788\/revisions"}],"predecessor-version":[{"id":9679,"href":"https:\/\/aisn.pl\/en\/wp-json\/wp\/v2\/pages\/788\/revisions\/9679"}],"up":[{"embeddable":true,"href":"https:\/\/aisn.pl\/en\/wp-json\/wp\/v2\/pages\/784"}],"wp:attachment":[{"href":"https:\/\/aisn.pl\/en\/wp-json\/wp\/v2\/media?parent=788"}],"curies":[{"name":"wp","href":"https:\/\/api.w.org\/{rel}","templated":true}]}}