{"id":789,"date":"2020-06-22T13:12:15","date_gmt":"2020-06-22T13:12:15","guid":{"rendered":"https:\/\/test.aisn.pl\/akredytacje\/certyfikat-operatora-pediatrycznego-aisn-ptk\/"},"modified":"2022-02-08T07:59:38","modified_gmt":"2022-02-08T06:59:38","slug":"certyfikat-operatora-pediatrycznego-aisn-ptk","status":"publish","type":"page","link":"https:\/\/aisn.pl\/en\/akredytacje\/certyfikat-operatora-pediatrycznego-aisn-ptk\/","title":{"rendered":"Pediatric Operator Certificate AISN PTK"},"content":{"rendered":"<div data-elementor-type=\"wp-page\" data-elementor-id=\"789\" data-post-id=\"789\" data-obj-id=\"789\" class=\"elementor elementor-789 dce-elementor-post-789\" data-elementor-post-type=\"page\">\n\t\t\t\t\t\t<section class=\"elementor-section elementor-top-section elementor-element elementor-element-5cf8fb5 elementor-section-content-middle elementor-section-full_width elementor-section-height-default elementor-section-height-default\" data-id=\"5cf8fb5\" data-element_type=\"section\" data-settings=\"{&quot;background_background&quot;:&quot;classic&quot;,&quot;jet_parallax_layout_list&quot;:[{&quot;_id&quot;:&quot;1601f3e&quot;,&quot;jet_parallax_layout_image&quot;:{&quot;url&quot;:&quot;&quot;,&quot;id&quot;:&quot;&quot;,&quot;size&quot;:&quot;&quot;},&quot;jet_parallax_layout_image_tablet&quot;:{&quot;url&quot;:&quot;&quot;,&quot;id&quot;:&quot;&quot;,&quot;size&quot;:&quot;&quot;},&quot;jet_parallax_layout_image_mobile&quot;:{&quot;url&quot;:&quot;&quot;,&quot;id&quot;:&quot;&quot;,&quot;size&quot;:&quot;&quot;},&quot;jet_parallax_layout_speed&quot;:{&quot;unit&quot;:&quot;%&quot;,&quot;size&quot;:50,&quot;sizes&quot;:[]},&quot;jet_parallax_layout_type&quot;:&quot;scroll&quot;,&quot;jet_parallax_layout_direction&quot;:null,&quot;jet_parallax_layout_fx_direction&quot;:null,&quot;jet_parallax_layout_z_index&quot;:&quot;&quot;,&quot;jet_parallax_layout_bg_x&quot;:50,&quot;jet_parallax_layout_bg_x_tablet&quot;:&quot;&quot;,&quot;jet_parallax_layout_bg_x_mobile&quot;:&quot;&quot;,&quot;jet_parallax_layout_bg_y&quot;:50,&quot;jet_parallax_layout_bg_y_tablet&quot;:&quot;&quot;,&quot;jet_parallax_layout_bg_y_mobile&quot;:&quot;&quot;,&quot;jet_parallax_layout_bg_size&quot;:&quot;auto&quot;,&quot;jet_parallax_layout_bg_size_tablet&quot;:&quot;&quot;,&quot;jet_parallax_layout_bg_size_mobile&quot;:&quot;&quot;,&quot;jet_parallax_layout_animation_prop&quot;:&quot;transform&quot;,&quot;jet_parallax_layout_on&quot;:[&quot;desktop&quot;,&quot;tablet&quot;]}]}\">\n\t\t\t\t\t\t\t<div class=\"elementor-background-overlay\"><\/div>\n\t\t\t\t\t\t\t<div class=\"elementor-container elementor-column-gap-no\">\n\t\t\t\t\t<div class=\"elementor-column elementor-col-50 elementor-top-column elementor-element elementor-element-906978b\" data-id=\"906978b\" data-element_type=\"column\">\n\t\t\t<div class=\"elementor-widget-wrap elementor-element-populated\">\n\t\t\t\t\t\t<div class=\"elementor-element elementor-element-f86ed35 elementor-widget elementor-widget-heading\" data-id=\"f86ed35\" data-element_type=\"widget\" data-widget_type=\"heading.default\">\n\t\t\t\t<div class=\"elementor-widget-container\">\n\t\t\t<h2 class=\"elementor-heading-title elementor-size-default\">Aplikuj o <br \/>certyfikat\n<\/h2>\t\t<\/div>\n\t\t\t\t<\/div>\n\t\t\t\t\t<\/div>\n\t\t<\/div>\n\t\t\t\t<div class=\"elementor-column elementor-col-50 elementor-top-column elementor-element elementor-element-1ef03bb\" data-id=\"1ef03bb\" data-element_type=\"column\">\n\t\t\t<div class=\"elementor-widget-wrap elementor-element-populated\">\n\t\t\t\t\t\t<div class=\"elementor-element elementor-element-e67505e elementor-align-center elementor-widget elementor-widget-button\" data-id=\"e67505e\" data-element_type=\"widget\" data-widget_type=\"button.default\">\n\t\t\t\t<div class=\"elementor-widget-container\">\n\t\t\t\t\t\t\t<div class=\"elementor-button-wrapper\">\n\t\t\t\t\t<a class=\"elementor-button elementor-button-link elementor-size-sm\" href=\"https:\/\/ptk.gbbsoft.pl\/\">\n\t\t\t\t\t\t<span class=\"elementor-button-content-wrapper\">\n\t\t\t\t\t\t\t\t\t<span class=\"elementor-button-text\">Aplikuj o certyfikat<\/span>\n\t\t\t\t\t<\/span>\n\t\t\t\t\t<\/a>\n\t\t\t\t<\/div>\n\t\t\t\t\t\t<\/div>\n\t\t\t\t<\/div>\n\t\t\t\t\t<\/div>\n\t\t<\/div>\n\t\t\t\t\t<\/div>\n\t\t<\/section>\n\t\t\t\t<section class=\"elementor-section elementor-top-section elementor-element elementor-element-a4efc1a elementor-section-boxed elementor-section-height-default elementor-section-height-default\" data-id=\"a4efc1a\" data-element_type=\"section\" data-settings=\"{&quot;jet_parallax_layout_list&quot;:[{&quot;jet_parallax_layout_image&quot;:{&quot;url&quot;:&quot;&quot;,&quot;id&quot;:&quot;&quot;,&quot;size&quot;:&quot;&quot;},&quot;_id&quot;:&quot;af4749e&quot;,&quot;jet_parallax_layout_image_tablet&quot;:{&quot;url&quot;:&quot;&quot;,&quot;id&quot;:&quot;&quot;,&quot;size&quot;:&quot;&quot;},&quot;jet_parallax_layout_image_mobile&quot;:{&quot;url&quot;:&quot;&quot;,&quot;id&quot;:&quot;&quot;,&quot;size&quot;:&quot;&quot;},&quot;jet_parallax_layout_speed&quot;:{&quot;unit&quot;:&quot;%&quot;,&quot;size&quot;:50,&quot;sizes&quot;:[]},&quot;jet_parallax_layout_type&quot;:&quot;scroll&quot;,&quot;jet_parallax_layout_direction&quot;:null,&quot;jet_parallax_layout_fx_direction&quot;:null,&quot;jet_parallax_layout_z_index&quot;:&quot;&quot;,&quot;jet_parallax_layout_bg_x&quot;:50,&quot;jet_parallax_layout_bg_x_tablet&quot;:&quot;&quot;,&quot;jet_parallax_layout_bg_x_mobile&quot;:&quot;&quot;,&quot;jet_parallax_layout_bg_y&quot;:50,&quot;jet_parallax_layout_bg_y_tablet&quot;:&quot;&quot;,&quot;jet_parallax_layout_bg_y_mobile&quot;:&quot;&quot;,&quot;jet_parallax_layout_bg_size&quot;:&quot;auto&quot;,&quot;jet_parallax_layout_bg_size_tablet&quot;:&quot;&quot;,&quot;jet_parallax_layout_bg_size_mobile&quot;:&quot;&quot;,&quot;jet_parallax_layout_animation_prop&quot;:&quot;transform&quot;,&quot;jet_parallax_layout_on&quot;:[&quot;desktop&quot;,&quot;tablet&quot;]}]}\">\n\t\t\t\t\t\t<div class=\"elementor-container elementor-column-gap-default\">\n\t\t\t\t\t<div class=\"elementor-column elementor-col-100 elementor-top-column elementor-element elementor-element-00996cb\" data-id=\"00996cb\" data-element_type=\"column\">\n\t\t\t<div class=\"elementor-widget-wrap elementor-element-populated\">\n\t\t\t\t\t\t<div class=\"elementor-element elementor-element-d9fa19c elementor-widget elementor-widget-heading\" data-id=\"d9fa19c\" data-element_type=\"widget\" data-widget_type=\"heading.default\">\n\t\t\t\t<div class=\"elementor-widget-container\">\n\t\t\t<h2 class=\"elementor-heading-title elementor-size-default\">Pediatria kardiologiczna<\/h2>\t\t<\/div>\n\t\t\t\t<\/div>\n\t\t\t\t<div class=\"elementor-element elementor-element-1818afd elementor-widget elementor-widget-text-editor\" data-id=\"1818afd\" data-element_type=\"widget\" data-widget_type=\"text-editor.default\">\n\t\t\t\t<div class=\"elementor-widget-container\">\n\t\t\t\t\t\t\t<p>Za pediatryczn\u0105 kardiologi\u0119 inwazyjn\u0105 uznaje si\u0119 wiedz\u0119 i umiej\u0119tno\u015bci praktyczne pozwalaj\u0105ce na wykonywanie diagnostycznych cewnikowa\u0144 serca i przezsk\u00f3rnych zabieg\u00f3w terapeutycznych, tzw. zabieg\u00f3w interwencyjnych u pacjent\u00f3w z wadami wrodzonymi i chorobami serca w wieku od 0 do 18 roku \u017cycia. Stanowi tak\u017ce podstaw\u0119 do wykonywania tych zabieg\u00f3w&nbsp; u doros\u0142ych pacjent\u00f3w z wrodzonymi i strukturalnymi wadami serca.<\/p>\n<ol>\n<li>Tytu\u0142 samodzielnego operatora w zakresie dzieci\u0119cej kardiologii inwazyjnej mo\u017ce otrzyma\u0107 lekarz ze specjalizacj\u0105 z kardiologii dzieci\u0119cej, pediatra-kardiolog lub kardiolog b\u0119d\u0105cy cz\u0142onkiem Asocjacji Interwencji Sercowo-Naczyniowych Polskiego Towarzystwa Kardiologicznego.<\/li>\n<li>Podstawowe szkolenie prowadzone powinno by\u0107 pod kontrol\u0105 kierownika szkol\u0105cej pracowni, kt\u00f3ra uzyska\u0142a co najmniej klas\u0119 B wg. standard\u00f3w akredytacyjnych AISN PTK.<\/li>\n<li>W danym o\u015brodku na jednego szkol\u0105cego si\u0119 powinien przypada\u0107 co najmniej jeden samodzielny operator kardiologii inwazyjnej.<\/li>\n<li>Czas szkolenia wynosi 18 miesi\u0119cy, w tym czasie lekarz musi wykona\u0107 osobi\u015bcie (pod nadzorem) co najmniej 75 podstawowych przezsk\u00f3rnych zabieg\u00f3w terapeutycznych, tzw. kardiologicznych zabieg\u00f3w interwencyjnych u pacjent\u00f3w w wieku od 0-18 lat, lub starszych pacjent\u00f3w z wrodzonymi wadami serca. Za\u015bwiadczenie o uko\u0144czeniu szkolenia&nbsp; wystawia kierownik pracowni szkol\u0105cej.<\/li>\n<li>Wymagane jest podczas szkolenia zgromadzenie podczas szkolenia minimum 30 pkt za uczestnictwo w kongresach kardiologii inwazyjnej rekomendowanych przez AISN PTK*<\/li>\n<li>Wniosek o przyznanie Certyfikatu samodzielnego operatora kardiologii dzieci\u0119cej sk\u0142adany jest w systemie PTKCz\u0142onkowie. Do wniosku musz\u0105 by\u0107 do\u0142\u0105czone za\u015bwiadczenia potwierdzaj\u0105ce spe\u0142nienie wymog\u00f3w: kopia dyplomu specjalizacji z kardiologii lub kardiologii dzieci\u0119cej, za\u015bwiadczenie o liczbie przeprowadzonych zabieg\u00f3w, kopie certyfikat\u00f3w uczestnictwa w kongresach oraz za\u015bwiadczenie o op\u0142aceniu sk\u0142adek cz\u0142onkowskich PTK.<\/li>\n<li>Certyfikat samodzielnego operatora jest sygnowany przez Prezesa PTK i Przewodnicz\u0105cego AISN PTK, a jego wydanie jest bezp\u0142atne.<\/li>\n<li>W celu uzyskania kolejnego certyfikatu operatora (przed\u0142u\u017cenie) na kolejne 5 lat konieczne jest wykonanie co najmniej 50 zabieg\u00f3w terapeutycznych na rok.<\/li>\n<li>Wykonanie zabieg\u00f3w musi by\u0107 potwierdzone w ksi\u0105\u017cce zabiegowej oraz w bazie Og\u00f3lnopolskiego Rejestru Procedur Kardiologii Inwazyjnej (ORPKI). Je\u015bli lekarz wykona\u0142 osobi\u015bcie (pod nadzorem) zabiegi w o\u015brodkach zagranicznych powinien przedstawi\u0107 za\u015bwiadczenie o liczbie i rodzaju wykonanych zabieg\u00f3w podpisane przez kierownika &nbsp;<\/li>\n<li>Je\u015bli operator wykona\u0142 w ci\u0105gu ostatnich 5 lat ponad 250 zabieg\u00f3w interwencyjnych, dla uzyskania przed\u0142u\u017cenia certyfikatu nie musi przedk\u0142ada\u0107 za\u015bwiadcze\u0144 o liczbie przeprowadzanych zabieg\u00f3w, a jedynie uzyska\u0107 co najmniej 20 punkt\u00f3w rocznie.<br><br><\/li>\n<\/ol>\n<p>*Punktacja za uczestnictwo w kongresach kardiologicznych<\/p>\n<ol>\n<li>Mi\u0119dzynarodowy Kongres PTK &#8211; 20 pkt<\/li>\n<li>Og\u00f3lnopolska Konferencja Sekcji Kardiologii Dzieci\u0119cej PTK &#8211; 20 pkt<\/li>\n<li>Zjazd AEPC (Europejskiego Towarzystwa Kardiologii Dzieci\u0119cej) &#8211; 20 pkt<\/li>\n<li>Warsztaty interwencyjne PICS&amp;AICS (zabiegi u doros\u0142ych i dzieci z wrodzonymi wadami serca w USA) &#8211; 20 pkt<\/li>\n<li>Warsztaty Kardiologii Interwencyjnej we Frankfurcie oraz Mediolanie (u doros\u0142ych i dzieci z wrodzonymi wadami serca) &#8211; 20 pkt<\/li>\n<li>\u015awiatowy Kongres Kardiologii Dzieci\u0119cej (co 4 lata) &#8211; 20 pkt<\/li>\n<\/ol>\t\t\t\t\t\t<\/div>\n\t\t\t\t<\/div>\n\t\t\t\t\t<\/div>\n\t\t<\/div>\n\t\t\t\t\t<\/div>\n\t\t<\/section>\n\t\t\t\t<section class=\"elementor-section elementor-top-section elementor-element elementor-element-e04cee8 elementor-section-full_width elementor-section-height-default elementor-section-height-default\" data-id=\"e04cee8\" data-element_type=\"section\" data-settings=\"{&quot;jet_parallax_layout_list&quot;:[{&quot;jet_parallax_layout_image&quot;:{&quot;url&quot;:&quot;&quot;,&quot;id&quot;:&quot;&quot;,&quot;size&quot;:&quot;&quot;},&quot;_id&quot;:&quot;3cb4136&quot;,&quot;jet_parallax_layout_image_tablet&quot;:{&quot;url&quot;:&quot;&quot;,&quot;id&quot;:&quot;&quot;,&quot;size&quot;:&quot;&quot;},&quot;jet_parallax_layout_image_mobile&quot;:{&quot;url&quot;:&quot;&quot;,&quot;id&quot;:&quot;&quot;,&quot;size&quot;:&quot;&quot;},&quot;jet_parallax_layout_speed&quot;:{&quot;unit&quot;:&quot;%&quot;,&quot;size&quot;:50,&quot;sizes&quot;:[]},&quot;jet_parallax_layout_type&quot;:&quot;scroll&quot;,&quot;jet_parallax_layout_direction&quot;:null,&quot;jet_parallax_layout_fx_direction&quot;:null,&quot;jet_parallax_layout_z_index&quot;:&quot;&quot;,&quot;jet_parallax_layout_bg_x&quot;:50,&quot;jet_parallax_layout_bg_x_tablet&quot;:&quot;&quot;,&quot;jet_parallax_layout_bg_x_mobile&quot;:&quot;&quot;,&quot;jet_parallax_layout_bg_y&quot;:50,&quot;jet_parallax_layout_bg_y_tablet&quot;:&quot;&quot;,&quot;jet_parallax_layout_bg_y_mobile&quot;:&quot;&quot;,&quot;jet_parallax_layout_bg_size&quot;:&quot;auto&quot;,&quot;jet_parallax_layout_bg_size_tablet&quot;:&quot;&quot;,&quot;jet_parallax_layout_bg_size_mobile&quot;:&quot;&quot;,&quot;jet_parallax_layout_animation_prop&quot;:&quot;transform&quot;,&quot;jet_parallax_layout_on&quot;:[&quot;desktop&quot;,&quot;tablet&quot;]}]}\">\n\t\t\t\t\t\t<div class=\"elementor-container elementor-column-gap-default\">\n\t\t\t\t\t<div class=\"elementor-column elementor-col-100 elementor-top-column elementor-element elementor-element-240f411\" data-id=\"240f411\" data-element_type=\"column\">\n\t\t\t<div class=\"elementor-widget-wrap elementor-element-populated\">\n\t\t\t\t\t\t<div class=\"elementor-element elementor-element-87570e8 elementor-widget-divider--view-line_text elementor-widget-divider--element-align-left elementor-widget elementor-widget-divider\" data-id=\"87570e8\" data-element_type=\"widget\" data-widget_type=\"divider.default\">\n\t\t\t\t<div class=\"elementor-widget-container\">\n\t\t\t\t\t<div class=\"elementor-divider\">\n\t\t\t<span class=\"elementor-divider-separator\">\n\t\t\t\t\t\t\t<span class=\"elementor-divider__text elementor-divider__element\">\n\t\t\t\tPowi\u0105zane pliki\t\t\t\t<\/span>\n\t\t\t\t\t\t<\/span>\n\t\t<\/div>\n\t\t\t\t<\/div>\n\t\t\t\t<\/div>\n\t\t\t\t\t<\/div>\n\t\t<\/div>\n\t\t\t\t\t<\/div>\n\t\t<\/section>\n\t\t\t\t<section class=\"elementor-section elementor-top-section elementor-element elementor-element-613d9ab elementor-section-boxed elementor-section-height-default elementor-section-height-default\" data-id=\"613d9ab\" data-element_type=\"section\" data-settings=\"{&quot;jet_parallax_layout_list&quot;:[{&quot;jet_parallax_layout_image&quot;:{&quot;url&quot;:&quot;&quot;,&quot;id&quot;:&quot;&quot;,&quot;size&quot;:&quot;&quot;},&quot;_id&quot;:&quot;c134e2f&quot;,&quot;jet_parallax_layout_image_tablet&quot;:{&quot;url&quot;:&quot;&quot;,&quot;id&quot;:&quot;&quot;,&quot;size&quot;:&quot;&quot;},&quot;jet_parallax_layout_image_mobile&quot;:{&quot;url&quot;:&quot;&quot;,&quot;id&quot;:&quot;&quot;,&quot;size&quot;:&quot;&quot;},&quot;jet_parallax_layout_speed&quot;:{&quot;unit&quot;:&quot;%&quot;,&quot;size&quot;:50,&quot;sizes&quot;:[]},&quot;jet_parallax_layout_type&quot;:&quot;scroll&quot;,&quot;jet_parallax_layout_direction&quot;:null,&quot;jet_parallax_layout_fx_direction&quot;:null,&quot;jet_parallax_layout_z_index&quot;:&quot;&quot;,&quot;jet_parallax_layout_bg_x&quot;:50,&quot;jet_parallax_layout_bg_x_tablet&quot;:&quot;&quot;,&quot;jet_parallax_layout_bg_x_mobile&quot;:&quot;&quot;,&quot;jet_parallax_layout_bg_y&quot;:50,&quot;jet_parallax_layout_bg_y_tablet&quot;:&quot;&quot;,&quot;jet_parallax_layout_bg_y_mobile&quot;:&quot;&quot;,&quot;jet_parallax_layout_bg_size&quot;:&quot;auto&quot;,&quot;jet_parallax_layout_bg_size_tablet&quot;:&quot;&quot;,&quot;jet_parallax_layout_bg_size_mobile&quot;:&quot;&quot;,&quot;jet_parallax_layout_animation_prop&quot;:&quot;transform&quot;,&quot;jet_parallax_layout_on&quot;:[&quot;desktop&quot;,&quot;tablet&quot;]}]}\">\n\t\t\t\t\t\t<div class=\"elementor-container elementor-column-gap-default\">\n\t\t\t\t\t<div class=\"elementor-column elementor-col-100 elementor-top-column elementor-element elementor-element-cda1292\" data-id=\"cda1292\" data-element_type=\"column\">\n\t\t\t<div class=\"elementor-widget-wrap elementor-element-populated\">\n\t\t\t\t\t\t<div class=\"elementor-element elementor-element-58d45ef elementor-widget elementor-widget-dce-filebrowser\" data-id=\"58d45ef\" data-element_type=\"widget\" data-widget_type=\"dce-filebrowser.default\">\n\t\t\t\t<div class=\"elementor-widget-container\">\n\t\t\t<ul class=\"list-unstyled dce-list dce-list-root\"><li class=\"file ext-doc\"><a class=\"block btn-block dce-file-download\" href=\"https:\/\/aisn.pl\/download\/pliki\/Certyfikat operatora pediatrycznego AISN PTK\/Wniosek Certyfikat AISN PTK Operator kardiologii dziecie\u0328cej.doc\"  data-md5=\"1e04f02ab8ad3d89b968f3084a219649\" target=\"_blank\"><span class=\"middle fiv-viv fiv-icon-doc\"><\/span><span class=\"dce-file-text\"><strong class=\"dce-file-title\">Wniosek Certyfikat AISN PTK Operator kardiologii dziecie\u0328cej.doc<\/strong> <small class=\"label label-default dce-file-size-label\">(62 KB)<\/small><\/span><\/a><\/li><\/ul>\t\t<script type=\"text\/javascript\" >\n\t\t\tvar lastHide = '';\n\t\t\tjQuery(function () {\n\t\t\t\tif (typeof ajaxurl === 'undefined') {\n\t\t\t\t\tvar ajaxurl = \"\/wp-admin\/admin-ajax.php\";\n\t\t\t\t}\n\n\t\t\t\n\t\t\t\t\t});\n\t\t<\/script>\n\t\t\t\t<\/div>\n\t\t\t\t<\/div>\n\t\t\t\t\t<\/div>\n\t\t<\/div>\n\t\t\t\t\t<\/div>\n\t\t<\/section>\n\t\t\t\t<\/div>","protected":false},"excerpt":{"rendered":"<p>Aplikuj o certyfikat Aplikuj o certyfikat Pediatria kardiologiczna Za pediatryczn\u0105 kardiologi\u0119 inwazyjn\u0105 uznaje si\u0119 wiedz\u0119 i umiej\u0119tno\u015bci praktyczne pozwalaj\u0105ce na wykonywanie diagnostycznych cewnikowa\u0144 serca i przezsk\u00f3rnych zabieg\u00f3w terapeutycznych, tzw. zabieg\u00f3w interwencyjnych u pacjent\u00f3w z wadami wrodzonymi i chorobami serca w wieku od 0 do 18 roku \u017cycia. Stanowi tak\u017ce podstaw\u0119 do wykonywania tych zabieg\u00f3w&nbsp; u [&hellip;]<\/p>","protected":false},"author":6,"featured_media":0,"parent":784,"menu_order":4,"comment_status":"closed","ping_status":"closed","template":"","meta":{"footnotes":""},"class_list":["post-789","page","type-page","status-publish","hentry"],"_links":{"self":[{"href":"https:\/\/aisn.pl\/en\/wp-json\/wp\/v2\/pages\/789","targetHints":{"allow":["GET"]}}],"collection":[{"href":"https:\/\/aisn.pl\/en\/wp-json\/wp\/v2\/pages"}],"about":[{"href":"https:\/\/aisn.pl\/en\/wp-json\/wp\/v2\/types\/page"}],"author":[{"embeddable":true,"href":"https:\/\/aisn.pl\/en\/wp-json\/wp\/v2\/users\/6"}],"replies":[{"embeddable":true,"href":"https:\/\/aisn.pl\/en\/wp-json\/wp\/v2\/comments?post=789"}],"version-history":[{"count":5,"href":"https:\/\/aisn.pl\/en\/wp-json\/wp\/v2\/pages\/789\/revisions"}],"predecessor-version":[{"id":13847,"href":"https:\/\/aisn.pl\/en\/wp-json\/wp\/v2\/pages\/789\/revisions\/13847"}],"up":[{"embeddable":true,"href":"https:\/\/aisn.pl\/en\/wp-json\/wp\/v2\/pages\/784"}],"wp:attachment":[{"href":"https:\/\/aisn.pl\/en\/wp-json\/wp\/v2\/media?parent=789"}],"curies":[{"name":"wp","href":"https:\/\/api.w.org\/{rel}","templated":true}]}}