{"id":790,"date":"2020-06-22T13:12:15","date_gmt":"2020-06-22T13:12:15","guid":{"rendered":"https:\/\/test.aisn.pl\/akredytacje\/akredytacja-pediatrycznych-pracowni-kardiologii-inwazyjnej\/"},"modified":"2020-08-04T10:21:54","modified_gmt":"2020-08-04T10:21:54","slug":"akredytacja-pediatrycznych-pracowni-kardiologii-inwazyjnej","status":"publish","type":"page","link":"https:\/\/aisn.pl\/en\/akredytacje\/akredytacja-pediatrycznych-pracowni-kardiologii-inwazyjnej\/","title":{"rendered":"Accreditation of paediatric invasive cardiology laboratories"},"content":{"rendered":"<div data-elementor-type=\"wp-page\" data-elementor-id=\"790\" data-post-id=\"790\" data-obj-id=\"790\" class=\"elementor elementor-790 dce-elementor-post-790\" data-elementor-post-type=\"page\">\n\t\t\t\t\t\t<section class=\"elementor-section elementor-top-section elementor-element elementor-element-51e4362 elementor-section-boxed elementor-section-height-default elementor-section-height-default\" data-id=\"51e4362\" data-element_type=\"section\" data-settings=\"{&quot;jet_parallax_layout_list&quot;:[{&quot;jet_parallax_layout_image&quot;:{&quot;url&quot;:&quot;&quot;,&quot;id&quot;:&quot;&quot;,&quot;size&quot;:&quot;&quot;},&quot;_id&quot;:&quot;5a8c086&quot;,&quot;jet_parallax_layout_image_tablet&quot;:{&quot;url&quot;:&quot;&quot;,&quot;id&quot;:&quot;&quot;,&quot;size&quot;:&quot;&quot;},&quot;jet_parallax_layout_image_mobile&quot;:{&quot;url&quot;:&quot;&quot;,&quot;id&quot;:&quot;&quot;,&quot;size&quot;:&quot;&quot;},&quot;jet_parallax_layout_speed&quot;:{&quot;unit&quot;:&quot;%&quot;,&quot;size&quot;:50,&quot;sizes&quot;:[]},&quot;jet_parallax_layout_type&quot;:&quot;scroll&quot;,&quot;jet_parallax_layout_direction&quot;:null,&quot;jet_parallax_layout_fx_direction&quot;:null,&quot;jet_parallax_layout_z_index&quot;:&quot;&quot;,&quot;jet_parallax_layout_bg_x&quot;:50,&quot;jet_parallax_layout_bg_y&quot;:50,&quot;jet_parallax_layout_bg_size&quot;:&quot;auto&quot;,&quot;jet_parallax_layout_animation_prop&quot;:&quot;transform&quot;,&quot;jet_parallax_layout_on&quot;:[&quot;desktop&quot;,&quot;tablet&quot;],&quot;jet_parallax_layout_bg_x_tablet&quot;:&quot;&quot;,&quot;jet_parallax_layout_bg_x_mobile&quot;:&quot;&quot;,&quot;jet_parallax_layout_bg_y_tablet&quot;:&quot;&quot;,&quot;jet_parallax_layout_bg_y_mobile&quot;:&quot;&quot;,&quot;jet_parallax_layout_bg_size_tablet&quot;:&quot;&quot;,&quot;jet_parallax_layout_bg_size_mobile&quot;:&quot;&quot;}]}\">\n\t\t\t\t\t\t<div class=\"elementor-container elementor-column-gap-default\">\n\t\t\t\t\t<div class=\"elementor-column elementor-col-100 elementor-top-column elementor-element elementor-element-d15c2d4\" data-id=\"d15c2d4\" data-element_type=\"column\">\n\t\t\t<div class=\"elementor-widget-wrap elementor-element-populated\">\n\t\t\t\t\t\t<div class=\"elementor-element elementor-element-7041300 elementor-widget elementor-widget-text-editor\" data-id=\"7041300\" data-element_type=\"widget\" data-widget_type=\"text-editor.default\">\n\t\t\t\t<div class=\"elementor-widget-container\">\n\t\t\t\t\t\t\t<h3><span style=\"color: #cb0200;\">Pediatryczne pracownie kardiologii inwazyjnej powinny by\u0107 zlokalizowane jedynie w referencyjnych o\u015brodkach kardiologicznej opieki pediatrycznej<\/span><\/h3><p>(24-godzinne zabezpieczenie oddzia\u0142u kardiologii dzieci\u0119cej, pediatrycznego oddzia\u0142u intensywnej opieki medycznej, oddzia\u0142u kardiochirurgii dzieci\u0119cej oraz pracowni hemodynamiki)<\/p><div><h4><span style=\"color: #ad0000;\">Zakres dzia\u0142alno\u015bci pediatrycznych pracowni kardiologii inwazyjnej obejmuje wszystkie zabiegi z zakresu inwazyjnej diagnostyki kardiologicznej:<\/span><\/h4><ul><li>diagnostyczne cewnikowanie serca w wadach wrodzonych<\/li><li>diagnostyczne cewnikowanie serca w wadach\u00a0nabytych<\/li><li>biopsje mi\u0119\u015bnia sercowego<\/li><\/ul><p>oraz interwencyjne zabiegi kardiologiczne w wadach wrodzonych serca (w tym zabiegi ratuj\u0105ce \u017cycie) w zakresie zabieg\u00f3w standardowych:<\/p><ul><li>przeznaczyniowe atrioseptostomie,<\/li><li>walwuloplastyki balonowe,<\/li><li>angioplastyki balonowe,<\/li><li>zamykanie przetrwa\u0142ego przewodu t\u0119tniczego<\/li><li>zamykanie innych nieprawid\u0142owych naczy\u0144<\/li><li>zamykanie ubytku przegrody mi\u0119dzyprzedsionkowej.<\/li><\/ul><\/div><div><h4><span style=\"color: #ad0000;\">W niekt\u00f3rych pracowniach s\u0105 wykonywane dodatkowo interwencyjne zabiegi ponadstandardowe:<\/span><\/h4><ul><li>przeznaczyniowe lub hybrydowe (przez torakotomi\u0119) zamykanie ubytk\u00f3w przegrody mi\u0119dzykomorowej,<\/li><li>implantacje stent\u00f3w do du\u017cych naczy\u0144,<\/li><li>wszczepianie zastawek na stencie,<\/li><li>implantacje stent\u00f3w do przewodu t\u0119tniczego u noworodk\u00f3w,<\/li><li>udra\u017cnianie zaro\u015bni\u0119tej zastawki p\u0142ucnej u noworodk\u00f3w<\/li><li>inne wykraczaj\u0105ce poza wykaz procedur standardowych.<\/li><\/ul><p>Zabiegi ponadstandardowe wydzielono z uwagi na ich ma\u0142\u0105 liczb\u0119 oraz stopie\u0144 trudno\u015bci.\u00a0<\/p><\/div><div><h4 data-fontsize=\"16\" data-lineheight=\"24\"><span style=\"color: #ad0000;\">Wymogi kwalifikacyjne dla pediatrycznej pracowni kardiologii inwazyjnej klasy A i B<\/span><\/h4><p>Wyposa\u017cenie:<\/p><ol><li>Angiograf cyfrowy wysokiej klasy z oprogramowaniem umo\u017cliwiaj\u0105cym wykonywanie pomiar\u00f3w struktur anatomicznych , pomiar\u00f3w parametr\u00f3w czynno\u015bciowych lewej komory oraz archiwizacj\u0119 danych<\/li><li>Strzykawka automatyczna<\/li><li>Aparatura rejestruj\u0105ca stan hemodynamiczny pacjenta<\/li><li>Hemoksymetr<\/li><li>Aparat do znieczulenia z mo\u017cliwo\u015bci\u0105 monitorowania funkcji \u017cyciowych pacjenta<\/li><li>Defibrylator i kardiostymulator zewn\u0119trzny<\/li><li>Pe\u0142en zestaw specjalistycznego sprz\u0119tu medycznego s\u0142u\u017c\u0105cego do wykonywania diagnostycznych zabieg\u00f3w kardiologicznych u dzieci oraz standardowych zabieg\u00f3w interwencyjnych (w przypadku pracowni B r\u00f3wnie\u017c sprz\u0119t wymagany dla przeprowadzania zabieg\u00f3w ponadstandardowych)<\/li><\/ol><h4><span style=\"color: #ad0000;\">Kierownik pediatrycznej pracowni kardiologii inwazyjnej\/kierownik programu inwazyjnej kardiologii dzieci\u0119cej\u00a0(dotyczy pracowni u\u017cytkowanych wsp\u00f3lnie z kardiologami lub radiologami interwencyjnymi):<\/span><\/h4><ul><li>specjalista kardiolog dzieci\u0119cy<\/li><li>lub pediatra-kardiolog<\/li><\/ul><\/div><div><h4><span style=\"color: #ad0000;\">Minimalna liczba procedur w ci\u0105gu roku:<\/span><\/h4><ul><li>Pracownie A \u00a0 Zabiegi kardiologii interwencyjnej \u2013 50<\/li><li>Pracownie B\u00a0\u00a0\u00a0 Zabiegi kardiologii interwencyjnej \u2013 100\u00a0 \u00a0 \u00a0 \u00a0 \u00a0 \u00a0 \u00a0 \u00a0 \u00a0 \u00a0 \u00a0 \u00a0 \u00a0 \u00a0 \u00a0 \u00a0 \u00a0 \u00a0 \u00a0 \u00a0 \u00a0 \u00a0 \u00a0 \u00a0 \u00a0 \u00a0 \u00a0 \u00a0 \u00a0 \u00a0 \u00a0 \u00a0 \u00a0 \u00a0 \u00a0 \u00a0 \u00a0 \u00a0 \u00a0 \u00a0 \u00a0 \u00a0 \u00a0 \u00a0 \u00a0 \u00a0 \u00a0 \u00a0 \u00a0 \u00a0 \u00a0 \u00a0 \u00a0 \u00a0 \u00a0 \u00a0 \u00a0 \u00a0 \u00a0 \u00a0 \u00a0 \u00a0 \u00a0 \u00a0 \u00a0 \u00a0\u00a0<br \/><p class=\"info\">\u00a0<\/p><\/li><\/ul><p class=\"info\">Op\u0142ata za certyfikat akredytacji dla pracowni wynosi 3000 PLN na 3 lata\u00a0<\/p><p>\u00a0<\/p><h4><span style=\"color: #ad0000;\">Konto AISN PTK:<\/span><\/h4><p>ul. Stawki 3A lok. 1-2<\/p><p>00-193 Warszawa<\/p><p>ING Bank \u015al\u0105ski S.A<\/p><p>Nr konta:\u00a0<strong>03 1050 1025 1000 0022 9329 3144<\/strong><\/p><p><em>Tytu\u0142 przelewu: \u201eOp\u0142ata za akredytacj\u0119 pracowni w\u2026 [miasto, w kt\u00f3rym znajduje si\u0119 pracownia], \u2026 [imi\u0119 i nazwisko kierownika pracowni]\u201d<\/em><\/p><\/div>\t\t\t\t\t\t<\/div>\n\t\t\t\t<\/div>\n\t\t\t\t\t<\/div>\n\t\t<\/div>\n\t\t\t\t\t<\/div>\n\t\t<\/section>\n\t\t\t\t<\/div>","protected":false},"excerpt":{"rendered":"<p>Pediatryczne pracownie kardiologii inwazyjnej powinny by\u0107 zlokalizowane jedynie w referencyjnych o\u015brodkach kardiologicznej opieki pediatrycznej (24-godzinne zabezpieczenie oddzia\u0142u kardiologii dzieci\u0119cej, pediatrycznego oddzia\u0142u intensywnej opieki medycznej, oddzia\u0142u kardiochirurgii dzieci\u0119cej oraz pracowni hemodynamiki) Zakres dzia\u0142alno\u015bci pediatrycznych pracowni kardiologii inwazyjnej obejmuje wszystkie zabiegi z zakresu inwazyjnej diagnostyki kardiologicznej: diagnostyczne cewnikowanie serca w wadach wrodzonych diagnostyczne cewnikowanie serca w wadach\u00a0nabytych [&hellip;]<\/p>","protected":false},"author":6,"featured_media":0,"parent":784,"menu_order":5,"comment_status":"closed","ping_status":"closed","template":"","meta":{"footnotes":""},"class_list":["post-790","page","type-page","status-publish","hentry"],"_links":{"self":[{"href":"https:\/\/aisn.pl\/en\/wp-json\/wp\/v2\/pages\/790","targetHints":{"allow":["GET"]}}],"collection":[{"href":"https:\/\/aisn.pl\/en\/wp-json\/wp\/v2\/pages"}],"about":[{"href":"https:\/\/aisn.pl\/en\/wp-json\/wp\/v2\/types\/page"}],"author":[{"embeddable":true,"href":"https:\/\/aisn.pl\/en\/wp-json\/wp\/v2\/users\/6"}],"replies":[{"embeddable":true,"href":"https:\/\/aisn.pl\/en\/wp-json\/wp\/v2\/comments?post=790"}],"version-history":[{"count":0,"href":"https:\/\/aisn.pl\/en\/wp-json\/wp\/v2\/pages\/790\/revisions"}],"up":[{"embeddable":true,"href":"https:\/\/aisn.pl\/en\/wp-json\/wp\/v2\/pages\/784"}],"wp:attachment":[{"href":"https:\/\/aisn.pl\/en\/wp-json\/wp\/v2\/media?parent=790"}],"curies":[{"name":"wp","href":"https:\/\/api.w.org\/{rel}","templated":true}]}}