{"id":792,"date":"2020-06-22T13:12:15","date_gmt":"2020-06-22T13:12:15","guid":{"rendered":"https:\/\/test.aisn.pl\/akredytacje\/organizacja-kursow-ffr\/"},"modified":"2020-07-29T15:26:59","modified_gmt":"2020-07-29T15:26:59","slug":"organizacja-kursow-ffr","status":"publish","type":"page","link":"https:\/\/aisn.pl\/en\/akredytacje\/organizacja-kursow-ffr\/","title":{"rendered":"Organisation of FFR courses"},"content":{"rendered":"<div data-elementor-type=\"wp-page\" data-elementor-id=\"792\" data-post-id=\"792\" data-obj-id=\"792\" class=\"elementor elementor-792 dce-elementor-post-792\" data-elementor-post-type=\"page\">\n\t\t\t\t\t\t<section class=\"elementor-section elementor-top-section elementor-element elementor-element-ff20245 elementor-section-boxed elementor-section-height-default elementor-section-height-default\" data-id=\"ff20245\" data-element_type=\"section\" data-settings=\"{&quot;jet_parallax_layout_list&quot;:[{&quot;jet_parallax_layout_image&quot;:{&quot;url&quot;:&quot;&quot;,&quot;id&quot;:&quot;&quot;,&quot;size&quot;:&quot;&quot;},&quot;_id&quot;:&quot;4b7a72b&quot;,&quot;jet_parallax_layout_image_tablet&quot;:{&quot;url&quot;:&quot;&quot;,&quot;id&quot;:&quot;&quot;,&quot;size&quot;:&quot;&quot;},&quot;jet_parallax_layout_image_mobile&quot;:{&quot;url&quot;:&quot;&quot;,&quot;id&quot;:&quot;&quot;,&quot;size&quot;:&quot;&quot;},&quot;jet_parallax_layout_speed&quot;:{&quot;unit&quot;:&quot;%&quot;,&quot;size&quot;:50,&quot;sizes&quot;:[]},&quot;jet_parallax_layout_type&quot;:&quot;scroll&quot;,&quot;jet_parallax_layout_direction&quot;:null,&quot;jet_parallax_layout_fx_direction&quot;:null,&quot;jet_parallax_layout_z_index&quot;:&quot;&quot;,&quot;jet_parallax_layout_bg_x&quot;:50,&quot;jet_parallax_layout_bg_y&quot;:50,&quot;jet_parallax_layout_bg_size&quot;:&quot;auto&quot;,&quot;jet_parallax_layout_animation_prop&quot;:&quot;transform&quot;,&quot;jet_parallax_layout_on&quot;:[&quot;desktop&quot;,&quot;tablet&quot;],&quot;jet_parallax_layout_bg_x_tablet&quot;:&quot;&quot;,&quot;jet_parallax_layout_bg_x_mobile&quot;:&quot;&quot;,&quot;jet_parallax_layout_bg_y_tablet&quot;:&quot;&quot;,&quot;jet_parallax_layout_bg_y_mobile&quot;:&quot;&quot;,&quot;jet_parallax_layout_bg_size_tablet&quot;:&quot;&quot;,&quot;jet_parallax_layout_bg_size_mobile&quot;:&quot;&quot;}]}\">\n\t\t\t\t\t\t<div class=\"elementor-container elementor-column-gap-default\">\n\t\t\t\t\t<div class=\"elementor-column elementor-col-100 elementor-top-column elementor-element elementor-element-d2da5a2\" data-id=\"d2da5a2\" data-element_type=\"column\">\n\t\t\t<div class=\"elementor-widget-wrap elementor-element-populated\">\n\t\t\t\t\t\t<div class=\"elementor-element elementor-element-74766f9 elementor-widget elementor-widget-heading\" data-id=\"74766f9\" data-element_type=\"widget\" data-widget_type=\"heading.default\">\n\t\t\t\t<div class=\"elementor-widget-container\">\n\t\t\t<h2 class=\"elementor-heading-title elementor-size-default\">Zasady prowadzenia kurs\u00f3w w zakresie FFR<\/h2>\t\t<\/div>\n\t\t\t\t<\/div>\n\t\t\t\t\t<\/div>\n\t\t<\/div>\n\t\t\t\t\t<\/div>\n\t\t<\/section>\n\t\t\t\t<section class=\"elementor-section elementor-top-section elementor-element elementor-element-b0f8cc1 elementor-section-boxed elementor-section-height-default elementor-section-height-default\" data-id=\"b0f8cc1\" data-element_type=\"section\" data-settings=\"{&quot;jet_parallax_layout_list&quot;:[{&quot;jet_parallax_layout_image&quot;:{&quot;url&quot;:&quot;&quot;,&quot;id&quot;:&quot;&quot;,&quot;size&quot;:&quot;&quot;},&quot;_id&quot;:&quot;fb9ba0a&quot;,&quot;jet_parallax_layout_image_tablet&quot;:{&quot;url&quot;:&quot;&quot;,&quot;id&quot;:&quot;&quot;,&quot;size&quot;:&quot;&quot;},&quot;jet_parallax_layout_image_mobile&quot;:{&quot;url&quot;:&quot;&quot;,&quot;id&quot;:&quot;&quot;,&quot;size&quot;:&quot;&quot;},&quot;jet_parallax_layout_speed&quot;:{&quot;unit&quot;:&quot;%&quot;,&quot;size&quot;:50,&quot;sizes&quot;:[]},&quot;jet_parallax_layout_type&quot;:&quot;scroll&quot;,&quot;jet_parallax_layout_direction&quot;:null,&quot;jet_parallax_layout_fx_direction&quot;:null,&quot;jet_parallax_layout_z_index&quot;:&quot;&quot;,&quot;jet_parallax_layout_bg_x&quot;:50,&quot;jet_parallax_layout_bg_y&quot;:50,&quot;jet_parallax_layout_bg_size&quot;:&quot;auto&quot;,&quot;jet_parallax_layout_animation_prop&quot;:&quot;transform&quot;,&quot;jet_parallax_layout_on&quot;:[&quot;desktop&quot;,&quot;tablet&quot;],&quot;jet_parallax_layout_bg_x_tablet&quot;:&quot;&quot;,&quot;jet_parallax_layout_bg_x_mobile&quot;:&quot;&quot;,&quot;jet_parallax_layout_bg_y_tablet&quot;:&quot;&quot;,&quot;jet_parallax_layout_bg_y_mobile&quot;:&quot;&quot;,&quot;jet_parallax_layout_bg_size_tablet&quot;:&quot;&quot;,&quot;jet_parallax_layout_bg_size_mobile&quot;:&quot;&quot;}]}\">\n\t\t\t\t\t\t<div class=\"elementor-container elementor-column-gap-default\">\n\t\t\t\t\t<div class=\"elementor-column elementor-col-100 elementor-top-column elementor-element elementor-element-9bd217f\" data-id=\"9bd217f\" data-element_type=\"column\">\n\t\t\t<div class=\"elementor-widget-wrap elementor-element-populated\">\n\t\t\t\t\t\t<div class=\"elementor-element elementor-element-f909dac elementor-widget elementor-widget-text-editor\" data-id=\"f909dac\" data-element_type=\"widget\" data-widget_type=\"text-editor.default\">\n\t\t\t\t<div class=\"elementor-widget-container\">\n\t\t\t\t\t\t\t<ol><li>Szkolenia z zakresu FFR mog\u0105 by\u0107 przeprowadzane w o\u015brodkach posiadaj\u0105cych akredytacj\u0119 klasy C (o\u015brodek referencyjny),\u00a0 maj\u0105cych minimum 3 lata do\u015bwiadcze\u0144 w wykonywaniu powy\u017cszych bada\u0144 oraz \u00a0mog\u0105cych udokumentowa\u0107 wykonanie ponad 100 zabieg\u00f3w inwazyjnej oceny zw\u0119\u017ce\u0144 wie\u0144cowych (FFR, IVUS, OCT).<\/li><li>Kierownik Kursu (odpowiedzialny za proces szkolenia) powinien by\u015b samodzielnym pracownikiem naukowym (w wyj\u0105tkowych sytuacjach doktorem nauk medycznych) oraz posiada\u0107 odpowiednie do\u015bwiadczenie w wykonywaniu procedur FFR \u2013 minimum 50 zabieg\u00f3w.<\/li><li>W trosce o odpowiedni\u0105 jako\u015b\u0107 prowadzonych szkole\u0144 zaleca si\u0119, aby organizatorzy kursu mogli si\u0119 wykaza\u0107 ponadto uko\u0144czeniem odpowiednich szkole\u0144, przeprowadzanych w o\u015brodkach zagranicznych, dotycz\u0105cych zasad wykonywania i oceny bada\u0144 obj\u0119tych tematyk\u0105 kursu, ewentualnie posiadali odpowiedni dorobek naukowy (publikacje z zakresu FFR) lub uczestniczyli w mi\u0119dzynarodowych badaniach, w kt\u00f3rych wymagano stosowania FFR.<\/li><li>Kierownik kursu informuje w formie pisemnej Przewodnicz\u0105cego Asocjacji Interwencji Sercowo-Naczyniowych PTK o zamiarze przeprowadzenia szkolenia przedstawiaj\u0105c jego program oraz list\u0119 wyk\u0142adowc\u00f3w na minimum 7 dni przed rozpocz\u0119ciem kursu.<\/li><li>Kurs sk\u0142ada si\u0119 z cz\u0119\u015bci teoretycznej oraz praktycznej (uczestnictwo w zabiegach z zastosowaniem FFR).<\/li><li><strong>Program teoretyczny kursu\u00a0<\/strong><strong>(1-dniowy)<\/strong>\u00a0winien obejmowa\u0107 nast\u0119puj\u0105ce zagadnienia:<ol><li>FFR \u2013 koncepcja i podstawy teoretyczne zastosowania klinicznego<\/li><li>Technika zabiegu i metody wywo\u0142ywania hiperemii<\/li><li>Ocena i interpretacja wynik\u00f3w oraz rozpoznawanie artefakt\u00f3w<\/li><li>Ocena i interpretacja wynik\u00f3w FFR w chorobie jednego naczynia (w tym u chorych z kilkoma zmianami w naczyniu oraz rozsianej mia\u017cd\u017cycy)<\/li><li>Ocena i interpretacja wynik\u00f3w FFR w chorobie wielonaczyniowej<\/li><li>Ocena i interpretacja wynik\u00f3w FFR w chorobie pnia lewej t\u0119tnicy wie\u0144cowej<\/li><li>Ocena i interpretacja wynik\u00f3w FFR w zmianach na bifurkacji (w tym po zabiegu PCI)<\/li><li>Rola FFR u chorych z ostrym zespo\u0142em wie\u0144cowym<\/li><li>Przedstawienie wynik\u00f3w najwa\u017cniejszych bada\u0144 dotycz\u0105cych zastosowania FFR (DEFER, FAME, FAME-II etc.)<\/li><li>FFR, IVUS, OCT \u2013 ich miejsce w nowoczesnej diagnostyce hemodynamicznej<\/li><li>Prezentacja i dyskusja przypadk\u00f3w klinicznych dotycz\u0105cych zastosowania FFR w codziennej praktyce klinicznej.<\/li><\/ol><\/li><li><strong>Program praktyczny kursu<\/strong><strong>\u00a0(3 dniowy)<\/strong>\u00a0winien obejmowa\u0107 udzia\u0142 w zabiegach z wykorzystaniem FFR.<\/li><li>Za\u015bwiadczenia indywidualne o uko\u0144czeniu kursu, b\u0119d\u0105ce jednocze\u015bnie potwierdzeniem nabycia odpowiednich kompetencji w dziedzinie b\u0119d\u0105cej tematem szkolenia, wystawia Kierownik Kursu.<\/li><li>Korespondencja dotycz\u0105ca szkole\u0144 powinna by\u0107 kierowana na aktualny adres Biura Zarz\u0105du AISN.<\/li><\/ol><p>\u00a0<\/p><p>\u00a0<\/p><p>\u00a0<\/p><p>\u00a0<\/p><p>\u00a0<\/p>\t\t\t\t\t\t<\/div>\n\t\t\t\t<\/div>\n\t\t\t\t\t<\/div>\n\t\t<\/div>\n\t\t\t\t\t<\/div>\n\t\t<\/section>\n\t\t\t\t<\/div>","protected":false},"excerpt":{"rendered":"<p>Zasady prowadzenia kurs\u00f3w w zakresie FFR Szkolenia z zakresu FFR mog\u0105 by\u0107 przeprowadzane w o\u015brodkach posiadaj\u0105cych akredytacj\u0119 klasy C (o\u015brodek referencyjny),\u00a0 maj\u0105cych minimum 3 lata do\u015bwiadcze\u0144 w wykonywaniu powy\u017cszych bada\u0144 oraz \u00a0mog\u0105cych udokumentowa\u0107 wykonanie ponad 100 zabieg\u00f3w inwazyjnej oceny zw\u0119\u017ce\u0144 wie\u0144cowych (FFR, IVUS, OCT). Kierownik Kursu (odpowiedzialny za proces szkolenia) powinien by\u015b samodzielnym pracownikiem naukowym [&hellip;]<\/p>","protected":false},"author":6,"featured_media":0,"parent":784,"menu_order":7,"comment_status":"closed","ping_status":"closed","template":"","meta":{"footnotes":""},"class_list":["post-792","page","type-page","status-publish","hentry"],"_links":{"self":[{"href":"https:\/\/aisn.pl\/en\/wp-json\/wp\/v2\/pages\/792","targetHints":{"allow":["GET"]}}],"collection":[{"href":"https:\/\/aisn.pl\/en\/wp-json\/wp\/v2\/pages"}],"about":[{"href":"https:\/\/aisn.pl\/en\/wp-json\/wp\/v2\/types\/page"}],"author":[{"embeddable":true,"href":"https:\/\/aisn.pl\/en\/wp-json\/wp\/v2\/users\/6"}],"replies":[{"embeddable":true,"href":"https:\/\/aisn.pl\/en\/wp-json\/wp\/v2\/comments?post=792"}],"version-history":[{"count":0,"href":"https:\/\/aisn.pl\/en\/wp-json\/wp\/v2\/pages\/792\/revisions"}],"up":[{"embeddable":true,"href":"https:\/\/aisn.pl\/en\/wp-json\/wp\/v2\/pages\/784"}],"wp:attachment":[{"href":"https:\/\/aisn.pl\/en\/wp-json\/wp\/v2\/media?parent=792"}],"curies":[{"name":"wp","href":"https:\/\/api.w.org\/{rel}","templated":true}]}} 