{"id":794,"date":"2020-06-22T13:13:09","date_gmt":"2020-06-22T13:13:09","guid":{"rendered":"https:\/\/test.aisn.pl\/pracownie\/"},"modified":"2020-07-22T13:41:24","modified_gmt":"2020-07-22T13:41:24","slug":"pracownie","status":"publish","type":"page","link":"https:\/\/aisn.pl\/en\/pracownie\/","title":{"rendered":"Laboratory"},"content":{"rendered":"<div data-elementor-type=\"wp-page\" data-elementor-id=\"794\" data-post-id=\"13066\" data-obj-id=\"13066\" class=\"elementor elementor-794 dce-elementor-post-13066\" data-elementor-post-type=\"page\">\n\t\t\t\t\t\t<section class=\"elementor-section elementor-top-section elementor-element elementor-element-eca4db9 elementor-section-boxed elementor-section-height-default elementor-section-height-default\" data-id=\"eca4db9\" data-element_type=\"section\" data-settings=\"{&quot;jet_parallax_layout_list&quot;:[]}\">\n\t\t\t\t\t\t<div class=\"elementor-container elementor-column-gap-default\">\n\t\t\t\t\t<div class=\"elementor-column elementor-col-100 elementor-top-column elementor-element elementor-element-4ca750e\" data-id=\"4ca750e\" data-element_type=\"column\">\n\t\t\t<div class=\"elementor-widget-wrap elementor-element-populated\">\n\t\t\t\t\t\t<div class=\"elementor-element elementor-element-a880d15 elementor-widget elementor-widget-heading\" data-id=\"a880d15\" data-element_type=\"widget\" data-widget_type=\"heading.default\">\n\t\t\t\t<div class=\"elementor-widget-container\">\n\t\t\t<h2 class=\"elementor-heading-title elementor-size-default\">Laboratory base<\/h2>\t\t<\/div>\n\t\t\t\t<\/div>\n\t\t\t\t<div class=\"elementor-element elementor-element-8f71b13 elementor-widget elementor-widget-heading\" data-id=\"8f71b13\" data-element_type=\"widget\" data-widget_type=\"heading.default\">\n\t\t\t\t<div class=\"elementor-widget-container\">\n\t\t\t<h4 class=\"elementor-heading-title elementor-size-default\">Znajd\u017a pracowni\u0119<\/h4>\t\t<\/div>\n\t\t\t\t<\/div>\n\t\t\t\t<div class=\"elementor-element elementor-element-4cc6cb6 elementor-widget elementor-widget-shortcode\" data-id=\"4cc6cb6\" data-element_type=\"widget\" data-widget_type=\"shortcode.default\">\n\t\t\t\t<div class=\"elementor-widget-container\">\n\t\t\t\t\t<div class=\"elementor-shortcode\"><!-- Gridbuilder \u1d42\u1d3e Plugin (https:\/\/wpgridbuilder.com) -->\n<div class=\"wp-grid-builder wpgb-grid-3\" data-options=\"{&quot;id&quot;:3,&quot;type&quot;:&quot;masonry&quot;,&quot;source&quot;:&quot;post_type&quot;,&quot;loader&quot;:0,&quot;layout&quot;:&quot;vertical&quot;,&quot;reveal&quot;:0,&quot;isMainQuery&quot;:0,&quot;lazyLoad&quot;:0,&quot;cardSizes&quot;:{&quot;9999&quot;:{&quot;columns&quot;:6,&quot;height&quot;:240,&quot;gutter&quot;:0,&quot;ratio&quot;:&quot;1.33333&quot;},&quot;1200&quot;:{&quot;columns&quot;:5,&quot;height&quot;:240,&quot;gutter&quot;:0,&quot;ratio&quot;:&quot;1.33333&quot;},&quot;992&quot;:{&quot;columns&quot;:4,&quot;height&quot;:220,&quot;gutter&quot;:0,&quot;ratio&quot;:&quot;1.33333&quot;},&quot;768&quot;:{&quot;columns&quot;:3,&quot;height&quot;:220,&quot;gutter&quot;:0,&quot;ratio&quot;:&quot;1.33333&quot;},&quot;576&quot;:{&quot;columns&quot;:2,&quot;height&quot;:200,&quot;gutter&quot;:0,&quot;ratio&quot;:&quot;1.33333&quot;},&quot;320&quot;:{&quot;columns&quot;:1,&quot;height&quot;:200,&quot;gutter&quot;:0,&quot;ratio&quot;:&quot;1.33333&quot;}},&quot;fitRows&quot;:0,&quot;equalRows&quot;:0,&quot;equalColumns&quot;:0,&quot;fillLastRow&quot;:0,&quot;centerLastRow&quot;:0,&quot;horizontalOrder&quot;:0,&quot;fullWidth&quot;:0,&quot;transitionDelay&quot;:100,&quot;gallerySlideshow&quot;:0,&quot;rowsNumber&quot;:1,&quot;slideAlign&quot;:&quot;left&quot;,&quot;groupCells&quot;:1,&quot;draggable&quot;:1,&quot;initialIndex&quot;:0,&quot;contain&quot;:0,&quot;freeScroll&quot;:0,&quot;freeFriction&quot;:&quot;0.075&quot;,&quot;friction&quot;:&quot;0.285&quot;,&quot;attraction&quot;:&quot;0.025&quot;,&quot;autoPlay&quot;:0,&quot;pageDotAriaLabel&quot;:&quot;Page dot %d&quot;,&quot;isPreview&quot;:false,&quot;isGutenberg&quot;:false,&quot;rightToLeft&quot;:false}\"><div class=\"wpgb-svg-icons\" hidden>\n\t<svg viewbox=\"0 0 120 24\" width=\"0\" height=\"0\">\n\t<defs>\n        <polygon id=\"wpgb-star-svg\" points=\"12 2.5 15.1 8.8 22 9.8 17 14.6 18.2 21.5 12 18.3 5.8 21.5 7 14.6 2 9.8 8.9 8.8\"><\/polygon>\n    <\/defs>\n    <symbol id=\"wpgb-rating-stars-svg\">\n        <use xlink:href=\"#wpgb-star-svg\"><\/use>\n        <use xlink:href=\"#wpgb-star-svg\" x=\"24\"><\/use>\n        <use xlink:href=\"#wpgb-star-svg\" x=\"48\"><\/use>\n        <use xlink:href=\"#wpgb-star-svg\" x=\"72\"><\/use>\n        <use xlink:href=\"#wpgb-star-svg\" x=\"96\"><\/use>\n    <\/symbol>\n<\/svg>\n<\/div>\n<div class=\"wpgb-wrapper\">\n\t<div class=\"wpgb-main\">\n\t<div class=\"wpgb-area wpgb-area-top-1\">\n\t<div class=\"wpgb-facet wpgb-loading wpgb-facet-5\" data-facet=\"5\" data-grid=\"3\">\t<h4 class=\"wpgb-facet-title\">Name<\/h4>\n\t\t<fieldset>\n\t\t<legend class=\"wpgb-facet-title wpgb-sr-only\">Name<\/legend>\n\t\t<div class=\"wpgb-autocomplete-facet\"><label>\n\t\t\t\t<span class=\"wpgb-sr-only\">Name<\/span>\n\t\t\t\t<input class=\"wpgb-input\" type=\"search\" name=\"nazwa\" placeholder=\"\" value=\"\" autocomplete=\"off\">\n\t\t\t\t<svg class=\"wpgb-input-icon\" viewbox=\"0 0 24 24\" height=\"16\" width=\"16\" aria-hidden=\"true\" focusable=\"false\"><path d=\"M17.5 17.5 23 23Zm-16-7a9 9 0 1 1 9 9 9 9 0 0 1-9-9Z\"\/><\/svg>\n\t\t\t<\/label><\/div>\t<\/fieldset>\n\t<\/div><div class=\"wpgb-facet wpgb-loading wpgb-facet-9\" data-facet=\"9\" data-grid=\"3\">\t<h4 class=\"wpgb-facet-title\">City<\/h4>\n\t\t<fieldset>\n\t\t<legend class=\"wpgb-facet-title wpgb-sr-only\">City<\/legend>\n\t\t<div class=\"wpgb-autocomplete-facet\"><label>\n\t\t\t\t<span class=\"wpgb-sr-only\">City<\/span>\n\t\t\t\t<input class=\"wpgb-input\" type=\"search\" name=\"miasto\" placeholder=\"\" value=\"\" autocomplete=\"off\">\n\t\t\t\t<svg class=\"wpgb-input-icon\" viewbox=\"0 0 24 24\" height=\"16\" width=\"16\" aria-hidden=\"true\" focusable=\"false\"><path d=\"M17.5 17.5 23 23Zm-16-7a9 9 0 1 1 9 9 9 9 0 0 1-9-9Z\"\/><\/svg>\n\t\t\t<\/label><\/div>\t<\/fieldset>\n\t<\/div><div class=\"wpgb-facet wpgb-loading wpgb-facet-4\" data-facet=\"4\" data-grid=\"3\">\t<h4 class=\"wpgb-facet-title\">Wojewodztwo<\/h4>\n\t\t<fieldset>\n\t\t<legend class=\"wpgb-facet-title wpgb-sr-only\">Wojewodztwo<\/legend>\n\t\t<div class=\"wpgb-autocomplete-facet\"><label>\n\t\t\t\t<span class=\"wpgb-sr-only\">Wojewodztwo<\/span>\n\t\t\t\t<input class=\"wpgb-input\" type=\"search\" name=\"wojewodztwo\" placeholder=\"\" value=\"\" autocomplete=\"off\">\n\t\t\t\t<svg class=\"wpgb-input-icon\" viewbox=\"0 0 24 24\" height=\"16\" width=\"16\" aria-hidden=\"true\" focusable=\"false\"><path d=\"M17.5 17.5 23 23Zm-16-7a9 9 0 1 1 9 9 9 9 0 0 1-9-9Z\"\/><\/svg>\n\t\t\t<\/label><\/div>\t<\/fieldset>\n\t<\/div><\/div>\n<div class=\"wpgb-area wpgb-area-top-2\">\n\t<div class=\"wpgb-facet wpgb-loading wpgb-facet-3\" data-facet=\"3\" data-grid=\"3\">\t<h4 class=\"wpgb-facet-title\">Type of intervention<\/h4>\n\t\t<fieldset>\n\t\t<legend class=\"wpgb-facet-title wpgb-sr-only\">Type of intervention<\/legend>\n\t\t<div class=\"wpgb-checkbox-facet\"><ul class=\"wpgb-hierarchical-list\"><li><div class=\"wpgb-checkbox\" role=\"button\" aria-pressed=\"false\" tabindex=\"0\"><input type=\"hidden\" name=\"rodzaj_interwencji[]\" value=\"angioplastyka-tetnic-wiencowych\"><span class=\"wpgb-checkbox-control\"><\/span><span class=\"wpgb-checkbox-label\">Coronary artery angioplasty&nbsp;<span>(73)<\/span><\/span><\/div><\/li><li><div class=\"wpgb-checkbox\" role=\"button\" aria-pressed=\"false\" tabindex=\"0\"><input type=\"hidden\" name=\"rodzaj_interwencji[]\" value=\"przezskorne-wspomaganie-krazenia-iabp\"><span class=\"wpgb-checkbox-control\"><\/span><span class=\"wpgb-checkbox-label\">Percutaneous circulatory support IABP&nbsp;<span>(65)<\/span><\/span><\/div><\/li><li><div class=\"wpgb-checkbox\" role=\"button\" aria-pressed=\"false\" tabindex=\"0\"><input type=\"hidden\" name=\"rodzaj_interwencji[]\" value=\"inwazyjna-diagnostyka-nadcisnienia-plucnego\"><span class=\"wpgb-checkbox-control\"><\/span><span class=\"wpgb-checkbox-label\">Invasive diagnosis of pulmonary hypertension&nbsp;<span>(22)<\/span><\/span><\/div><\/li><li><div class=\"wpgb-checkbox\" role=\"button\" aria-pressed=\"false\" tabindex=\"0\"><input type=\"hidden\" name=\"rodzaj_interwencji[]\" value=\"walwuloplastyka-aortalna\"><span class=\"wpgb-checkbox-control\"><\/span><span class=\"wpgb-checkbox-label\">Aortic valvuloplasty&nbsp;<span>(21)<\/span><\/span><\/div><\/li><li><div class=\"wpgb-checkbox\" role=\"button\" aria-pressed=\"false\" tabindex=\"0\"><input type=\"hidden\" name=\"rodzaj_interwencji[]\" value=\"zamykanie-pfo\"><span class=\"wpgb-checkbox-control\"><\/span><span class=\"wpgb-checkbox-label\">Closure of PFO&nbsp;<span>(21)<\/span><\/span><\/div><\/li><li><div class=\"wpgb-checkbox\" role=\"button\" aria-pressed=\"false\" tabindex=\"0\"><input type=\"hidden\" name=\"rodzaj_interwencji[]\" value=\"zamykanie-asd\"><span class=\"wpgb-checkbox-control\"><\/span><span class=\"wpgb-checkbox-label\">Closing of ASD&nbsp;<span>(19)<\/span><\/span><\/div><\/li><li><div class=\"wpgb-checkbox\" role=\"button\" aria-pressed=\"false\" tabindex=\"0\"><input type=\"hidden\" name=\"rodzaj_interwencji[]\" value=\"angioplastyka-tetnic-obwodowych\"><span class=\"wpgb-checkbox-control\"><\/span><span class=\"wpgb-checkbox-label\">Peripheral artery angioplasty&nbsp;<span>(16)<\/span><\/span><\/div><\/li><li><div class=\"wpgb-checkbox\" role=\"button\" aria-pressed=\"false\" tabindex=\"0\"><input type=\"hidden\" name=\"rodzaj_interwencji[]\" value=\"ablacja-alkoholowa\"><span class=\"wpgb-checkbox-control\"><\/span><span class=\"wpgb-checkbox-label\">Alcohol ablation&nbsp;<span>(15)<\/span><\/span><\/div><\/li><li><div class=\"wpgb-checkbox\" role=\"button\" aria-pressed=\"false\" tabindex=\"0\"><input type=\"hidden\" name=\"rodzaj_interwencji[]\" value=\"angioplastyka-tetnic-szyjnych\"><span class=\"wpgb-checkbox-control\"><\/span><span class=\"wpgb-checkbox-label\">Carotid artery angioplasty&nbsp;<span>(13)<\/span><\/span><\/div><\/li><li><div class=\"wpgb-checkbox\" role=\"button\" aria-pressed=\"false\" tabindex=\"0\"><input type=\"hidden\" name=\"rodzaj_interwencji[]\" value=\"laa-\u2013-zamykanie-uszka-lewego-przedsionka\"><span class=\"wpgb-checkbox-control\"><\/span><span class=\"wpgb-checkbox-label\">LAA \u2013 zamykanie uszka lewego przedsionka&nbsp;<span>(11)<\/span><\/span><\/div><\/li><\/ul><\/div>\t<\/fieldset>\n\t<\/div><div class=\"wpgb-facet wpgb-loading wpgb-facet-1\" data-facet=\"1\" data-grid=\"3\">\t<h4 class=\"wpgb-facet-title\">Diagnostics<\/h4>\n\t\t<fieldset>\n\t\t<legend class=\"wpgb-facet-title wpgb-sr-only\">Diagnostics<\/legend>\n\t\t<div class=\"wpgb-checkbox-facet\"><ul class=\"wpgb-hierarchical-list\"><li><div class=\"wpgb-checkbox\" role=\"button\" aria-pressed=\"false\" tabindex=\"0\"><input type=\"hidden\" name=\"diagnostyka[]\" value=\"oct\"><span class=\"wpgb-checkbox-control\"><\/span><span class=\"wpgb-checkbox-label\">OCT&nbsp;<span>(18)<\/span><\/span><\/div><\/li><li><div class=\"wpgb-checkbox\" role=\"button\" aria-pressed=\"false\" tabindex=\"0\"><input type=\"hidden\" name=\"diagnostyka[]\" value=\"nirs\"><span class=\"wpgb-checkbox-control\"><\/span><span class=\"wpgb-checkbox-label\">NIRS&nbsp;<span>(14)<\/span><\/span><\/div><\/li><li><div class=\"wpgb-checkbox\" role=\"button\" aria-pressed=\"false\" tabindex=\"0\"><input type=\"hidden\" name=\"diagnostyka[]\" value=\"koronarografia\"><span class=\"wpgb-checkbox-control\"><\/span><span class=\"wpgb-checkbox-label\">Koronarografia&nbsp;<span>(71)<\/span><\/span><\/div><\/li><li><div class=\"wpgb-checkbox\" role=\"button\" aria-pressed=\"false\" tabindex=\"0\"><input type=\"hidden\" name=\"diagnostyka[]\" value=\"ivus\"><span class=\"wpgb-checkbox-control\"><\/span><span class=\"wpgb-checkbox-label\">IVUS&nbsp;<span>(64)<\/span><\/span><\/div><\/li><li><div class=\"wpgb-checkbox\" role=\"button\" aria-pressed=\"false\" tabindex=\"0\"><input type=\"hidden\" name=\"diagnostyka[]\" value=\"inna\"><span class=\"wpgb-checkbox-control\"><\/span><span class=\"wpgb-checkbox-label\">Inna&nbsp;<span>(3)<\/span><\/span><\/div><\/li><li><div class=\"wpgb-checkbox\" role=\"button\" aria-pressed=\"false\" tabindex=\"0\"><input type=\"hidden\" name=\"diagnostyka[]\" value=\"ffr\"><span class=\"wpgb-checkbox-control\"><\/span><span class=\"wpgb-checkbox-label\">FFR&nbsp;<span>(75)<\/span><\/span><\/div><\/li><li><div class=\"wpgb-checkbox\" role=\"button\" aria-pressed=\"false\" tabindex=\"0\"><input type=\"hidden\" name=\"diagnostyka[]\" value=\"cewnikowanie-prawostronne-serca\"><span class=\"wpgb-checkbox-control\"><\/span><span class=\"wpgb-checkbox-label\">Cewnikowanie prawostronne serca&nbsp;<span>(36)<\/span><\/span><\/div><\/li><li><div class=\"wpgb-checkbox\" role=\"button\" aria-pressed=\"false\" tabindex=\"0\"><input type=\"hidden\" name=\"diagnostyka[]\" value=\"biopsje-miesnia-serca-(lewo-i-prawokomorowe--w-tym-celowane-pod-kontrola-mapowania-elektroanatomicznego-3d)\"><span class=\"wpgb-checkbox-control\"><\/span><span class=\"wpgb-checkbox-label\">Biopsje mi\u0119\u015bnia serca (lewo i prawokomorowe, w tym celowane pod kontrol\u0105 mapowania elektroanatomicznego 3D)&nbsp;<span>(1)<\/span><\/span><\/div><\/li><li><div class=\"wpgb-checkbox\" role=\"button\" aria-pressed=\"false\" tabindex=\"0\"><input type=\"hidden\" name=\"diagnostyka[]\" value=\"badanie-elektrofizjologiczne-serca-(eps)\"><span class=\"wpgb-checkbox-control\"><\/span><span class=\"wpgb-checkbox-label\">Badanie elektrofizjologiczne serca (EPS)&nbsp;<span>(2)<\/span><\/span><\/div><\/li><li><div class=\"wpgb-checkbox\" role=\"button\" aria-pressed=\"false\" tabindex=\"0\"><input type=\"hidden\" name=\"diagnostyka[]\" value=\"arteriografia-obwodowa-i-mozgowa\"><span class=\"wpgb-checkbox-control\"><\/span><span class=\"wpgb-checkbox-label\">Arteriografia obwodowa i m\u00f3zgowa&nbsp;<span>(1)<\/span><\/span><\/div><\/li><\/ul><\/div>\t<\/fieldset>\n\t<\/div><\/div>\n<div class=\"wpgb-layout\">\n\t<div class=\"wpgb-viewport\">\n\t\t<div class=\"wpgb-masonry\">\n\t\t\t<article class=\"wpgb-card wpgb-card-28 wpgb-post-26227\" data-col=\"6\" data-row=\"1\" data-format=\"standard\"><div class=\"wpgb-card-wrapper\"><div class=\"wpgb-card-inner\"><div class=\"wpgb-card-content wpgb-scheme-light\"><div class=\"wpgb-card-body\"><span class=\"wpgb-block-1 wpgb-idle-accent-1\">Klasa C<\/span><h3 class=\"wpgb-block-2\"><a target=\"_self\" href=\"https:\/\/aisn.pl\/en\/baza_pracowni\/pracownia-hemodynamiki-centrum-kardiologii-inwazyjnej-z-oddzialem-chirurgii-naczyniowej-4cardia\/\">Pracownia Hemodynamiki  Centrum Kardiologii Inwazyjnej  z Oddzia\u0142em Chirurgii Naczyniowej 4Cardia<\/a><\/h3><div class=\"wpgb-block-4 wpgb-idle-scheme-1\">Kierownik:Dr Marek Jankiewicz<\/div><\/div><div class=\"wpgb-card-footer\"><div class=\"wpgb-block-3\">Kra\u015bnik<\/div><\/div><\/div><\/div><\/div><\/article><article class=\"wpgb-card wpgb-card-28 wpgb-post-26221\" data-col=\"6\" data-row=\"1\" data-format=\"standard\"><div class=\"wpgb-card-wrapper\"><div class=\"wpgb-card-inner\"><div class=\"wpgb-card-content wpgb-scheme-light\"><div class=\"wpgb-card-body\"><span class=\"wpgb-block-1 wpgb-idle-accent-1\">Bez akredytacji<\/span><h3 class=\"wpgb-block-2\"><a target=\"_self\" href=\"https:\/\/aisn.pl\/en\/baza_pracowni\/pracownia-hemodynamiki-osrodek-interwencji-sercowo-naczyniowych-5-wojskowy-szpital-kliniczny-z-poliklinika\/\">Pracownia Hemodynamiki, O\u015brodek Interwencji Sercowo-Naczyniowych 5 Wojskowy Szpital Kliniczny z Poliklinik\u0105<\/a><\/h3><div class=\"wpgb-block-4 wpgb-idle-scheme-1\">Kierownik:Dr n. med. Wojciech Zajdel<\/div><\/div><div class=\"wpgb-card-footer\"><div class=\"wpgb-block-3\">Krak\u00f3w<\/div><\/div><\/div><\/div><\/div><\/article><article class=\"wpgb-card wpgb-card-28 wpgb-post-25826\" data-col=\"6\" data-row=\"1\" data-format=\"standard\"><div class=\"wpgb-card-wrapper\"><div class=\"wpgb-card-inner\"><div class=\"wpgb-card-content wpgb-scheme-light\"><div class=\"wpgb-card-body\"><span class=\"wpgb-block-1 wpgb-idle-accent-1\">Bez akredytacji<\/span><h3 class=\"wpgb-block-2\"><a target=\"_self\" href=\"https:\/\/aisn.pl\/en\/baza_pracowni\/pracownia-hemodynamiki-i-elektrofizjologii-szpitala-miejskiego-nr-4-w-gliwicach\/\">Pracownia Hemodynamiki i Elektrofizjologii Szpitala Miejskiego Nr 4 w Gliwicach<\/a><\/h3><div class=\"wpgb-block-4 wpgb-idle-scheme-1\">Kierownik:Dr n. med. Tadeusz Z\u0119bik<\/div><\/div><div class=\"wpgb-card-footer\"><div class=\"wpgb-block-3\">Gliwice<\/div><\/div><\/div><\/div><\/div><\/article><article class=\"wpgb-card wpgb-card-28 wpgb-post-25425\" data-col=\"6\" data-row=\"1\" data-format=\"standard\"><div class=\"wpgb-card-wrapper\"><div class=\"wpgb-card-inner\"><div class=\"wpgb-card-content wpgb-scheme-light\"><div class=\"wpgb-card-body\"><span class=\"wpgb-block-1 wpgb-idle-accent-1\">Klasa B<\/span><h3 class=\"wpgb-block-2\"><a target=\"_self\" href=\"https:\/\/aisn.pl\/en\/baza_pracowni\/pracownia-hemodynamiki-oddzial-kardiologii-interwencyjnej-i-chorob-wewnetrznych-wojskowy-instytut-medyczny-panstwowy-instytut-badawczy-szpital-w-legionowie\/\">Pracownia Hemodynamiki Oddzia\u0142 Kardiologii Interwencyjnej i Chor\u00f3b Wewn\u0119trznych Wojskowy Instytut Medyczny Pa\u0144stwowy Instytut Badawczy Szpital w Legionowie<\/a><\/h3><div class=\"wpgb-block-4 wpgb-idle-scheme-1\">Kierownik:dr n. med S\u0142awomir Go\u0142\u0119biewski <\/div><\/div><div class=\"wpgb-card-footer\"><div class=\"wpgb-block-3\">Legionowo<\/div><\/div><\/div><\/div><\/div><\/article><article class=\"wpgb-card wpgb-card-28 wpgb-post-25274\" data-col=\"6\" data-row=\"1\" data-format=\"standard\"><div class=\"wpgb-card-wrapper\"><div class=\"wpgb-card-inner\"><div class=\"wpgb-card-content wpgb-scheme-light\"><div class=\"wpgb-card-body\"><span class=\"wpgb-block-1 wpgb-idle-accent-1\">Bez akredytacji<\/span><h3 class=\"wpgb-block-2\"><a target=\"_self\" href=\"https:\/\/aisn.pl\/en\/baza_pracowni\/pracownia-hemodynamiki-szpital-wojewodzki-im-prymasa-kardynala-stefana-wyszynskiego-w-sieradzu\/\">Pracownia Hemodynamiki Szpital Wojew\u00f3dzki im. Prymasa Kardyna\u0142a Stefana Wyszy\u0144skiego w Sieradzu<\/a><\/h3><div class=\"wpgb-block-4 wpgb-idle-scheme-1\">Kierownik:Dr n. med. Piotr Ty\u015blerowicz<\/div><\/div><div class=\"wpgb-card-footer\"><div class=\"wpgb-block-3\">Sieradz<\/div><\/div><\/div><\/div><\/div><\/article>\t\t<\/div>\n\t<\/div>\n\t<\/div>\n<div class=\"wpgb-area wpgb-area-bottom-1\">\n\t<div class=\"wpgb-facet wpgb-loading wpgb-facet-7\" data-facet=\"7\" data-grid=\"3\"><nav class=\"wpgb-pagination-facet\" aria-label=\"Page navigation\"><ul class=\"wpgb-pagination\"><li class=\"wpgb-page\"><a href=\"https:\/\/aisn.pl\/en\/pracownie\/?_paginacja=1\" aria-current=\"true\" aria-label=\"Current Page, Page 1\" data-page=\"1\">1<\/a><\/li><li class=\"wpgb-page\"><a href=\"https:\/\/aisn.pl\/en\/pracownie\/?_paginacja=2\" aria-label=\"Go to Page 2\" data-page=\"2\">2<\/a><\/li><li class=\"wpgb-page\"><a href=\"https:\/\/aisn.pl\/en\/pracownie\/?_paginacja=3\" aria-label=\"Go to Page 3\" data-page=\"3\">3<\/a><\/li><li class=\"wpgb-page\"><span class=\"wpgb-dots-page\">\u2026<\/span><\/li><li class=\"wpgb-page\"><a href=\"https:\/\/aisn.pl\/en\/pracownie\/?_paginacja=34\" aria-label=\"Go to Page 34\" data-page=\"34\">34<\/a><\/li><li class=\"wpgb-page\"><a href=\"https:\/\/aisn.pl\/en\/pracownie\/?_paginacja=35\" aria-label=\"Go to Page 35\" data-page=\"35\">35<\/a><\/li><li class=\"wpgb-page wpgb-page-next\"><a href=\"https:\/\/aisn.pl\/en\/pracownie\/?_paginacja=2\" aria-label=\"Go to Page 2\" data-page=\"2\">Next \u00bb<\/a><\/li><\/ul><\/nav><\/div><\/div>\n<div class=\"wpgb-area wpgb-area-bottom-2\">\n\t<div class=\"wpgb-facet wpgb-loading wpgb-facet-8\" data-facet=\"8\" data-grid=\"3\"><span class=\"wpgb-result-count\">1 - 5 z 175 pracowni<\/span><\/div><\/div>\n\t<\/div>\n\t\t<\/div>\n<\/div>\n<\/div>\n\t\t\t\t<\/div>\n\t\t\t\t<\/div>\n\t\t\t\t<div class=\"elementor-element elementor-element-74a11d6 elementor-widget elementor-widget-shortcode\" data-id=\"74a11d6\" data-element_type=\"widget\" data-widget_type=\"shortcode.default\">\n\t\t\t\t<div class=\"elementor-widget-container\">\n\t\t\t\t\t<div class=\"elementor-shortcode\"><!-- Gridbuilder \u1d42\u1d3e Plugin (https:\/\/wpgridbuilder.com) -->\n<div class=\"wp-grid-builder wpgb-grid-4 baza\" data-options=\"{&quot;id&quot;:4,&quot;type&quot;:&quot;masonry&quot;,&quot;source&quot;:&quot;post_type&quot;,&quot;loader&quot;:0,&quot;layout&quot;:&quot;vertical&quot;,&quot;reveal&quot;:0,&quot;isMainQuery&quot;:0,&quot;lazyLoad&quot;:0,&quot;cardSizes&quot;:{&quot;9999&quot;:{&quot;columns&quot;:6,&quot;height&quot;:240,&quot;gutter&quot;:0,&quot;ratio&quot;:&quot;1.33333&quot;},&quot;1200&quot;:{&quot;columns&quot;:5,&quot;height&quot;:240,&quot;gutter&quot;:0,&quot;ratio&quot;:&quot;1.33333&quot;},&quot;992&quot;:{&quot;columns&quot;:4,&quot;height&quot;:220,&quot;gutter&quot;:0,&quot;ratio&quot;:&quot;1.33333&quot;},&quot;768&quot;:{&quot;columns&quot;:3,&quot;height&quot;:220,&quot;gutter&quot;:0,&quot;ratio&quot;:&quot;1.33333&quot;},&quot;576&quot;:{&quot;columns&quot;:2,&quot;height&quot;:200,&quot;gutter&quot;:0,&quot;ratio&quot;:&quot;1.33333&quot;},&quot;320&quot;:{&quot;columns&quot;:1,&quot;height&quot;:200,&quot;gutter&quot;:0,&quot;ratio&quot;:&quot;1.33333&quot;}},&quot;fitRows&quot;:0,&quot;equalRows&quot;:0,&quot;equalColumns&quot;:0,&quot;fillLastRow&quot;:0,&quot;centerLastRow&quot;:0,&quot;horizontalOrder&quot;:0,&quot;fullWidth&quot;:0,&quot;transitionDelay&quot;:100,&quot;gallerySlideshow&quot;:0,&quot;rowsNumber&quot;:1,&quot;slideAlign&quot;:&quot;left&quot;,&quot;groupCells&quot;:1,&quot;draggable&quot;:1,&quot;initialIndex&quot;:0,&quot;contain&quot;:0,&quot;freeScroll&quot;:0,&quot;freeFriction&quot;:&quot;0.075&quot;,&quot;friction&quot;:&quot;0.285&quot;,&quot;attraction&quot;:&quot;0.025&quot;,&quot;autoPlay&quot;:0,&quot;pageDotAriaLabel&quot;:&quot;Page dot %d&quot;,&quot;isPreview&quot;:false,&quot;isGutenberg&quot;:false,&quot;rightToLeft&quot;:false}\"><div class=\"wpgb-wrapper\">\n\t<div class=\"wpgb-main\">\n\t<div class=\"wpgb-layout\">\n\t<div class=\"wpgb-viewport\">\n\t\t<div class=\"wpgb-masonry\">\n\t\t\t<article class=\"wpgb-card wpgb-card-default wpgb-post-27713\" data-col=\"1\" data-row=\"1\" data-format=\"standard\"><div class=\"wpgb-card-wrapper\"><div class=\"wpgb-card-inner\"><\/div><\/div><\/article><article class=\"wpgb-card wpgb-card-default wpgb-post-13066\" data-col=\"1\" data-row=\"1\" data-format=\"standard\"><div class=\"wpgb-card-wrapper\"><div class=\"wpgb-card-inner\"><\/div><\/div><\/article>\t\t<\/div>\n\t<\/div>\n\t<\/div>\n\t<\/div>\n\t\t<\/div>\n<\/div>\n<\/div>\n\t\t\t\t<\/div>\n\t\t\t\t<\/div>\n\t\t\t\t\t<\/div>\n\t\t<\/div>\n\t\t\t\t\t<\/div>\n\t\t<\/section>\n\t\t\t\t<\/div>","protected":false},"excerpt":{"rendered":"<p>Baza pracowni Znajd\u017a pracowni\u0119<\/p>","protected":false},"author":6,"featured_media":0,"parent":0,"menu_order":103,"comment_status":"closed","ping_status":"closed","template":"","meta":{"footnotes":""},"class_list":["post-794","page","type-page","status-publish","hentry"],"_links":{"self":[{"href":"https:\/\/aisn.pl\/en\/wp-json\/wp\/v2\/pages\/794","targetHints":{"allow":["GET"]}}],"collection":[{"href":"https:\/\/aisn.pl\/en\/wp-json\/wp\/v2\/pages"}],"about":[{"href":"https:\/\/aisn.pl\/en\/wp-json\/wp\/v2\/types\/page"}],"author":[{"embeddable":true,"href":"https:\/\/aisn.pl\/en\/wp-json\/wp\/v2\/users\/6"}],"replies":[{"embeddable":true,"href":"https:\/\/aisn.pl\/en\/wp-json\/wp\/v2\/comments?post=794"}],"version-history":[{"count":0,"href":"https:\/\/aisn.pl\/en\/wp-json\/wp\/v2\/pages\/794\/revisions"}],"wp:attachment":[{"href":"https:\/\/aisn.pl\/en\/wp-json\/wp\/v2\/media?parent=794"}],"curies":[{"name":"wp","href":"https:\/\/api.w.org\/{rel}","templated":true}]}}