{"id":796,"date":"2020-06-22T13:13:32","date_gmt":"2020-06-22T13:13:32","guid":{"rendered":"https:\/\/test.aisn.pl\/pracownie\/mapa-pracowni\/"},"modified":"2020-08-26T15:31:51","modified_gmt":"2020-08-26T15:31:51","slug":"mapa_pracowni","status":"publish","type":"page","link":"https:\/\/aisn.pl\/en\/pracownie\/mapa_pracowni\/","title":{"rendered":"Map of the workshop"},"content":{"rendered":"<div data-elementor-type=\"wp-page\" data-elementor-id=\"796\" data-post-id=\"1470\" data-obj-id=\"1470\" class=\"elementor elementor-796 dce-elementor-post-1470\" data-elementor-post-type=\"page\">\n\t\t\t\t\t\t<section class=\"elementor-section elementor-top-section elementor-element elementor-element-dd3d51a elementor-section-boxed elementor-section-height-default elementor-section-height-default\" data-id=\"dd3d51a\" data-element_type=\"section\" data-settings=\"{&quot;jet_parallax_layout_list&quot;:[{&quot;jet_parallax_layout_image&quot;:{&quot;url&quot;:&quot;&quot;,&quot;id&quot;:&quot;&quot;,&quot;size&quot;:&quot;&quot;},&quot;_id&quot;:&quot;70da609&quot;,&quot;jet_parallax_layout_image_tablet&quot;:{&quot;url&quot;:&quot;&quot;,&quot;id&quot;:&quot;&quot;,&quot;size&quot;:&quot;&quot;},&quot;jet_parallax_layout_image_mobile&quot;:{&quot;url&quot;:&quot;&quot;,&quot;id&quot;:&quot;&quot;,&quot;size&quot;:&quot;&quot;},&quot;jet_parallax_layout_speed&quot;:{&quot;unit&quot;:&quot;%&quot;,&quot;size&quot;:50,&quot;sizes&quot;:[]},&quot;jet_parallax_layout_type&quot;:&quot;scroll&quot;,&quot;jet_parallax_layout_direction&quot;:null,&quot;jet_parallax_layout_fx_direction&quot;:null,&quot;jet_parallax_layout_z_index&quot;:&quot;&quot;,&quot;jet_parallax_layout_bg_x&quot;:50,&quot;jet_parallax_layout_bg_y&quot;:50,&quot;jet_parallax_layout_bg_size&quot;:&quot;auto&quot;,&quot;jet_parallax_layout_animation_prop&quot;:&quot;transform&quot;,&quot;jet_parallax_layout_on&quot;:[&quot;desktop&quot;,&quot;tablet&quot;],&quot;jet_parallax_layout_bg_x_tablet&quot;:&quot;&quot;,&quot;jet_parallax_layout_bg_x_mobile&quot;:&quot;&quot;,&quot;jet_parallax_layout_bg_y_tablet&quot;:&quot;&quot;,&quot;jet_parallax_layout_bg_y_mobile&quot;:&quot;&quot;,&quot;jet_parallax_layout_bg_size_tablet&quot;:&quot;&quot;,&quot;jet_parallax_layout_bg_size_mobile&quot;:&quot;&quot;}]}\">\n\t\t\t\t\t\t<div class=\"elementor-container elementor-column-gap-default\">\n\t\t\t\t\t<div class=\"elementor-column elementor-col-100 elementor-top-column elementor-element elementor-element-a6389ee\" data-id=\"a6389ee\" data-element_type=\"column\">\n\t\t\t<div class=\"elementor-widget-wrap elementor-element-populated\">\n\t\t\t\t\t\t<div class=\"elementor-element elementor-element-1c59ad5 elementor-widget elementor-widget-shortcode\" data-id=\"1c59ad5\" data-element_type=\"widget\" data-widget_type=\"shortcode.default\">\n\t\t\t\t<div class=\"elementor-widget-container\">\n\t\t\t\t\t<div class=\"elementor-shortcode\"><!-- Gridbuilder \u1d42\u1d3e Plugin (https:\/\/wpgridbuilder.com) -->\n<div class=\"wp-grid-builder wpgb-grid-1 mappracowni\" data-options=\"{&quot;id&quot;:1,&quot;type&quot;:&quot;masonry&quot;,&quot;source&quot;:&quot;post_type&quot;,&quot;loader&quot;:0,&quot;layout&quot;:&quot;vertical&quot;,&quot;reveal&quot;:0,&quot;isMainQuery&quot;:0,&quot;lazyLoad&quot;:0,&quot;cardSizes&quot;:{&quot;9999&quot;:{&quot;columns&quot;:6,&quot;height&quot;:240,&quot;gutter&quot;:0,&quot;ratio&quot;:&quot;1.33333&quot;},&quot;1200&quot;:{&quot;columns&quot;:6,&quot;height&quot;:240,&quot;gutter&quot;:0,&quot;ratio&quot;:&quot;1.33333&quot;},&quot;992&quot;:{&quot;columns&quot;:4,&quot;height&quot;:220,&quot;gutter&quot;:0,&quot;ratio&quot;:&quot;1.33333&quot;},&quot;768&quot;:{&quot;columns&quot;:3,&quot;height&quot;:220,&quot;gutter&quot;:0,&quot;ratio&quot;:&quot;1.33333&quot;},&quot;576&quot;:{&quot;columns&quot;:2,&quot;height&quot;:200,&quot;gutter&quot;:0,&quot;ratio&quot;:&quot;1.33333&quot;},&quot;320&quot;:{&quot;columns&quot;:1,&quot;height&quot;:200,&quot;gutter&quot;:0,&quot;ratio&quot;:&quot;1.33333&quot;}},&quot;fitRows&quot;:1,&quot;equalRows&quot;:0,&quot;equalColumns&quot;:1,&quot;fillLastRow&quot;:0,&quot;centerLastRow&quot;:0,&quot;horizontalOrder&quot;:1,&quot;fullWidth&quot;:0,&quot;transitionDelay&quot;:100,&quot;gallerySlideshow&quot;:0,&quot;rowsNumber&quot;:1,&quot;slideAlign&quot;:&quot;left&quot;,&quot;groupCells&quot;:1,&quot;draggable&quot;:1,&quot;initialIndex&quot;:0,&quot;contain&quot;:0,&quot;freeScroll&quot;:0,&quot;freeFriction&quot;:&quot;0.075&quot;,&quot;friction&quot;:&quot;0.285&quot;,&quot;attraction&quot;:&quot;0.025&quot;,&quot;autoPlay&quot;:0,&quot;pageDotAriaLabel&quot;:&quot;Page dot %d&quot;,&quot;isPreview&quot;:false,&quot;isGutenberg&quot;:false,&quot;rightToLeft&quot;:false}\"><div class=\"wpgb-svg-icons\" hidden>\n\t<svg viewbox=\"0 0 120 24\" width=\"0\" height=\"0\">\n\t<defs>\n        <polygon id=\"wpgb-star-svg\" points=\"12 2.5 15.1 8.8 22 9.8 17 14.6 18.2 21.5 12 18.3 5.8 21.5 7 14.6 2 9.8 8.9 8.8\"><\/polygon>\n    <\/defs>\n    <symbol id=\"wpgb-rating-stars-svg\">\n        <use xlink:href=\"#wpgb-star-svg\"><\/use>\n        <use xlink:href=\"#wpgb-star-svg\" x=\"24\"><\/use>\n        <use xlink:href=\"#wpgb-star-svg\" x=\"48\"><\/use>\n        <use xlink:href=\"#wpgb-star-svg\" x=\"72\"><\/use>\n        <use xlink:href=\"#wpgb-star-svg\" x=\"96\"><\/use>\n    <\/symbol>\n<\/svg>\n<\/div>\n<div class=\"wpgb-wrapper\">\n<aside class=\"wpgb-sidebar wpgb-sidebar-left\">\n\t<div class=\"wpgb-facet wpgb-loading wpgb-facet-10\" data-facet=\"10\" data-grid=\"1\">\t<fieldset>\n\t\t<legend class=\"wpgb-facet-title wpgb-sr-only\">geo<\/legend>\n\t\t<div class=\"wpgb-geolocation-facet\">\n\t\t\t\t<div class=\"wpgb-geolocation-input\">\n\t\t\t\t\t<label>\n\t\t\t\t\t\t<span class=\"wpgb-sr-only\">Geolocation<\/span>\n\t\t\t\t\t\t<input class=\"wpgb-input\" type=\"search\" placeholder=\"Enter your location\" autocomplete=\"off\">\n\t\t\t\t\t\t<svg class=\"wpgb-input-icon\" viewbox=\"0 0 24 24\" height=\"16\" width=\"16\" aria-hidden=\"true\" focusable=\"false\"><path d=\"M17.5 17.5 23 23Zm-16-7a9 9 0 1 1 9 9 9 9 0 0 1-9-9Z\"\/><\/svg>\n\t\t\t\t\t<\/label>\n\t\t\t\t\t<button type=\"button\" class=\"wpgb-locate-button\" hidden><span class=\"wpgb-sr-only\">Lokalizuj mnie<\/span><svg viewbox=\"0 0 24 24\" width=\"24\" height=\"24\" aria-hidden=\"true\" focusable=\"false\"><path d=\"M12 3a9 9 0 1 1-9 9 9 9 0 0 1 9-9ZM12 1v4m11 7h-4m-7 11v-4M1 12h4\" stroke-linecap=\"square\"\/><path d=\"M12 11a1 1 0 1 1-1 1 1 1 0 0 1 1-1Z\"\/><\/svg><\/button>\n\t\t\t\t<\/div>\n\t\t\t\t\n\t\t\t<\/div>\t<\/fieldset>\n\t<\/div><div class=\"wpgb-facet wpgb-loading wpgb-facet-5\" data-facet=\"5\" data-grid=\"1\">\t<h4 class=\"wpgb-facet-title\">Name<\/h4>\n\t\t<fieldset>\n\t\t<legend class=\"wpgb-facet-title wpgb-sr-only\">Name<\/legend>\n\t\t<div class=\"wpgb-autocomplete-facet\"><label>\n\t\t\t\t<span class=\"wpgb-sr-only\">Name<\/span>\n\t\t\t\t<input class=\"wpgb-input\" type=\"search\" name=\"nazwa\" placeholder=\"\" value=\"\" autocomplete=\"off\">\n\t\t\t\t<svg class=\"wpgb-input-icon\" viewbox=\"0 0 24 24\" height=\"16\" width=\"16\" aria-hidden=\"true\" focusable=\"false\"><path d=\"M17.5 17.5 23 23Zm-16-7a9 9 0 1 1 9 9 9 9 0 0 1-9-9Z\"\/><\/svg>\n\t\t\t<\/label><\/div>\t<\/fieldset>\n\t<\/div><div class=\"wpgb-facet wpgb-loading wpgb-facet-9\" data-facet=\"9\" data-grid=\"1\">\t<h4 class=\"wpgb-facet-title\">City<\/h4>\n\t\t<fieldset>\n\t\t<legend class=\"wpgb-facet-title wpgb-sr-only\">City<\/legend>\n\t\t<div class=\"wpgb-autocomplete-facet\"><label>\n\t\t\t\t<span class=\"wpgb-sr-only\">City<\/span>\n\t\t\t\t<input class=\"wpgb-input\" type=\"search\" name=\"miasto\" placeholder=\"\" value=\"\" autocomplete=\"off\">\n\t\t\t\t<svg class=\"wpgb-input-icon\" viewbox=\"0 0 24 24\" height=\"16\" width=\"16\" aria-hidden=\"true\" focusable=\"false\"><path d=\"M17.5 17.5 23 23Zm-16-7a9 9 0 1 1 9 9 9 9 0 0 1-9-9Z\"\/><\/svg>\n\t\t\t<\/label><\/div>\t<\/fieldset>\n\t<\/div><div class=\"wpgb-facet wpgb-loading wpgb-facet-1\" data-facet=\"1\" data-grid=\"1\">\t<h4 class=\"wpgb-facet-title\">Diagnostics<\/h4>\n\t\t<fieldset>\n\t\t<legend class=\"wpgb-facet-title wpgb-sr-only\">Diagnostics<\/legend>\n\t\t<div class=\"wpgb-checkbox-facet\"><ul class=\"wpgb-hierarchical-list\"><li><div class=\"wpgb-checkbox\" role=\"button\" aria-pressed=\"false\" tabindex=\"0\"><input type=\"hidden\" name=\"diagnostyka[]\" value=\"oct\"><span class=\"wpgb-checkbox-control\"><\/span><span class=\"wpgb-checkbox-label\">OCT&nbsp;<span>(18)<\/span><\/span><\/div><\/li><li><div class=\"wpgb-checkbox\" role=\"button\" aria-pressed=\"false\" tabindex=\"0\"><input type=\"hidden\" name=\"diagnostyka[]\" value=\"nirs\"><span class=\"wpgb-checkbox-control\"><\/span><span class=\"wpgb-checkbox-label\">NIRS&nbsp;<span>(14)<\/span><\/span><\/div><\/li><li><div class=\"wpgb-checkbox\" role=\"button\" aria-pressed=\"false\" tabindex=\"0\"><input type=\"hidden\" name=\"diagnostyka[]\" value=\"koronarografia\"><span class=\"wpgb-checkbox-control\"><\/span><span class=\"wpgb-checkbox-label\">Koronarografia&nbsp;<span>(71)<\/span><\/span><\/div><\/li><li><div class=\"wpgb-checkbox\" role=\"button\" aria-pressed=\"false\" tabindex=\"0\"><input type=\"hidden\" name=\"diagnostyka[]\" value=\"ivus\"><span class=\"wpgb-checkbox-control\"><\/span><span class=\"wpgb-checkbox-label\">IVUS&nbsp;<span>(64)<\/span><\/span><\/div><\/li><li><div class=\"wpgb-checkbox\" role=\"button\" aria-pressed=\"false\" tabindex=\"0\"><input type=\"hidden\" name=\"diagnostyka[]\" value=\"inna\"><span class=\"wpgb-checkbox-control\"><\/span><span class=\"wpgb-checkbox-label\">Inna&nbsp;<span>(3)<\/span><\/span><\/div><\/li><li><div class=\"wpgb-checkbox\" role=\"button\" aria-pressed=\"false\" tabindex=\"0\"><input type=\"hidden\" name=\"diagnostyka[]\" value=\"ffr\"><span class=\"wpgb-checkbox-control\"><\/span><span class=\"wpgb-checkbox-label\">FFR&nbsp;<span>(75)<\/span><\/span><\/div><\/li><li><div class=\"wpgb-checkbox\" role=\"button\" aria-pressed=\"false\" tabindex=\"0\"><input type=\"hidden\" name=\"diagnostyka[]\" value=\"cewnikowanie-prawostronne-serca\"><span class=\"wpgb-checkbox-control\"><\/span><span class=\"wpgb-checkbox-label\">Cewnikowanie prawostronne serca&nbsp;<span>(36)<\/span><\/span><\/div><\/li><li><div class=\"wpgb-checkbox\" role=\"button\" aria-pressed=\"false\" tabindex=\"0\"><input type=\"hidden\" name=\"diagnostyka[]\" value=\"biopsje-miesnia-serca-(lewo-i-prawokomorowe--w-tym-celowane-pod-kontrola-mapowania-elektroanatomicznego-3d)\"><span class=\"wpgb-checkbox-control\"><\/span><span class=\"wpgb-checkbox-label\">Biopsje mi\u0119\u015bnia serca (lewo i prawokomorowe, w tym celowane pod kontrol\u0105 mapowania elektroanatomicznego 3D)&nbsp;<span>(1)<\/span><\/span><\/div><\/li><li><div class=\"wpgb-checkbox\" role=\"button\" aria-pressed=\"false\" tabindex=\"0\"><input type=\"hidden\" name=\"diagnostyka[]\" value=\"badanie-elektrofizjologiczne-serca-(eps)\"><span class=\"wpgb-checkbox-control\"><\/span><span class=\"wpgb-checkbox-label\">Badanie elektrofizjologiczne serca (EPS)&nbsp;<span>(2)<\/span><\/span><\/div><\/li><li><div class=\"wpgb-checkbox\" role=\"button\" aria-pressed=\"false\" tabindex=\"0\"><input type=\"hidden\" name=\"diagnostyka[]\" value=\"arteriografia-obwodowa-i-mozgowa\"><span class=\"wpgb-checkbox-control\"><\/span><span class=\"wpgb-checkbox-label\">Arteriografia obwodowa i m\u00f3zgowa&nbsp;<span>(1)<\/span><\/span><\/div><\/li><\/ul><\/div>\t<\/fieldset>\n\t<\/div><div class=\"wpgb-facet wpgb-loading wpgb-facet-3\" data-facet=\"3\" data-grid=\"1\">\t<h4 class=\"wpgb-facet-title\">Type of intervention<\/h4>\n\t\t<fieldset>\n\t\t<legend class=\"wpgb-facet-title wpgb-sr-only\">Type of intervention<\/legend>\n\t\t<div class=\"wpgb-checkbox-facet\"><ul class=\"wpgb-hierarchical-list\"><li><div class=\"wpgb-checkbox\" role=\"button\" aria-pressed=\"false\" tabindex=\"0\"><input type=\"hidden\" name=\"rodzaj_interwencji[]\" value=\"angioplastyka-tetnic-wiencowych\"><span class=\"wpgb-checkbox-control\"><\/span><span class=\"wpgb-checkbox-label\">Coronary artery angioplasty&nbsp;<span>(73)<\/span><\/span><\/div><\/li><li><div class=\"wpgb-checkbox\" role=\"button\" aria-pressed=\"false\" tabindex=\"0\"><input type=\"hidden\" name=\"rodzaj_interwencji[]\" value=\"przezskorne-wspomaganie-krazenia-iabp\"><span class=\"wpgb-checkbox-control\"><\/span><span class=\"wpgb-checkbox-label\">Percutaneous circulatory support IABP&nbsp;<span>(65)<\/span><\/span><\/div><\/li><li><div class=\"wpgb-checkbox\" role=\"button\" aria-pressed=\"false\" tabindex=\"0\"><input type=\"hidden\" name=\"rodzaj_interwencji[]\" value=\"inwazyjna-diagnostyka-nadcisnienia-plucnego\"><span class=\"wpgb-checkbox-control\"><\/span><span class=\"wpgb-checkbox-label\">Invasive diagnosis of pulmonary hypertension&nbsp;<span>(22)<\/span><\/span><\/div><\/li><li><div class=\"wpgb-checkbox\" role=\"button\" aria-pressed=\"false\" tabindex=\"0\"><input type=\"hidden\" name=\"rodzaj_interwencji[]\" value=\"walwuloplastyka-aortalna\"><span class=\"wpgb-checkbox-control\"><\/span><span class=\"wpgb-checkbox-label\">Aortic valvuloplasty&nbsp;<span>(21)<\/span><\/span><\/div><\/li><li><div class=\"wpgb-checkbox\" role=\"button\" aria-pressed=\"false\" tabindex=\"0\"><input type=\"hidden\" name=\"rodzaj_interwencji[]\" value=\"zamykanie-pfo\"><span class=\"wpgb-checkbox-control\"><\/span><span class=\"wpgb-checkbox-label\">Closure of PFO&nbsp;<span>(21)<\/span><\/span><\/div><\/li><li><div class=\"wpgb-checkbox\" role=\"button\" aria-pressed=\"false\" tabindex=\"0\"><input type=\"hidden\" name=\"rodzaj_interwencji[]\" value=\"zamykanie-asd\"><span class=\"wpgb-checkbox-control\"><\/span><span class=\"wpgb-checkbox-label\">Closing of ASD&nbsp;<span>(19)<\/span><\/span><\/div><\/li><li><div class=\"wpgb-checkbox\" role=\"button\" aria-pressed=\"false\" tabindex=\"0\"><input type=\"hidden\" name=\"rodzaj_interwencji[]\" value=\"angioplastyka-tetnic-obwodowych\"><span class=\"wpgb-checkbox-control\"><\/span><span class=\"wpgb-checkbox-label\">Peripheral artery angioplasty&nbsp;<span>(16)<\/span><\/span><\/div><\/li><li><div class=\"wpgb-checkbox\" role=\"button\" aria-pressed=\"false\" tabindex=\"0\"><input type=\"hidden\" name=\"rodzaj_interwencji[]\" value=\"ablacja-alkoholowa\"><span class=\"wpgb-checkbox-control\"><\/span><span class=\"wpgb-checkbox-label\">Alcohol ablation&nbsp;<span>(15)<\/span><\/span><\/div><\/li><li><div class=\"wpgb-checkbox\" role=\"button\" aria-pressed=\"false\" tabindex=\"0\"><input type=\"hidden\" name=\"rodzaj_interwencji[]\" value=\"angioplastyka-tetnic-szyjnych\"><span class=\"wpgb-checkbox-control\"><\/span><span class=\"wpgb-checkbox-label\">Carotid artery angioplasty&nbsp;<span>(13)<\/span><\/span><\/div><\/li><li><div class=\"wpgb-checkbox\" role=\"button\" aria-pressed=\"false\" tabindex=\"0\"><input type=\"hidden\" name=\"rodzaj_interwencji[]\" value=\"laa-\u2013-zamykanie-uszka-lewego-przedsionka\"><span class=\"wpgb-checkbox-control\"><\/span><span class=\"wpgb-checkbox-label\">LAA \u2013 zamykanie uszka lewego przedsionka&nbsp;<span>(11)<\/span><\/span><\/div><\/li><\/ul><\/div>\t<\/fieldset>\n\t<\/div><\/aside>\n\t<div class=\"wpgb-main\">\n\t<div class=\"wpgb-area wpgb-area-top-2\">\n\t<div class=\"wpgb-facet wpgb-loading wpgb-facet-2\" data-facet=\"2\" data-grid=\"1\">\t<fieldset>\n\t\t<legend class=\"wpgb-facet-title wpgb-sr-only\">mapa<\/legend>\n\t\t<div class=\"wpgb-map-facet\" style=\"padding-bottom:56.25%\"><\/div><label class=\"wpgb-map-pan-to-search\">\n\t\t\t\t<input type=\"checkbox\" checked='checked'>\n\t\t\t\t<span class=\"wpgb-checkbox-control\"><\/span>\n\t\t\t\t<span class=\"wpgb-map-pan-label\">Wyszukaj przesuwaj\u0105c map\u0119<\/span>\n\t\t\t<\/label>\t<\/fieldset>\n\t<\/div><\/div>\n<div class=\"wpgb-layout\">\n\t<div class=\"wpgb-viewport\">\n\t\t<div class=\"wpgb-masonry\">\n\t\t\t<article class=\"wpgb-card wpgb-card-29 wpgb-post-1423\" data-col=\"3\" data-row=\"1\" data-format=\"standard\"><div class=\"wpgb-card-wrapper\"><div class=\"wpgb-card-inner\"><div class=\"wpgb-card-header wpgb-scheme-dark\"><div class=\"wpgb-block-1 wpgb-idle-scheme-1\">Klasa C<\/div><\/div><div class=\"wpgb-card-content wpgb-scheme-dark\"><div class=\"wpgb-card-body\" data-action><h3 class=\"wpgb-block-2 wpgb-idle-scheme-1\"><a href=\"https:\/\/aisn.pl\/en\/baza_pracowni\/pracownia-diagnostyki-obrazowej-angiokardiografii-polsko-amerykanskie-kliniki-serca-ii-oddzial-kardiologiczny\/\">Pracownia Diagnostyki Obrazowej i Angiokardiografii Polsko-Ameryka\u0144skie Kliniki Serca  Centrum Kardiologii i Kardiochirurgii w Bielsku-Bia\u0142ej<\/a><\/h3><div class=\"wpgb-block-3 wpgb-idle-scheme-1\">Prof. Krzysztof Milewski<\/div><a class=\"wpgb-card-layer-link\" href=\"https:\/\/aisn.pl\/en\/baza_pracowni\/pracownia-diagnostyki-obrazowej-angiokardiografii-polsko-amerykanskie-kliniki-serca-ii-oddzial-kardiologiczny\/\"><\/a><\/div><div class=\"wpgb-card-footer\"><div class=\"wpgb-block-4 wpgb-idle-scheme-1\">Bielsko-Bia\u0142a<\/div><\/div><\/div><\/div><\/div><\/article><article class=\"wpgb-card wpgb-card-29 wpgb-post-1446\" data-col=\"3\" data-row=\"1\" data-format=\"standard\"><div class=\"wpgb-card-wrapper\"><div class=\"wpgb-card-inner\"><div class=\"wpgb-card-header wpgb-scheme-dark\"><div class=\"wpgb-block-1 wpgb-idle-scheme-1\">Klasa C<\/div><\/div><div class=\"wpgb-card-content wpgb-scheme-dark\"><div class=\"wpgb-card-body\" data-action><h3 class=\"wpgb-block-2 wpgb-idle-scheme-1\"><a href=\"https:\/\/aisn.pl\/en\/baza_pracowni\/pracownia-hemodynamiki-i-angiografii-krakowski-szpital-specjalistyczny-im-jana-pawla-ii\/\">Pracownia Hemodynamiki i Angiografii Oddzia\u0142u Klinicznego Kardiologii Interwencyjnej Krakowski Szpital Specjalistyczny im. Jana Paw\u0142a II<\/a><\/h3><div class=\"wpgb-block-3 wpgb-idle-scheme-1\">Prof. Jacek Legutko<\/div><a class=\"wpgb-card-layer-link\" href=\"https:\/\/aisn.pl\/en\/baza_pracowni\/pracownia-hemodynamiki-i-angiografii-krakowski-szpital-specjalistyczny-im-jana-pawla-ii\/\"><\/a><\/div><div class=\"wpgb-card-footer\"><div class=\"wpgb-block-4 wpgb-idle-scheme-1\">Krak\u00f3w<\/div><\/div><\/div><\/div><\/div><\/article><article class=\"wpgb-card wpgb-card-29 wpgb-post-1447\" data-col=\"3\" data-row=\"1\" data-format=\"standard\"><div class=\"wpgb-card-wrapper\"><div class=\"wpgb-card-inner\"><div class=\"wpgb-card-header wpgb-scheme-dark\"><div class=\"wpgb-block-1 wpgb-idle-scheme-1\">Klasa C<\/div><\/div><div class=\"wpgb-card-content wpgb-scheme-dark\"><div class=\"wpgb-card-body\" data-action><h3 class=\"wpgb-block-2 wpgb-idle-scheme-1\"><a href=\"https:\/\/aisn.pl\/en\/baza_pracowni\/pracownia-hemodynamiki-i-angiografii-samodzielny-publiczny-szpital-kliniczny-nr-4-w-lublinie\/\">Pracownia Hemodynamiki i Angiografii Samodzielny Publiczny Szpital Kliniczny Nr 4 w Lublinie<\/a><\/h3><div class=\"wpgb-block-3 wpgb-idle-scheme-1\">Dr hab. med. Piotr J. Waci\u0144ski<\/div><a class=\"wpgb-card-layer-link\" href=\"https:\/\/aisn.pl\/en\/baza_pracowni\/pracownia-hemodynamiki-i-angiografii-samodzielny-publiczny-szpital-kliniczny-nr-4-w-lublinie\/\"><\/a><\/div><div class=\"wpgb-card-footer\"><div class=\"wpgb-block-4 wpgb-idle-scheme-1\">Lublin<\/div><\/div><\/div><\/div><\/div><\/article><article class=\"wpgb-card wpgb-card-29 wpgb-post-1455\" data-col=\"3\" data-row=\"1\" data-format=\"standard\"><div class=\"wpgb-card-wrapper\"><div class=\"wpgb-card-inner\"><div class=\"wpgb-card-header wpgb-scheme-dark\"><div class=\"wpgb-block-1 wpgb-idle-scheme-1\">Klasa C<\/div><\/div><div class=\"wpgb-card-content wpgb-scheme-dark\"><div class=\"wpgb-card-body\" data-action><h3 class=\"wpgb-block-2 wpgb-idle-scheme-1\"><a href=\"https:\/\/aisn.pl\/en\/baza_pracowni\/pracownia-hemodynamiki-i-kardioangiografii-wojewodzkiego-szpitala-specjalistycznego\/\">Pracownia Hemodynamiki Serca Oddzia\u0142 Kardiologiczny z Pododdzia\u0142em Intensywnego Nadzoru Kardiologicznego, Pododdzia\u0142em Leczenia Zaburze\u0144 Rytmu Serca Wojew\u00f3dzkiego Szpitala Specjalistycznego we Wroc\u0142awiu<\/a><\/h3><div class=\"wpgb-block-3 wpgb-idle-scheme-1\">Dr hab. med. Marcin Protasiewicz<\/div><a class=\"wpgb-card-layer-link\" href=\"https:\/\/aisn.pl\/en\/baza_pracowni\/pracownia-hemodynamiki-i-kardioangiografii-wojewodzkiego-szpitala-specjalistycznego\/\"><\/a><\/div><div class=\"wpgb-card-footer\"><div class=\"wpgb-block-4 wpgb-idle-scheme-1\">Wroc\u0142aw<\/div><\/div><\/div><\/div><\/div><\/article><article class=\"wpgb-card wpgb-card-29 wpgb-post-1463\" data-col=\"3\" data-row=\"1\" data-format=\"standard\"><div class=\"wpgb-card-wrapper\"><div class=\"wpgb-card-inner\"><div class=\"wpgb-card-header wpgb-scheme-dark\"><div class=\"wpgb-block-1 wpgb-idle-scheme-1\">Klasa C<\/div><\/div><div class=\"wpgb-card-content wpgb-scheme-dark\"><div class=\"wpgb-card-body\" data-action><h3 class=\"wpgb-block-2 wpgb-idle-scheme-1\"><a href=\"https:\/\/aisn.pl\/en\/baza_pracowni\/pracownia-hemodynamiki-klinika-kardiologii-uniwersytecki-szpital-kliniczny-im-jana-mikulicza-radeckiego-we-wroclawiu\/\">Pracownia Hemodynamiki Instytut Chor\u00f3b Serca Uniwersytecki Szpital Kliniczny im. Jana Mikulicza-Radeckiego we Wroc\u0142awiu<\/a><\/h3><div class=\"wpgb-block-3 wpgb-idle-scheme-1\">Dr hab. n. med. Wiktor Kuliczkowski<\/div><a class=\"wpgb-card-layer-link\" href=\"https:\/\/aisn.pl\/en\/baza_pracowni\/pracownia-hemodynamiki-klinika-kardiologii-uniwersytecki-szpital-kliniczny-im-jana-mikulicza-radeckiego-we-wroclawiu\/\"><\/a><\/div><div class=\"wpgb-card-footer\"><div class=\"wpgb-block-4 wpgb-idle-scheme-1\">Wroc\u0142aw<\/div><\/div><\/div><\/div><\/div><\/article><article class=\"wpgb-card wpgb-card-29 wpgb-post-1470\" data-col=\"3\" data-row=\"1\" data-format=\"standard\"><div class=\"wpgb-card-wrapper\"><div class=\"wpgb-card-inner\"><div class=\"wpgb-card-header wpgb-scheme-dark\"><div class=\"wpgb-block-1 wpgb-idle-scheme-1\">Klasa C<\/div><\/div><div class=\"wpgb-card-content wpgb-scheme-dark\"><div class=\"wpgb-card-body\" data-action><h3 class=\"wpgb-block-2 wpgb-idle-scheme-1\"><a href=\"https:\/\/aisn.pl\/en\/baza_pracowni\/pracownia-hemodynamiki-kliniki-kardiologii-z-intensywnym-nadzorem-kardiologicznym-samodzielny-publiczny-szpital-kliniczny-nr-2-pum-w-szczecinie\/\">Pracownia Hemodynamiki Kliniki Kardiologii z Intensywnym Nadzorem Kardiologicznym  Samodzielny Publiczny Szpital Kliniczny Nr 2 PUM w Szczecinie<\/a><\/h3><div class=\"wpgb-block-3 wpgb-idle-scheme-1\">Prof. Jaros\u0142aw Gor\u0105cy<\/div><a class=\"wpgb-card-layer-link\" href=\"https:\/\/aisn.pl\/en\/baza_pracowni\/pracownia-hemodynamiki-kliniki-kardiologii-z-intensywnym-nadzorem-kardiologicznym-samodzielny-publiczny-szpital-kliniczny-nr-2-pum-w-szczecinie\/\"><\/a><\/div><div class=\"wpgb-card-footer\"><div class=\"wpgb-block-4 wpgb-idle-scheme-1\">Szczecin<\/div><\/div><\/div><\/div><\/div><\/article>\t\t<\/div>\n\t<\/div>\n\t<\/div>\n<div class=\"wpgb-area wpgb-area-bottom-1\">\n\t<div class=\"wpgb-facet wpgb-loading wpgb-facet-7\" data-facet=\"7\" data-grid=\"1\"><nav class=\"wpgb-pagination-facet\" aria-label=\"Page navigation\"><ul class=\"wpgb-pagination\"><li class=\"wpgb-page\"><a href=\"https:\/\/aisn.pl\/en\/pracownie\/mapa_pracowni\/?_paginacja=1\" aria-current=\"true\" aria-label=\"Current Page, Page 1\" data-page=\"1\">1<\/a><\/li><li class=\"wpgb-page\"><a href=\"https:\/\/aisn.pl\/en\/pracownie\/mapa_pracowni\/?_paginacja=2\" aria-label=\"Go to Page 2\" data-page=\"2\">2<\/a><\/li><li class=\"wpgb-page\"><a href=\"https:\/\/aisn.pl\/en\/pracownie\/mapa_pracowni\/?_paginacja=3\" aria-label=\"Go to Page 3\" data-page=\"3\">3<\/a><\/li><li class=\"wpgb-page\"><span class=\"wpgb-dots-page\">\u2026<\/span><\/li><li class=\"wpgb-page\"><a href=\"https:\/\/aisn.pl\/en\/pracownie\/mapa_pracowni\/?_paginacja=28\" aria-label=\"Go to Page 28\" data-page=\"28\">28<\/a><\/li><li class=\"wpgb-page\"><a href=\"https:\/\/aisn.pl\/en\/pracownie\/mapa_pracowni\/?_paginacja=29\" aria-label=\"Go to Page 29\" data-page=\"29\">29<\/a><\/li><li class=\"wpgb-page wpgb-page-next\"><a href=\"https:\/\/aisn.pl\/en\/pracownie\/mapa_pracowni\/?_paginacja=2\" aria-label=\"Go to Page 2\" data-page=\"2\">Next \u00bb<\/a><\/li><\/ul><\/nav><\/div><\/div>\n<div class=\"wpgb-area wpgb-area-bottom-2\">\n\t<div class=\"wpgb-facet wpgb-loading wpgb-facet-8\" data-facet=\"8\" data-grid=\"1\"><span class=\"wpgb-result-count\">1 - 6 z 174 pracowni<\/span><\/div><\/div>\n\t<\/div>\n\t\t<\/div>\n<\/div>\n<\/div>\n\t\t\t\t<\/div>\n\t\t\t\t<\/div>\n\t\t\t\t\t<\/div>\n\t\t<\/div>\n\t\t\t\t\t<\/div>\n\t\t<\/section>\n\t\t\t\t<\/div>","protected":false},"excerpt":{"rendered":"","protected":false},"author":6,"featured_media":0,"parent":794,"menu_order":0,"comment_status":"closed","ping_status":"closed","template":"","meta":{"footnotes":""},"class_list":["post-796","page","type-page","status-publish","hentry"],"_links":{"self":[{"href":"https:\/\/aisn.pl\/en\/wp-json\/wp\/v2\/pages\/796","targetHints":{"allow":["GET"]}}],"collection":[{"href":"https:\/\/aisn.pl\/en\/wp-json\/wp\/v2\/pages"}],"about":[{"href":"https:\/\/aisn.pl\/en\/wp-json\/wp\/v2\/types\/page"}],"author":[{"embeddable":true,"href":"https:\/\/aisn.pl\/en\/wp-json\/wp\/v2\/users\/6"}],"replies":[{"embeddable":true,"href":"https:\/\/aisn.pl\/en\/wp-json\/wp\/v2\/comments?post=796"}],"version-history":[{"count":2,"href":"https:\/\/aisn.pl\/en\/wp-json\/wp\/v2\/pages\/796\/revisions"}],"predecessor-version":[{"id":21551,"href":"https:\/\/aisn.pl\/en\/wp-json\/wp\/v2\/pages\/796\/revisions\/21551"}],"up":[{"embeddable":true,"href":"https:\/\/aisn.pl\/en\/wp-json\/wp\/v2\/pages\/794"}],"wp:attachment":[{"href":"https:\/\/aisn.pl\/en\/wp-json\/wp\/v2\/media?parent=796"}],"curies":[{"name":"wp","href":"https:\/\/api.w.org\/{rel}","templated":true}]}}