{"id":799,"date":"2020-06-22T13:14:00","date_gmt":"2020-06-22T13:14:30","guid":{"rendered":"https:\/\/test.aisn.pl\/czlonkostwo\/czlonkostwo-eapci\/"},"modified":"2025-10-09T11:21:39","modified_gmt":"2025-10-09T09:21:39","slug":"czlonkostwo_eapci","status":"publish","type":"page","link":"https:\/\/aisn.pl\/en\/czlonkostwo\/czlonkostwo_eapci\/","title":{"rendered":"Membership of EAPCI"},"content":{"rendered":"<div data-elementor-type=\"wp-page\" data-elementor-id=\"799\" data-post-id=\"799\" data-obj-id=\"799\" class=\"elementor elementor-799 dce-elementor-post-799\" data-elementor-post-type=\"page\">\n\t\t\t\t\t\t<section class=\"elementor-section elementor-top-section elementor-element elementor-element-461d7da elementor-section-boxed elementor-section-height-default elementor-section-height-default\" data-id=\"461d7da\" data-element_type=\"section\" data-settings=\"{&quot;jet_parallax_layout_list&quot;:[{&quot;jet_parallax_layout_image&quot;:{&quot;url&quot;:&quot;&quot;,&quot;id&quot;:&quot;&quot;,&quot;size&quot;:&quot;&quot;},&quot;_id&quot;:&quot;e6e375f&quot;,&quot;jet_parallax_layout_image_tablet&quot;:{&quot;url&quot;:&quot;&quot;,&quot;id&quot;:&quot;&quot;,&quot;size&quot;:&quot;&quot;},&quot;jet_parallax_layout_image_mobile&quot;:{&quot;url&quot;:&quot;&quot;,&quot;id&quot;:&quot;&quot;,&quot;size&quot;:&quot;&quot;},&quot;jet_parallax_layout_speed&quot;:{&quot;unit&quot;:&quot;%&quot;,&quot;size&quot;:50,&quot;sizes&quot;:[]},&quot;jet_parallax_layout_type&quot;:&quot;scroll&quot;,&quot;jet_parallax_layout_direction&quot;:null,&quot;jet_parallax_layout_fx_direction&quot;:null,&quot;jet_parallax_layout_z_index&quot;:&quot;&quot;,&quot;jet_parallax_layout_bg_x&quot;:50,&quot;jet_parallax_layout_bg_x_tablet&quot;:&quot;&quot;,&quot;jet_parallax_layout_bg_x_mobile&quot;:&quot;&quot;,&quot;jet_parallax_layout_bg_y&quot;:50,&quot;jet_parallax_layout_bg_y_tablet&quot;:&quot;&quot;,&quot;jet_parallax_layout_bg_y_mobile&quot;:&quot;&quot;,&quot;jet_parallax_layout_bg_size&quot;:&quot;auto&quot;,&quot;jet_parallax_layout_bg_size_tablet&quot;:&quot;&quot;,&quot;jet_parallax_layout_bg_size_mobile&quot;:&quot;&quot;,&quot;jet_parallax_layout_animation_prop&quot;:&quot;transform&quot;,&quot;jet_parallax_layout_on&quot;:[&quot;desktop&quot;,&quot;tablet&quot;]}]}\">\n\t\t\t\t\t\t<div class=\"elementor-container elementor-column-gap-default\">\n\t\t\t\t\t<div class=\"elementor-column elementor-col-100 elementor-top-column elementor-element elementor-element-41e4e04\" data-id=\"41e4e04\" data-element_type=\"column\">\n\t\t\t<div class=\"elementor-widget-wrap elementor-element-populated\">\n\t\t\t\t\t\t\t<\/div>\n\t\t<\/div>\n\t\t\t\t\t<\/div>\n\t\t<\/section>\n\t\t\t\t<section class=\"elementor-section elementor-top-section elementor-element elementor-element-a499fd9 elementor-section-full_width elementor-section-height-default elementor-section-height-default\" data-id=\"a499fd9\" data-element_type=\"section\" data-settings=\"{&quot;jet_parallax_layout_list&quot;:[{&quot;jet_parallax_layout_image&quot;:{&quot;url&quot;:&quot;&quot;,&quot;id&quot;:&quot;&quot;,&quot;size&quot;:&quot;&quot;},&quot;_id&quot;:&quot;45f036a&quot;,&quot;jet_parallax_layout_image_tablet&quot;:{&quot;url&quot;:&quot;&quot;,&quot;id&quot;:&quot;&quot;,&quot;size&quot;:&quot;&quot;},&quot;jet_parallax_layout_image_mobile&quot;:{&quot;url&quot;:&quot;&quot;,&quot;id&quot;:&quot;&quot;,&quot;size&quot;:&quot;&quot;},&quot;jet_parallax_layout_speed&quot;:{&quot;unit&quot;:&quot;%&quot;,&quot;size&quot;:50,&quot;sizes&quot;:[]},&quot;jet_parallax_layout_type&quot;:&quot;scroll&quot;,&quot;jet_parallax_layout_direction&quot;:null,&quot;jet_parallax_layout_fx_direction&quot;:null,&quot;jet_parallax_layout_z_index&quot;:&quot;&quot;,&quot;jet_parallax_layout_bg_x&quot;:50,&quot;jet_parallax_layout_bg_x_tablet&quot;:&quot;&quot;,&quot;jet_parallax_layout_bg_x_mobile&quot;:&quot;&quot;,&quot;jet_parallax_layout_bg_y&quot;:50,&quot;jet_parallax_layout_bg_y_tablet&quot;:&quot;&quot;,&quot;jet_parallax_layout_bg_y_mobile&quot;:&quot;&quot;,&quot;jet_parallax_layout_bg_size&quot;:&quot;auto&quot;,&quot;jet_parallax_layout_bg_size_tablet&quot;:&quot;&quot;,&quot;jet_parallax_layout_bg_size_mobile&quot;:&quot;&quot;,&quot;jet_parallax_layout_animation_prop&quot;:&quot;transform&quot;,&quot;jet_parallax_layout_on&quot;:[&quot;desktop&quot;,&quot;tablet&quot;]}]}\">\n\t\t\t\t\t\t<div class=\"elementor-container elementor-column-gap-default\">\n\t\t\t\t\t<div class=\"elementor-column elementor-col-100 elementor-top-column elementor-element elementor-element-3ec101a\" data-id=\"3ec101a\" data-element_type=\"column\">\n\t\t\t<div class=\"elementor-widget-wrap elementor-element-populated\">\n\t\t\t\t\t\t<div class=\"elementor-element elementor-element-af06e6f elementor-widget elementor-widget-text-editor\" data-id=\"af06e6f\" data-element_type=\"widget\" data-widget_type=\"text-editor.default\">\n\t\t\t\t<div class=\"elementor-widget-container\">\n\t\t\t\t\t\t\t<p>Z ogromn\u0105 rado\u015bci\u0105 informujemy, \u017ce <strong><span style=\"color: #ff0000;\">AISN we wsp\u00f3\u0142pracy z Polskim Towarzystwem Kardiologicznym uruchamia specjalny grant, kt\u00f3ry pokrywa 50% kosztu rocznej op\u0142aty cz\u0142onkowskiej w EAPCI<\/span>!<\/strong> Dzi\u0119ki temu mo\u017cecie Pa\u0144stwo przez kolejne 12 miesi\u0119cy korzysta\u0107 w pe\u0142ni z bogatej oferty tej europejskiej organizacji. To doskona\u0142a okazja, aby jeszcze bli\u017cej uczestniczy\u0107 w \u017cyciu mi\u0119dzynarodowej spo\u0142eczno\u015bci kardiologii interwencyjnej.<\/p><p>Nasz grant pokrywa 50% warto\u015bci op\u0142aty, co oznacza 165 z\u0142otych dla os\u00f3b poni\u017cej 40 roku \u017cycia oraz technik\u00f3w i piel\u0119gniarek (dla kt\u00f3rych sk\u0142adka cz\u0142onkowska jest wyj\u015bciowo ni\u017csza), oraz 330 z\u0142otych dla pozosta\u0142ych cz\u0142onk\u00f3w. Aplikowa\u0107 o dop\u0142at\u0119 mo\u017ce ka\u017cdy cz\u0142onek AISN PTK, kt\u00f3ry ureguluje swoj\u0105 sk\u0142adk\u0119 EAPCI do 31 pa\u017adziernika 2025 roku. Szczeg\u00f3\u0142owe informacje i formularz aplikacyjny znajduj\u0105 si\u0119 w za\u0142\u0105czonym regulaminie i wniosku.<\/p><p><span style=\"color: #ff0000;\"><strong>Pe\u0142noprawna forma cz\u0142onkostwa w EAPCI pokazuje nasze du\u017ce zaanga\u017cowanie w sprawy kardiologii interwencyjnej w Europie. Utrzymajmy nasz\u0105 si\u0142\u0119!<\/strong><\/span><\/p><p><strong>Nowa forma cz\u0142onkostwa w EAPCI oferuje wiele korzy\u015bci, w tym:<\/strong><\/p><ul><li>EAPCI Summit 2026 \u2013 bezp\u0142atna rejestracja<\/li><li>Bezp\u0142atny dost\u0119p do webinari\u00f3w EAPCI \u2013 na \u017cywo i na \u017c\u0105danie<\/li><li>Bezp\u0142atny dost\u0119p do EAPCI Journal Club \u2013 na \u017cywo i na \u017c\u0105danie<\/li><li>Bezp\u0142atny dost\u0119p do webinari\u00f3w ESC \u2013 na \u017cywo i na \u017c\u0105danie<\/li><li>Egzamin EAPCI \u2013 10% zni\u017cki na op\u0142at\u0119 rejestracyjn\u0105<\/li><li>Granty szkoleniowe EAPCI \u2013 wy\u0142\u0105czny dost\u0119p<\/li><li>Program coachingu online EAPCI \u2013 wy\u0142\u0105czny dost\u0119p<\/li><li>Najnowsze podr\u0119czne wytyczne ESC \u2013 dystrybucja podczas EAPCI Summit<\/li><li>Zni\u017cki na ACVC-EAPCI Cardiogenic Shock School<\/li><li>Zni\u017cki na poziom 1 \u015bcie\u017cki edukacyjnej EAPCI \u2013 ju\u017c wkr\u00f3tce<\/li><li>Zni\u017cki na poziom 2 \u015bcie\u017cki edukacyjnej EAPCI \u2013 kursy stacjonarne<\/li><li>Dost\u0119p do katalog\u00f3w cz\u0142onk\u00f3w EAPCI i ESC<\/li><li>Biuletyny i newsletter EAPCI<\/li><li>Prawa wyborcze i mo\u017cliwo\u015b\u0107 kandydowania do komitet\u00f3w oraz Zarz\u0105du EAPCI<\/li><li>Bezp\u0142atny dost\u0119p online doEuropean Heart Journal<\/li><li>Podr\u0119czniki i handbooki ESC \u2013 30% zni\u017cki<\/li><li>Zni\u017cki na internetowe kursy EAPCI dla piel\u0119gniarek i innych specjalist\u00f3w<\/li><li>Cardiovascular Research\u2013 40% zni\u017cki na subskrypcj\u0119 online<\/li><li>EHJ Quality of Care and Clinical Outcomes\u2013 40% zni\u017cki na subskrypcj\u0119 online<\/li><\/ul><p>\u00a0<\/p><p><span style=\"color: #ff0000;\"><strong>Link do rejestracji:<\/strong><\/span> <a href=\"https:\/\/www.escardio.org\/Marketing\/EAPCI-Membership-offer\">https:\/\/www.escardio.org\/Marketing\/EAPCI-Membership-offer<\/a><\/p><p>Poka\u017cmy nasz\u0105 si\u0142\u0119 w Europie! Aplikujcie o grant jak najszybciej!<\/p><p>\u00a0<\/p><h3 style=\"text-align: center;\"><strong><a title=\"Link do rejestracji w EAPCI\" href=\"https:\/\/escol.escardio.org\/MyESC\/login.aspx?ReturnUrl=\/MyESC\/modules\/membership\/application\/default.aspx?type=EAPCI&amp;type=EAPCI\" target=\"_blank\" rel=\"noopener\">DO\u0141\u0104CZ DO EAPCI!<br \/><\/a><\/strong><\/h3>\t\t\t\t\t\t<\/div>\n\t\t\t\t<\/div>\n\t\t\t\t\t<\/div>\n\t\t<\/div>\n\t\t\t\t\t<\/div>\n\t\t<\/section>\n\t\t\t\t<\/div>","protected":false},"excerpt":{"rendered":"<p>Z ogromn\u0105 rado\u015bci\u0105 informujemy, \u017ce AISN we wsp\u00f3\u0142pracy z Polskim Towarzystwem Kardiologicznym uruchamia specjalny grant, kt\u00f3ry pokrywa 50% kosztu rocznej op\u0142aty cz\u0142onkowskiej w EAPCI! Dzi\u0119ki temu mo\u017cecie Pa\u0144stwo przez kolejne 12 miesi\u0119cy korzysta\u0107 w pe\u0142ni z bogatej oferty tej europejskiej organizacji. To doskona\u0142a okazja, aby jeszcze bli\u017cej uczestniczy\u0107 w \u017cyciu mi\u0119dzynarodowej spo\u0142eczno\u015bci kardiologii interwencyjnej. Nasz [&hellip;]<\/p>","protected":false},"author":6,"featured_media":0,"parent":797,"menu_order":1,"comment_status":"closed","ping_status":"closed","template":"","meta":{"footnotes":""},"class_list":["post-799","page","type-page","status-publish","hentry"],"_links":{"self":[{"href":"https:\/\/aisn.pl\/en\/wp-json\/wp\/v2\/pages\/799","targetHints":{"allow":["GET"]}}],"collection":[{"href":"https:\/\/aisn.pl\/en\/wp-json\/wp\/v2\/pages"}],"about":[{"href":"https:\/\/aisn.pl\/en\/wp-json\/wp\/v2\/types\/page"}],"author":[{"embeddable":true,"href":"https:\/\/aisn.pl\/en\/wp-json\/wp\/v2\/users\/6"}],"replies":[{"embeddable":true,"href":"https:\/\/aisn.pl\/en\/wp-json\/wp\/v2\/comments?post=799"}],"version-history":[{"count":21,"href":"https:\/\/aisn.pl\/en\/wp-json\/wp\/v2\/pages\/799\/revisions"}],"predecessor-version":[{"id":26869,"href":"https:\/\/aisn.pl\/en\/wp-json\/wp\/v2\/pages\/799\/revisions\/26869"}],"up":[{"embeddable":true,"href":"https:\/\/aisn.pl\/en\/wp-json\/wp\/v2\/pages\/797"}],"wp:attachment":[{"href":"https:\/\/aisn.pl\/en\/wp-json\/wp\/v2\/media?parent=799"}],"curies":[{"name":"wp","href":"https:\/\/api.w.org\/{rel}","templated":true}]}}