{"id":801,"date":"2020-06-22T13:17:00","date_gmt":"2020-06-22T13:17:12","guid":{"rendered":"https:\/\/test.aisn.pl\/nauka-i-granty\/wytyczne-i-stanowiska-w-kardiologii-inwazyjnej\/"},"modified":"2025-09-08T09:44:41","modified_gmt":"2025-09-08T07:44:41","slug":"stanowiska-aisn-ptk","status":"publish","type":"page","link":"https:\/\/aisn.pl\/en\/nauka_i_edukacja\/stanowiska-aisn-ptk\/","title":{"rendered":"positions AISN PTK"},"content":{"rendered":"<div data-elementor-type=\"wp-page\" data-elementor-id=\"801\" data-post-id=\"801\" data-obj-id=\"801\" class=\"elementor elementor-801 dce-elementor-post-801\" data-elementor-post-type=\"page\">\n\t\t\t\t\t\t<section class=\"elementor-section elementor-top-section elementor-element elementor-element-661e2832 elementor-section-boxed elementor-section-height-default elementor-section-height-default\" data-id=\"661e2832\" data-element_type=\"section\" data-settings=\"{&quot;jet_parallax_layout_list&quot;:[{&quot;jet_parallax_layout_image&quot;:{&quot;url&quot;:&quot;&quot;,&quot;id&quot;:&quot;&quot;,&quot;size&quot;:&quot;&quot;},&quot;_id&quot;:&quot;9d451a8&quot;,&quot;jet_parallax_layout_image_tablet&quot;:{&quot;url&quot;:&quot;&quot;,&quot;id&quot;:&quot;&quot;,&quot;size&quot;:&quot;&quot;},&quot;jet_parallax_layout_image_mobile&quot;:{&quot;url&quot;:&quot;&quot;,&quot;id&quot;:&quot;&quot;,&quot;size&quot;:&quot;&quot;},&quot;jet_parallax_layout_speed&quot;:{&quot;unit&quot;:&quot;%&quot;,&quot;size&quot;:50,&quot;sizes&quot;:[]},&quot;jet_parallax_layout_type&quot;:&quot;scroll&quot;,&quot;jet_parallax_layout_direction&quot;:null,&quot;jet_parallax_layout_fx_direction&quot;:null,&quot;jet_parallax_layout_z_index&quot;:&quot;&quot;,&quot;jet_parallax_layout_bg_x&quot;:50,&quot;jet_parallax_layout_bg_x_tablet&quot;:&quot;&quot;,&quot;jet_parallax_layout_bg_x_mobile&quot;:&quot;&quot;,&quot;jet_parallax_layout_bg_y&quot;:50,&quot;jet_parallax_layout_bg_y_tablet&quot;:&quot;&quot;,&quot;jet_parallax_layout_bg_y_mobile&quot;:&quot;&quot;,&quot;jet_parallax_layout_bg_size&quot;:&quot;auto&quot;,&quot;jet_parallax_layout_bg_size_tablet&quot;:&quot;&quot;,&quot;jet_parallax_layout_bg_size_mobile&quot;:&quot;&quot;,&quot;jet_parallax_layout_animation_prop&quot;:&quot;transform&quot;,&quot;jet_parallax_layout_on&quot;:[&quot;desktop&quot;,&quot;tablet&quot;]}]}\">\n\t\t\t\t\t\t<div class=\"elementor-container elementor-column-gap-default\">\n\t\t\t\t\t<div class=\"elementor-column elementor-col-100 elementor-top-column elementor-element elementor-element-24c287c4\" data-id=\"24c287c4\" data-element_type=\"column\">\n\t\t\t<div class=\"elementor-widget-wrap elementor-element-populated\">\n\t\t\t\t\t\t<div class=\"elementor-element elementor-element-683d4a01 elementor-widget elementor-widget-text-editor\" data-id=\"683d4a01\" data-element_type=\"widget\" data-widget_type=\"text-editor.default\">\n\t\t\t\t<div class=\"elementor-widget-container\">\n\t\t\t\t\t\t\t<table><colgroup> <col span=\"1\" \/> <\/colgroup>\n<thead>\n<tr>\n\n\n<th>Rok<\/th>\n<th>Temat<\/th>\n<th>Publikacja<\/th>\n<\/tr>\n<\/thead>\n<tbody>\n\n\n<tr>\n<td>2025<\/td>\n<td>Tomografia komputerowa<\/td>\n<td><a href=\"https:\/\/journals.viamedica.pl\/polish_heart_journal\/article\/view\/107838\/84249\">Practical aspects of antiplatelet therapy individualization\namong patients undergoing PCI for ACS and CCS. The joint\nexpert opinion of the Working Group on Cardiovascular\nPharmacotherapy and the Association of Cardiovascular\nInterventions of the Polish Cardiac Society\n<\/a><\/td>\n<\/tr>\n\n\n\n\n\n<tr>\n<td>2025<\/td>\n<td>Tomografia komputerowa<\/td>\n<td><a href=\"https:\/\/journals.viamedica.pl\/polish_heart_journal\/article\/view\/106383\">Cardiac computed tomography for planning and guidance of coronary revascularization: An expert position of the Association of Cardiovascular Interventions of the Polish Cardiac Society\n<\/a><\/td>\n<\/tr>\n\n\n<tr>\n<td>2025<\/td>\n<td>Leczenie przeciwp\u0142ytkowe<\/td>\n<td><a href=\"https:\/\/journals.viamedica.pl\/polish_heart_journal\/article\/view\/107838\">Practical aspects of antiplatelet therapy individualization among patients undergoing PCI for ACS and CCS. The joint expert opinion of the Working Group on Cardiovascular Pharmacotherapy and the Association of Cardiovascular Interventions of the Polish Cardiac Society\n<\/a><\/td>\n<\/tr>\n\n\n\n<tr>\n<td>2024<\/td>\n<td>Ochrona radiologiczna<\/td>\n<td><a href=\"https:\/\/journals.viamedica.pl\/polish_heart_journal\/article\/view\/103632\/80365\">Radiation protection in cardiology cath labs. Expert review and opinion of the Association of Cardiovascular Interventions, the Working Group on Echocardiography of the Polish Society of Cardiology and the Polish Society of Medical Physics\n<\/a><\/td>\n<\/tr>\n\n\n\n\n\n\n\n\n\n\n<tr>\n<td>2024<\/td>\n<td>Ochrona radiologiczna<\/td>\n<td><a href=\"https:\/\/journals.viamedica.pl\/polish_heart_journal\/article\/view\/103632\/80365\">Radiation protection in cardiology cath labs. Expert review and opinion of the Association of Cardiovascular Interventions, the Working Group on Echocardiography of the Polish Society of Cardiology and the Polish Society of Medical Physics\n<\/a><\/td>\n<\/tr>\n<tr>\n<td>2023<\/td>\n<td>Zatorowo\u015b\u0107 p\u0142ucna<\/td>\n<td><a href=\"https:\/\/journals.viamedica.pl\/kardiologia_polska\/article\/view\/94808\">Role of catheter-directed therapies in the treatment of acute pulmonary embolism. Expert opinion of the Polish PERT Initiative, Working Group on Pulmonary Circulation, Association of Cardiovascular Interventions, and Association of Intensive Cardiac Care of the Polish Cardiac Society\n<\/a><\/td>\n<\/tr>\n<tr>\n<td>2023<\/td>\n<td>TAVI<\/td>\n<td><a href=\"https:\/\/journals.viamedica.pl\/kardiologia_polska\/article\/view\/KP.a2023.0131\/72027\">Transcatheter aortic valve implantation for failed surgical and transcatheter prostheses. Expert Opinion of the Association of Percutaneous Cardiovascular Interventions of the Polish Cardiac Society.\n<\/a><\/td>\n<\/tr>\n<tr>\n<td>2023<\/td>\n<td>Zastawki serca<\/td>\n<td><a href=\"https:\/\/journals.viamedica.pl\/kardiologia_polska\/article\/view\/KP.a2023.0023\/70500\">Management of valvular heart disease in patients with cancer: Multidisciplinary team, cancer-therapy related cardiotoxicity, diagnosis, transcatheter intervention, and cardiac surgery. Expert opinion of the Association on Valvular Heart Disease, Association of Cardiovascular Interventions, and Working Group on Cardiac Surgery of the Polish Cardiac Society.\n<\/a><\/td>\n<\/tr>\n<tr>\n<td>2022<\/td>\n<td>Zastawki serca<\/td>\n<td><a href=\"https:\/\/journals.viamedica.pl\/kardiologia_polska\/article\/view\/KP.a2022.0055\">Management of patients after heart valve interventions. Expert opinion of the Working Group on Valvular Heart Diseases, Working Group on Cardiac Surgery, and Association of Cardiovascular Interventions of the Polish Cardiac Society.\n<\/a><\/td>\n<\/tr>\n<tr>\n<td>2022<\/td>\n<td>Obrazowanie<\/td>\n<td><a href=\"https:\/\/journals.viamedica.pl\/kardiologia_polska\/article\/view\/KP.a2022.0071\">Clinical use of intracoronary imaging modalities in Poland. Expert opinion of the Association of Cardiovascular Interventions of the Polish Cardiac Society\n<\/a><\/td>\n<\/tr>\n<tr>\n<td>2022<\/td>\n<td>Ostry zesp\u00f3\u0142 wie\u0144cowy<\/td>\n<td><a href=\"https:\/\/journals.viamedica.pl\/kardiologia_polska\/article\/view\/KP.a2022.0006\">An expert opinion of the Association of Cardiovascular Interventions and the Working Group on Cardiovascular Pharmacotherapy of the Polish Cardiac Society related to the place of prasugrel in the prevention of cardiovascular events in patients with acute coronary syndromes\n<\/a><\/td>\n<\/tr>\n<tr>\n<td>2021<\/td>\n<td>Mechaniczne wspomaganie kr\u0105\u017cenia<\/td>\n<td><a href=\"https:\/\/journals.viamedica.pl\/kardiologia_polska\/article\/view\/KP.a2021.0169\">Mechanical circulatory support. An expert opinion of the Association of Intensive Cardiac Care and the Association of Cardiovascular Interventions of the Polish Cardiac Society.\n<\/a><\/td>\n<\/tr>\n<tr>\n<td>2021<\/td>\n<td>Zastawka tr\u00f3jdzielna<\/td>\n<td><a href=\"https:\/\/journals.viamedica.pl\/kardiologia_polska\/article\/view\/87141\">Przezsk\u00f3rna naprawa zastawki tr\u00f3jdzielnej metod\u0105 brzeg-do-brzegu \u2014 kwalifikacja pacjent\u00f3w, obrazowanie, techniki zabiegowe. Opinia ekspert\u00f3w Sekcji Echokardiografii i Asocjacji Interwencji Sercowo-Naczyniowych Polskiego Towarzystwa Kardiologicznego.\n<\/a><\/td>\n<\/tr>\n<tr>\n<td>2021<\/td>\n<td>Zastawka mitralna<\/td>\n<td><a href=\"https:\/\/journals.viamedica.pl\/kardiologia_polska\/article\/view\/87140\">Przezcewnikowa naprawa i wymiana zastawki mitralnej. Stanowisko Ekspert\u00f3w Polskiego Towarzystwa Kardiologicznego oraz Polskiego Towarzystwa Kardio-Torakochirurg\u00f3w.\n<\/a><\/td>\n<\/tr>\n<tr>\n<td>2021<\/td>\n<td>Spontaniczne rozwarstwienie t\u0119tnic wie\u0144cowych<\/td>\n<td><a href=\"https:\/\/journals.viamedica.pl\/kardiologia_polska\/article\/view\/85932\">Diagnostyka i post\u0119powanie w spontanicznym rozwarstwieniu t\u0119tnicy wie\u0144cowej. Opinia ekspert\u00f3w Asocjacji Interwencji Sercowo-Naczyniowych Polskiego Towarzystwa Kardiologicznego.\n<\/a><\/td>\n<\/tr>\n<tr>\n<td>2021<\/td>\n<td>CTO<\/td>\n<td><a href=\"https:\/\/www.termedia.pl\/Chronic-total-occlusion-percutaneous-coronary-intervention-in-everyday-clinical-practice-an-expert-opinion-of-the-Association-of-Cardiovascular-Interventions-of-the-Polish-Cardiac-Society,35,43633,0,1.html\">Chronic total occlusion percutaneous coronary intervention in everyday clinical practice &#8211; an expert opinion of the Association of Cardiovascular Interventions of the Polish Cardiac Society.\n<\/a><\/td>\n<\/tr>\n<tr>\n<td>2021<\/td>\n<td>COVID-19<\/td>\n<td><a href=\"https:\/\/journals.viamedica.pl\/kardiologia_polska\/article\/view\/82553\">Management of valvular and structural heart diseases during the coronavirus disease 2019 pandemic: an expert opinion of the Working Group on Valvular Heart Diseases, the Working Group on Cardiac Surgery, and the Association of Cardiovascular Interventions of the Polish Cardiac Society.\n<\/a><\/td>\n<\/tr>\n<tr>\n<td>2020<\/td>\n<td>ASD<\/td>\n<td><a href=\"https:\/\/journals.viamedica.pl\/kardiologia_polska\/article\/view\/82692\">Percutaneous closure of atrial septal defect: a consensus document of the joint group of experts from the Association of Cardiovascular Interventions and the Grown-Up Congenital Heart Disease Section of the Polish Cardiac Society.\n<\/a><\/td>\n<\/tr>\n<tr>\n<td>2019<\/td>\n<td>Biwalirudyna<\/td>\n<td><a href=\"https:\/\/journals.viamedica.pl\/cardiology_journal\/article\/view\/CJ.2019.0029\">Bivalirudin use in acute coronary syndrome patients undergoing percutaneous coronary interventions in Poland: Clinical update from expert group of the Association on Cardiovascular Interventions of the Polish Cardiac Society.\n<\/a><\/td>\n<\/tr>\n<tr>\n<td>2019<\/td>\n<td>Przetrwa\u0142y otw\u00f3r owalny<\/td>\n<td><a href=\"https:\/\/journals.viamedica.pl\/kardiologia_polska\/article\/view\/82413\">Interventional closure of patent foramen ovale in prevention of thromboembolic events. Consensus document of the Association of Cardiovascular Interventions and the Section of Grown\u2011up Congenital Heart Disease of the Polish Cardiac Society.\n<\/a><\/td>\n<\/tr>\n<tr>\n<td>2018<\/td>\n<td>Zamykanie uszka lewego przedsionka<\/td>\n<td><a href=\"https:\/\/docplayer.pl\/108477300-Kardiologia-polska-2018-76-3-doi-kp-a-issn.html\">Przezcewnikowe zamykanie uszka lewego przedsionka. Stanowisko grupy ekspert\u00f3w powo\u0142anej przez Asocjacj\u0119 Interwencji Sercowo-Naczyniowych oraz Sekcj\u0119 Rytmu Serca Polskiego Towarzystwa Kardiologicznego.<\/a><\/td>\n<\/tr>\n<tr>\n<td>2018<\/td>\n<td>Aterektomia rotacyjna<\/td>\n<td><a href=\"https:\/\/journals.viamedica.pl\/kardiologia_polska\/article\/view\/83086\">Rotational atherectomy in everyday clinical practice. Association of Cardiovascular Interventions of the Polish Society of Cardiology (Asocjacja Interwencji Sercowo-Naczyniowych Polskiego Towarzystwa Kardiologicznego \u2014 AISN PTK): Expert opinion.<\/a><\/td>\n<\/tr>\n<tr>\n<td>2017<\/td>\n<td>Wszczepienie zastawki aortalnej<\/td>\n<td><a href=\"https:\/\/journals.viamedica.pl\/kardiologia_polska\/article\/view\/KP.2017.0175\">Przezcewnikowe wszczepienie zastawki aortalnej. Stanowisko Grupy Ekspert\u00f3w Asocjacji Interwencji Sercowo-Naczyniowych Polskiego Towarzystwa Kardiologicznego (PTK) oraz Polskiego Towarzystwa Kardio-Torakochirurg\u00f3w, zatwierdzone przez Zarz\u0105d G\u0142\u00f3wny PTK oraz Zespo\u0142y Krajowego Nadzoru Specjalistycznego w dziedzinie kardiologii i kardiochirurgii.\n<\/a><\/td>\n<\/tr>\n<tr>\n<td>2017<\/td>\n<td>Rusztowania bioresorbowalne<\/td>\n<td><a href=\"https:\/\/journals.viamedica.pl\/kardiologia_polska\/article\/view\/KP.2017.0160\">Zastosowanie rusztowa\u0144 bioresorbowalnych w leczeniu choroby wie\u0144cowej. Stanowisko grupy ekspert\u00f3w Asocjacji Interwencji Sercowo-Naczyniowych Polskiego Towarzystwa Kardiologicznego (AISN PTK).<\/a><\/td>\n<\/tr>\n<tr>\n<td>2016<\/td>\n<td>Opieka koordynowana po zawale serca<\/td>\n<td><a href=\"https:\/\/www.researchgate.net\/profile\/Marek_Gierlotka\/publication\/306520591_Opieka_koordynowana_po_zawale_serca_Stanowisko_Polskiego_Towarzystwa_Kardiologicznego_oraz_Agencji_Oceny_Technologii_Medycznych_i_Taryfikacji\/links\/57c61d6a08ae424fb2cf8917\/Opieka-koordynowana-po-zawale-serca-Stanowisko-Polskiego-Towarzystwa-Kardiologicznego-oraz-Agencji-Oceny-Technologii-Medycznych-i-Taryfikacji.pdf\">Opieka koordynowana po zawale serca. Stanowisko Polskiego Towarzystwa Kardiologicznego oraz Agencji Oceny Technologii Medycznych i Taryfikacji.\n<\/a><\/td>\n<\/tr>\n<tr>\n<td>2015<\/td>\n<td>Ocena kr\u0105\u017cenia p\u0142ucnego<\/td>\n<td><a href=\"https:\/\/journals.viamedica.pl\/kardiologia_polska\/article\/view\/KP.2014.0183\">Standardy hemodynamicznej i angiograficznej oceny kr\u0105\u017cenia p\u0142ucnego. Wsp\u00f3lne stanowisko Sekcji Kr\u0105\u017cenia P\u0142ucnego i Asocjacji Interwencji Sercowo-Naczyniowych Polskiego Towarzystwa Kardiologicznego.\n<\/a><\/td>\n<\/tr>\n<tr>\n<td>2014<\/td>\n<td>Biwalirudyna w \u015bwie\u017cym zawale serca<\/td>\n<td><a href=\"https:\/\/journals.viamedica.pl\/kardiologia_polska\/article\/download\/KP.2014.0159\/57301\">Stanowisko grupy ekspert\u00f3w Sekcji Farmakoterapii Sercowo-Naczyniowej i Asocjacji Interwencji Sercowo-Naczyniowych Polskiego Towarzystwa Kardiologicznego w sprawie stosowania biwalirudyny u pacjent\u00f3w z ostrym zawa\u0142em serca poddawanych przezsk\u00f3rnej interwencji.\n<\/a><\/td>\n<\/tr>\n<tr>\n<td>2011<\/td>\n<td>DES i DEB u pacjent\u00f3w ze stabiln\u0105 chorob\u0105 wie\u0144cow\u0105<\/td>\n<td><a href=\"https:\/\/www.termedia.pl\/Association-on-cardiovascular-interventions-of-PCS-Current-status-of-drug-eluting-stents-and-drug-eluting-balloons-in-patients-with-stable-coronary-artery-disease-An-expert-consensus-document-of-the-A,35,16462,0,1.html\">Stanowisko grupy ekspert\u00f3w dotycz\u0105ce zastosowania stent\u00f3w oraz balon\u00f3w uwalniaj\u0105cych leki antyproliferacyjne u pacjent\u00f3w z chorob\u0105 wie\u0144cow\u0105 przyj\u0119te przez Asocjacj\u0119 Interwencji Sercowo-Naczyniowych i Polskie Towarzystwo Kardiologiczne\n<\/a><\/td>\n<\/tr>\n<tr>\n<td>2011<\/td>\n<td>Przezsk\u00f3rna denerwacja nerek<\/td>\n<td><a href=\"https:\/\/journals.viamedica.pl\/kardiologia_polska\/article\/download\/79506\/61118\">Stanowisko grupy ekspert\u00f3w w sprawie zabieg\u00f3w przezsk\u00f3rnej denerwacji nerek w leczeniu nadci\u015bnienia t\u0119tniczego w Polsce\n<\/a><\/td>\n<\/tr>\n<tr>\n<td>2009<\/td>\n<td>Przezsk\u00f3rna angioplastyka zw\u0119\u017cenia t\u0119tnicy nerkowej<\/td>\n<td><a href=\"https:\/\/journals.viamedica.pl\/arterial_hypertension\/article\/download\/12340\/10178\">Stanowisko grupy ekspert\u00f3w dotycz\u0105ce diagnostyki obrazowej i wskaza\u0144 do wykonywania zabieg\u00f3w przezsk\u00f3rnej angioplastyki zw\u0119\u017cenia t\u0119tnicy nerkowej u chorych z nadci\u015bnieniem t\u0119tniczym przyj\u0119te przez Polskie Towarzystwo Nadci\u015bnienia T\u0119tniczego, Polskie Towarzystwo Nefrologiczne\n<\/a><\/td>\n<\/tr>\n<\/tbody>\n<\/table>\t\t\t\t\t\t<\/div>\n\t\t\t\t<\/div>\n\t\t\t\t\t<\/div>\n\t\t<\/div>\n\t\t\t\t\t<\/div>\n\t\t<\/section>\n\t\t\t\t<\/div>","protected":false},"excerpt":{"rendered":"<p>Rok Temat Publikacja 2025 Tomografia komputerowa Practical aspects of antiplatelet therapy individualization among patients undergoing PCI for ACS and CCS. The joint expert opinion of the Working Group on Cardiovascular Pharmacotherapy and the Association of Cardiovascular Interventions of the Polish Cardiac Society 2025 Tomografia komputerowa Cardiac computed tomography for planning and guidance of coronary revascularization: [&hellip;]<\/p>","protected":false},"author":6,"featured_media":0,"parent":800,"menu_order":0,"comment_status":"closed","ping_status":"closed","template":"","meta":{"footnotes":""},"class_list":["post-801","page","type-page","status-publish","hentry"],"_links":{"self":[{"href":"https:\/\/aisn.pl\/en\/wp-json\/wp\/v2\/pages\/801","targetHints":{"allow":["GET"]}}],"collection":[{"href":"https:\/\/aisn.pl\/en\/wp-json\/wp\/v2\/pages"}],"about":[{"href":"https:\/\/aisn.pl\/en\/wp-json\/wp\/v2\/types\/page"}],"author":[{"embeddable":true,"href":"https:\/\/aisn.pl\/en\/wp-json\/wp\/v2\/users\/6"}],"replies":[{"embeddable":true,"href":"https:\/\/aisn.pl\/en\/wp-json\/wp\/v2\/comments?post=801"}],"version-history":[{"count":92,"href":"https:\/\/aisn.pl\/en\/wp-json\/wp\/v2\/pages\/801\/revisions"}],"predecessor-version":[{"id":26621,"href":"https:\/\/aisn.pl\/en\/wp-json\/wp\/v2\/pages\/801\/revisions\/26621"}],"up":[{"embeddable":true,"href":"https:\/\/aisn.pl\/en\/wp-json\/wp\/v2\/pages\/800"}],"wp:attachment":[{"href":"https:\/\/aisn.pl\/en\/wp-json\/wp\/v2\/media?parent=801"}],"curies":[{"name":"wp","href":"https:\/\/api.w.org\/{rel}","templated":true}]}}