{"id":805,"date":"2020-06-22T13:17:12","date_gmt":"2020-06-22T13:17:12","guid":{"rendered":"https:\/\/test.aisn.pl\/nauka-i-granty\/polish-invasive-cardiology-tavi-survey\/"},"modified":"2024-02-13T08:15:18","modified_gmt":"2024-02-13T07:15:18","slug":"pol-mkw","status":"publish","type":"page","link":"https:\/\/aisn.pl\/en\/nauka_i_edukacja\/pol-mkw\/","title":{"rendered":"Og\u00f3lnopolski Rejestr Inwazyjnej Oceny Mikrokr\u0105\u017cenia Wie\u0144cowego"},"content":{"rendered":"<div data-elementor-type=\"wp-page\" data-elementor-id=\"805\" data-post-id=\"805\" data-obj-id=\"805\" class=\"elementor elementor-805 dce-elementor-post-805\" data-elementor-post-type=\"page\">\n\t\t\t\t\t\t<section class=\"elementor-section elementor-top-section elementor-element elementor-element-1465a43 elementor-section-boxed elementor-section-height-default elementor-section-height-default\" data-id=\"1465a43\" data-element_type=\"section\" data-settings=\"{&quot;jet_parallax_layout_list&quot;:[{&quot;jet_parallax_layout_image&quot;:{&quot;url&quot;:&quot;&quot;,&quot;id&quot;:&quot;&quot;,&quot;size&quot;:&quot;&quot;},&quot;_id&quot;:&quot;08645ea&quot;,&quot;jet_parallax_layout_image_tablet&quot;:{&quot;url&quot;:&quot;&quot;,&quot;id&quot;:&quot;&quot;,&quot;size&quot;:&quot;&quot;},&quot;jet_parallax_layout_image_mobile&quot;:{&quot;url&quot;:&quot;&quot;,&quot;id&quot;:&quot;&quot;,&quot;size&quot;:&quot;&quot;},&quot;jet_parallax_layout_speed&quot;:{&quot;unit&quot;:&quot;%&quot;,&quot;size&quot;:50,&quot;sizes&quot;:[]},&quot;jet_parallax_layout_type&quot;:&quot;scroll&quot;,&quot;jet_parallax_layout_direction&quot;:null,&quot;jet_parallax_layout_fx_direction&quot;:null,&quot;jet_parallax_layout_z_index&quot;:&quot;&quot;,&quot;jet_parallax_layout_bg_x&quot;:50,&quot;jet_parallax_layout_bg_x_tablet&quot;:&quot;&quot;,&quot;jet_parallax_layout_bg_x_mobile&quot;:&quot;&quot;,&quot;jet_parallax_layout_bg_y&quot;:50,&quot;jet_parallax_layout_bg_y_tablet&quot;:&quot;&quot;,&quot;jet_parallax_layout_bg_y_mobile&quot;:&quot;&quot;,&quot;jet_parallax_layout_bg_size&quot;:&quot;auto&quot;,&quot;jet_parallax_layout_bg_size_tablet&quot;:&quot;&quot;,&quot;jet_parallax_layout_bg_size_mobile&quot;:&quot;&quot;,&quot;jet_parallax_layout_animation_prop&quot;:&quot;transform&quot;,&quot;jet_parallax_layout_on&quot;:[&quot;desktop&quot;,&quot;tablet&quot;]}]}\">\n\t\t\t\t\t\t<div class=\"elementor-container elementor-column-gap-default\">\n\t\t\t\t\t<div class=\"elementor-column elementor-col-100 elementor-top-column elementor-element elementor-element-045d012\" data-id=\"045d012\" data-element_type=\"column\">\n\t\t\t<div class=\"elementor-widget-wrap\">\n\t\t\t\t\t\t\t<\/div>\n\t\t<\/div>\n\t\t\t\t\t<\/div>\n\t\t<\/section>\n\t\t\t\t<section class=\"elementor-section elementor-top-section elementor-element elementor-element-01371e1 elementor-section-full_width elementor-section-height-default elementor-section-height-default\" data-id=\"01371e1\" data-element_type=\"section\" data-settings=\"{&quot;jet_parallax_layout_list&quot;:[{&quot;jet_parallax_layout_image&quot;:{&quot;url&quot;:&quot;&quot;,&quot;id&quot;:&quot;&quot;,&quot;size&quot;:&quot;&quot;},&quot;_id&quot;:&quot;34f25cd&quot;,&quot;jet_parallax_layout_image_tablet&quot;:{&quot;url&quot;:&quot;&quot;,&quot;id&quot;:&quot;&quot;,&quot;size&quot;:&quot;&quot;},&quot;jet_parallax_layout_image_mobile&quot;:{&quot;url&quot;:&quot;&quot;,&quot;id&quot;:&quot;&quot;,&quot;size&quot;:&quot;&quot;},&quot;jet_parallax_layout_speed&quot;:{&quot;unit&quot;:&quot;%&quot;,&quot;size&quot;:50,&quot;sizes&quot;:[]},&quot;jet_parallax_layout_type&quot;:&quot;scroll&quot;,&quot;jet_parallax_layout_direction&quot;:null,&quot;jet_parallax_layout_fx_direction&quot;:null,&quot;jet_parallax_layout_z_index&quot;:&quot;&quot;,&quot;jet_parallax_layout_bg_x&quot;:50,&quot;jet_parallax_layout_bg_x_tablet&quot;:&quot;&quot;,&quot;jet_parallax_layout_bg_x_mobile&quot;:&quot;&quot;,&quot;jet_parallax_layout_bg_y&quot;:50,&quot;jet_parallax_layout_bg_y_tablet&quot;:&quot;&quot;,&quot;jet_parallax_layout_bg_y_mobile&quot;:&quot;&quot;,&quot;jet_parallax_layout_bg_size&quot;:&quot;auto&quot;,&quot;jet_parallax_layout_bg_size_tablet&quot;:&quot;&quot;,&quot;jet_parallax_layout_bg_size_mobile&quot;:&quot;&quot;,&quot;jet_parallax_layout_animation_prop&quot;:&quot;transform&quot;,&quot;jet_parallax_layout_on&quot;:[&quot;desktop&quot;,&quot;tablet&quot;]}]}\">\n\t\t\t\t\t\t<div class=\"elementor-container elementor-column-gap-default\">\n\t\t\t\t\t<div class=\"elementor-column elementor-col-100 elementor-top-column elementor-element elementor-element-3fbc3f8\" data-id=\"3fbc3f8\" data-element_type=\"column\">\n\t\t\t<div class=\"elementor-widget-wrap elementor-element-populated\">\n\t\t\t\t\t\t<div class=\"elementor-element elementor-element-6e53ab4 elementor-widget elementor-widget-text-editor\" data-id=\"6e53ab4\" data-element_type=\"widget\" data-widget_type=\"text-editor.default\">\n\t\t\t\t<div class=\"elementor-widget-container\">\n\t\t\t\t\t\t\t<p class=\"MsoNormal\" style=\"text-align: justify; line-height: normal; background-image: initial; background-position: initial; background-size: initial; background-repeat: initial; background-attachment: initial; background-origin: initial; background-clip: initial;\"><span style=\"font-size: 12.0pt; font-family: 'Times New Roman',serif; mso-fareast-font-family: 'Times New Roman'; mso-fareast-language: PL;\">Og\u00f3lnopolski Rejestr Inwazyjnej Oceny Mikrokr\u0105\u017cenia Wie\u0144cowego (POL-MKW) to narodowy rejestr zbieraj\u0105cy dane dotycz\u0105ce procedur inwazyjnej oceny mikrokr\u0105\u017cenia wie\u0144cowego wykonywanych na terenie Polski w pracowniach i oddzia\u0142ach kardiologii inwazyjnej wyposa\u017conych w aparatur\u0119 do oceny mikrokr\u0105\u017cenia wie\u0144cowego. Rejestr jest prowadzony pod patronatem Asocjacji Interwencji Sercowo-Naczyniowych 1Polskiego Towarzystwa Kardiologicznego. W chwili obecnej w bazie POL-MKW jest umieszczonych 28 pracowni.<\/span><\/p>\n<p class=\"MsoNormal\" style=\"text-align: center; line-height: normal; background-image: initial; background-position: initial; background-size: initial; background-repeat: initial; background-attachment: initial; background-origin: initial; background-clip: initial;\" align=\"center\"><span style=\"font-size: 12.0pt; font-family: 'Times New Roman',serif; mso-fareast-font-family: 'Times New Roman'; color: #cb0200; mso-fareast-language: PL;\">The electronic database form is located at:&nbsp;<\/span><\/p>\n<p class=\"MsoNormal\" style=\"text-align: center; line-height: normal; background-image: initial; background-position: initial; background-size: initial; background-repeat: initial; background-attachment: initial; background-origin: initial; background-clip: initial;\" align=\"center\"><a href=\"https:\/\/pol-mkw.cm-uj.krakow.pl\/\"><span style=\"font-size: 12.0pt; font-family: 'Times New Roman',serif; mso-fareast-font-family: 'Times New Roman'; color: #cb0200; mso-fareast-language: PL;\">https:\/\/pol-mkw.cm-uj.krakow.pl\/<\/span><\/a><\/p>\n<h3 style=\"border: none; mso-border-alt: solid #E5E7EB .25pt; padding: 0cm; mso-padding-alt: 0cm 0cm 0cm 0cm;\"><span style=\"font-family: 'Times New Roman',serif; color: #111827;\">&nbsp;<\/span><\/h3>\n<h3 style=\"border: none; mso-border-alt: solid #E5E7EB .25pt; padding: 0cm; mso-padding-alt: 0cm 0cm 0cm 0cm;\"><span style=\"font-family: 'Times New Roman',serif; color: #111827;\">Patronat naukowy:<\/span><\/h3>\n<div style=\"mso-element: para-border-div; border: solid #E5E7EB 1.0pt; mso-border-alt: solid #E5E7EB .25pt; padding: 0cm 0cm 0cm 0cm;\">&nbsp;<\/div>\n<div style=\"mso-element: para-border-div; border: solid #E5E7EB 1.0pt; mso-border-alt: solid #E5E7EB .25pt; padding: 0cm 0cm 0cm 0cm; margin-left: 18.0pt; margin-right: 0cm;\">\n<ul type=\"disc\">\n<li class=\"MsoNormal\" style=\"color: #111827; margin-left: 18pt; line-height: normal; border-width: initial; border-style: none; padding: 0cm;\"><span style=\"font-size: 12.0pt; font-family: 'Times New Roman',serif; mso-fareast-font-family: 'Times New Roman'; mso-fareast-language: PL;\">Prof. dr hab. med. Stanis\u0142aw Bartu\u015b<\/span><\/li>\n<li class=\"MsoNormal\" style=\"color: #111827; margin-left: 18pt; line-height: normal; border-width: initial; border-style: none; padding: 0cm;\"><span style=\"font-size: 12.0pt; font-family: 'Times New Roman',serif; mso-fareast-font-family: 'Times New Roman'; mso-fareast-language: PL;\">Prof. dr hab. med. Wojciech Wojakowski<\/span><\/li>\n<li class=\"MsoNormal\" style=\"color: #111827; margin-left: 18pt; line-height: normal; border-width: initial; border-style: none; padding: 0cm;\"><span style=\"font-size: 12.0pt; font-family: 'Times New Roman',serif; mso-fareast-font-family: 'Times New Roman'; mso-fareast-language: PL;\">Prof. dr. hab. med. Jacek Legutko<\/span><\/li>\n<\/ul>\n<\/div>\n<h3 style=\"border: none; mso-border-alt: solid #E5E7EB .25pt; padding: 0cm; mso-padding-alt: 0cm 0cm 0cm 0cm;\"><span style=\"font-family: Nunito; color: #111827;\">&nbsp;<\/span><\/h3>\n<h3 style=\"border: none; mso-border-alt: solid #E5E7EB .25pt; padding: 0cm; mso-padding-alt: 0cm 0cm 0cm 0cm;\"><span style=\"font-family: Nunito; color: #111827;\">Koordynatorzy:<\/span><\/h3>\n<div style=\"mso-element: para-border-div; border: solid #E5E7EB 1.0pt; mso-border-alt: solid #E5E7EB .25pt; padding: 0cm 0cm 0cm 0cm;\">&nbsp;<\/div>\n<div style=\"mso-element: para-border-div; border: solid #E5E7EB 1.0pt; mso-border-alt: solid #E5E7EB .25pt; padding: 0cm 0cm 0cm 0cm; margin-left: 18.0pt; margin-right: 0cm;\">\n<ul type=\"disc\">\n<li class=\"MsoNormal\" style=\"color: #111827; margin-left: 18pt; line-height: normal; border-width: initial; border-style: none; padding: 0cm;\"><span style=\"font-size: 12.0pt; font-family: 'Times New Roman',serif;\">Dr hab. med. Rafa\u0142 Januszek<\/span><\/li>\n<li class=\"MsoNormal\" style=\"color: #111827; margin-left: 18pt; line-height: normal; border-width: initial; border-style: none; padding: 0cm;\"><span style=\"font-size: 12.0pt; font-family: 'Times New Roman',serif;\">Dr hab. med. Wojciech Wa\u0144ha<\/span><\/li>\n<li class=\"MsoNormal\" style=\"color: #111827; margin-left: 18pt; line-height: normal; border-width: initial; border-style: none; padding: 0cm;\"><span style=\"font-size: 12.0pt; font-family: 'Times New Roman',serif;\">Dr hab. med. Bart\u0142omiej Guzik<\/span><\/li>\n<li class=\"MsoNormal\" style=\"color: #111827; margin-left: 18pt; line-height: normal; border-width: initial; border-style: none; padding: 0cm;\"><span style=\"font-size: 12.0pt; font-family: 'Times New Roman',serif;\">Dr hab. med. \u0141ukasz Ko\u0142towski<\/span><\/li>\n<\/ul>\n<\/div>\n<p class=\"MsoNormal\" style=\"line-height: normal; background-image: initial; background-position: initial; background-size: initial; background-repeat: initial; background-attachment: initial; background-origin: initial; background-clip: initial;\"><b><span style=\"font-size: 12.0pt; font-family: 'Times New Roman',serif; mso-fareast-font-family: 'Times New Roman'; color: #353a4d; mso-fareast-language: PL;\">&nbsp;<\/span><\/b><\/p>\n<p class=\"MsoNormal\" style=\"line-height: normal; background-image: initial; background-position: initial; background-size: initial; background-repeat: initial; background-attachment: initial; background-origin: initial; background-clip: initial;\"><b><span style=\"font-size: 12.0pt; font-family: 'Times New Roman',serif; mso-fareast-font-family: 'Times New Roman'; color: #353a4d; mso-fareast-language: PL;\">Dane teleadresowe:<\/span><\/b><\/p>\n<p class=\"MsoNormal\" style=\"margin-bottom: 0.0001pt; line-height: normal; background-image: initial; background-position: initial; background-size: initial; background-repeat: initial; background-attachment: initial; background-origin: initial; background-clip: initial;\"><span style=\"font-size: 12.0pt; font-family: 'Times New Roman',serif; mso-fareast-font-family: 'Times New Roman'; color: #353a4d; mso-fareast-language: PL;\">Clinical Department of Cardiology and Cardiovascular Interventions <\/span><\/p>\n<p class=\"MsoNormal\" style=\"margin-bottom: 0.0001pt; line-height: normal; background-image: initial; background-position: initial; background-size: initial; background-repeat: initial; background-attachment: initial; background-origin: initial; background-clip: initial;\"><span style=\"font-size: 12.0pt; font-family: 'Times New Roman',serif; mso-fareast-font-family: 'Times New Roman'; color: #353a4d; mso-fareast-language: PL;\">University Hospital in Krakow<\/span><\/p>\n<p class=\"MsoNormal\" style=\"margin-bottom: 0.0001pt; line-height: normal; background-image: initial; background-position: initial; background-size: initial; background-repeat: initial; background-attachment: initial; background-origin: initial; background-clip: initial;\"><span style=\"font-size: 12.0pt; font-family: 'Times New Roman',serif; mso-fareast-font-family: 'Times New Roman'; color: #353a4d; mso-fareast-language: PL;\">ul. Macieja Jakubowskiego 2, 30-688 Krak\u00f3w<\/span><\/p>\n<p class=\"MsoNormal\" style=\"margin-bottom: 0.0001pt; line-height: normal; background-image: initial; background-position: initial; background-size: initial; background-repeat: initial; background-attachment: initial; background-origin: initial; background-clip: initial;\"><br><\/p>\n<p class=\"MsoNormal\">\n<\/p>\t\t\t\t\t\t<\/div>\n\t\t\t\t<\/div>\n\t\t\t\t\t<\/div>\n\t\t<\/div>\n\t\t\t\t\t<\/div>\n\t\t<\/section>\n\t\t\t\t<\/div>","protected":false},"excerpt":{"rendered":"<p>Og\u00f3lnopolski Rejestr Inwazyjnej Oceny Mikrokr\u0105\u017cenia Wie\u0144cowego (POL-MKW) to narodowy rejestr zbieraj\u0105cy dane dotycz\u0105ce procedur inwazyjnej oceny mikrokr\u0105\u017cenia wie\u0144cowego wykonywanych na terenie Polski w pracowniach i oddzia\u0142ach kardiologii inwazyjnej wyposa\u017conych w aparatur\u0119 do oceny mikrokr\u0105\u017cenia wie\u0144cowego. Rejestr jest prowadzony pod patronatem Asocjacji Interwencji Sercowo-Naczyniowych 1Polskiego Towarzystwa Kardiologicznego. W chwili obecnej w bazie POL-MKW jest umieszczonych 28 [&hellip;]<\/p>","protected":false},"author":6,"featured_media":0,"parent":800,"menu_order":4,"comment_status":"closed","ping_status":"closed","template":"","meta":{"footnotes":""},"class_list":["post-805","page","type-page","status-publish","hentry"],"_links":{"self":[{"href":"https:\/\/aisn.pl\/en\/wp-json\/wp\/v2\/pages\/805","targetHints":{"allow":["GET"]}}],"collection":[{"href":"https:\/\/aisn.pl\/en\/wp-json\/wp\/v2\/pages"}],"about":[{"href":"https:\/\/aisn.pl\/en\/wp-json\/wp\/v2\/types\/page"}],"author":[{"embeddable":true,"href":"https:\/\/aisn.pl\/en\/wp-json\/wp\/v2\/users\/6"}],"replies":[{"embeddable":true,"href":"https:\/\/aisn.pl\/en\/wp-json\/wp\/v2\/comments?post=805"}],"version-history":[{"count":13,"href":"https:\/\/aisn.pl\/en\/wp-json\/wp\/v2\/pages\/805\/revisions"}],"predecessor-version":[{"id":23432,"href":"https:\/\/aisn.pl\/en\/wp-json\/wp\/v2\/pages\/805\/revisions\/23432"}],"up":[{"embeddable":true,"href":"https:\/\/aisn.pl\/en\/wp-json\/wp\/v2\/pages\/800"}],"wp:attachment":[{"href":"https:\/\/aisn.pl\/en\/wp-json\/wp\/v2\/media?parent=805"}],"curies":[{"name":"wp","href":"https:\/\/api.w.org\/{rel}","templated":true}]}}