{"id":811,"date":"2020-06-22T13:18:54","date_gmt":"2020-06-22T13:18:54","guid":{"rendered":"https:\/\/test.aisn.pl\/nauka-i-granty\/granty\/regulamin-grantow-wyjazdowych-aisn-ptk\/"},"modified":"2025-11-24T09:27:59","modified_gmt":"2025-11-24T08:27:59","slug":"regulamin-grantow-wyjazdowych-aisn-ptk","status":"publish","type":"page","link":"https:\/\/aisn.pl\/en\/nauka_i_edukacja\/granty\/regulamin-grantow-wyjazdowych-aisn-ptk\/","title":{"rendered":"AISN PTK Travel Grants Regulations"},"content":{"rendered":"<div data-elementor-type=\"wp-page\" data-elementor-id=\"811\" data-post-id=\"811\" data-obj-id=\"811\" class=\"elementor elementor-811 dce-elementor-post-811\" data-elementor-post-type=\"page\">\n\t\t\t\t\t\t<section class=\"elementor-section elementor-top-section elementor-element elementor-element-1e0f0ad elementor-section-boxed elementor-section-height-default elementor-section-height-default\" data-id=\"1e0f0ad\" data-element_type=\"section\" data-settings=\"{&quot;jet_parallax_layout_list&quot;:[{&quot;jet_parallax_layout_image&quot;:{&quot;url&quot;:&quot;&quot;,&quot;id&quot;:&quot;&quot;,&quot;size&quot;:&quot;&quot;},&quot;_id&quot;:&quot;6d2b35c&quot;,&quot;jet_parallax_layout_image_tablet&quot;:{&quot;url&quot;:&quot;&quot;,&quot;id&quot;:&quot;&quot;,&quot;size&quot;:&quot;&quot;},&quot;jet_parallax_layout_image_mobile&quot;:{&quot;url&quot;:&quot;&quot;,&quot;id&quot;:&quot;&quot;,&quot;size&quot;:&quot;&quot;},&quot;jet_parallax_layout_speed&quot;:{&quot;unit&quot;:&quot;%&quot;,&quot;size&quot;:50,&quot;sizes&quot;:[]},&quot;jet_parallax_layout_type&quot;:&quot;scroll&quot;,&quot;jet_parallax_layout_direction&quot;:null,&quot;jet_parallax_layout_fx_direction&quot;:null,&quot;jet_parallax_layout_z_index&quot;:&quot;&quot;,&quot;jet_parallax_layout_bg_x&quot;:50,&quot;jet_parallax_layout_bg_x_tablet&quot;:&quot;&quot;,&quot;jet_parallax_layout_bg_x_mobile&quot;:&quot;&quot;,&quot;jet_parallax_layout_bg_y&quot;:50,&quot;jet_parallax_layout_bg_y_tablet&quot;:&quot;&quot;,&quot;jet_parallax_layout_bg_y_mobile&quot;:&quot;&quot;,&quot;jet_parallax_layout_bg_size&quot;:&quot;auto&quot;,&quot;jet_parallax_layout_bg_size_tablet&quot;:&quot;&quot;,&quot;jet_parallax_layout_bg_size_mobile&quot;:&quot;&quot;,&quot;jet_parallax_layout_animation_prop&quot;:&quot;transform&quot;,&quot;jet_parallax_layout_on&quot;:[&quot;desktop&quot;,&quot;tablet&quot;]}]}\">\n\t\t\t\t\t\t<div class=\"elementor-container elementor-column-gap-default\">\n\t\t\t\t\t<div class=\"elementor-column elementor-col-100 elementor-top-column elementor-element elementor-element-619c675\" data-id=\"619c675\" data-element_type=\"column\">\n\t\t\t<div class=\"elementor-widget-wrap elementor-element-populated\">\n\t\t\t\t\t\t<div class=\"elementor-element elementor-element-c040ad9 elementor-widget elementor-widget-heading\" data-id=\"c040ad9\" data-element_type=\"widget\" data-widget_type=\"heading.default\">\n\t\t\t\t<div class=\"elementor-widget-container\">\n\t\t\t<h2 class=\"elementor-heading-title elementor-size-default\">Regulamin przyznawania i rozliczania delegacji na wyjazdy zagraniczne celem czynnego uczestnictwa w kongresach mi\u0119dzynarodowych <\/h2>\t\t<\/div>\n\t\t\t\t<\/div>\n\t\t\t\t\t<\/div>\n\t\t<\/div>\n\t\t\t\t\t<\/div>\n\t\t<\/section>\n\t\t\t\t<section class=\"elementor-section elementor-top-section elementor-element elementor-element-0477541 elementor-section-full_width elementor-section-height-default elementor-section-height-default\" data-id=\"0477541\" data-element_type=\"section\" data-settings=\"{&quot;jet_parallax_layout_list&quot;:[{&quot;jet_parallax_layout_image&quot;:{&quot;url&quot;:&quot;&quot;,&quot;id&quot;:&quot;&quot;,&quot;size&quot;:&quot;&quot;},&quot;_id&quot;:&quot;de48b6c&quot;,&quot;jet_parallax_layout_image_tablet&quot;:{&quot;url&quot;:&quot;&quot;,&quot;id&quot;:&quot;&quot;,&quot;size&quot;:&quot;&quot;},&quot;jet_parallax_layout_image_mobile&quot;:{&quot;url&quot;:&quot;&quot;,&quot;id&quot;:&quot;&quot;,&quot;size&quot;:&quot;&quot;},&quot;jet_parallax_layout_speed&quot;:{&quot;unit&quot;:&quot;%&quot;,&quot;size&quot;:50,&quot;sizes&quot;:[]},&quot;jet_parallax_layout_type&quot;:&quot;scroll&quot;,&quot;jet_parallax_layout_direction&quot;:null,&quot;jet_parallax_layout_fx_direction&quot;:null,&quot;jet_parallax_layout_z_index&quot;:&quot;&quot;,&quot;jet_parallax_layout_bg_x&quot;:50,&quot;jet_parallax_layout_bg_x_tablet&quot;:&quot;&quot;,&quot;jet_parallax_layout_bg_x_mobile&quot;:&quot;&quot;,&quot;jet_parallax_layout_bg_y&quot;:50,&quot;jet_parallax_layout_bg_y_tablet&quot;:&quot;&quot;,&quot;jet_parallax_layout_bg_y_mobile&quot;:&quot;&quot;,&quot;jet_parallax_layout_bg_size&quot;:&quot;auto&quot;,&quot;jet_parallax_layout_bg_size_tablet&quot;:&quot;&quot;,&quot;jet_parallax_layout_bg_size_mobile&quot;:&quot;&quot;,&quot;jet_parallax_layout_animation_prop&quot;:&quot;transform&quot;,&quot;jet_parallax_layout_on&quot;:[&quot;desktop&quot;,&quot;tablet&quot;]}]}\">\n\t\t\t\t\t\t<div class=\"elementor-container elementor-column-gap-default\">\n\t\t\t\t\t<div class=\"elementor-column elementor-col-100 elementor-top-column elementor-element elementor-element-f884111\" data-id=\"f884111\" data-element_type=\"column\">\n\t\t\t<div class=\"elementor-widget-wrap elementor-element-populated\">\n\t\t\t\t\t\t<div class=\"elementor-element elementor-element-6eae779 elementor-widget elementor-widget-text-editor\" data-id=\"6eae779\" data-element_type=\"widget\" data-widget_type=\"text-editor.default\">\n\t\t\t\t<div class=\"elementor-widget-container\">\n\t\t\t\t\t\t\t<p style=\"text-align: center; mso-outline-level: 2;\" align=\"center\"><br><\/p>\n<p><span style=\"font-size: 11.0pt; mso-bidi-font-size: 12.0pt; mso-fareast-font-family: 'Times New Roman'; mso-bidi-font-family: Calibri; mso-bidi-theme-font: minor-latin; color: #cb0200; mso-font-kerning: 0pt; mso-ligatures: none; mso-fareast-language: PL;\">1. Postanowienia og\u00f3lne<\/span><\/p>\n<p style=\"mso-margin-top-alt: auto; mso-margin-bottom-alt: auto; text-align: justify;\"><span style=\"font-size: 11pt;\">1.1. Dofinansowanie wyjazdu zagranicznego, ma na celu umo\u017cliwienie czynnego uczestnictwa w kongresie mi\u0119dzynarodowym osobie, b\u0119d\u0105cej pierwszym autorem pracy przyj\u0119tej do przedstawienia w formie ustnej lub plakatowej na jednym ze zjazd\u00f3w wytypowanych przez Asocjacj\u0119 Interwencji Sercowo-Naczyniowych PTK (AISN PTK). Przyznane fundusze stanowi\u0105 zwrot koszt\u00f3w delegacji s\u0142u\u017cbowej i musz\u0105 by\u0107 rozliczone w oparciu o szczeg\u00f3\u0142owo przedstawione zasady. <\/span><\/p>\n<p style=\"mso-margin-top-alt: auto; mso-margin-bottom-alt: auto; text-align: justify;\"><span style=\"font-size: 11pt;\">1.2. Lista konferencji i liczba grant\u00f3w wyjazdowych obj\u0119tych finansowaniem AISN PTK ustalana jest corocznie przez Zarz\u0105d Asocjacji w oparciu o aktualne mo\u017cliwo\u015bci finansowe.<\/span><\/p>\n<p><span style=\"font-size: 11.0pt; mso-bidi-font-size: 12.0pt; mso-fareast-font-family: 'Times New Roman'; mso-bidi-font-family: Calibri; mso-bidi-theme-font: minor-latin; color: #cb0200; mso-font-kerning: 0pt; mso-ligatures: none; mso-fareast-language: PL;\">2. Warunki przyznania dofinansowania<\/span><\/p>\n<p style=\"mso-margin-top-alt: auto; mso-margin-bottom-alt: auto; text-align: justify;\"><span style=\"font-size: 11pt;\">2.1. Osoba ubiegaj\u0105ca si\u0119 o grant w momencie sk\u0142adania wniosku NIE mo\u017ce mie\u0107 przekroczonych 40 lat.<\/span><\/p>\n<p style=\"mso-margin-top-alt: auto; mso-margin-bottom-alt: auto; text-align: justify;\"><span style=\"font-size: 11pt;\">2.2. Osoba ubiegaj\u0105ca si\u0119 o grant jest cz\u0142onkiem PTK oraz AISN PTK oraz nie zalega z op\u0142aceniem sk\u0142adek rocznych.<\/span><\/p>\n<p style=\"mso-margin-top-alt: auto; mso-margin-bottom-alt: auto; text-align: justify;\"><span style=\"font-size: 11pt;\">2.3 Dla os\u00f3b posiadaj\u0105cych specjalizacj\u0119 z kardiologii od co najmniej 1 roku wymogiem z\u0142o\u017cenia wniosku i uzyskania finansowania (poza wymaganiami w pkt. 2.2) jest posiadanie aktualnego Certyfikatu Diagnosty lub Operatora wydanego przez AISN PTK.<\/span><\/p>\n<p style=\"mso-margin-top-alt: auto; mso-margin-bottom-alt: auto; text-align: justify;\"><span style=\"font-size: 11pt;\">2.4. O przyznaniu finansowania wyjazdu decyduje kolejno\u015b\u0107 zg\u0142osze\u0144 z zastrze\u017ceniem punktu nast\u0119pnego Regulaminu <\/span><\/p>\n<p style=\"mso-margin-top-alt: auto; mso-margin-bottom-alt: auto; text-align: justify;\"><span style=\"font-size: 11pt;\">2.5. Pierwsze\u0144stwo w przyznawaniu finansowania b\u0119d\u0105 mia\u0142y osoby z aktualnym pe\u0142nym cz\u0142onkostwem w European Association of Percutaneous Intervention (EAPCI).<\/span><\/p>\n<p style=\"mso-margin-top-alt: auto; mso-margin-bottom-alt: auto; text-align: justify;\"><span style=\"font-size: 11pt;\">2.6. O\u015brodek, z kt\u00f3rego pochodzi autor znajduje si\u0119 w Polsce i jest wymieniony w abstrakcie (mo\u017ce by\u0107 wymieniony razem z o\u015brodkami zagranicznymi).<\/span><\/p>\n<p style=\"mso-margin-top-alt: auto; mso-margin-bottom-alt: auto; text-align: justify;\"><span style=\"font-size: 11pt;\">2.7. Praca przyj\u0119ta do przedstawienia nie by\u0142a do tej pory prezentowana na \u017cadnym zje\u017adzie poza granicami Polski.<\/span><\/p>\n<p style=\"mso-margin-top-alt: auto; mso-margin-bottom-alt: auto; text-align: justify;\"><span style=\"font-size: 11pt;\">2.8. Praca przyj\u0119ta do przedstawienia musi dotyczy\u0107 zagadnie\u0144 zwi\u0105zanych z kardiologi\u0105 interwencyjn\u0105.<\/span><\/p>\n<p style=\"mso-margin-top-alt: auto; mso-margin-bottom-alt: auto; text-align: justify;\"><span style=\"font-size: 11pt;\">2.9. Ubiegaj\u0105cy si\u0119 o delegacj\u0119 nie zalega z rozliczeniem finansowym przyznanych wcze\u015bniej przez PTK i AISN PTK funduszy i grant\u00f3w.<\/span><\/p>\n<p><span style=\"font-size: 11.0pt; mso-bidi-font-size: 12.0pt; mso-fareast-font-family: 'Times New Roman'; mso-bidi-font-family: Calibri; mso-bidi-theme-font: minor-latin; color: #cb0200; mso-font-kerning: 0pt; mso-ligatures: none; mso-fareast-language: PL;\">3. Wymagane dokumenty<\/span><\/p>\n<p style=\"mso-margin-top-alt: auto; mso-margin-bottom-alt: auto; text-align: justify;\"><span style=\"font-size: 11pt;\">Celem otrzymania finansowania nale\u017cy drog\u0105 elektroniczn\u0105 z\u0142o\u017cy\u0107 podanie do Zarz\u0105du Asocjacji na adres <\/span><span style=\"font-size: 11.0pt; mso-bidi-font-size: 12.0pt;\">biuroaisn@ptkardio.pl<\/span><span style=\"font-size: 11pt;\">, uzupe\u0142nione o nast\u0119puj\u0105ce dokumenty:<\/span><\/p>\n<ul type=\"disc\">\n<li style=\"text-align: justify;\"><span style=\"font-size: 11.0pt; mso-bidi-font-size: 12.0pt; mso-fareast-font-family: 'Times New Roman'; mso-bidi-font-family: Calibri; mso-bidi-theme-font: minor-latin; mso-font-kerning: 0pt; mso-ligatures: none; mso-fareast-language: PL;\">kopia przyj\u0119tej pracy<\/span><\/li>\n<li style=\"text-align: justify;\"><span style=\"font-size: 11.0pt; mso-bidi-font-size: 12.0pt; mso-fareast-font-family: 'Times New Roman'; mso-bidi-font-family: Calibri; mso-bidi-theme-font: minor-latin; mso-font-kerning: 0pt; mso-ligatures: none; mso-fareast-language: PL;\">kopia potwierdzaj\u0105ca przyj\u0119cie pracy do przedstawienia na zje\u017adzie<\/span><\/li>\n<li style=\"text-align: justify;\"><span style=\"font-size: 11.0pt; mso-bidi-font-size: 12.0pt; mso-fareast-font-family: 'Times New Roman'; mso-bidi-font-family: Calibri; mso-bidi-theme-font: minor-latin; mso-font-kerning: 0pt; mso-ligatures: none; mso-fareast-language: PL;\">aktualne za\u015bwiadczenie o cz\u0142onkostwie PTK, AISN PTK i opcjonalnie EAPCI<\/span><\/li>\n<li style=\"text-align: justify;\"><span style=\"font-size: 11.0pt; mso-bidi-font-size: 12.0pt; mso-fareast-font-family: 'Times New Roman'; mso-bidi-font-family: Calibri; mso-bidi-theme-font: minor-latin; mso-font-kerning: 0pt; mso-ligatures: none; mso-fareast-language: PL;\">pro\u015bba o finansowanie wyjazdu zagranicznego ze \u015brodk\u00f3w Asocjacji Interwencji Sercowo-Naczyniowych PTK.<\/span><\/li>\n<\/ul>\n<p><span style=\"font-size: 11.0pt; mso-bidi-font-size: 12.0pt; mso-fareast-font-family: 'Times New Roman'; mso-bidi-font-family: Calibri; mso-bidi-theme-font: minor-latin; color: #cb0200; mso-font-kerning: 0pt; mso-ligatures: none; mso-fareast-language: PL;\">4. Przyznanie zaliczki przez Zarz\u0105d Asocjacji Interwencji Sercowo-Naczyniowych PTK.<\/span><\/p>\n<p><span style=\"font-size: 11pt;\">4.1. Przyznanie zaliczki na zjazd z Listy grantowej Asocjacji nast\u0119puje po stwierdzeniu przez Zarz\u0105d Asocjacji spe\u0142nienia wszystkich wymaganych kryteri\u00f3w.<\/span><\/p>\n<p><span style=\"font-size: 11pt;\">4.2. Przyznane fundusze (zaliczka na poczet wydatk\u00f3w zwi\u0105zanych z wyjazdem s\u0142u\u017cbowym) s\u0105 przelewane na konto podane przez wnioskodawc\u0119.<\/span><\/p>\n<p><span style=\"font-size: 11.0pt; mso-bidi-font-size: 12.0pt; mso-fareast-font-family: 'Times New Roman'; mso-bidi-font-family: Calibri; mso-bidi-theme-font: minor-latin; color: #cb0200; mso-font-kerning: 0pt; mso-ligatures: none; mso-fareast-language: PL;\">5. Rozliczenie zaliczki, jako zwrotu koszt\u00f3w delegacji s\u0142u\u017cbowej.<\/span><\/p>\n<p><span style=\"font-size: 11pt;\">5.1. Przyznane fundusze rozliczane s\u0105 na podstawie przedstawionych oryginalnych rachunk\u00f3w zwi\u0105zanych bezpo\u015brednio z udzia\u0142em w zje\u017adzie. Przedstawienie rachunk\u00f3w na kwot\u0119 przewy\u017cszaj\u0105c\u0105 wielko\u015b\u0107 przyznanego grantu nie upowa\u017cnia do ubiegania si\u0119 o zwrot dodatkowych koszt\u00f3w.<\/span><\/p>\n<p><span style=\"font-size: 11pt;\">5.2. &nbsp;W rozliczeniu uwzgl\u0119dniane b\u0119d\u0105:<\/span><\/p>\n<ul type=\"disc\">\n<li><span style=\"font-size: 11.0pt; mso-bidi-font-size: 12.0pt; mso-fareast-font-family: 'Times New Roman'; mso-bidi-font-family: Calibri; mso-bidi-theme-font: minor-latin; mso-font-kerning: 0pt; mso-ligatures: none; mso-fareast-language: PL;\">koszty podr\u00f3\u017cy (w przypadku przelotu samolotem lub przejazd kolej\u0105 i autokarem \u2013 koszt najta\u0144szego biletu na najkr\u00f3tszej trasie, w przepadku podr\u00f3\u017cy samochodem \u2013 koszty paliwa)<\/span><\/li>\n<li><span style=\"font-size: 11.0pt; mso-bidi-font-size: 12.0pt; mso-fareast-font-family: 'Times New Roman'; mso-bidi-font-family: Calibri; mso-bidi-theme-font: minor-latin; mso-font-kerning: 0pt; mso-ligatures: none; mso-fareast-language: PL;\">koszty zakwaterowania, zgodnie z obowi\u0105zuj\u0105cym na poszczeg\u00f3lne kraje limitem (wg Monitora Polskiego nr 56)<\/span><\/li>\n<li><span style=\"font-size: 11.0pt; mso-bidi-font-size: 12.0pt; mso-fareast-font-family: 'Times New Roman'; mso-bidi-font-family: Calibri; mso-bidi-theme-font: minor-latin; mso-font-kerning: 0pt; mso-ligatures: none; mso-fareast-language: PL;\">koszty rejestracji w tych przypadkach, gdy organizatorzy nie zwalniaj\u0105 z op\u0142aty rejestracyjnej pierwszych autor\u00f3w przyj\u0119tych do przedstawienia prac.<\/span><\/li>\n<\/ul>\n<p><span style=\"font-size: 11pt;\">5.3. &nbsp;&nbsp;Rozliczenie zaliczki ma by\u0107 przes\u0142ane drog\u0105 elektroniczn\u0105 na adres Asocjacji Interwencji Sercowo-Naczyniowych PTK <\/span><span style=\"font-size: 11.0pt; mso-bidi-font-size: 12.0pt;\">biuroaisn@ptkardio.pl<\/span><span style=\"font-size: 11pt;\">, w terminie do 1 miesi\u0105ca (31 dni) od zako\u0144czenia zjazdu.<\/span><\/p>\n<p><span style=\"font-size: 11.0pt; mso-bidi-font-size: 12.0pt; mso-fareast-font-family: 'Times New Roman'; mso-bidi-font-family: Calibri; mso-bidi-theme-font: minor-latin; color: #cb0200; mso-font-kerning: 0pt; mso-ligatures: none; mso-fareast-language: PL;\">6. Zobowi\u0105zania<\/span><\/p>\n<p><span style=\"font-size: 11pt;\">6.1. Obowi\u0105zkiem osoby, kt\u00f3ra otrzyma\u0142a grant wyjazdowy AISN PTK jest wys\u0142anie pracy do druku w ci\u0105gu 3 miesi\u0119cy od jej wyg\u0142oszenia. Przyj\u0119cie pracy do druku jest warunkiem ubiegania si\u0119 o kolejny grant.<\/span><\/p>\n<p><span style=\"font-size: 11pt;\">6.2. Rezygnacja z grantu po jego przyznaniu (bez udokumentowania przyczyny losowej) b\u0119dzie oznacza\u0142a, \u017ce przez okres 2 lat dana osoba nie b\u0119dzie mog\u0142a ubiega\u0107 si\u0119 o grant wyjazdowy AISN.<\/span><\/p>\n<p><span style=\"font-size: 11.0pt; mso-bidi-font-size: 12.0pt; mso-fareast-font-family: 'Times New Roman'; mso-bidi-font-family: Calibri; mso-bidi-theme-font: minor-latin; color: #cb0200; mso-font-kerning: 0pt; mso-ligatures: none; mso-fareast-language: PL;\">7. Dane osobowe.<\/span><\/p>\n<p><span style=\"font-size: 11pt;\">7.1. Poprzez z\u0142o\u017cenie podania o grant wyjazdowy Asocjacji Interwencji Sercowo-Naczyniowych Polskiego Towarzystwa Kardiologicznego (\u201eGrant\u201d), wnioskodawca potwierdza zaakceptowanie niniejszego regulaminu i zasad dotycz\u0105cych przetwarzania danych.<br>7.2. Administratorem danych osobowych wnioskodawc\u00f3w o Grant (\u201eDane\u201d) jest Polskie Towarzystwo Kardiologiczne (\u201ePTK\u201d) z siedzib\u0105 w Warszawie (kod: 00-193), przy ulicy Stawki 3a lokal 1-2.&nbsp;<br>7.3. Podstaw\u0105 prawn\u0105 przetwarzania danych osobowych jest art. 6 ust. 1 pkt a), b) c) i f) Rozporz\u0105dzenia Parlamentu Europejskiego i Rady (UE) 2016\/679 z dnia 27 kwietnia 2016 roku w sprawie ochrony os\u00f3b fizycznych w zwi\u0105zku z przetwarzaniem danych osobowych i w sprawie swobodnego przep\u0142ywu takich danych oraz uchylenia dyrektywy 95\/46\/WE (og\u00f3lne rozporz\u0105dzenie o ochronie danych) (\u201eRODO\u201d). Przy czym za udzielenie zgody jest uznawany fakt przes\u0142ania dokument\u00f3w zawieraj\u0105cych dane osobowe, a wymaganych procedur\u0105 opisan\u0105 w regulaminie (jako wyra\u017ane dzia\u0142anie potwierdzaj\u0105ce).<br>7.4. Podanie Danych jest warunkiem przyznania Grantu. Odmowa podania Danych uniemo\u017cliwia rozpatrzenie wniosku o Grant i przyznanie Grantu.<br>7.5. Dane mog\u0105 by\u0107 udost\u0119pniane podmiotom trzecim \u015bwiadcz\u0105cym us\u0142ugi zewn\u0119trzne na rzecz PTK w zakresie niezb\u0119dnym dla realizacji tych us\u0142ug. Podmiotami trzecimi s\u0105 w szczeg\u00f3lno\u015bci dostawca us\u0142ug i system\u00f3w informatycznych, operatorzy pocztowi i kurierzy, podmioty \u015bwiadcz\u0105ce us\u0142ugi consultingowe, prawne, ksi\u0119gowe i audytowe.<br>7.6. Dane nie b\u0119d\u0105 przekazywane do pa\u0144stw\/organizacji mi\u0119dzynarodowych poza Europejski Obszar Gospodarczy. Dane nie b\u0119d\u0105 profilowane ani automatyzowane.<br>7.7. Dane b\u0119d\u0105 przetwarzane wy\u0142\u0105cznie w celu rozpoznania wniosku o Grant oraz w przypadku przyznania Grantu \u2013 Dane osoby, kt\u00f3rej Grant zosta\u0142 przyznany \u2013 w celu rozliczenia Grantu, tj. przez okres przewidziany dla realizacji obowi\u0105zk\u00f3w wynikaj\u0105cych z przepis\u00f3w podatkowych i rachunkowych oraz przez okres przedawnienia roszcze\u0144 oraz do momentu zako\u0144czenia post\u0119powa\u0144 cywilnych, egzekucyjnych, administracyjnych i karnych wymagaj\u0105cych przetwarzania Danych. Po up\u0142ywie wskazanych okres\u00f3w Dane zostan\u0105 zniszczone.<br>7.8. Skarg\u0119 dotycz\u0105c\u0105 przetwarzania Danych mo\u017cna z\u0142o\u017cy\u0107 do organu nadzorczego zajmuj\u0105cego si\u0119 ochron\u0105 danych osobowych. W Rzeczpospolitej Polskiej organem nadzorczym jest Prezes Urz\u0119du Ochrony Danych Osobowych.<br>7.9. Osobie, kt\u00f3rej Dane dotycz\u0105 przys\u0142uguje prawo sprostowania Danych, dost\u0119pu do Danych, do usuni\u0119cia danych, do ograniczenia przetwarzania Danych. \u017b\u0105danie, o kt\u00f3rym mowa winno zosta\u0107 przes\u0142ane na adres IOD PTK.<br>7.10. Osobie, kt\u00f3rej Dane dotycz\u0105 przys\u0142uguje prawo do z\u0142o\u017cenia sprzeciwu wobec przetwarzania Danych oraz prawo do cofni\u0119cia zgody w dowolnym momencie. Cofni\u0119cie zgody nie wp\u0142ywa na zgodno\u015b\u0107 z prawem przetwarzania, kt\u00f3re nast\u0105pi\u0142o przed wycofaniem zgody. Cofni\u0119cie zgody przed rozstrzygni\u0119ciem procedury jest jednoznaczne z wycofaniem podania o przyznanie Grantu. \u017b\u0105dania, o kt\u00f3rych mowa, winny zosta\u0107 przes\u0142ane na adres IOD PTK.<\/span><\/p>\n<p><span style=\"font-size: 11.0pt; mso-bidi-font-size: 12.0pt; mso-bidi-font-family: Calibri; mso-bidi-theme-font: minor-latin;\">&nbsp;<\/span><\/p>\n<div>\n<h3 style=\"text-align: left;\"><span style=\"color: #ff0000;\">Wymagane dokumenty dla uzyskania Grantu wyjazdowego AISN PTK<\/span><\/h3>\n<ul>\n<li>kopia przyj\u0119tej pracy,<\/li>\n<li>kopia potwierdzaj\u0105ca przyj\u0119cie pracy do przedstawienia na zje\u017adzie,<\/li>\n<li>aktualne za\u015bwiadczenie o cz\u0142onkostwie AISN PTK,<\/li>\n<li>pro\u015bba o finansowanie wyjazdu zagranicznego ze \u015brodk\u00f3w AISN PTK.<strong><br>Komplet dokument\u00f3w nale\u017cy wys\u0142a\u0107 na adres mailowy: biuroaisn@ptkardio.<\/strong><\/li>\n<\/ul>\n<\/div>\t\t\t\t\t\t<\/div>\n\t\t\t\t<\/div>\n\t\t\t\t\t<\/div>\n\t\t<\/div>\n\t\t\t\t\t<\/div>\n\t\t<\/section>\n\t\t\t\t<\/div>","protected":false},"excerpt":{"rendered":"<p>Regulamin przyznawania i rozliczania delegacji na wyjazdy zagraniczne celem czynnego uczestnictwa w kongresach mi\u0119dzynarodowych 1. Postanowienia og\u00f3lne 1.1. Dofinansowanie wyjazdu zagranicznego, ma na celu umo\u017cliwienie czynnego uczestnictwa w kongresie mi\u0119dzynarodowym osobie, b\u0119d\u0105cej pierwszym autorem pracy przyj\u0119tej do przedstawienia w formie ustnej lub plakatowej na jednym ze zjazd\u00f3w wytypowanych przez Asocjacj\u0119 Interwencji Sercowo-Naczyniowych PTK (AISN PTK). [&hellip;]<\/p>","protected":false},"author":6,"featured_media":0,"parent":803,"menu_order":1,"comment_status":"closed","ping_status":"closed","template":"","meta":{"footnotes":""},"class_list":["post-811","page","type-page","status-publish","hentry"],"_links":{"self":[{"href":"https:\/\/aisn.pl\/en\/wp-json\/wp\/v2\/pages\/811","targetHints":{"allow":["GET"]}}],"collection":[{"href":"https:\/\/aisn.pl\/en\/wp-json\/wp\/v2\/pages"}],"about":[{"href":"https:\/\/aisn.pl\/en\/wp-json\/wp\/v2\/types\/page"}],"author":[{"embeddable":true,"href":"https:\/\/aisn.pl\/en\/wp-json\/wp\/v2\/users\/6"}],"replies":[{"embeddable":true,"href":"https:\/\/aisn.pl\/en\/wp-json\/wp\/v2\/comments?post=811"}],"version-history":[{"count":24,"href":"https:\/\/aisn.pl\/en\/wp-json\/wp\/v2\/pages\/811\/revisions"}],"predecessor-version":[{"id":27369,"href":"https:\/\/aisn.pl\/en\/wp-json\/wp\/v2\/pages\/811\/revisions\/27369"}],"up":[{"embeddable":true,"href":"https:\/\/aisn.pl\/en\/wp-json\/wp\/v2\/pages\/803"}],"wp:attachment":[{"href":"https:\/\/aisn.pl\/en\/wp-json\/wp\/v2\/media?parent=811"}],"curies":[{"name":"wp","href":"https:\/\/api.w.org\/{rel}","templated":true}]}}