{"id":812,"date":"2020-06-22T13:18:54","date_gmt":"2020-06-22T13:18:54","guid":{"rendered":"https:\/\/test.aisn.pl\/nauka-i-granty\/granty\/regulamin-grantow-postepy-w-kardiologii-interwencyjnej\/"},"modified":"2025-10-28T13:58:19","modified_gmt":"2025-10-28T12:58:19","slug":"regulamin-grantu-oplata-wydawnicza","status":"publish","type":"page","link":"https:\/\/aisn.pl\/en\/nauka_i_edukacja\/granty\/regulamin-grantu-oplata-wydawnicza\/","title":{"rendered":"Regulamin Grantu AISN PTK na pokrycie op\u0142aty wydawniczej"},"content":{"rendered":"<div data-elementor-type=\"wp-page\" data-elementor-id=\"812\" data-post-id=\"812\" data-obj-id=\"812\" class=\"elementor elementor-812 dce-elementor-post-812\" data-elementor-post-type=\"page\">\n\t\t\t\t\t\t<section class=\"elementor-section elementor-top-section elementor-element elementor-element-8319ff0 elementor-section-boxed elementor-section-height-default elementor-section-height-default\" data-id=\"8319ff0\" data-element_type=\"section\" data-settings=\"{&quot;jet_parallax_layout_list&quot;:[{&quot;jet_parallax_layout_image&quot;:{&quot;url&quot;:&quot;&quot;,&quot;id&quot;:&quot;&quot;,&quot;size&quot;:&quot;&quot;},&quot;_id&quot;:&quot;7dfe1bd&quot;,&quot;jet_parallax_layout_image_tablet&quot;:{&quot;url&quot;:&quot;&quot;,&quot;id&quot;:&quot;&quot;,&quot;size&quot;:&quot;&quot;},&quot;jet_parallax_layout_image_mobile&quot;:{&quot;url&quot;:&quot;&quot;,&quot;id&quot;:&quot;&quot;,&quot;size&quot;:&quot;&quot;},&quot;jet_parallax_layout_speed&quot;:{&quot;unit&quot;:&quot;%&quot;,&quot;size&quot;:50,&quot;sizes&quot;:[]},&quot;jet_parallax_layout_type&quot;:&quot;scroll&quot;,&quot;jet_parallax_layout_direction&quot;:null,&quot;jet_parallax_layout_fx_direction&quot;:null,&quot;jet_parallax_layout_z_index&quot;:&quot;&quot;,&quot;jet_parallax_layout_bg_x&quot;:50,&quot;jet_parallax_layout_bg_x_tablet&quot;:&quot;&quot;,&quot;jet_parallax_layout_bg_x_mobile&quot;:&quot;&quot;,&quot;jet_parallax_layout_bg_y&quot;:50,&quot;jet_parallax_layout_bg_y_tablet&quot;:&quot;&quot;,&quot;jet_parallax_layout_bg_y_mobile&quot;:&quot;&quot;,&quot;jet_parallax_layout_bg_size&quot;:&quot;auto&quot;,&quot;jet_parallax_layout_bg_size_tablet&quot;:&quot;&quot;,&quot;jet_parallax_layout_bg_size_mobile&quot;:&quot;&quot;,&quot;jet_parallax_layout_animation_prop&quot;:&quot;transform&quot;,&quot;jet_parallax_layout_on&quot;:[&quot;desktop&quot;,&quot;tablet&quot;]}]}\">\n\t\t\t\t\t\t<div class=\"elementor-container elementor-column-gap-default\">\n\t\t\t\t\t<div class=\"elementor-column elementor-col-100 elementor-top-column elementor-element elementor-element-c570531\" data-id=\"c570531\" data-element_type=\"column\">\n\t\t\t<div class=\"elementor-widget-wrap elementor-element-populated\">\n\t\t\t\t\t\t<div class=\"elementor-element elementor-element-cd3f208 elementor-widget elementor-widget-heading\" data-id=\"cd3f208\" data-element_type=\"widget\" data-widget_type=\"heading.default\">\n\t\t\t\t<div class=\"elementor-widget-container\">\n\t\t\t<h2 class=\"elementor-heading-title elementor-size-default\">Regulamin \n<\/h2>\t\t<\/div>\n\t\t\t\t<\/div>\n\t\t\t\t\t<\/div>\n\t\t<\/div>\n\t\t\t\t\t<\/div>\n\t\t<\/section>\n\t\t\t\t<section class=\"elementor-section elementor-top-section elementor-element elementor-element-0ef33d2 elementor-section-full_width elementor-section-height-default elementor-section-height-default\" data-id=\"0ef33d2\" data-element_type=\"section\" data-settings=\"{&quot;jet_parallax_layout_list&quot;:[{&quot;jet_parallax_layout_image&quot;:{&quot;url&quot;:&quot;&quot;,&quot;id&quot;:&quot;&quot;,&quot;size&quot;:&quot;&quot;},&quot;_id&quot;:&quot;2164a24&quot;,&quot;jet_parallax_layout_image_tablet&quot;:{&quot;url&quot;:&quot;&quot;,&quot;id&quot;:&quot;&quot;,&quot;size&quot;:&quot;&quot;},&quot;jet_parallax_layout_image_mobile&quot;:{&quot;url&quot;:&quot;&quot;,&quot;id&quot;:&quot;&quot;,&quot;size&quot;:&quot;&quot;},&quot;jet_parallax_layout_speed&quot;:{&quot;unit&quot;:&quot;%&quot;,&quot;size&quot;:50,&quot;sizes&quot;:[]},&quot;jet_parallax_layout_type&quot;:&quot;scroll&quot;,&quot;jet_parallax_layout_direction&quot;:null,&quot;jet_parallax_layout_fx_direction&quot;:null,&quot;jet_parallax_layout_z_index&quot;:&quot;&quot;,&quot;jet_parallax_layout_bg_x&quot;:50,&quot;jet_parallax_layout_bg_x_tablet&quot;:&quot;&quot;,&quot;jet_parallax_layout_bg_x_mobile&quot;:&quot;&quot;,&quot;jet_parallax_layout_bg_y&quot;:50,&quot;jet_parallax_layout_bg_y_tablet&quot;:&quot;&quot;,&quot;jet_parallax_layout_bg_y_mobile&quot;:&quot;&quot;,&quot;jet_parallax_layout_bg_size&quot;:&quot;auto&quot;,&quot;jet_parallax_layout_bg_size_tablet&quot;:&quot;&quot;,&quot;jet_parallax_layout_bg_size_mobile&quot;:&quot;&quot;,&quot;jet_parallax_layout_animation_prop&quot;:&quot;transform&quot;,&quot;jet_parallax_layout_on&quot;:[&quot;desktop&quot;,&quot;tablet&quot;]}]}\">\n\t\t\t\t\t\t<div class=\"elementor-container elementor-column-gap-default\">\n\t\t\t\t\t<div class=\"elementor-column elementor-col-100 elementor-top-column elementor-element elementor-element-5e27d7a\" data-id=\"5e27d7a\" data-element_type=\"column\">\n\t\t\t<div class=\"elementor-widget-wrap elementor-element-populated\">\n\t\t\t\t\t\t<div class=\"elementor-element elementor-element-8eeb290 elementor-widget elementor-widget-text-editor\" data-id=\"8eeb290\" data-element_type=\"widget\" data-settings=\"{&quot;enabled_visibility&quot;:&quot;yes&quot;}\" data-widget_type=\"text-editor.default\">\n\t\t\t\t<div class=\"elementor-widget-container\">\n\t\t\t\t\t\t\t<ol><li>Niniejszym regulamin\u00a0(\u201eRegulamin\u201d)\u00a0okre\u015bla zasady przyznawania przez Asocjacj\u0119 Interwencji Sercowo-Naczyniowych Polskiego Towarzystwa Kardiologicznego\u00a0(\u201eAISN PTK\u201d)\u00a0z siedzib\u0105 w Warszawie (kod: 00-193), przy ulicy Stawki 3a lokal 1-2\u00a0Grantu na pokrycie op\u0142aty wydawniczej (\u201eGrant\u201d).<\/li><li>Grant jest form\u0105 indywidualnego wsparcia polskich naukowc\u00f3w, kt\u00f3rzy chc\u0105 opublikowa\u0107 wyniki swoich bada\u0144 z zakresu kardiologii interwencyjnej w recenzowanym pi\u015bmie naukowym wydawanym w Polsce, kt\u00f3re swoj\u0105 tematyka obejmuje zakres kardiologii interwencyjnej.<\/li><li>Wnioski o Grant mog\u0105\u0328 sk\u0142ada\u0107 cz\u0142onkowie AISN PTK, kt\u00f3rzy na dzie\u0144 sk\u0142adania wniosku nie maj\u0105 zaleg\u0142o\u015bci w p\u0142atno\u015bciach sk\u0142adek cz\u0142onkowskich na rzecz Polskiego Towarzystwa Kardiologicznego\u00a0(\u201ePTK\u201d)\u00a0z wy\u0142\u0105czeniem os\u00f3b, kt\u00f3re nie rozliczy\u0142y grant\u00f3w przyznanych wcze\u015bniej przez AISN PTK<\/li><li>Dla os\u00f3b posiadaj\u0105cych specjalizacj\u0119 z kardiologii od co najmniej 1 roku wymogiem z\u0142o\u017cenia wniosku i uzyskania finansowania (poza wymaganiami w pkt. 3) jest posiadanie aktualnego Certyfikatu Diagnosty lub Operatora wydanego przez AISN PTK.<\/li><li>Wnioskodawc\u0105 o Grant mo\u017ce by\u0107 pierwszy Autor lub Autor koresponduj\u0105cy danej publikacji z zakresu kardiologii interwencyjnej, kt\u00f3ra zosta\u0142a zakwalifikowana do druku w Post\u0119pach w Kardiologii Interwencyjnej, Kardiologii Polskiej lub Cardiology Journal.<\/li><li>Grantobiorca nie mo\u017ce przenie\u015b\u0107 swoich praw do Grantu na osoby trzecie.<\/li><li>PTK nie nabywa \u017cadnych praw do publikacji wspartej Grantem.<\/li><li>Grant mo\u017ce by\u0107 przyznany na pokrycie koszt\u00f3w publikacji ka\u017cdego typu pracy: oryginalna pe\u0142notekstowa, review, short communication, case report oraz images in Cardiology, etc.<\/li><li>Wnioski o Grant nale\u017cy sk\u0142ada\u0107 w formie elektronicznej, przy czym wnioski mog\u0105 by\u0107 sk\u0142adane tylko zgodnie z wzorem stanowi\u0105cym Za\u0142\u0105cznik nr 1 do Regulaminu na adresy: w formie elektronicznej na adres email: biuroaisn@ptkardio.pl<\/li><li>Do wniosku o Grant nale\u017cy do\u0142\u0105czy\u0107 potwierdzenie akceptacji artyku\u0142u\/pracy (kopia wiadomo\u015bci e-mail jest wystarczaj\u0105ca).<\/li><li>We wniosku o Grant, wnioskodawca okre\u015bla podmiot wydawniczy oraz kwot\u0119 op\u0142aty wydawniczej w z\u0142otych polskich wg kursu dnia otrzymania wiadomo\u015bci potwierdzaj\u0105cej akceptacj\u0119 artyku\u0142u\/pracy (je\u015bli warto\u015b\u0107 op\u0142aty wydawniczej podana jest w walucie obcej).<\/li><li>Praca do publikacji, za kt\u00f3r\u0105 przyznawany jest Grant musi by\u0107 wykonana w polskich o\u015brodkach lub w przypadku prac wieloo\u015brodkowych mi\u0119dzynarodowych, o\u015brodek polski musi by\u0107 o\u015brodkiem wiod\u0105cym.<\/li><li>Przyznanie Grantu odbywa si\u0119 po weryfikacji prawid\u0142owo\u015bci z\u0142o\u017conego wniosku o Grant i spe\u0142nienia warunk\u00f3w przewidzianych Regulaminem. Informacja o przyznaniu b\u0105d\u017a odmowie przyznania Grantu jest przekazywana Wnioskodawcy w formie elektronicznej w ci\u0105gu 7 dni od przyznania Grantu, a zbiorcz\u0105 informacj\u0119 o przyznanych w roku kalendarzowym Grantach Zarz\u0105d AISN PTK umieszcza na stronie internetowej AISN PTK do dnia 31 stycznia nast\u0119pnego roku kalendarzowego.<\/li><li>Reklamacje dotycz\u0105ce post\u0119powania w ramach Regulaminu czy poszczeg\u00f3lnych czynno\u015bci mo\u017cna sk\u0142ada\u0107 do biura AISN PTK, w formie elektronicznej (pkt.10) w terminie do 14 dni od daty uzyskania informacji o odmowie lub przyznaniu Grantu. Decyzja w przedmiocie reklamacji jest wi\u0105\u017c\u0105ca i ostateczna.<\/li><li>Poprzez z\u0142o\u017cenie wniosku o Grant, wnioskodawca akceptuje Regulamin. Za\u0142\u0105czniki do Regulaminu stanowi\u0105 jego integraln\u0105 cz\u0119\u015b\u0107.<\/li><li>Wnioskodawca zobowi\u0105zuje si\u0119 powiadomi\u0107 osoby trzecie, kt\u00f3rych dane poda\u0142 we wniosku o Grant, o fakcie udost\u0119pnienia ich danych PTK w celu rozpatrzenia wniosku o Grant. Dodatkowo wnioskodawca przeka\u017ce tym osobom klauzul\u0119 informacyjn\u0105 PTK zawart\u0105 w punktach 18-28 Regulaminu.<\/li><li>Warto\u015b\u0107 finansowa Grantu, w zale\u017cno\u015bci od przyznanej kwoty jest opodatkowana zgodnie z art. 30 ust. 1 pkt 2 ustawy o PIT albo zwolniona z opodatkowania na podstawie art. 21 ust. 1 pkt 68 ustawy o PIT.<\/li><li>Administratorem danych osobowych wnioskodawc\u00f3w i os\u00f3b wymienionych we wniosku o Grant\u00a0<strong>(\u201eDane\u201d)\u00a0<\/strong>PTK z siedzib\u0105 w Warszawie (kod: 00-193), przy ulicy Stawki 3a lokal 1-2.\u00a0<\/li><li>Dane b\u0119d\u0105 przetwarzane wy\u0142\u0105cznie w celu rozpoznania wniosku o Grant oraz w celu rozpatrzenia ewentualnych reklamacji dotycz\u0105cych przyznania Grantu, a w przypadku przyznania Grantu r\u00f3wnie\u017c w celu jego rozliczenia i opublikowania listy laureat\u00f3w.<\/li><li>Podstaw\u0105 prawn\u0105 przetwarzania danych osobowych jest art. 6 ust. 1 pkt c) i f) Rozporz\u0105dzenia Parlamentu Europejskiego i Rady (UE) 2016\/679 z dnia 27 kwietnia 2016 roku w sprawie ochrony os\u00f3b fizycznych w zwi\u0105zku z przetwarzaniem danych osobowych i w sprawie swobodnego przep\u0142ywu takich danych oraz uchylenia dyrektywy 95\/46\/WE (og\u00f3lne rozporz\u0105dzenie o ochronie danych) (<strong>\u201eRODO\u201d<\/strong>), gdzie art. 6 ust. 1 pkt c) okre\u015bla cel jakim jest wype\u0142nienie obowi\u0105zku prawnego polegaj\u0105cego na prawid\u0142owym rozliczeniu ksi\u0119gowo-podatkowym udzielonego Grantu finansowego, a art. 6 ust.1 pkt f) okre\u015bla cel jakim jest prawnie uzasadniony interes PTK polegaj\u0105cy na przetwarzaniu Danych na potrzeby przeprowadzenia procedury rozpatrzenia wniosk\u00f3w o Grant, w tym wy\u0142onienia zwyci\u0119zcy i ewentualnego post\u0119powania reklamacyjnego. Dane laureata Grantu publikowane s\u0105 zgodnie z prawnie uzasadnionym interesem PTK, kt\u00f3rym jest transparentno\u015b\u0107 prowadzenia i rozliczenia konkurs\u00f3w, zgodnie z art. 6 ust. 1 lit. f) RODO;<\/li><li>Dane b\u0119d\u0105 przetwarzane przez okres wymagany do realizacji celu, w przypadku rozlicze\u0144 finansowych jest to zwykle 5 lat od zako\u0144czenia roku, w kt\u00f3rym nast\u0105pi\u0142 wydatek, a nast\u0119pnie przez okres przedawnienia roszcze\u0144 oraz do momentu zako\u0144czenia post\u0119powa\u0144 cywilnych, egzekucyjnych, administracyjnych i karnych wymagaj\u0105cych przetwarzania Danych (zwyczajowo 6 lat). Po up\u0142ywie wskazanych okres\u00f3w Dane zostan\u0105 zniszczone.<\/li><li>Podanie Danych jest warunkiem rozpatrzenia i przyznania Grantu. Odmowa podania Danych uniemo\u017cliwia rozpatrzenie wniosku o Grant i przyznanie Grantu.<\/li><li>Dane mog\u0105 by\u0107 udost\u0119pniane podmiotom trzecim \u015bwiadcz\u0105cym us\u0142ugi zewn\u0119trzne na rzecz PTK w zakresie niezb\u0119dnym dla realizacji tych us\u0142ug. Podmiotami trzecimi s\u0105 w szczeg\u00f3lno\u015bci dostawca us\u0142ug i system\u00f3w informatycznych, operatorzy pocztowi i kurierzy, podmioty \u015bwiadcz\u0105ce us\u0142ugi consultingowe, prawne, ksi\u0119gowe i audytowe.<\/li><li>Dane nie b\u0119d\u0105 przekazywane do pa\u0144stw\/organizacji mi\u0119dzynarodowych poza Europejski Obszar Gospodarczy. Dane nie b\u0119d\u0105 profilowane ani automatyzowane.<\/li><li>Skarg\u0119 dotycz\u0105c\u0105 przetwarzania Danych mo\u017cna z\u0142o\u017cy\u0107 do organu nadzorczego zajmuj\u0105cego si\u0119 ochron\u0105 danych osobowych. W Rzeczpospolitej Polskiej organem nadzorczym jest Prezes Urz\u0119du Ochrony Danych Osobowych.<\/li><li>Osobie, kt\u00f3rej Dane dotycz\u0105 przys\u0142uguje prawo sprostowania Danych, dost\u0119pu do Danych, do usuni\u0119cia danych, do ograniczenia przetwarzania Danych.<\/li><li>Osobie, kt\u00f3rej Dane dotycz\u0105 przys\u0142uguje prawo do z\u0142o\u017cenia sprzeciwu wobec przetwarzania Danych oraz prawo do cofni\u0119cia zgody w dowolnym momencie. Cofni\u0119cie zgody nie wp\u0142ywa na zgodno\u015b\u0107 z prawem przetwarzania, kt\u00f3re nast\u0105pi\u0142o przed wycofaniem zgody.<\/li><li>\u017b\u0105dania, o kt\u00f3rych mowa punktach 27 i 28 Regulaminu winny zosta\u0107 przes\u0142ane na adres: zarzadglowny@gbbsoft.pl<\/li><\/ol><p>\u00a0<\/p>\t\t\t\t\t\t<\/div>\n\t\t\t\t<\/div>\n\t\t\t\t\t<\/div>\n\t\t<\/div>\n\t\t\t\t\t<\/div>\n\t\t<\/section>\n\t\t\t\t<section class=\"elementor-section elementor-top-section elementor-element elementor-element-3256c71 elementor-section-full_width elementor-section-height-default elementor-section-height-default\" data-id=\"3256c71\" data-element_type=\"section\" data-settings=\"{&quot;jet_parallax_layout_list&quot;:[{&quot;jet_parallax_layout_image&quot;:{&quot;url&quot;:&quot;&quot;,&quot;id&quot;:&quot;&quot;,&quot;size&quot;:&quot;&quot;},&quot;_id&quot;:&quot;d816e33&quot;,&quot;jet_parallax_layout_image_tablet&quot;:{&quot;url&quot;:&quot;&quot;,&quot;id&quot;:&quot;&quot;,&quot;size&quot;:&quot;&quot;},&quot;jet_parallax_layout_image_mobile&quot;:{&quot;url&quot;:&quot;&quot;,&quot;id&quot;:&quot;&quot;,&quot;size&quot;:&quot;&quot;},&quot;jet_parallax_layout_speed&quot;:{&quot;unit&quot;:&quot;%&quot;,&quot;size&quot;:50,&quot;sizes&quot;:[]},&quot;jet_parallax_layout_type&quot;:&quot;scroll&quot;,&quot;jet_parallax_layout_direction&quot;:null,&quot;jet_parallax_layout_fx_direction&quot;:null,&quot;jet_parallax_layout_z_index&quot;:&quot;&quot;,&quot;jet_parallax_layout_bg_x&quot;:50,&quot;jet_parallax_layout_bg_x_tablet&quot;:&quot;&quot;,&quot;jet_parallax_layout_bg_x_mobile&quot;:&quot;&quot;,&quot;jet_parallax_layout_bg_y&quot;:50,&quot;jet_parallax_layout_bg_y_tablet&quot;:&quot;&quot;,&quot;jet_parallax_layout_bg_y_mobile&quot;:&quot;&quot;,&quot;jet_parallax_layout_bg_size&quot;:&quot;auto&quot;,&quot;jet_parallax_layout_bg_size_tablet&quot;:&quot;&quot;,&quot;jet_parallax_layout_bg_size_mobile&quot;:&quot;&quot;,&quot;jet_parallax_layout_animation_prop&quot;:&quot;transform&quot;,&quot;jet_parallax_layout_on&quot;:[&quot;desktop&quot;,&quot;tablet&quot;]}]}\">\n\t\t\t\t\t\t<div class=\"elementor-container elementor-column-gap-default\">\n\t\t\t\t\t<div class=\"elementor-column elementor-col-100 elementor-top-column elementor-element elementor-element-4536608\" data-id=\"4536608\" data-element_type=\"column\">\n\t\t\t<div class=\"elementor-widget-wrap elementor-element-populated\">\n\t\t\t\t\t\t<div class=\"elementor-element elementor-element-aad6ee8 elementor-widget-divider--view-line_text elementor-widget-divider--element-align-left elementor-widget elementor-widget-divider\" data-id=\"aad6ee8\" data-element_type=\"widget\" data-widget_type=\"divider.default\">\n\t\t\t\t<div class=\"elementor-widget-container\">\n\t\t\t\t\t<div class=\"elementor-divider\">\n\t\t\t<span class=\"elementor-divider-separator\">\n\t\t\t\t\t\t\t<span class=\"elementor-divider__text elementor-divider__element\">\n\t\t\t\tPowi\u0105zane pliki\t\t\t\t<\/span>\n\t\t\t\t\t\t<\/span>\n\t\t<\/div>\n\t\t\t\t<\/div>\n\t\t\t\t<\/div>\n\t\t\t\t\t<\/div>\n\t\t<\/div>\n\t\t\t\t\t<\/div>\n\t\t<\/section>\n\t\t\t\t<section class=\"elementor-section elementor-top-section elementor-element elementor-element-13b9d7c elementor-section-full_width elementor-section-height-default elementor-section-height-default\" data-id=\"13b9d7c\" data-element_type=\"section\" data-settings=\"{&quot;jet_parallax_layout_list&quot;:[{&quot;jet_parallax_layout_image&quot;:{&quot;url&quot;:&quot;&quot;,&quot;id&quot;:&quot;&quot;,&quot;size&quot;:&quot;&quot;},&quot;_id&quot;:&quot;d61e952&quot;,&quot;jet_parallax_layout_image_tablet&quot;:{&quot;url&quot;:&quot;&quot;,&quot;id&quot;:&quot;&quot;,&quot;size&quot;:&quot;&quot;},&quot;jet_parallax_layout_image_mobile&quot;:{&quot;url&quot;:&quot;&quot;,&quot;id&quot;:&quot;&quot;,&quot;size&quot;:&quot;&quot;},&quot;jet_parallax_layout_speed&quot;:{&quot;unit&quot;:&quot;%&quot;,&quot;size&quot;:50,&quot;sizes&quot;:[]},&quot;jet_parallax_layout_type&quot;:&quot;scroll&quot;,&quot;jet_parallax_layout_direction&quot;:null,&quot;jet_parallax_layout_fx_direction&quot;:null,&quot;jet_parallax_layout_z_index&quot;:&quot;&quot;,&quot;jet_parallax_layout_bg_x&quot;:50,&quot;jet_parallax_layout_bg_x_tablet&quot;:&quot;&quot;,&quot;jet_parallax_layout_bg_x_mobile&quot;:&quot;&quot;,&quot;jet_parallax_layout_bg_y&quot;:50,&quot;jet_parallax_layout_bg_y_tablet&quot;:&quot;&quot;,&quot;jet_parallax_layout_bg_y_mobile&quot;:&quot;&quot;,&quot;jet_parallax_layout_bg_size&quot;:&quot;auto&quot;,&quot;jet_parallax_layout_bg_size_tablet&quot;:&quot;&quot;,&quot;jet_parallax_layout_bg_size_mobile&quot;:&quot;&quot;,&quot;jet_parallax_layout_animation_prop&quot;:&quot;transform&quot;,&quot;jet_parallax_layout_on&quot;:[&quot;desktop&quot;,&quot;tablet&quot;]}]}\">\n\t\t\t\t\t\t<div class=\"elementor-container elementor-column-gap-default\">\n\t\t\t\t\t<div class=\"elementor-column elementor-col-100 elementor-top-column elementor-element elementor-element-45d0d0b\" data-id=\"45d0d0b\" data-element_type=\"column\">\n\t\t\t<div class=\"elementor-widget-wrap elementor-element-populated\">\n\t\t\t\t\t\t<div class=\"elementor-element elementor-element-9247ca3 elementor-widget elementor-widget-dce-filebrowser\" data-id=\"9247ca3\" data-element_type=\"widget\" data-widget_type=\"dce-filebrowser.default\">\n\t\t\t\t<div class=\"elementor-widget-container\">\n\t\t\t<ul class=\"list-unstyled dce-list dce-list-root\"><li class=\"file ext-docx\"><a class=\"block btn-block dce-file-download\" href=\"https:\/\/aisn.pl\/download\/pliki\/Regulamin Grantu AISN PTK na pokrycie op\u0142aty wydawniczej\/Wniosek Grant AISN na pokrycie op\u0142aty wydawniczej.docx\"  data-md5=\"410e6c6cd34312a6e82a9b5f904855e8\" target=\"_blank\"><span class=\"middle fiv-viv fiv-icon-docx\"><\/span><span class=\"dce-file-text\"><strong class=\"dce-file-title\">Wniosek Grant AISN na pokrycie op\u0142aty wydawniczej.docx<\/strong> <small class=\"label label-default dce-file-size-label\">(37 KB)<\/small><\/span><\/a><\/li><\/ul>\t\t<script type=\"text\/javascript\" >\n\t\t\tvar lastHide = '';\n\t\t\tjQuery(function () {\n\t\t\t\tif (typeof ajaxurl === 'undefined') {\n\t\t\t\t\tvar ajaxurl = \"\/wp-admin\/admin-ajax.php\";\n\t\t\t\t}\n\n\t\t\t\n\t\t\t\t\t});\n\t\t<\/script>\n\t\t\t\t<\/div>\n\t\t\t\t<\/div>\n\t\t\t\t\t<\/div>\n\t\t<\/div>\n\t\t\t\t\t<\/div>\n\t\t<\/section>\n\t\t\t\t<\/div>","protected":false},"excerpt":{"rendered":"<p>Regulamin Niniejszym regulamin\u00a0(\u201eRegulamin\u201d)\u00a0okre\u015bla zasady przyznawania przez Asocjacj\u0119 Interwencji Sercowo-Naczyniowych Polskiego Towarzystwa Kardiologicznego\u00a0(\u201eAISN PTK\u201d)\u00a0z siedzib\u0105 w Warszawie (kod: 00-193), przy ulicy Stawki 3a lokal 1-2\u00a0Grantu na pokrycie op\u0142aty wydawniczej (\u201eGrant\u201d). Grant jest form\u0105 indywidualnego wsparcia polskich naukowc\u00f3w, kt\u00f3rzy chc\u0105 opublikowa\u0107 wyniki swoich bada\u0144 z zakresu kardiologii interwencyjnej w recenzowanym pi\u015bmie naukowym wydawanym w Polsce, kt\u00f3re swoj\u0105 [&hellip;]<\/p>","protected":false},"author":6,"featured_media":0,"parent":803,"menu_order":2,"comment_status":"closed","ping_status":"closed","template":"","meta":{"footnotes":""},"class_list":["post-812","page","type-page","status-publish","hentry"],"_links":{"self":[{"href":"https:\/\/aisn.pl\/en\/wp-json\/wp\/v2\/pages\/812","targetHints":{"allow":["GET"]}}],"collection":[{"href":"https:\/\/aisn.pl\/en\/wp-json\/wp\/v2\/pages"}],"about":[{"href":"https:\/\/aisn.pl\/en\/wp-json\/wp\/v2\/types\/page"}],"author":[{"embeddable":true,"href":"https:\/\/aisn.pl\/en\/wp-json\/wp\/v2\/users\/6"}],"replies":[{"embeddable":true,"href":"https:\/\/aisn.pl\/en\/wp-json\/wp\/v2\/comments?post=812"}],"version-history":[{"count":44,"href":"https:\/\/aisn.pl\/en\/wp-json\/wp\/v2\/pages\/812\/revisions"}],"predecessor-version":[{"id":27086,"href":"https:\/\/aisn.pl\/en\/wp-json\/wp\/v2\/pages\/812\/revisions\/27086"}],"up":[{"embeddable":true,"href":"https:\/\/aisn.pl\/en\/wp-json\/wp\/v2\/pages\/803"}],"wp:attachment":[{"href":"https:\/\/aisn.pl\/en\/wp-json\/wp\/v2\/media?parent=812"}],"curies":[{"name":"wp","href":"https:\/\/api.w.org\/{rel}","templated":true}]}}