{"id":815,"date":"2020-06-22T13:19:44","date_gmt":"2020-06-22T13:19:44","guid":{"rendered":"https:\/\/test.aisn.pl\/dla-pacjenta\/zastawka-kampania-valve-for-life\/"},"modified":"2020-09-04T13:17:16","modified_gmt":"2020-09-04T11:17:16","slug":"zastawka-kampania-valve-for-life","status":"publish","type":"page","link":"https:\/\/aisn.pl\/en\/dla-pacjenta\/zastawka-kampania-valve-for-life\/","title":{"rendered":"Zastawka &#8211; Kampania Valve for Life"},"content":{"rendered":"<div data-elementor-type=\"wp-page\" data-elementor-id=\"815\" data-post-id=\"815\" data-obj-id=\"815\" class=\"elementor elementor-815 dce-elementor-post-815\" data-elementor-post-type=\"page\">\n\t\t\t\t\t\t<section class=\"elementor-section elementor-top-section elementor-element elementor-element-9eca440 elementor-section-boxed elementor-section-height-default elementor-section-height-default\" data-id=\"9eca440\" data-element_type=\"section\" data-settings=\"{&quot;jet_parallax_layout_list&quot;:[{&quot;jet_parallax_layout_image&quot;:{&quot;url&quot;:&quot;&quot;,&quot;id&quot;:&quot;&quot;,&quot;size&quot;:&quot;&quot;},&quot;_id&quot;:&quot;2724630&quot;,&quot;jet_parallax_layout_image_tablet&quot;:{&quot;url&quot;:&quot;&quot;,&quot;id&quot;:&quot;&quot;,&quot;size&quot;:&quot;&quot;},&quot;jet_parallax_layout_image_mobile&quot;:{&quot;url&quot;:&quot;&quot;,&quot;id&quot;:&quot;&quot;,&quot;size&quot;:&quot;&quot;},&quot;jet_parallax_layout_speed&quot;:{&quot;unit&quot;:&quot;%&quot;,&quot;size&quot;:50,&quot;sizes&quot;:[]},&quot;jet_parallax_layout_type&quot;:&quot;scroll&quot;,&quot;jet_parallax_layout_direction&quot;:null,&quot;jet_parallax_layout_fx_direction&quot;:null,&quot;jet_parallax_layout_z_index&quot;:&quot;&quot;,&quot;jet_parallax_layout_bg_x&quot;:50,&quot;jet_parallax_layout_bg_y&quot;:50,&quot;jet_parallax_layout_bg_size&quot;:&quot;auto&quot;,&quot;jet_parallax_layout_animation_prop&quot;:&quot;transform&quot;,&quot;jet_parallax_layout_on&quot;:[&quot;desktop&quot;,&quot;tablet&quot;],&quot;jet_parallax_layout_bg_x_tablet&quot;:&quot;&quot;,&quot;jet_parallax_layout_bg_x_mobile&quot;:&quot;&quot;,&quot;jet_parallax_layout_bg_y_tablet&quot;:&quot;&quot;,&quot;jet_parallax_layout_bg_y_mobile&quot;:&quot;&quot;,&quot;jet_parallax_layout_bg_size_tablet&quot;:&quot;&quot;,&quot;jet_parallax_layout_bg_size_mobile&quot;:&quot;&quot;}]}\">\n\t\t\t\t\t\t<div class=\"elementor-container elementor-column-gap-default\">\n\t\t\t\t\t<div class=\"elementor-column elementor-col-100 elementor-top-column elementor-element elementor-element-c8c09ff\" data-id=\"c8c09ff\" data-element_type=\"column\">\n\t\t\t<div class=\"elementor-widget-wrap elementor-element-populated\">\n\t\t\t\t\t\t<div class=\"elementor-element elementor-element-9e39c5b dce_masking-none elementor-widget elementor-widget-video\" data-id=\"9e39c5b\" data-element_type=\"widget\" data-settings=\"{&quot;youtube_url&quot;:&quot;https:\\\/\\\/youtu.be\\\/K9KCe765TAg&quot;,&quot;video_type&quot;:&quot;youtube&quot;,&quot;controls&quot;:&quot;yes&quot;}\" data-widget_type=\"video.default\">\n\t\t\t\t<div class=\"elementor-widget-container\">\n\t\t\t\t\t<div class=\"elementor-wrapper elementor-open-inline\">\n\t\t\t<div class=\"elementor-video\"><\/div>\t\t<\/div>\n\t\t\t\t<\/div>\n\t\t\t\t<\/div>\n\t\t\t\t\t<\/div>\n\t\t<\/div>\n\t\t\t\t\t<\/div>\n\t\t<\/section>\n\t\t\t\t<section class=\"elementor-section elementor-top-section elementor-element elementor-element-798efae elementor-section-boxed elementor-section-height-default elementor-section-height-default\" data-id=\"798efae\" data-element_type=\"section\" data-settings=\"{&quot;jet_parallax_layout_list&quot;:[{&quot;jet_parallax_layout_image&quot;:{&quot;url&quot;:&quot;&quot;,&quot;id&quot;:&quot;&quot;,&quot;size&quot;:&quot;&quot;},&quot;_id&quot;:&quot;e82cae9&quot;,&quot;jet_parallax_layout_image_tablet&quot;:{&quot;url&quot;:&quot;&quot;,&quot;id&quot;:&quot;&quot;,&quot;size&quot;:&quot;&quot;},&quot;jet_parallax_layout_image_mobile&quot;:{&quot;url&quot;:&quot;&quot;,&quot;id&quot;:&quot;&quot;,&quot;size&quot;:&quot;&quot;},&quot;jet_parallax_layout_speed&quot;:{&quot;unit&quot;:&quot;%&quot;,&quot;size&quot;:50,&quot;sizes&quot;:[]},&quot;jet_parallax_layout_type&quot;:&quot;scroll&quot;,&quot;jet_parallax_layout_direction&quot;:null,&quot;jet_parallax_layout_fx_direction&quot;:null,&quot;jet_parallax_layout_z_index&quot;:&quot;&quot;,&quot;jet_parallax_layout_bg_x&quot;:50,&quot;jet_parallax_layout_bg_y&quot;:50,&quot;jet_parallax_layout_bg_size&quot;:&quot;auto&quot;,&quot;jet_parallax_layout_animation_prop&quot;:&quot;transform&quot;,&quot;jet_parallax_layout_on&quot;:[&quot;desktop&quot;,&quot;tablet&quot;],&quot;jet_parallax_layout_bg_x_tablet&quot;:&quot;&quot;,&quot;jet_parallax_layout_bg_x_mobile&quot;:&quot;&quot;,&quot;jet_parallax_layout_bg_y_tablet&quot;:&quot;&quot;,&quot;jet_parallax_layout_bg_y_mobile&quot;:&quot;&quot;,&quot;jet_parallax_layout_bg_size_tablet&quot;:&quot;&quot;,&quot;jet_parallax_layout_bg_size_mobile&quot;:&quot;&quot;}]}\">\n\t\t\t\t\t\t<div class=\"elementor-container elementor-column-gap-default\">\n\t\t\t\t\t<div class=\"elementor-column elementor-col-100 elementor-top-column elementor-element elementor-element-3669c43\" data-id=\"3669c43\" data-element_type=\"column\">\n\t\t\t<div class=\"elementor-widget-wrap elementor-element-populated\">\n\t\t\t\t\t\t<div class=\"elementor-element elementor-element-fda45bf elementor-widget elementor-widget-text-editor\" data-id=\"fda45bf\" data-element_type=\"widget\" data-widget_type=\"text-editor.default\">\n\t\t\t\t<div class=\"elementor-widget-container\">\n\t\t\t\t\t\t\t<p>Kampania spo\u0142eczna Polskiego Towarzystwa Kardiologicznego<strong>\u00a0\u201eStawka to \u017bycie. Zastawka to \u017bycie.\u201d<\/strong>, w ramach europejskiej inicjatywy Valve for Life, odnios\u0142a w tym roku znacz\u0105ce sukcesy, uzyskuj\u0105c nad sob\u0105 wiele cennych patronat\u00f3w honorowych.<\/p><p>Jeste\u015bmy niezwykle dumni, i\u017c kampania uzyska\u0142a patronat najwi\u0119kszej i najwa\u017cniejszej instytucji zdrowotnej w naszym kraju &#8211; Ministerstwa Zdrowia, otrzymany od Ministra Zdrowia Konstantego Radziwi\u0142\u0142a. To osi\u0105gni\u0119cie jest bardzo wa\u017cnym punktem w historii kampanii. Wi\u0105\u017ce si\u0119 ono \u015bci\u015ble z jej renom\u0105, rosn\u0105c\u0105 dzi\u0119ki licznym wysi\u0142kom organizator\u00f3w oraz wsp\u00f3\u0142pracownik\u00f3w od pocz\u0105tk\u00f3w jej prowadzenia w 2015 roku.<\/p><p>Kampania uzyska\u0142a r\u00f3wnie\u017c honorowy patronat od Urz\u0119du Marsza\u0142kowskiego Wojew\u00f3dztwa Mazowieckiego. Udzieli\u0142 go Adam Struzik &#8211; obecny Marsza\u0142ek Wojew\u00f3dztwa Mazowieckiego.<br \/>W gronie patron\u00f3w kampanii znalaz\u0142y si\u0119 r\u00f3wnie\u017c miasta, w kt\u00f3rych odby\u0142y si\u0119 spotkania edukacyjne dla senior\u00f3w i pacjent\u00f3w kardiologicznych wraz z bezp\u0142atnymi badaniami i konsultacjami medycznymi. Udzielili ich prezydenci polskich miast &#8211; od prezydent m.st. Warszawy Hanny Gronkiewicz-Waltz, Prezydenta Bydgoszczy Rafa\u0142a Bruskiego, Prezydenta Miasta Gda\u0144ska Paw\u0142a Adamowicza, a tak\u017ce prezydenta miasta Bytomia, kt\u00f3rym jest Damian Bartyla.<\/p><p>I edycja kampanii zwi\u0119kszy\u0142a \u015bwiadomo\u015b\u0107 polskich pacjent\u00f3w, a tak\u017ce liczb\u0119 zabieg\u00f3w przeprowadzanych w Polsce z 12 na milion w 2013 r. do 22.5 na milion.<\/p><p>II edycja Kampanii ruszy\u0142a w tym roku. W tym roku nakr\u0119cono filmy edukacyjne dla pacjent\u00f3w i lekarzy o metodzie TAVI, prowadzone s\u0105 spotkania edukacyjne na Uniwersytetach Trzeciego wieku po\u0142\u0105czone z bezp\u0142atnymi badaniami dla senior\u00f3w oraz dzia\u0142ania medialne. Kampania jest r\u00f3wnie\u017c partnerem licznych debat i paneli dyskusyjnych zwi\u0105zanych z innowacyjnymi metodami leczenia kardiologicznego i kardiochirurgicznego.<\/p><p>W jej ramach ju\u017c odby\u0142y si\u0119 spotkania edukacyjne w Warszawie, Krynicy, Bytomiu i Bydgoszczy, najbli\u017csze odb\u0119dzie si\u0119 w Gda\u0144sku. Podczas spotka\u0144 znani profesorowie kardiologii udzielaj\u0105 wyk\u0142ad\u00f3w o innowacyjnej metodzie leczenia, jak\u0105 jest przezcewnikowa implantacja zastawki aortalnej, prowadzone s\u0105 bezp\u0142atne badania i konsultacje dla uczestnik\u00f3w, a tak\u017ce spotkania z Emili\u0105 Krakowsk\u0105, kultow\u0105 aktork\u0105 i ambasadork\u0105 kampanii.<\/p><p>Kampania Valve for Life (polska nazwa: \u201cStawka to \u017bycie. Zastawka to \u017bycie\u201d) ma na celu promocj\u0119 w\u015br\u00f3d Polak\u00f3w innowacyjnego rozwi\u0105zania w medycynie, jakim jest przezcewnikowa implantacja zastawki aortalnej (TAVI). S\u0142u\u017cy przybli\u017ceniu mo\u017cliwo\u015bci, jakie daje ten zabieg w\u015br\u00f3d os\u00f3b, kt\u00f3re nie kwalifikuj\u0105 si\u0119 do leczenia chirurgicznego z uwagi na zbyt wysokie ryzyko operacyjne.<\/p><p>Kampania jest od 2015 roku realizowana przez Europejskie Towarzystwo Kardiologiczne (ESC) i jego sekcj\u0119 &#8211; Europejsk\u0105 Asocjacj\u0119 Przezsk\u00f3rnych Interwencji Sercowo-Naczyniowych (EAPCI), Polskie Towarzystwo Kardiologiczne (PTK) oraz Asocjacj\u0119 Interwencji Sercowo-Naczyniowych PTK. Koordynatorami kampanii s\u0105 Prof. Adam Witkowski z Instytutu Kardiologii w Warszawie oraz Prof. Dariusz Dudek z Collegium Medicum UJ w Krakowie.<\/p><p>Za spraw\u0105 kampanii pragniemy dotrze\u0107 do jak najwi\u0119kszej liczby os\u00f3b, aby przyczyni\u0107 si\u0119 do rozpowszechniania omawianej metody leczenia oraz poszerzenia \u015bwiadomo\u015bci spo\u0142ecznej na temat zdrowia. Co warte podkre\u015blenia, od pocz\u0105tku dzia\u0142alno\u015bci dotarli\u015bmy z przekazem do ponad 11 mln os\u00f3b, a liczba zabieg\u00f3w TAVI w Polsce zwi\u0119kszy\u0142a z 453 w 2015 roku do 870 w 2016 roku i ma szans\u0119 w 2017 roku przekroczy\u0107 1000, co oznacza, \u017ce te nowoczesne zabiegi staj\u0105 si\u0119 coraz bardziej dost\u0119pne dla pacjent\u00f3w wysokiego ryzyka chirurgicznego, dla kt\u00f3rych nie ma \u017cadnej innej alternatywy terapeutycznej.<\/p><p>Zapraszamy ma YouTube, gdzie dost\u0119pne s\u0105 wszystkie filmy nakr\u0119cone w ramach kampanii:<br \/><a href=\"https:\/\/www.youtube.com\/channel\/UCsUYX2WHyVF4JOI79e5xrRw\/videos\">https:\/\/www.youtube.com\/channel\/UCsUYX2WHyVF4JOI79e5xrRw\/videos<\/a><\/p><p>Polecamy filmy w wersji polskiej i angielskiej:<\/p><p>dla pacjent\u00f3w:<br \/><a href=\"https:\/\/www.youtube.com\/watch?v=XlgTBp5Mgjw&amp;t=114s\">https:\/\/www.youtube.com\/watch?v=XlgTBp5Mgjw&amp;t=114s<\/a><br \/><a href=\"https:\/\/www.youtube.com\/watch?v=yOgQ9vRppDg&amp;t=10s\">https:\/\/www.youtube.com\/watch?v=yOgQ9vRppDg&amp;t=10s<\/a><\/p><p>dla lekarzy:<br \/><a href=\"https:\/\/www.youtube.com\/watch?v=K9KCe765TAg&amp;t=38s\">https:\/\/www.youtube.com\/watch?v=K9KCe765TAg&amp;t=38s<\/a><br \/><a href=\"https:\/\/www.youtube.com\/watch?v=keJoMOX8oak&amp;t=11s\">https:\/\/www.youtube.com\/watch?v=keJoMOX8oak&amp;t=11s<\/a><\/p><p><em>(\u017ar\u00f3d\u0142o:\u00a0<a href=\"https:\/\/ptkardio.pl\/aktualnosci\/408-kampania_stawka_to_zycie_zastawka_to_zycie_z_patronatem_honorowym_ministerstwa_zdrowia\">https:\/\/ptkardio.pl\/aktualnosci\/408-kampania_stawka_to_zycie_zastawka_to_zycie_z_patronatem_honorowym_ministerstwa_zdrowia<\/a>)<\/em><\/p>\t\t\t\t\t\t<\/div>\n\t\t\t\t<\/div>\n\t\t\t\t\t<\/div>\n\t\t<\/div>\n\t\t\t\t\t<\/div>\n\t\t<\/section>\n\t\t\t\t<section class=\"elementor-section elementor-top-section elementor-element elementor-element-58d0b88 elementor-section-boxed elementor-section-height-default elementor-section-height-default\" data-id=\"58d0b88\" data-element_type=\"section\" data-settings=\"{&quot;jet_parallax_layout_list&quot;:[{&quot;jet_parallax_layout_image&quot;:{&quot;url&quot;:&quot;&quot;,&quot;id&quot;:&quot;&quot;,&quot;size&quot;:&quot;&quot;},&quot;_id&quot;:&quot;e1d5442&quot;,&quot;jet_parallax_layout_image_tablet&quot;:{&quot;url&quot;:&quot;&quot;,&quot;id&quot;:&quot;&quot;,&quot;size&quot;:&quot;&quot;},&quot;jet_parallax_layout_image_mobile&quot;:{&quot;url&quot;:&quot;&quot;,&quot;id&quot;:&quot;&quot;,&quot;size&quot;:&quot;&quot;},&quot;jet_parallax_layout_speed&quot;:{&quot;unit&quot;:&quot;%&quot;,&quot;size&quot;:50,&quot;sizes&quot;:[]},&quot;jet_parallax_layout_type&quot;:&quot;scroll&quot;,&quot;jet_parallax_layout_direction&quot;:null,&quot;jet_parallax_layout_fx_direction&quot;:null,&quot;jet_parallax_layout_z_index&quot;:&quot;&quot;,&quot;jet_parallax_layout_bg_x&quot;:50,&quot;jet_parallax_layout_bg_y&quot;:50,&quot;jet_parallax_layout_bg_size&quot;:&quot;auto&quot;,&quot;jet_parallax_layout_animation_prop&quot;:&quot;transform&quot;,&quot;jet_parallax_layout_on&quot;:[&quot;desktop&quot;,&quot;tablet&quot;],&quot;jet_parallax_layout_bg_x_tablet&quot;:&quot;&quot;,&quot;jet_parallax_layout_bg_x_mobile&quot;:&quot;&quot;,&quot;jet_parallax_layout_bg_y_tablet&quot;:&quot;&quot;,&quot;jet_parallax_layout_bg_y_mobile&quot;:&quot;&quot;,&quot;jet_parallax_layout_bg_size_tablet&quot;:&quot;&quot;,&quot;jet_parallax_layout_bg_size_mobile&quot;:&quot;&quot;}]}\">\n\t\t\t\t\t\t<div class=\"elementor-container elementor-column-gap-default\">\n\t\t\t\t\t<div class=\"elementor-column elementor-col-100 elementor-top-column elementor-element elementor-element-a3002b2\" data-id=\"a3002b2\" data-element_type=\"column\">\n\t\t\t<div class=\"elementor-widget-wrap\">\n\t\t\t\t\t\t\t<\/div>\n\t\t<\/div>\n\t\t\t\t\t<\/div>\n\t\t<\/section>\n\t\t\t\t<section class=\"elementor-section elementor-top-section elementor-element elementor-element-5526c2e elementor-section-boxed elementor-section-height-default elementor-section-height-default\" data-id=\"5526c2e\" data-element_type=\"section\" data-settings=\"{&quot;jet_parallax_layout_list&quot;:[{&quot;jet_parallax_layout_image&quot;:{&quot;url&quot;:&quot;&quot;,&quot;id&quot;:&quot;&quot;,&quot;size&quot;:&quot;&quot;},&quot;_id&quot;:&quot;40ce5c0&quot;,&quot;jet_parallax_layout_image_tablet&quot;:{&quot;url&quot;:&quot;&quot;,&quot;id&quot;:&quot;&quot;,&quot;size&quot;:&quot;&quot;},&quot;jet_parallax_layout_image_mobile&quot;:{&quot;url&quot;:&quot;&quot;,&quot;id&quot;:&quot;&quot;,&quot;size&quot;:&quot;&quot;},&quot;jet_parallax_layout_speed&quot;:{&quot;unit&quot;:&quot;%&quot;,&quot;size&quot;:50,&quot;sizes&quot;:[]},&quot;jet_parallax_layout_type&quot;:&quot;scroll&quot;,&quot;jet_parallax_layout_direction&quot;:null,&quot;jet_parallax_layout_fx_direction&quot;:null,&quot;jet_parallax_layout_z_index&quot;:&quot;&quot;,&quot;jet_parallax_layout_bg_x&quot;:50,&quot;jet_parallax_layout_bg_y&quot;:50,&quot;jet_parallax_layout_bg_size&quot;:&quot;auto&quot;,&quot;jet_parallax_layout_animation_prop&quot;:&quot;transform&quot;,&quot;jet_parallax_layout_on&quot;:[&quot;desktop&quot;,&quot;tablet&quot;],&quot;jet_parallax_layout_bg_x_tablet&quot;:&quot;&quot;,&quot;jet_parallax_layout_bg_x_mobile&quot;:&quot;&quot;,&quot;jet_parallax_layout_bg_y_tablet&quot;:&quot;&quot;,&quot;jet_parallax_layout_bg_y_mobile&quot;:&quot;&quot;,&quot;jet_parallax_layout_bg_size_tablet&quot;:&quot;&quot;,&quot;jet_parallax_layout_bg_size_mobile&quot;:&quot;&quot;}]}\">\n\t\t\t\t\t\t<div class=\"elementor-container elementor-column-gap-default\">\n\t\t\t\t\t<div class=\"elementor-column elementor-col-100 elementor-top-column elementor-element elementor-element-3ee7069\" data-id=\"3ee7069\" data-element_type=\"column\">\n\t\t\t<div class=\"elementor-widget-wrap elementor-element-populated\">\n\t\t\t\t\t\t<div class=\"elementor-element elementor-element-2d467f9 dce_masking-none elementor-widget elementor-widget-video\" data-id=\"2d467f9\" data-element_type=\"widget\" data-settings=\"{&quot;youtube_url&quot;:&quot;https:\\\/\\\/www.youtube.com\\\/watch?v=yOgQ9vRppDg&amp;t=10s&quot;,&quot;video_type&quot;:&quot;youtube&quot;,&quot;controls&quot;:&quot;yes&quot;}\" data-widget_type=\"video.default\">\n\t\t\t\t<div class=\"elementor-widget-container\">\n\t\t\t\t\t<div class=\"elementor-wrapper elementor-open-inline\">\n\t\t\t<div class=\"elementor-video\"><\/div>\t\t<\/div>\n\t\t\t\t<\/div>\n\t\t\t\t<\/div>\n\t\t\t\t\t<\/div>\n\t\t<\/div>\n\t\t\t\t\t<\/div>\n\t\t<\/section>\n\t\t\t\t<section class=\"elementor-section elementor-top-section elementor-element elementor-element-72788a5 elementor-section-boxed elementor-section-height-default elementor-section-height-default\" data-id=\"72788a5\" data-element_type=\"section\" data-settings=\"{&quot;jet_parallax_layout_list&quot;:[{&quot;jet_parallax_layout_image&quot;:{&quot;url&quot;:&quot;&quot;,&quot;id&quot;:&quot;&quot;,&quot;size&quot;:&quot;&quot;},&quot;_id&quot;:&quot;06b8f6b&quot;,&quot;jet_parallax_layout_image_tablet&quot;:{&quot;url&quot;:&quot;&quot;,&quot;id&quot;:&quot;&quot;,&quot;size&quot;:&quot;&quot;},&quot;jet_parallax_layout_image_mobile&quot;:{&quot;url&quot;:&quot;&quot;,&quot;id&quot;:&quot;&quot;,&quot;size&quot;:&quot;&quot;},&quot;jet_parallax_layout_speed&quot;:{&quot;unit&quot;:&quot;%&quot;,&quot;size&quot;:50,&quot;sizes&quot;:[]},&quot;jet_parallax_layout_type&quot;:&quot;scroll&quot;,&quot;jet_parallax_layout_direction&quot;:null,&quot;jet_parallax_layout_fx_direction&quot;:null,&quot;jet_parallax_layout_z_index&quot;:&quot;&quot;,&quot;jet_parallax_layout_bg_x&quot;:50,&quot;jet_parallax_layout_bg_y&quot;:50,&quot;jet_parallax_layout_bg_size&quot;:&quot;auto&quot;,&quot;jet_parallax_layout_animation_prop&quot;:&quot;transform&quot;,&quot;jet_parallax_layout_on&quot;:[&quot;desktop&quot;,&quot;tablet&quot;],&quot;jet_parallax_layout_bg_x_tablet&quot;:&quot;&quot;,&quot;jet_parallax_layout_bg_x_mobile&quot;:&quot;&quot;,&quot;jet_parallax_layout_bg_y_tablet&quot;:&quot;&quot;,&quot;jet_parallax_layout_bg_y_mobile&quot;:&quot;&quot;,&quot;jet_parallax_layout_bg_size_tablet&quot;:&quot;&quot;,&quot;jet_parallax_layout_bg_size_mobile&quot;:&quot;&quot;}]}\">\n\t\t\t\t\t\t<div class=\"elementor-container elementor-column-gap-default\">\n\t\t\t\t\t<div class=\"elementor-column elementor-col-100 elementor-top-column elementor-element elementor-element-5c24b6b\" data-id=\"5c24b6b\" data-element_type=\"column\">\n\t\t\t<div class=\"elementor-widget-wrap\">\n\t\t\t\t\t\t\t<\/div>\n\t\t<\/div>\n\t\t\t\t\t<\/div>\n\t\t<\/section>\n\t\t\t\t<\/div>","protected":false},"excerpt":{"rendered":"<p>https:\/\/youtu.be\/K9KCe765TAg Kampania spo\u0142eczna Polskiego Towarzystwa Kardiologicznego\u00a0\u201eStawka to \u017bycie. Zastawka to \u017bycie.\u201d, w ramach europejskiej inicjatywy Valve for Life, odnios\u0142a w tym roku znacz\u0105ce sukcesy, uzyskuj\u0105c nad sob\u0105 wiele cennych patronat\u00f3w honorowych. Jeste\u015bmy niezwykle dumni, i\u017c kampania uzyska\u0142a patronat najwi\u0119kszej i najwa\u017cniejszej instytucji zdrowotnej w naszym kraju &#8211; Ministerstwa Zdrowia, otrzymany od Ministra Zdrowia Konstantego Radziwi\u0142\u0142a. [&hellip;]<\/p>","protected":false},"author":6,"featured_media":0,"parent":814,"menu_order":1,"comment_status":"closed","ping_status":"closed","template":"","meta":{"footnotes":""},"class_list":["post-815","page","type-page","status-publish","hentry"],"_links":{"self":[{"href":"https:\/\/aisn.pl\/en\/wp-json\/wp\/v2\/pages\/815","targetHints":{"allow":["GET"]}}],"collection":[{"href":"https:\/\/aisn.pl\/en\/wp-json\/wp\/v2\/pages"}],"about":[{"href":"https:\/\/aisn.pl\/en\/wp-json\/wp\/v2\/types\/page"}],"author":[{"embeddable":true,"href":"https:\/\/aisn.pl\/en\/wp-json\/wp\/v2\/users\/6"}],"replies":[{"embeddable":true,"href":"https:\/\/aisn.pl\/en\/wp-json\/wp\/v2\/comments?post=815"}],"version-history":[{"count":1,"href":"https:\/\/aisn.pl\/en\/wp-json\/wp\/v2\/pages\/815\/revisions"}],"predecessor-version":[{"id":13894,"href":"https:\/\/aisn.pl\/en\/wp-json\/wp\/v2\/pages\/815\/revisions\/13894"}],"up":[{"embeddable":true,"href":"https:\/\/aisn.pl\/en\/wp-json\/wp\/v2\/pages\/814"}],"wp:attachment":[{"href":"https:\/\/aisn.pl\/en\/wp-json\/wp\/v2\/media?parent=815"}],"curies":[{"name":"wp","href":"https:\/\/api.w.org\/{rel}","templated":true}]}}