{"id":816,"date":"2020-06-22T13:19:44","date_gmt":"2020-06-22T13:19:44","guid":{"rendered":"https:\/\/test.aisn.pl\/dla-pacjenta\/zawal\/"},"modified":"2020-07-23T13:49:33","modified_gmt":"2020-07-23T13:49:33","slug":"zawal","status":"publish","type":"page","link":"https:\/\/aisn.pl\/en\/dla-pacjenta\/zawal\/","title":{"rendered":"Heart attack"},"content":{"rendered":"<div data-elementor-type=\"wp-page\" data-elementor-id=\"816\" data-post-id=\"816\" data-obj-id=\"816\" class=\"elementor elementor-816 dce-elementor-post-816\" data-elementor-post-type=\"page\">\n\t\t\t\t\t\t<section class=\"elementor-section elementor-top-section elementor-element elementor-element-32723c3 elementor-section-full_width elementor-section-height-default elementor-section-height-default\" data-id=\"32723c3\" data-element_type=\"section\" data-settings=\"{&quot;jet_parallax_layout_list&quot;:[]}\">\n\t\t\t\t\t\t<div class=\"elementor-container elementor-column-gap-default\">\n\t\t\t\t\t<div class=\"elementor-column elementor-col-100 elementor-top-column elementor-element elementor-element-34e4a09\" data-id=\"34e4a09\" data-element_type=\"column\">\n\t\t\t<div class=\"elementor-widget-wrap elementor-element-populated\">\n\t\t\t\t\t\t<div class=\"elementor-element elementor-element-141fcf4 elementor-widget elementor-widget-heading\" data-id=\"141fcf4\" data-element_type=\"widget\" data-widget_type=\"heading.default\">\n\t\t\t\t<div class=\"elementor-widget-container\">\n\t\t\t<h2 class=\"elementor-heading-title elementor-size-default\">Pandemia nie powstrzyma ataku serca \u2013 szpital tak!\nSzukaj pomocy medycznej podczas pandemii COVID-19.<\/h2>\t\t<\/div>\n\t\t\t\t<\/div>\n\t\t\t\t\t<\/div>\n\t\t<\/div>\n\t\t\t\t\t<\/div>\n\t\t<\/section>\n\t\t\t\t<section class=\"elementor-section elementor-top-section elementor-element elementor-element-a6f8442 elementor-section-full_width elementor-section-height-default elementor-section-height-default\" data-id=\"a6f8442\" data-element_type=\"section\" data-settings=\"{&quot;jet_parallax_layout_list&quot;:[]}\">\n\t\t\t\t\t\t<div class=\"elementor-container elementor-column-gap-default\">\n\t\t\t\t\t<div class=\"elementor-column elementor-col-100 elementor-top-column elementor-element elementor-element-0751d3c\" data-id=\"0751d3c\" data-element_type=\"column\">\n\t\t\t<div class=\"elementor-widget-wrap elementor-element-populated\">\n\t\t\t\t\t\t<div class=\"elementor-element elementor-element-695f55a elementor-widget elementor-widget-text-editor\" data-id=\"695f55a\" data-element_type=\"widget\" data-widget_type=\"text-editor.default\">\n\t\t\t\t<div class=\"elementor-widget-container\">\n\t\t\t\t\t\t\t<p>Personel kardiologiczny w polskich szpitalach wzywa chorych z objawami typowymi dla zawa\u0142u serca i innych zagra\u017caj\u0105cych \u017cyciu nag\u0142ymi przypadkami do niezw\u0142ocznej wizyty w najbli\u017cszym szpitalu w celu uzyskania pomocy medycznej.\u00a0<br \/>\u201eObserwujemy dramatyczny spadek liczby pacjent\u00f3w z problemami kardiologicznymi w por\u00f3wnaniu do tej wyst\u0119puj\u0105cej zazwyczaj\u201d \u2013 m\u00f3wi\u0105 kardiolodzy. \u201eWiemy, \u017ce ludzie boj\u0105 si\u0119 i\u015b\u0107 do szpitala lub wezwa\u0107 karetk\u0119 z obawy przed zara\u017ceniem si\u0119 COVID-19, ale zawa\u0142 serca pozostawiony bez leczenia jest bardzo niebezpieczny i mo\u017ce by\u0107 \u015bmiertelny\u201d. Pacjenci z chorobami uk\u0142adu kr\u0105\u017cenia mog\u0105 uzna\u0107 duszno\u015b\u0107 z b\u00f3lem w klatce piersiowej za objawy COVID-19, a nie zawa\u0142u serca.<\/p>\t\t\t\t\t\t<\/div>\n\t\t\t\t<\/div>\n\t\t\t\t\t<\/div>\n\t\t<\/div>\n\t\t\t\t\t<\/div>\n\t\t<\/section>\n\t\t\t\t<section class=\"elementor-section elementor-top-section elementor-element elementor-element-01b9016 elementor-section-boxed elementor-section-height-default elementor-section-height-default\" data-id=\"01b9016\" data-element_type=\"section\" data-settings=\"{&quot;jet_parallax_layout_list&quot;:[]}\">\n\t\t\t\t\t\t<div class=\"elementor-container elementor-column-gap-default\">\n\t\t\t\t\t<div class=\"elementor-column elementor-col-100 elementor-top-column elementor-element elementor-element-1960773\" data-id=\"1960773\" data-element_type=\"column\">\n\t\t\t<div class=\"elementor-widget-wrap elementor-element-populated\">\n\t\t\t\t\t\t<div class=\"elementor-element elementor-element-caebdf5 elementor-widget__width-initial dce_masking-none elementor-widget elementor-widget-video\" data-id=\"caebdf5\" data-element_type=\"widget\" data-settings=\"{&quot;video_type&quot;:&quot;hosted&quot;,&quot;controls&quot;:&quot;yes&quot;}\" data-widget_type=\"video.default\">\n\t\t\t\t<div class=\"elementor-widget-container\">\n\t\t\t\t\t<div class=\"e-hosted-video elementor-wrapper elementor-open-inline\">\n\t\t\t\t\t<video class=\"elementor-video\" src=\"https:\/\/aisn.pl\/download\/heart.mp4\" controls=\"\" preload=\"metadata\" controlslist=\"nodownload\"><\/video>\n\t\t\t\t<\/div>\n\t\t\t\t<\/div>\n\t\t\t\t<\/div>\n\t\t\t\t\t<\/div>\n\t\t<\/div>\n\t\t\t\t\t<\/div>\n\t\t<\/section>\n\t\t\t\t<section class=\"elementor-section elementor-top-section elementor-element elementor-element-9405523 elementor-section-boxed elementor-section-height-default elementor-section-height-default\" data-id=\"9405523\" data-element_type=\"section\" data-settings=\"{&quot;jet_parallax_layout_list&quot;:[]}\">\n\t\t\t\t\t\t<div class=\"elementor-container elementor-column-gap-default\">\n\t\t\t\t\t<div class=\"elementor-column elementor-col-100 elementor-top-column elementor-element elementor-element-aae7bd1\" data-id=\"aae7bd1\" data-element_type=\"column\">\n\t\t\t<div class=\"elementor-widget-wrap elementor-element-populated\">\n\t\t\t\t\t\t<div class=\"elementor-element elementor-element-5fcdb08 elementor-widget elementor-widget-text-editor\" data-id=\"5fcdb08\" data-element_type=\"widget\" data-widget_type=\"text-editor.default\">\n\t\t\t\t<div class=\"elementor-widget-container\">\n\t\t\t\t\t\t\t<p><sup><em>Materia\u0142 udost\u0119pniony dzi\u0119ki uprzejmo\u015bci firmy Abbott Vascular (Polska)<\/em><\/sup><\/p>\t\t\t\t\t\t<\/div>\n\t\t\t\t<\/div>\n\t\t\t\t\t<\/div>\n\t\t<\/div>\n\t\t\t\t\t<\/div>\n\t\t<\/section>\n\t\t\t\t<section class=\"elementor-section elementor-top-section elementor-element elementor-element-e98ee4e elementor-section-full_width elementor-section-height-default elementor-section-height-default\" data-id=\"e98ee4e\" data-element_type=\"section\" data-settings=\"{&quot;jet_parallax_layout_list&quot;:[]}\">\n\t\t\t\t\t\t<div class=\"elementor-container elementor-column-gap-default\">\n\t\t\t\t\t<div class=\"elementor-column elementor-col-100 elementor-top-column elementor-element elementor-element-7b1f198\" data-id=\"7b1f198\" data-element_type=\"column\">\n\t\t\t<div class=\"elementor-widget-wrap elementor-element-populated\">\n\t\t\t\t\t\t<div class=\"elementor-element elementor-element-ef8ca70 elementor-widget elementor-widget-text-editor\" data-id=\"ef8ca70\" data-element_type=\"widget\" data-widget_type=\"text-editor.default\">\n\t\t\t\t<div class=\"elementor-widget-container\">\n\t\t\t\t\t\t\t<p>Objawy ataku serca:\u00a0<\/p><p>&#8211; Uczucie dyskomfortu w klatce piersiowej W wi\u0119kszo\u015bci przypadk\u00f3w zawa\u0142 serca objawia si\u0119 uczuciem dyskomfortu w \u015brodku lub po lewej stronie klatki piersiowej \u2013 trwa ono cz\u0119sto d\u0142u\u017cej ni\u017c kilka minut lub zanika i powraca. \u00a0<br \/>&#8211; B\u00f3l wykraczaj\u0105cy poza klatk\u0119 piersiow\u0105 Objawy mog\u0105 r\u00f3wnie\u017c obejmowa\u0107 b\u00f3l lub dyskomfort w jednym lub obu ramionach, plecach, szyi, brzuchu i szcz\u0119ce. \u00a0<br \/>\u00a0&#8211; Inne objawy Ka\u017cdy z powy\u017cszych objaw\u00f3w, kt\u00f3ry wi\u0105\u017ce si\u0119 dodatkowo z zimnymi potami, md\u0142o\u015bciami, zawrotami g\u0142owy, l\u0119kiem, niestrawno\u015bci\u0105 i dyskomfortem w klatce piersiowej. \u00a0<br \/><br \/>Pomimo podobie\u0144stwa do objaw\u00f3w innych chor\u00f3b wszelkie wczesne oznaki zawa\u0142u serca powinny by\u0107 traktowane powa\u017cnie i diagnozowane \u2013 nawet podczas pandemii. Osoby, kt\u00f3re ignoruj\u0105 te objawy, s\u0105 bardziej nara\u017cone na d\u0142ugotrwa\u0142e uszkodzenie serca, a nawet \u015bmier\u0107. \u00a0<br \/>Organizacja British Heart Foundation poinformowa\u0142a niedawno, \u017ce liczba os\u00f3b odwiedzaj\u0105cych brytyjskie szpitale z podejrzeniem zawa\u0142u serca spad\u0142a o 50% od pocz\u0105tku marca 2020 roku, z poziomu oko\u0142o 300 wizyt dziennie do 150.\u00a0<br \/><br \/>Wed\u0142ug W\u0142oskiego Towarzystwa Kardiologicznego, na podstawie analogicznego tygodnia kwietnia 2019 i 2020 roku, nast\u0105pi\u0142 50% spadek liczby hospitalizacji z powodu ostrych zespo\u0142\u00f3w wie\u0144cowych. Spadek ten jest wynikiem unikania przez pacjent\u00f3w pobyt\u00f3w w szpitalu w obawie przed zara\u017ceniem si\u0119 nowym koronawirusem. Ka\u017cde 10-minutowe op\u00f3\u017anienie zwi\u0119ksza jednak prawdopodobie\u0144stwo zgonu pacjenta. Wi\u0119cej pacjent\u00f3w umiera w domu w wyniku zatrzymania kr\u0105\u017cenia, zamiast otrzyma\u0107 niezb\u0119dn\u0105 pomoc \u00a0<br \/>od lekarzy w szpitalu. \u00a0<br \/><br \/>\u201eNawet podczas trwania pandemii mo\u017cemy bezpiecznie i szybko wykona\u0107 niezb\u0119dn\u0105 diagnostyk\u0119 i minimalnie inwazyjne zabiegi, aby uratowa\u0107 \u017cycie pacjenta\u201d \u2013 stwierdzaj\u0105 kardiolodzy. \u201eIm szybciej trafi do nas pacjent, tym lepszy b\u0119dzie wynik leczenia\u201d.<\/p>\t\t\t\t\t\t<\/div>\n\t\t\t\t<\/div>\n\t\t\t\t\t<\/div>\n\t\t<\/div>\n\t\t\t\t\t<\/div>\n\t\t<\/section>\n\t\t\t\t<\/div>","protected":false},"excerpt":{"rendered":"<p>Pandemia nie powstrzyma ataku serca \u2013 szpital tak! Szukaj pomocy medycznej podczas pandemii COVID-19. Personel kardiologiczny w polskich szpitalach wzywa chorych z objawami typowymi dla zawa\u0142u serca i innych zagra\u017caj\u0105cych \u017cyciu nag\u0142ymi przypadkami do niezw\u0142ocznej wizyty w najbli\u017cszym szpitalu w celu uzyskania pomocy medycznej.\u00a0\u201eObserwujemy dramatyczny spadek liczby pacjent\u00f3w z problemami kardiologicznymi w por\u00f3wnaniu do tej [&hellip;]<\/p>","protected":false},"author":6,"featured_media":0,"parent":814,"menu_order":2,"comment_status":"closed","ping_status":"closed","template":"","meta":{"footnotes":""},"class_list":["post-816","page","type-page","status-publish","hentry"],"_links":{"self":[{"href":"https:\/\/aisn.pl\/en\/wp-json\/wp\/v2\/pages\/816","targetHints":{"allow":["GET"]}}],"collection":[{"href":"https:\/\/aisn.pl\/en\/wp-json\/wp\/v2\/pages"}],"about":[{"href":"https:\/\/aisn.pl\/en\/wp-json\/wp\/v2\/types\/page"}],"author":[{"embeddable":true,"href":"https:\/\/aisn.pl\/en\/wp-json\/wp\/v2\/users\/6"}],"replies":[{"embeddable":true,"href":"https:\/\/aisn.pl\/en\/wp-json\/wp\/v2\/comments?post=816"}],"version-history":[{"count":0,"href":"https:\/\/aisn.pl\/en\/wp-json\/wp\/v2\/pages\/816\/revisions"}],"up":[{"embeddable":true,"href":"https:\/\/aisn.pl\/en\/wp-json\/wp\/v2\/pages\/814"}],"wp:attachment":[{"href":"https:\/\/aisn.pl\/en\/wp-json\/wp\/v2\/media?parent=816"}],"curies":[{"name":"wp","href":"https:\/\/api.w.org\/{rel}","templated":true}]}}