{"id":822,"date":"2020-06-22T13:21:44","date_gmt":"2020-06-22T13:21:44","guid":{"rendered":"https:\/\/test.aisn.pl\/aisn-english\/board\/"},"modified":"2023-11-09T10:50:50","modified_gmt":"2023-11-09T09:50:50","slug":"board","status":"publish","type":"page","link":"https:\/\/aisn.pl\/en\/aisn_english\/board\/","title":{"rendered":"Board"},"content":{"rendered":"<div data-elementor-type=\"wp-page\" data-elementor-id=\"822\" data-post-id=\"822\" data-obj-id=\"822\" class=\"elementor elementor-822 dce-elementor-post-822\" data-elementor-post-type=\"page\">\n\t\t\t\t\t\t<section class=\"elementor-section elementor-top-section elementor-element elementor-element-8f2b8e9 elementor-section-boxed elementor-section-height-default elementor-section-height-default\" data-id=\"8f2b8e9\" data-element_type=\"section\" data-settings=\"{&quot;jet_parallax_layout_list&quot;:[{&quot;jet_parallax_layout_image&quot;:{&quot;url&quot;:&quot;&quot;,&quot;id&quot;:&quot;&quot;,&quot;size&quot;:&quot;&quot;},&quot;_id&quot;:&quot;a4b7f6d&quot;,&quot;jet_parallax_layout_image_tablet&quot;:{&quot;url&quot;:&quot;&quot;,&quot;id&quot;:&quot;&quot;,&quot;size&quot;:&quot;&quot;},&quot;jet_parallax_layout_image_mobile&quot;:{&quot;url&quot;:&quot;&quot;,&quot;id&quot;:&quot;&quot;,&quot;size&quot;:&quot;&quot;},&quot;jet_parallax_layout_speed&quot;:{&quot;unit&quot;:&quot;%&quot;,&quot;size&quot;:50,&quot;sizes&quot;:[]},&quot;jet_parallax_layout_type&quot;:&quot;scroll&quot;,&quot;jet_parallax_layout_direction&quot;:null,&quot;jet_parallax_layout_fx_direction&quot;:null,&quot;jet_parallax_layout_z_index&quot;:&quot;&quot;,&quot;jet_parallax_layout_bg_x&quot;:50,&quot;jet_parallax_layout_bg_x_tablet&quot;:&quot;&quot;,&quot;jet_parallax_layout_bg_x_mobile&quot;:&quot;&quot;,&quot;jet_parallax_layout_bg_y&quot;:50,&quot;jet_parallax_layout_bg_y_tablet&quot;:&quot;&quot;,&quot;jet_parallax_layout_bg_y_mobile&quot;:&quot;&quot;,&quot;jet_parallax_layout_bg_size&quot;:&quot;auto&quot;,&quot;jet_parallax_layout_bg_size_tablet&quot;:&quot;&quot;,&quot;jet_parallax_layout_bg_size_mobile&quot;:&quot;&quot;,&quot;jet_parallax_layout_animation_prop&quot;:&quot;transform&quot;,&quot;jet_parallax_layout_on&quot;:[&quot;desktop&quot;,&quot;tablet&quot;]}]}\">\n\t\t\t\t\t\t<div class=\"elementor-container elementor-column-gap-default\">\n\t\t\t\t\t<div class=\"elementor-column elementor-col-100 elementor-top-column elementor-element elementor-element-9811f43\" data-id=\"9811f43\" data-element_type=\"column\">\n\t\t\t<div class=\"elementor-widget-wrap elementor-element-populated\">\n\t\t\t\t\t\t<div class=\"elementor-element elementor-element-6838a1c elementor-widget elementor-widget-text-editor\" data-id=\"6838a1c\" data-element_type=\"widget\" data-widget_type=\"text-editor.default\">\n\t\t\t\t<div class=\"elementor-widget-container\">\n\t\t\t\t\t\t\t<p><strong>The Board of Association of CardioVascular Interventions (ACVI) 2023-2025<br \/><\/strong><\/p><p>President: assoc. prof. Micha\u0142 Hawranek MD, PhD\u00a0(<a>mhawranek@poczta.fm<\/a>)<br \/>President-Elect: prof. Zenon Huczek MD, PhD\u00a0<br \/>Past President: prof. Marek Grygier, MD, PhD\u00a0<\/p><p><strong>The Board Members<\/strong><\/p><p>assoc. prof. Marta Ka\u0142u\u017cna-Oleksy, MD, PhD<br \/>prof. Pawe\u0142 Kleczy\u0144ski, MD, PhD<br \/>prof. Krzysztof Milewski, MD, PhD<br \/>prof. Maksymilian Opolski, MD, PhD (Treasurer)<br \/>prof. Robert Sabiniewicz, MD, PhD<br \/>prof. Grzegorz Smolka, MD, PhD<br \/>assoc. prof. Mariusz Tomaniak, MD, PhD (Secretary)<\/p><p><strong>The Audit Committee<\/strong><\/p><p>prof. Stanis\u0142aw Bartu\u015b, MD, PhD<br \/>prof. Janusz Kochman, MD, PhD<br \/>prof. Krzysztof Reczuch, MD, PhD<br \/>assoc. prof. Jerzy Sacha, MD, PhD<br \/>dr W\u0142odzimierz Skorupski, MD, P<\/p>\t\t\t\t\t\t<\/div>\n\t\t\t\t<\/div>\n\t\t\t\t\t<\/div>\n\t\t<\/div>\n\t\t\t\t\t<\/div>\n\t\t<\/section>\n\t\t\t\t<\/div>","protected":false},"excerpt":{"rendered":"<p>The Board of Association of CardioVascular Interventions (ACVI) 2023-2025 President: assoc. prof. Micha\u0142 Hawranek MD, PhD\u00a0(mhawranek@poczta.fm)President-Elect: prof. Zenon Huczek MD, PhD\u00a0Past President: prof. Marek Grygier, MD, PhD\u00a0 The Board Members assoc. prof. Marta Ka\u0142u\u017cna-Oleksy, MD, PhDprof. Pawe\u0142 Kleczy\u0144ski, MD, PhDprof. Krzysztof Milewski, MD, PhDprof. Maksymilian Opolski, MD, PhD (Treasurer)prof. Robert Sabiniewicz, MD, PhDprof. Grzegorz Smolka, [&hellip;]<\/p>","protected":false},"author":6,"featured_media":0,"parent":821,"menu_order":0,"comment_status":"closed","ping_status":"closed","template":"","meta":{"footnotes":""},"class_list":["post-822","page","type-page","status-publish","hentry"],"_links":{"self":[{"href":"https:\/\/aisn.pl\/en\/wp-json\/wp\/v2\/pages\/822","targetHints":{"allow":["GET"]}}],"collection":[{"href":"https:\/\/aisn.pl\/en\/wp-json\/wp\/v2\/pages"}],"about":[{"href":"https:\/\/aisn.pl\/en\/wp-json\/wp\/v2\/types\/page"}],"author":[{"embeddable":true,"href":"https:\/\/aisn.pl\/en\/wp-json\/wp\/v2\/users\/6"}],"replies":[{"embeddable":true,"href":"https:\/\/aisn.pl\/en\/wp-json\/wp\/v2\/comments?post=822"}],"version-history":[{"count":21,"href":"https:\/\/aisn.pl\/en\/wp-json\/wp\/v2\/pages\/822\/revisions"}],"predecessor-version":[{"id":22682,"href":"https:\/\/aisn.pl\/en\/wp-json\/wp\/v2\/pages\/822\/revisions\/22682"}],"up":[{"embeddable":true,"href":"https:\/\/aisn.pl\/en\/wp-json\/wp\/v2\/pages\/821"}],"wp:attachment":[{"href":"https:\/\/aisn.pl\/en\/wp-json\/wp\/v2\/media?parent=822"}],"curies":[{"name":"wp","href":"https:\/\/api.w.org\/{rel}","templated":true}]}}