{"id":829,"date":"2020-06-22T13:23:25","date_gmt":"2020-06-22T13:23:25","guid":{"rendered":"https:\/\/test.aisn.pl\/aisn-english\/board\/present\/"},"modified":"2021-10-05T14:46:51","modified_gmt":"2021-10-05T12:46:51","slug":"present","status":"publish","type":"page","link":"https:\/\/aisn.pl\/en\/aisn_english\/board\/present\/","title":{"rendered":"Present"},"content":{"rendered":"<div data-elementor-type=\"wp-page\" data-elementor-id=\"829\" data-post-id=\"829\" data-obj-id=\"829\" class=\"elementor elementor-829 dce-elementor-post-829\" data-elementor-post-type=\"page\">\n\t\t\t\t\t\t<section class=\"elementor-section elementor-top-section elementor-element elementor-element-66244ff elementor-section-boxed elementor-section-height-default elementor-section-height-default\" data-id=\"66244ff\" data-element_type=\"section\" data-settings=\"{&quot;jet_parallax_layout_list&quot;:[{&quot;jet_parallax_layout_image&quot;:{&quot;url&quot;:&quot;&quot;,&quot;id&quot;:&quot;&quot;,&quot;size&quot;:&quot;&quot;},&quot;_id&quot;:&quot;03a5440&quot;,&quot;jet_parallax_layout_image_tablet&quot;:{&quot;url&quot;:&quot;&quot;,&quot;id&quot;:&quot;&quot;,&quot;size&quot;:&quot;&quot;},&quot;jet_parallax_layout_image_mobile&quot;:{&quot;url&quot;:&quot;&quot;,&quot;id&quot;:&quot;&quot;,&quot;size&quot;:&quot;&quot;},&quot;jet_parallax_layout_speed&quot;:{&quot;unit&quot;:&quot;%&quot;,&quot;size&quot;:50,&quot;sizes&quot;:[]},&quot;jet_parallax_layout_type&quot;:&quot;scroll&quot;,&quot;jet_parallax_layout_direction&quot;:null,&quot;jet_parallax_layout_fx_direction&quot;:null,&quot;jet_parallax_layout_z_index&quot;:&quot;&quot;,&quot;jet_parallax_layout_bg_x&quot;:50,&quot;jet_parallax_layout_bg_x_tablet&quot;:&quot;&quot;,&quot;jet_parallax_layout_bg_x_mobile&quot;:&quot;&quot;,&quot;jet_parallax_layout_bg_y&quot;:50,&quot;jet_parallax_layout_bg_y_tablet&quot;:&quot;&quot;,&quot;jet_parallax_layout_bg_y_mobile&quot;:&quot;&quot;,&quot;jet_parallax_layout_bg_size&quot;:&quot;auto&quot;,&quot;jet_parallax_layout_bg_size_tablet&quot;:&quot;&quot;,&quot;jet_parallax_layout_bg_size_mobile&quot;:&quot;&quot;,&quot;jet_parallax_layout_animation_prop&quot;:&quot;transform&quot;,&quot;jet_parallax_layout_on&quot;:[&quot;desktop&quot;,&quot;tablet&quot;]}]}\">\n\t\t\t\t\t\t<div class=\"elementor-container elementor-column-gap-default\">\n\t\t\t\t\t<div class=\"elementor-column elementor-col-100 elementor-top-column elementor-element elementor-element-2dcf80b\" data-id=\"2dcf80b\" data-element_type=\"column\">\n\t\t\t<div class=\"elementor-widget-wrap elementor-element-populated\">\n\t\t\t\t\t\t<div class=\"elementor-element elementor-element-9a9b3c1 elementor-widget elementor-widget-text-editor\" data-id=\"9a9b3c1\" data-element_type=\"widget\" data-widget_type=\"text-editor.default\">\n\t\t\t\t<div class=\"elementor-widget-container\">\n\t\t\t\t\t\t\t<p><strong>The Board of Association of CardioVascular Interventions (ACVI) 2021 &#8211; 2023<br \/><\/strong><\/p><p>President: Marek Grygier, MD, PhD (<span id=\"sm5f1ea18cb0a86\"><a>mgrygier@wp.pl<\/a><\/span>)<br \/>President &#8211; Elect: Micha\u0142 Hawranek MD, PhD\u00a0<br \/>Past President: Prof. Stanis\u0142aw Bartu\u015b, MD, PhD\u00a0<\/p><p><strong>The Board Members<\/strong><\/p><p>prof. Pawe\u0142 Kleczy\u0144ski, MD, PhD<br \/>prof. Jacek Kusa, MD, PhD<br \/>Krzysztof Milewski, MD, PhD<br \/>Maksymilian Opolski, MD, PhD<br \/>prof. Tomasz Paw\u0142owski, MD, PhD<br \/>Marcin Protasiewicz, MD, PhD<br \/>prof. Grzegorz Smolka, MD, PhD<\/p><p><strong>The Audit Committee<\/strong><\/p><p>prof. Leszek Bryniarski, MD, PhD<br \/>Pawe\u0142 G\u0105sior, MD, PhD<br \/>prof. Tomasz Rakowski, MD, PhD<br \/>prof. Tomasz Roleder, MD, PhD<br \/>Wojciech Wa\u0144ha, MD, PhD<\/p>\t\t\t\t\t\t<\/div>\n\t\t\t\t<\/div>\n\t\t\t\t\t<\/div>\n\t\t<\/div>\n\t\t\t\t\t<\/div>\n\t\t<\/section>\n\t\t\t\t<\/div>","protected":false},"excerpt":{"rendered":"<p>The Board of Association of CardioVascular Interventions (ACVI) 2021 &#8211; 2023 President: Marek Grygier, MD, PhD (mgrygier@wp.pl)President &#8211; Elect: Micha\u0142 Hawranek MD, PhD\u00a0Past President: Prof. Stanis\u0142aw Bartu\u015b, MD, PhD\u00a0 The Board Members prof. Pawe\u0142 Kleczy\u0144ski, MD, PhDprof. Jacek Kusa, MD, PhDKrzysztof Milewski, MD, PhDMaksymilian Opolski, MD, PhDprof. Tomasz Paw\u0142owski, MD, PhDMarcin Protasiewicz, MD, PhDprof. Grzegorz [&hellip;]<\/p>","protected":false},"author":6,"featured_media":0,"parent":822,"menu_order":0,"comment_status":"closed","ping_status":"closed","template":"","meta":{"footnotes":""},"class_list":["post-829","page","type-page","status-publish","hentry"],"_links":{"self":[{"href":"https:\/\/aisn.pl\/en\/wp-json\/wp\/v2\/pages\/829","targetHints":{"allow":["GET"]}}],"collection":[{"href":"https:\/\/aisn.pl\/en\/wp-json\/wp\/v2\/pages"}],"about":[{"href":"https:\/\/aisn.pl\/en\/wp-json\/wp\/v2\/types\/page"}],"author":[{"embeddable":true,"href":"https:\/\/aisn.pl\/en\/wp-json\/wp\/v2\/users\/6"}],"replies":[{"embeddable":true,"href":"https:\/\/aisn.pl\/en\/wp-json\/wp\/v2\/comments?post=829"}],"version-history":[{"count":6,"href":"https:\/\/aisn.pl\/en\/wp-json\/wp\/v2\/pages\/829\/revisions"}],"predecessor-version":[{"id":11340,"href":"https:\/\/aisn.pl\/en\/wp-json\/wp\/v2\/pages\/829\/revisions\/11340"}],"up":[{"embeddable":true,"href":"https:\/\/aisn.pl\/en\/wp-json\/wp\/v2\/pages\/822"}],"wp:attachment":[{"href":"https:\/\/aisn.pl\/en\/wp-json\/wp\/v2\/media?parent=829"}],"curies":[{"name":"wp","href":"https:\/\/api.w.org\/{rel}","templated":true}]}}