{"id":830,"date":"2020-06-22T13:23:37","date_gmt":"2020-06-22T13:23:37","guid":{"rendered":"https:\/\/test.aisn.pl\/aisn-english\/board\/past\/"},"modified":"2023-10-02T10:13:55","modified_gmt":"2023-10-02T08:13:55","slug":"past","status":"publish","type":"page","link":"https:\/\/aisn.pl\/en\/aisn_english\/board\/past\/","title":{"rendered":"Past"},"content":{"rendered":"<div data-elementor-type=\"wp-page\" data-elementor-id=\"830\" data-post-id=\"830\" data-obj-id=\"830\" class=\"elementor elementor-830 dce-elementor-post-830\" data-elementor-post-type=\"page\">\n\t\t\t\t\t\t<section class=\"elementor-section elementor-top-section elementor-element elementor-element-9cf2755 elementor-section-boxed elementor-section-height-default elementor-section-height-default\" data-id=\"9cf2755\" data-element_type=\"section\" data-settings=\"{&quot;jet_parallax_layout_list&quot;:[{&quot;jet_parallax_layout_image&quot;:{&quot;url&quot;:&quot;&quot;,&quot;id&quot;:&quot;&quot;,&quot;size&quot;:&quot;&quot;},&quot;_id&quot;:&quot;406a92b&quot;,&quot;jet_parallax_layout_image_tablet&quot;:{&quot;url&quot;:&quot;&quot;,&quot;id&quot;:&quot;&quot;,&quot;size&quot;:&quot;&quot;},&quot;jet_parallax_layout_image_mobile&quot;:{&quot;url&quot;:&quot;&quot;,&quot;id&quot;:&quot;&quot;,&quot;size&quot;:&quot;&quot;},&quot;jet_parallax_layout_speed&quot;:{&quot;unit&quot;:&quot;%&quot;,&quot;size&quot;:50,&quot;sizes&quot;:[]},&quot;jet_parallax_layout_type&quot;:&quot;scroll&quot;,&quot;jet_parallax_layout_direction&quot;:null,&quot;jet_parallax_layout_fx_direction&quot;:null,&quot;jet_parallax_layout_z_index&quot;:&quot;&quot;,&quot;jet_parallax_layout_bg_x&quot;:50,&quot;jet_parallax_layout_bg_x_tablet&quot;:&quot;&quot;,&quot;jet_parallax_layout_bg_x_mobile&quot;:&quot;&quot;,&quot;jet_parallax_layout_bg_y&quot;:50,&quot;jet_parallax_layout_bg_y_tablet&quot;:&quot;&quot;,&quot;jet_parallax_layout_bg_y_mobile&quot;:&quot;&quot;,&quot;jet_parallax_layout_bg_size&quot;:&quot;auto&quot;,&quot;jet_parallax_layout_bg_size_tablet&quot;:&quot;&quot;,&quot;jet_parallax_layout_bg_size_mobile&quot;:&quot;&quot;,&quot;jet_parallax_layout_animation_prop&quot;:&quot;transform&quot;,&quot;jet_parallax_layout_on&quot;:[&quot;desktop&quot;,&quot;tablet&quot;]}]}\">\n\t\t\t\t\t\t<div class=\"elementor-container elementor-column-gap-default\">\n\t\t\t\t\t<div class=\"elementor-column elementor-col-100 elementor-top-column elementor-element elementor-element-4a1fa45\" data-id=\"4a1fa45\" data-element_type=\"column\">\n\t\t\t<div class=\"elementor-widget-wrap elementor-element-populated\">\n\t\t\t\t\t\t<div class=\"elementor-element elementor-element-f5437bc elementor-widget elementor-widget-text-editor\" data-id=\"f5437bc\" data-element_type=\"widget\" data-widget_type=\"text-editor.default\">\n\t\t\t\t<div class=\"elementor-widget-container\">\n\t\t\t\t\t\t\t<p><strong>Members of the past ACVI Boards<\/strong><\/p><p><strong>2021 &#8211; 2023<\/strong><br \/>President: Marek Grygier<br \/>President-Elect: Micha\u0142 Hawranek<br \/>Past President: Stanis\u0142aw Bartu\u015b<\/p><p>Members:<br \/>Maksymilian Opolski<br \/>Pawe\u0142 Kleczy\u0144ski<br \/>Jacek Kusa<br \/>Krzysztof Milewski<br \/>Tomasz Paw\u0142owski<br \/>Marcin Protasiewicz<\/p><p><strong>2019 &#8211; 2021<\/strong><br \/>President: Stanislaw Bartus<br \/>President-Elect: Marek Grygier<br \/>Past President: Wojciech Wojakowski<\/p><p>Members:<br \/>Aleksander Araszkiewicz<br \/>Maciej D\u0105browski (Treasurer)<br \/>Micha\u0142 Hawranek (Secretary)<br \/>Zenon Huczek<br \/>Pawe\u0142 Kralisz<br \/>Jacek Kusa<br \/>Tomasz Roleder<\/p><p><strong>2017 &#8211; 2019<\/strong><br \/>President: Wojciech Wojakowski<br \/>President-Elect: Stanislaw Bartus<br \/>Past President: Jacek Legutko<\/p><p>Members:<br \/>Aleksander Araszkiewicz<br \/>Maciej D\u0105browski (Treasurer)<br \/>Micha\u0142 Hawranek (Secretary)<br \/>Zenon Huczek<br \/>Pawe\u0142 Kralisz<br \/>Jacek Kusa<br \/>Tomasz Roleder<\/p><p><strong>2015 &#8211; 2017<\/strong><br \/>President: Jacek Legutko<br \/>President Elect: Wojciech Wojakowski<br \/>Past President: Andrzej Ocha\u0142a<br \/>Secretary: Stanis\u0142aw Bartu\u015b<\/p><p>Members:<br \/>Zbigniew Chmielak (treasurer)<br \/>S\u0142awomir Dobrzycki<br \/>Marek Grygier<br \/>Tomasz Moszura<br \/>Rados\u0142aw Parma<br \/>Tomasz Paw\u0142owski<\/p><p><strong>2013 &#8211; 2015<\/strong><br \/>President: Andrzej Ocha\u0142a<br \/>President Elect: Jacek Legutko<br \/>Past President: Dariusz Dudek<br \/>Secretary: Rados\u0142aw Parma<\/p><p>Members:<br \/>Stanis\u0142aw Bartu\u015b<br \/>Zbigniew Chmielak (treasurer)<br \/>S\u0142awomir Dobrzycki<br \/>Marek Grygier<br \/>Tomasz Moszura<br \/>Tomasz Paw\u0142owski<\/p><p><strong>2011 &#8211; 2013<\/strong><br \/>President: Dariusz Dudek<br \/>President Elect: Andrzej Ocha\u0142a<br \/>Past President: Maciej Lesiak<br \/>Secretary: Jacek Legutko<\/p><p>Members:<br \/>Aleksander Araszkiewicz<br \/>Tomasz Deptuch (treasurer)<br \/>Maciej Karcz<br \/>Zbigniew Peruga<br \/>Ma\u0142gorzata Szkutnik<br \/>Wojciech Wojakowski<\/p><p><strong>2007 &#8211; 2011<\/strong><br \/>President: Maciej Lesiak<br \/>President Elect: Dariusz Dudek<br \/>Past President: Adam Witkowski<br \/>Secretary: Aleksander Araszkiewicz<\/p><p>Members:<br \/>Dariusz Cie\u0107wierz<br \/>Tomasz Deptuch (treasurer)<br \/>Jacek Legutko<br \/>Pawe\u0142 Maciejewski<br \/>Andrzej Ocha\u0142a<br \/>Ma\u0142gorzata Szkutnik<br \/>Wojciech Wojakowski<\/p><p><strong>2004 &#8211; 2007<\/strong><br \/>President: Adam Witkowski<br \/>President Elect: Krzysztof \u017bmudka<br \/>Past President: Robert Gil<br \/>Secretary: Jacek Bia\u0142kowski<\/p><p>Members:<br \/>Dariusz Cie\u0107wierz<br \/>Dariusz Dudek<br \/>Maciej Ko\u015bmider (treasurer)<br \/>Maciej Lesiak<br \/>Andrzej Ocha\u0142a<\/p><p><strong>2000 &#8211; 2004<\/strong><br \/>President: Robert Gil<\/p><p>Members:<br \/>Pawe\u0142 Buszman<br \/>Gra\u017cyna Brzezi\u0144ska-Rajszys<br \/>Marek D\u0105browski<br \/>Maciej Lesiak<br \/>Adam Witkowski<\/p><p><strong>1997 &#8211; 2000<\/strong><br \/>President: Robert Gil<\/p><p>Members:<br \/>Pawe\u0142 Buszman<br \/>Gra\u017cyna Brzezi\u0144ska-Rajszys<br \/>Marek D\u0105browski<br \/>Jacek Kubica<\/p><p><strong>1993 &#8211; 1997<\/strong><br \/>President: Prof. Witold Ru\u017cy\u0142\u0142o<\/p><p>Members:<br \/>Pawe\u0142 Buszman<br \/>Gra\u017cyna Brzezi\u0144ska-Rajszys<br \/>Janusz Drzewiecki<br \/>Marek D\u0105browski<\/p>\t\t\t\t\t\t<\/div>\n\t\t\t\t<\/div>\n\t\t\t\t\t<\/div>\n\t\t<\/div>\n\t\t\t\t\t<\/div>\n\t\t<\/section>\n\t\t\t\t<\/div>","protected":false},"excerpt":{"rendered":"<p>Members of the past ACVI Boards 2021 &#8211; 2023President: Marek GrygierPresident-Elect: Micha\u0142 HawranekPast President: Stanis\u0142aw Bartu\u015b Members:Maksymilian OpolskiPawe\u0142 Kleczy\u0144skiJacek KusaKrzysztof MilewskiTomasz Paw\u0142owskiMarcin Protasiewicz 2019 &#8211; 2021President: Stanislaw BartusPresident-Elect: Marek GrygierPast President: Wojciech Wojakowski Members:Aleksander AraszkiewiczMaciej D\u0105browski (Treasurer)Micha\u0142 Hawranek (Secretary)Zenon HuczekPawe\u0142 KraliszJacek KusaTomasz Roleder 2017 &#8211; 2019President: Wojciech WojakowskiPresident-Elect: Stanislaw BartusPast President: Jacek Legutko Members:Aleksander AraszkiewiczMaciej [&hellip;]<\/p>","protected":false},"author":6,"featured_media":0,"parent":822,"menu_order":1,"comment_status":"closed","ping_status":"closed","template":"","meta":{"footnotes":""},"class_list":["post-830","page","type-page","status-publish","hentry"],"_links":{"self":[{"href":"https:\/\/aisn.pl\/en\/wp-json\/wp\/v2\/pages\/830","targetHints":{"allow":["GET"]}}],"collection":[{"href":"https:\/\/aisn.pl\/en\/wp-json\/wp\/v2\/pages"}],"about":[{"href":"https:\/\/aisn.pl\/en\/wp-json\/wp\/v2\/types\/page"}],"author":[{"embeddable":true,"href":"https:\/\/aisn.pl\/en\/wp-json\/wp\/v2\/users\/6"}],"replies":[{"embeddable":true,"href":"https:\/\/aisn.pl\/en\/wp-json\/wp\/v2\/comments?post=830"}],"version-history":[{"count":9,"href":"https:\/\/aisn.pl\/en\/wp-json\/wp\/v2\/pages\/830\/revisions"}],"predecessor-version":[{"id":22448,"href":"https:\/\/aisn.pl\/en\/wp-json\/wp\/v2\/pages\/830\/revisions\/22448"}],"up":[{"embeddable":true,"href":"https:\/\/aisn.pl\/en\/wp-json\/wp\/v2\/pages\/822"}],"wp:attachment":[{"href":"https:\/\/aisn.pl\/en\/wp-json\/wp\/v2\/media?parent=830"}],"curies":[{"name":"wp","href":"https:\/\/api.w.org\/{rel}","templated":true}]}}