{"id":834,"date":"2020-06-22T13:25:03","date_gmt":"2020-06-22T13:25:03","guid":{"rendered":"https:\/\/test.aisn.pl\/aisn-english\/accreditations\/acvi-operator\/"},"modified":"2025-01-02T09:21:52","modified_gmt":"2025-01-02T08:21:52","slug":"acvi-operator","status":"publish","type":"page","link":"https:\/\/aisn.pl\/en\/aisn_english\/accreditations\/acvi-operator\/","title":{"rendered":"ACVI Operator"},"content":{"rendered":"<div data-elementor-type=\"wp-page\" data-elementor-id=\"834\" data-post-id=\"834\" data-obj-id=\"834\" class=\"elementor elementor-834 dce-elementor-post-834\" data-elementor-post-type=\"page\">\n\t\t\t\t\t\t<section class=\"elementor-section elementor-top-section elementor-element elementor-element-8358271 elementor-section-full_width elementor-section-height-default elementor-section-height-default\" data-id=\"8358271\" data-element_type=\"section\" data-settings=\"{&quot;jet_parallax_layout_list&quot;:[{&quot;jet_parallax_layout_image&quot;:{&quot;url&quot;:&quot;&quot;,&quot;id&quot;:&quot;&quot;,&quot;size&quot;:&quot;&quot;},&quot;_id&quot;:&quot;918d241&quot;,&quot;jet_parallax_layout_image_tablet&quot;:{&quot;url&quot;:&quot;&quot;,&quot;id&quot;:&quot;&quot;,&quot;size&quot;:&quot;&quot;},&quot;jet_parallax_layout_image_mobile&quot;:{&quot;url&quot;:&quot;&quot;,&quot;id&quot;:&quot;&quot;,&quot;size&quot;:&quot;&quot;},&quot;jet_parallax_layout_speed&quot;:{&quot;unit&quot;:&quot;%&quot;,&quot;size&quot;:50,&quot;sizes&quot;:[]},&quot;jet_parallax_layout_type&quot;:&quot;scroll&quot;,&quot;jet_parallax_layout_direction&quot;:null,&quot;jet_parallax_layout_fx_direction&quot;:null,&quot;jet_parallax_layout_z_index&quot;:&quot;&quot;,&quot;jet_parallax_layout_bg_x&quot;:50,&quot;jet_parallax_layout_bg_x_tablet&quot;:&quot;&quot;,&quot;jet_parallax_layout_bg_x_mobile&quot;:&quot;&quot;,&quot;jet_parallax_layout_bg_y&quot;:50,&quot;jet_parallax_layout_bg_y_tablet&quot;:&quot;&quot;,&quot;jet_parallax_layout_bg_y_mobile&quot;:&quot;&quot;,&quot;jet_parallax_layout_bg_size&quot;:&quot;auto&quot;,&quot;jet_parallax_layout_bg_size_tablet&quot;:&quot;&quot;,&quot;jet_parallax_layout_bg_size_mobile&quot;:&quot;&quot;,&quot;jet_parallax_layout_animation_prop&quot;:&quot;transform&quot;,&quot;jet_parallax_layout_on&quot;:[&quot;desktop&quot;,&quot;tablet&quot;]}]}\">\n\t\t\t\t\t\t<div class=\"elementor-container elementor-column-gap-default\">\n\t\t\t\t\t<div class=\"elementor-column elementor-col-100 elementor-top-column elementor-element elementor-element-a5e1627\" data-id=\"a5e1627\" data-element_type=\"column\">\n\t\t\t<div class=\"elementor-widget-wrap elementor-element-populated\">\n\t\t\t\t\t\t<div class=\"elementor-element elementor-element-a7facf5 elementor-widget elementor-widget-text-editor\" data-id=\"a7facf5\" data-element_type=\"widget\" data-widget_type=\"text-editor.default\">\n\t\t\t\t<div class=\"elementor-widget-container\">\n\t\t\t\t\t\t\t<p>The Certificate of an independent invasive cardiology operator:<\/p>\n<ol>\n<li>The title of an independent operator of invasive cardiology may be obtained by a doctor with a specialization in cardiology who is a member of the Association of Cardiovascular Interventions of the Polish Cardiac Society.<\/li>\n<li>Basic training should be carried out under the supervision of the head of the cath lab, which obtained at least grade B according to the ACVI PCS accreditation standards.<\/li>\n<li>In a given center, there should be at least two independent invasive cardiology operators per one trainee.<\/li>\n<li>The training time should last at least 12 months.<\/li>\n<li>It is required to collect a minimum of 50 points during the training for participation in PCS and ESC congresses of invasive cardiology and conferences recommended by the ACVI PCS<sup>1)<\/sup>.<\/li>\n<li>Obligatory participation in trainings devoted to the use of invasive diagnostic techniques (IVUS, FFR), organized in reference centers (with class C accreditation) is required (a minimum of 7 business days, may be in different centers). The certificate of completing the training with the number of days is issued by the head of the training cath lab.<\/li>\n<li>During the training, the physician must perform in person (under the supervision) at least 200 coronary angioplasty \u2013 she\/he is then awarded the title of an independent invasive cardiology operator for 3 years and receives an appropriate certificate.<\/li>\n<li>For the extension of the certificate for the next 5 years it is necessary to perform an average of at least 75 therapeutic procedures per year (375 therapeutic procedures over three years) and to obtain an average of 30 points per year for participation in PCS and ESC congresses of invasive cardiology and congresses recommended by ACVI<sup>1)<\/sup>.<\/li>\n<li>If the operator performs alone over 500 coronary therapeutic procedures to extend the certificate for the next 5 years, it is required to obtain an average of 50 points per year for participation in PCS and ESC congresses of invasive cardiology and conferences recommended by the ACVI PCS&nbsp;<sup>1)<\/sup>.<\/li>\n<li>From January 1, 2013, the procedures must be confirmed in the treatment book and in the ACVI PCS database. If the physician performed in person (supervised) procedures in foreign centers, she\/he should present a certificate signed by the head of the given center confirming the type and number of procedures performed.<\/li>\n<li>The application for granting the status of an independent operator is submitted by the head of the mother cath lab or two independent invasive cardiology operators holding the ACVI PCS Independent Operator Certificate, including one acting as the head of the cath lab accredited by PCS. The application must be accompanied by certificates confirming compliance with the relevant requirements (including: certificate of the number of performed procedures, copies of certificates of participation in PCS and ESC congresses of invasive cardiology and conferences recommended by ACVI and current certificates of membership in PCS and ACVI PCS. Applications should be delivered via&nbsp;<a href=\"https:\/\/ptk.gbbsoft.pl\/\">PTK System<\/a>.<\/li>\n<li>The independent operator&#8217;s certificate according to the new model is signed by the President of PCS and the Chairman of ACVI PCS.<\/li>\n<li>The fee for issuing the certificate is 500 PLN.<\/li>\n<\/ol>\n<p>&nbsp;<sup>1)<\/sup>Scoring for participation in PCS and ESC congresses of invasive cardiology and congresses recommended by ACVI PCS:<br>Congress of the European Society of Cardiology (ESC) &#8211; 20 points<br>International Congress of the Polish Cardiac Society &#8211; 20 points<br>Workshops of Invasive Cardiology in Warsaw (WCCI) &#8211; 30 points<br>Invasive Cardiology Workshops in Zabrze &#8211; 30 points<br>Invasive Cardiology Workshops in Krakow (NFIC) &#8211; 30 points<br>International Invasive Cardiology Workshop (EuroPCR, TCT) &#8211; 20 points<br>Interventional Cardiology News (Bia\u0142owie\u017ca) &#8211; 10 points<br>Autumn Meeting of Cardiologists (Pozna\u0144) &#8211; 10 points<br>Transcatheter Heart Team Poland: THT Poland (Warsaw, Katowice) &#8211; 10 points<br>Peripheral Interventions in Krakow (PINC) (Krakow) &#8211; 10 points<br>Imaging and interventions in structural diseases of the heart and vessels (ISIIC) (Katowice) &#8211; 10 points<br>Other national trainings that will be accredited by ACVI PCS<\/p>\t\t\t\t\t\t<\/div>\n\t\t\t\t<\/div>\n\t\t\t\t\t<\/div>\n\t\t<\/div>\n\t\t\t\t\t<\/div>\n\t\t<\/section>\n\t\t\t\t<\/div>","protected":false},"excerpt":{"rendered":"<p>The Certificate of an independent invasive cardiology operator: The title of an independent operator of invasive cardiology may be obtained by a doctor with a specialization in cardiology who is a member of the Association of Cardiovascular Interventions of the Polish Cardiac Society. Basic training should be carried out under the supervision of the head [&hellip;]<\/p>","protected":false},"author":6,"featured_media":0,"parent":826,"menu_order":1,"comment_status":"closed","ping_status":"closed","template":"","meta":{"footnotes":""},"class_list":["post-834","page","type-page","status-publish","hentry"],"_links":{"self":[{"href":"https:\/\/aisn.pl\/en\/wp-json\/wp\/v2\/pages\/834","targetHints":{"allow":["GET"]}}],"collection":[{"href":"https:\/\/aisn.pl\/en\/wp-json\/wp\/v2\/pages"}],"about":[{"href":"https:\/\/aisn.pl\/en\/wp-json\/wp\/v2\/types\/page"}],"author":[{"embeddable":true,"href":"https:\/\/aisn.pl\/en\/wp-json\/wp\/v2\/users\/6"}],"replies":[{"embeddable":true,"href":"https:\/\/aisn.pl\/en\/wp-json\/wp\/v2\/comments?post=834"}],"version-history":[{"count":3,"href":"https:\/\/aisn.pl\/en\/wp-json\/wp\/v2\/pages\/834\/revisions"}],"predecessor-version":[{"id":25818,"href":"https:\/\/aisn.pl\/en\/wp-json\/wp\/v2\/pages\/834\/revisions\/25818"}],"up":[{"embeddable":true,"href":"https:\/\/aisn.pl\/en\/wp-json\/wp\/v2\/pages\/826"}],"wp:attachment":[{"href":"https:\/\/aisn.pl\/en\/wp-json\/wp\/v2\/media?parent=834"}],"curies":[{"name":"wp","href":"https:\/\/api.w.org\/{rel}","templated":true}]}} 