{"id":8418,"date":"2021-03-25T14:00:39","date_gmt":"2021-03-25T12:00:39","guid":{"rendered":"https:\/\/aisn.pl\/webinar-nowoczesne-leczenie-ipcsk9-2\/"},"modified":"2021-04-14T08:31:41","modified_gmt":"2021-04-14T06:31:41","slug":"webinar-inhibitory-sglt2","status":"publish","type":"page","link":"https:\/\/aisn.pl\/en\/webinar-inhibitory-sglt2\/","title":{"rendered":"Webinar Boehringer Ingelheim Inhibitory SGLT2 w s\u0142u\u017cbie kardiologii inwazyjnej &#8211; rejestracja"},"content":{"rendered":"<div data-elementor-type=\"wp-page\" data-elementor-id=\"8418\" data-post-id=\"8418\" data-obj-id=\"8418\" class=\"elementor elementor-8418 dce-elementor-post-8418\" data-elementor-post-type=\"page\">\n\t\t\t\t\t\t<section class=\"elementor-section elementor-top-section elementor-element elementor-element-6b4eac3 elementor-section-boxed elementor-section-height-default elementor-section-height-default\" data-id=\"6b4eac3\" data-element_type=\"section\" data-settings=\"{&quot;jet_parallax_layout_list&quot;:[{&quot;jet_parallax_layout_image&quot;:{&quot;url&quot;:&quot;&quot;,&quot;id&quot;:&quot;&quot;,&quot;size&quot;:&quot;&quot;},&quot;_id&quot;:&quot;6512005&quot;,&quot;jet_parallax_layout_image_tablet&quot;:{&quot;url&quot;:&quot;&quot;,&quot;id&quot;:&quot;&quot;,&quot;size&quot;:&quot;&quot;},&quot;jet_parallax_layout_image_mobile&quot;:{&quot;url&quot;:&quot;&quot;,&quot;id&quot;:&quot;&quot;,&quot;size&quot;:&quot;&quot;},&quot;jet_parallax_layout_speed&quot;:{&quot;unit&quot;:&quot;%&quot;,&quot;size&quot;:50,&quot;sizes&quot;:[]},&quot;jet_parallax_layout_type&quot;:&quot;scroll&quot;,&quot;jet_parallax_layout_direction&quot;:null,&quot;jet_parallax_layout_fx_direction&quot;:null,&quot;jet_parallax_layout_z_index&quot;:&quot;&quot;,&quot;jet_parallax_layout_bg_x&quot;:50,&quot;jet_parallax_layout_bg_x_tablet&quot;:&quot;&quot;,&quot;jet_parallax_layout_bg_x_mobile&quot;:&quot;&quot;,&quot;jet_parallax_layout_bg_y&quot;:50,&quot;jet_parallax_layout_bg_y_tablet&quot;:&quot;&quot;,&quot;jet_parallax_layout_bg_y_mobile&quot;:&quot;&quot;,&quot;jet_parallax_layout_bg_size&quot;:&quot;auto&quot;,&quot;jet_parallax_layout_bg_size_tablet&quot;:&quot;&quot;,&quot;jet_parallax_layout_bg_size_mobile&quot;:&quot;&quot;,&quot;jet_parallax_layout_animation_prop&quot;:&quot;transform&quot;,&quot;jet_parallax_layout_on&quot;:[&quot;desktop&quot;,&quot;tablet&quot;]}]}\">\n\t\t\t\t\t\t<div class=\"elementor-container elementor-column-gap-default\">\n\t\t\t\t\t<div class=\"elementor-column elementor-col-100 elementor-top-column elementor-element elementor-element-2597c29\" data-id=\"2597c29\" data-element_type=\"column\">\n\t\t\t<div class=\"elementor-widget-wrap elementor-element-populated\">\n\t\t\t\t\t\t<div class=\"elementor-element elementor-element-9f19f9a elementor-widget elementor-widget-heading\" data-id=\"9f19f9a\" data-element_type=\"widget\" data-widget_type=\"heading.default\">\n\t\t\t\t<div class=\"elementor-widget-container\">\n\t\t\t<h2 class=\"elementor-heading-title elementor-size-default\"><a href=\"https:\/\/aisn.pl\/en\/konferencje\/webinary\/\">Webinar \"Inhibitory SGLT2 w s\u0142u\u017cbie kardiologii inwazyjnej\" jest dost\u0119pny na naszej stronie internetowej: https:\/\/aisn.pl\/konferencje\/webinary\/<\/a><\/h2>\t\t<\/div>\n\t\t\t\t<\/div>\n\t\t\t\t\t<\/div>\n\t\t<\/div>\n\t\t\t\t\t<\/div>\n\t\t<\/section>\n\t\t\t\t<\/div>","protected":false},"excerpt":{"rendered":"<p>Webinar &#8222;Inhibitory SGLT2 w s\u0142u\u017cbie kardiologii inwazyjnej&#8221; jest dost\u0119pny na naszej stronie internetowej: https:\/\/aisn.pl\/konferencje\/webinary\/<\/p>","protected":false},"author":6,"featured_media":0,"parent":0,"menu_order":116,"comment_status":"closed","ping_status":"closed","template":"","meta":{"footnotes":""},"class_list":["post-8418","page","type-page","status-publish","hentry"],"_links":{"self":[{"href":"https:\/\/aisn.pl\/en\/wp-json\/wp\/v2\/pages\/8418","targetHints":{"allow":["GET"]}}],"collection":[{"href":"https:\/\/aisn.pl\/en\/wp-json\/wp\/v2\/pages"}],"about":[{"href":"https:\/\/aisn.pl\/en\/wp-json\/wp\/v2\/types\/page"}],"author":[{"embeddable":true,"href":"https:\/\/aisn.pl\/en\/wp-json\/wp\/v2\/users\/6"}],"replies":[{"embeddable":true,"href":"https:\/\/aisn.pl\/en\/wp-json\/wp\/v2\/comments?post=8418"}],"version-history":[{"count":4,"href":"https:\/\/aisn.pl\/en\/wp-json\/wp\/v2\/pages\/8418\/revisions"}],"predecessor-version":[{"id":8632,"href":"https:\/\/aisn.pl\/en\/wp-json\/wp\/v2\/pages\/8418\/revisions\/8632"}],"wp:attachment":[{"href":"https:\/\/aisn.pl\/en\/wp-json\/wp\/v2\/media?parent=8418"}],"curies":[{"name":"wp","href":"https:\/\/api.w.org\/{rel}","templated":true}]}}