{"id":8681,"date":"2021-04-15T10:29:09","date_gmt":"2021-04-15T08:29:09","guid":{"rendered":"https:\/\/aisn.pl\/webinar2004dapt-lnk-2\/"},"modified":"2021-12-07T13:28:51","modified_gmt":"2021-12-07T11:28:51","slug":"webinar-11-05-leczbif","status":"publish","type":"page","link":"https:\/\/aisn.pl\/en\/webinar-11-05-leczbif\/","title":{"rendered":"Webinar &#8211; Gedeon Richter Z\u0142o\u017cone angioplastyki wie\u0144cowe \u2013 leczenie bifurkacji &#8211; Link"},"content":{"rendered":"<div data-elementor-type=\"wp-page\" data-elementor-id=\"8681\" data-post-id=\"8681\" data-obj-id=\"8681\" class=\"elementor elementor-8681 dce-elementor-post-8681\" data-elementor-post-type=\"page\">\n\t\t\t\t\t\t<section class=\"elementor-section elementor-top-section elementor-element elementor-element-af9019f elementor-section-boxed elementor-section-height-default elementor-section-height-default\" data-id=\"af9019f\" data-element_type=\"section\" data-settings=\"{&quot;jet_parallax_layout_list&quot;:[{&quot;jet_parallax_layout_image&quot;:{&quot;url&quot;:&quot;&quot;,&quot;id&quot;:&quot;&quot;,&quot;size&quot;:&quot;&quot;},&quot;_id&quot;:&quot;774b788&quot;,&quot;jet_parallax_layout_image_tablet&quot;:{&quot;url&quot;:&quot;&quot;,&quot;id&quot;:&quot;&quot;,&quot;size&quot;:&quot;&quot;},&quot;jet_parallax_layout_image_mobile&quot;:{&quot;url&quot;:&quot;&quot;,&quot;id&quot;:&quot;&quot;,&quot;size&quot;:&quot;&quot;},&quot;jet_parallax_layout_speed&quot;:{&quot;unit&quot;:&quot;%&quot;,&quot;size&quot;:50,&quot;sizes&quot;:[]},&quot;jet_parallax_layout_type&quot;:&quot;scroll&quot;,&quot;jet_parallax_layout_direction&quot;:null,&quot;jet_parallax_layout_fx_direction&quot;:null,&quot;jet_parallax_layout_z_index&quot;:&quot;&quot;,&quot;jet_parallax_layout_bg_x&quot;:50,&quot;jet_parallax_layout_bg_x_tablet&quot;:&quot;&quot;,&quot;jet_parallax_layout_bg_x_mobile&quot;:&quot;&quot;,&quot;jet_parallax_layout_bg_y&quot;:50,&quot;jet_parallax_layout_bg_y_tablet&quot;:&quot;&quot;,&quot;jet_parallax_layout_bg_y_mobile&quot;:&quot;&quot;,&quot;jet_parallax_layout_bg_size&quot;:&quot;auto&quot;,&quot;jet_parallax_layout_bg_size_tablet&quot;:&quot;&quot;,&quot;jet_parallax_layout_bg_size_mobile&quot;:&quot;&quot;,&quot;jet_parallax_layout_animation_prop&quot;:&quot;transform&quot;,&quot;jet_parallax_layout_on&quot;:[&quot;desktop&quot;,&quot;tablet&quot;]}]}\">\n\t\t\t\t\t\t<div class=\"elementor-container elementor-column-gap-default\">\n\t\t\t\t\t<div class=\"elementor-column elementor-col-100 elementor-top-column elementor-element elementor-element-0c6b174\" data-id=\"0c6b174\" data-element_type=\"column\">\n\t\t\t<div class=\"elementor-widget-wrap elementor-element-populated\">\n\t\t\t\t\t\t<div class=\"elementor-element elementor-element-b1fe442 elementor-widget elementor-widget-theme-site-logo elementor-widget-image\" data-id=\"b1fe442\" data-element_type=\"widget\" data-widget_type=\"theme-site-logo.default\">\n\t\t\t\t<div class=\"elementor-widget-container\">\n\t\t\t\t\t\t\t\t\t<a href=\"https:\/\/aisn.pl\/en\">\n\t\t\t<img decoding=\"async\" width=\"174\" height=\"138\" src=\"https:\/\/aisn.pl\/download\/cropped-logo-aisn-1_041fc2f45ae1cf9875bb02fb049865ea-1.jpg\" class=\"attachment-full size-full wp-image-5517\" alt=\"\" \/>\t\t\t\t<\/a>\n\t\t\t\t\t\t\t\t\t<\/div>\n\t\t\t\t<\/div>\n\t\t\t\t\t<\/div>\n\t\t<\/div>\n\t\t\t\t\t<\/div>\n\t\t<\/section>\n\t\t\t\t<\/div>","protected":false},"excerpt":{"rendered":"<p>Webinar AISN we wsp\u00f3\u0142pracy z Gedeon Richter Polska Kompleksowe zabiegi angioplastyki wie\u0144cowej &#8211; leczenie bifurkacji t\u0119tnic wie\u0144cowych &#8211; cz\u0119\u015b\u0107 2 11 maj 2021 r. godz. 17:00 Do rozpocz\u0119cia webinarium pozosta\u0142o: Dni Godziny Minuty Sekundy<\/p>","protected":false},"author":6,"featured_media":0,"parent":0,"menu_order":93,"comment_status":"closed","ping_status":"closed","template":"elementor_canvas","meta":{"footnotes":""},"class_list":["post-8681","page","type-page","status-publish","hentry"],"_links":{"self":[{"href":"https:\/\/aisn.pl\/en\/wp-json\/wp\/v2\/pages\/8681","targetHints":{"allow":["GET"]}}],"collection":[{"href":"https:\/\/aisn.pl\/en\/wp-json\/wp\/v2\/pages"}],"about":[{"href":"https:\/\/aisn.pl\/en\/wp-json\/wp\/v2\/types\/page"}],"author":[{"embeddable":true,"href":"https:\/\/aisn.pl\/en\/wp-json\/wp\/v2\/users\/6"}],"replies":[{"embeddable":true,"href":"https:\/\/aisn.pl\/en\/wp-json\/wp\/v2\/comments?post=8681"}],"version-history":[{"count":10,"href":"https:\/\/aisn.pl\/en\/wp-json\/wp\/v2\/pages\/8681\/revisions"}],"predecessor-version":[{"id":12970,"href":"https:\/\/aisn.pl\/en\/wp-json\/wp\/v2\/pages\/8681\/revisions\/12970"}],"wp:attachment":[{"href":"https:\/\/aisn.pl\/en\/wp-json\/wp\/v2\/media?parent=8681"}],"curies":[{"name":"wp","href":"https:\/\/api.w.org\/{rel}","templated":true}]}}