{"id":9187,"date":"2021-05-31T12:13:17","date_gmt":"2021-05-31T10:13:17","guid":{"rendered":"https:\/\/aisn.pl\/webinaria\/optymalizacja-pci-masywnie-uwapnionych-zwezen-tetnic-wiencowych-w-oparciu-o-przypadki-kliniczne\/"},"modified":"2021-09-15T13:00:43","modified_gmt":"2021-09-15T11:00:43","slug":"warsztatyozwpzw","status":"publish","type":"page","link":"https:\/\/aisn.pl\/en\/webinaria\/warsztatyozwpzw\/","title":{"rendered":"Praktyczne warsztaty oceny ryzyka wyst\u0105pienia incydent\u00f3w niedokrwiennych oraz ryzyka krwawie\u0144 u chorych z OZW i PZW"},"content":{"rendered":"","protected":false},"excerpt":{"rendered":"","protected":false},"author":6,"featured_media":0,"parent":9152,"menu_order":0,"comment_status":"closed","ping_status":"closed","template":"","meta":{"footnotes":""},"class_list":["post-9187","page","type-page","status-publish","hentry"],"_links":{"self":[{"href":"https:\/\/aisn.pl\/en\/wp-json\/wp\/v2\/pages\/9187","targetHints":{"allow":["GET"]}}],"collection":[{"href":"https:\/\/aisn.pl\/en\/wp-json\/wp\/v2\/pages"}],"about":[{"href":"https:\/\/aisn.pl\/en\/wp-json\/wp\/v2\/types\/page"}],"author":[{"embeddable":true,"href":"https:\/\/aisn.pl\/en\/wp-json\/wp\/v2\/users\/6"}],"replies":[{"embeddable":true,"href":"https:\/\/aisn.pl\/en\/wp-json\/wp\/v2\/comments?post=9187"}],"version-history":[{"count":44,"href":"https:\/\/aisn.pl\/en\/wp-json\/wp\/v2\/pages\/9187\/revisions"}],"predecessor-version":[{"id":10867,"href":"https:\/\/aisn.pl\/en\/wp-json\/wp\/v2\/pages\/9187\/revisions\/10867"}],"up":[{"embeddable":true,"href":"https:\/\/aisn.pl\/en\/wp-json\/wp\/v2\/pages\/9152"}],"wp:attachment":[{"href":"https:\/\/aisn.pl\/en\/wp-json\/wp\/v2\/media?parent=9187"}],"curies":[{"name":"wp","href":"https:\/\/api.w.org\/{rel}","templated":true}]}}