{"id":9253,"date":"2021-06-01T08:34:23","date_gmt":"2021-06-01T06:34:23","guid":{"rendered":"https:\/\/aisn.pl\/webinaria\/zabiegiangioplastyki\/webinar-abbott-kompleksowe-zabiegi-angioplastyki-wiencowej-leczenie-przewleklych-okluzji-chronic-total-occlusion-cto-czesc-1-link\/"},"modified":"2021-06-22T10:54:07","modified_gmt":"2021-06-22T08:54:07","slug":"wcto2206","status":"publish","type":"page","link":"https:\/\/aisn.pl\/en\/zabiegiangioplastyki\/wcto2206\/","title":{"rendered":"Webinar Abbott Kompleksowe zabiegi angioplastyki wie\u0144cowej \u2013 leczenie przewlek\u0142ych okluzji (Chronic Total Occlusion \u2013 CTO) \u2013 cz\u0119\u015b\u0107 1 &#8211; link"},"content":{"rendered":"<div data-elementor-type=\"wp-page\" data-elementor-id=\"9253\" data-post-id=\"9253\" data-obj-id=\"9253\" class=\"elementor elementor-9253 dce-elementor-post-9253\" data-elementor-post-type=\"page\">\n\t\t\t\t\t\t<section class=\"elementor-section elementor-top-section elementor-element elementor-element-4eb96140 elementor-section-boxed elementor-section-height-default elementor-section-height-default\" data-id=\"4eb96140\" data-element_type=\"section\" data-settings=\"{&quot;jet_parallax_layout_list&quot;:[{&quot;jet_parallax_layout_image&quot;:{&quot;url&quot;:&quot;&quot;,&quot;id&quot;:&quot;&quot;,&quot;size&quot;:&quot;&quot;},&quot;_id&quot;:&quot;774b788&quot;,&quot;jet_parallax_layout_image_tablet&quot;:{&quot;url&quot;:&quot;&quot;,&quot;id&quot;:&quot;&quot;,&quot;size&quot;:&quot;&quot;},&quot;jet_parallax_layout_image_mobile&quot;:{&quot;url&quot;:&quot;&quot;,&quot;id&quot;:&quot;&quot;,&quot;size&quot;:&quot;&quot;},&quot;jet_parallax_layout_speed&quot;:{&quot;unit&quot;:&quot;%&quot;,&quot;size&quot;:50,&quot;sizes&quot;:[]},&quot;jet_parallax_layout_type&quot;:&quot;scroll&quot;,&quot;jet_parallax_layout_direction&quot;:null,&quot;jet_parallax_layout_fx_direction&quot;:null,&quot;jet_parallax_layout_z_index&quot;:&quot;&quot;,&quot;jet_parallax_layout_bg_x&quot;:50,&quot;jet_parallax_layout_bg_x_tablet&quot;:&quot;&quot;,&quot;jet_parallax_layout_bg_x_mobile&quot;:&quot;&quot;,&quot;jet_parallax_layout_bg_y&quot;:50,&quot;jet_parallax_layout_bg_y_tablet&quot;:&quot;&quot;,&quot;jet_parallax_layout_bg_y_mobile&quot;:&quot;&quot;,&quot;jet_parallax_layout_bg_size&quot;:&quot;auto&quot;,&quot;jet_parallax_layout_bg_size_tablet&quot;:&quot;&quot;,&quot;jet_parallax_layout_bg_size_mobile&quot;:&quot;&quot;,&quot;jet_parallax_layout_animation_prop&quot;:&quot;transform&quot;,&quot;jet_parallax_layout_on&quot;:[&quot;desktop&quot;,&quot;tablet&quot;]}]}\">\n\t\t\t\t\t\t<div class=\"elementor-container elementor-column-gap-default\">\n\t\t\t\t\t<div class=\"elementor-column elementor-col-100 elementor-top-column elementor-element elementor-element-1e11c47d\" data-id=\"1e11c47d\" data-element_type=\"column\">\n\t\t\t<div class=\"elementor-widget-wrap elementor-element-populated\">\n\t\t\t\t\t\t<div class=\"elementor-element elementor-element-5b7953b6 elementor-widget elementor-widget-theme-site-logo elementor-widget-image\" data-id=\"5b7953b6\" data-element_type=\"widget\" data-widget_type=\"theme-site-logo.default\">\n\t\t\t\t<div class=\"elementor-widget-container\">\n\t\t\t\t\t\t\t\t\t<a href=\"https:\/\/aisn.pl\/en\">\n\t\t\t<img decoding=\"async\" width=\"174\" height=\"138\" src=\"https:\/\/aisn.pl\/download\/cropped-logo-aisn-1_041fc2f45ae1cf9875bb02fb049865ea-1.jpg\" class=\"attachment-full size-full wp-image-5517\" alt=\"\" \/>\t\t\t\t<\/a>\n\t\t\t\t\t\t\t\t\t<\/div>\n\t\t\t\t<\/div>\n\t\t\t\t\t<\/div>\n\t\t<\/div>\n\t\t\t\t\t<\/div>\n\t\t<\/section>\n\t\t\t\t<section class=\"elementor-section elementor-top-section elementor-element elementor-element-2960de76 elementor-section-boxed elementor-section-height-default elementor-section-height-default\" data-id=\"2960de76\" data-element_type=\"section\" data-settings=\"{&quot;jet_parallax_layout_list&quot;:[{&quot;jet_parallax_layout_image&quot;:{&quot;url&quot;:&quot;&quot;,&quot;id&quot;:&quot;&quot;,&quot;size&quot;:&quot;&quot;},&quot;_id&quot;:&quot;4843e28&quot;,&quot;jet_parallax_layout_image_tablet&quot;:{&quot;url&quot;:&quot;&quot;,&quot;id&quot;:&quot;&quot;,&quot;size&quot;:&quot;&quot;},&quot;jet_parallax_layout_image_mobile&quot;:{&quot;url&quot;:&quot;&quot;,&quot;id&quot;:&quot;&quot;,&quot;size&quot;:&quot;&quot;},&quot;jet_parallax_layout_speed&quot;:{&quot;unit&quot;:&quot;%&quot;,&quot;size&quot;:50,&quot;sizes&quot;:[]},&quot;jet_parallax_layout_type&quot;:&quot;scroll&quot;,&quot;jet_parallax_layout_direction&quot;:null,&quot;jet_parallax_layout_fx_direction&quot;:null,&quot;jet_parallax_layout_z_index&quot;:&quot;&quot;,&quot;jet_parallax_layout_bg_x&quot;:50,&quot;jet_parallax_layout_bg_x_tablet&quot;:&quot;&quot;,&quot;jet_parallax_layout_bg_x_mobile&quot;:&quot;&quot;,&quot;jet_parallax_layout_bg_y&quot;:50,&quot;jet_parallax_layout_bg_y_tablet&quot;:&quot;&quot;,&quot;jet_parallax_layout_bg_y_mobile&quot;:&quot;&quot;,&quot;jet_parallax_layout_bg_size&quot;:&quot;auto&quot;,&quot;jet_parallax_layout_bg_size_tablet&quot;:&quot;&quot;,&quot;jet_parallax_layout_bg_size_mobile&quot;:&quot;&quot;,&quot;jet_parallax_layout_animation_prop&quot;:&quot;transform&quot;,&quot;jet_parallax_layout_on&quot;:[&quot;desktop&quot;,&quot;tablet&quot;]}]}\">\n\t\t\t\t\t\t<div class=\"elementor-container elementor-column-gap-default\">\n\t\t\t\t\t<div class=\"elementor-column elementor-col-100 elementor-top-column elementor-element elementor-element-66ae901f\" data-id=\"66ae901f\" data-element_type=\"column\">\n\t\t\t<div class=\"elementor-widget-wrap elementor-element-populated\">\n\t\t\t\t\t\t<div class=\"elementor-element elementor-element-2b16879b elementor-widget elementor-widget-html\" data-id=\"2b16879b\" data-element_type=\"widget\" data-widget_type=\"html.default\">\n\t\t\t\t<div class=\"elementor-widget-container\">\n\t\t\t<div id=\"AISMstreaming\" style=\"position: relative; width: 100%; height: 0; padding-bottom: 56.25%;\">\n<iframe src=\"https:\/\/www.webinaria.3ks.pl\/iframe_AISN\" style=\"position: absolute; top: 0; left: 0; width: 100%; height: 100%;\"\nwidth=\"640\" height=\"360\" frameborder=\"0\" scrolling=\"no\" allow=\"autoplay\" allowfullscreen webkitallowfullscreen mozallowfullscreen oallowfullscreen msallowfullscreen><\/iframe>\n<\/div>\n\n<iframe style=\"max-width: 100%; width: 640px; height:260px\" src=\"https:\/\/www.webinaria.3ks.pl\/pytaniaAISN\" width=\"640px\"\nframeborder=\"0\" scrolling=\"no\" height=\"260px\"><\/iframe>\t\t<\/div>\n\t\t\t\t<\/div>\n\t\t\t\t\t<\/div>\n\t\t<\/div>\n\t\t\t\t\t<\/div>\n\t\t<\/section>\n\t\t\t\t<\/div>","protected":false},"excerpt":{"rendered":"<p>Webinar AISN we wsp\u00f3\u0142pracy z Abbott Kompleksowe zabiegi angioplastyki wie\u0144cowej \u2013 leczenie przewlek\u0142ych okluzji (Chronic Total Occlusion \u2013 CTO) \u2013 cz\u0119\u015b\u0107 1 22 czerwiec 2021 r. godz. 17:00 Do rozpocz\u0119cia webinarium pozosta\u0142o: Dni Godziny Minuty Sekundy<\/p>","protected":false},"author":6,"featured_media":0,"parent":9177,"menu_order":0,"comment_status":"closed","ping_status":"closed","template":"elementor_canvas","meta":{"footnotes":""},"class_list":["post-9253","page","type-page","status-publish","hentry"],"_links":{"self":[{"href":"https:\/\/aisn.pl\/en\/wp-json\/wp\/v2\/pages\/9253","targetHints":{"allow":["GET"]}}],"collection":[{"href":"https:\/\/aisn.pl\/en\/wp-json\/wp\/v2\/pages"}],"about":[{"href":"https:\/\/aisn.pl\/en\/wp-json\/wp\/v2\/types\/page"}],"author":[{"embeddable":true,"href":"https:\/\/aisn.pl\/en\/wp-json\/wp\/v2\/users\/6"}],"replies":[{"embeddable":true,"href":"https:\/\/aisn.pl\/en\/wp-json\/wp\/v2\/comments?post=9253"}],"version-history":[{"count":7,"href":"https:\/\/aisn.pl\/en\/wp-json\/wp\/v2\/pages\/9253\/revisions"}],"predecessor-version":[{"id":9706,"href":"https:\/\/aisn.pl\/en\/wp-json\/wp\/v2\/pages\/9253\/revisions\/9706"}],"up":[{"embeddable":true,"href":"https:\/\/aisn.pl\/en\/wp-json\/wp\/v2\/pages\/9177"}],"wp:attachment":[{"href":"https:\/\/aisn.pl\/en\/wp-json\/wp\/v2\/media?parent=9253"}],"curies":[{"name":"wp","href":"https:\/\/api.w.org\/{rel}","templated":true}]}}