{"id":98,"date":"2020-06-13T10:03:30","date_gmt":"2020-06-13T10:03:30","guid":{"rendered":"https:\/\/test.aisn.pl\/?page_id=98"},"modified":"2020-07-29T11:59:30","modified_gmt":"2020-07-29T11:59:30","slug":"aisn","status":"publish","type":"page","link":"https:\/\/aisn.pl\/en\/aisn\/","title":{"rendered":"ACVI"},"content":{"rendered":"<div data-elementor-type=\"wp-page\" data-elementor-id=\"98\" data-post-id=\"98\" data-obj-id=\"98\" class=\"elementor elementor-98 dce-elementor-post-98\" data-elementor-post-type=\"page\">\n\t\t\t\t\t\t<section class=\"elementor-section elementor-top-section elementor-element elementor-element-8a14f26 elementor-section-boxed elementor-section-height-default elementor-section-height-default\" data-id=\"8a14f26\" data-element_type=\"section\" data-settings=\"{&quot;jet_parallax_layout_list&quot;:[{&quot;jet_parallax_layout_image&quot;:{&quot;url&quot;:&quot;&quot;,&quot;id&quot;:&quot;&quot;,&quot;size&quot;:&quot;&quot;},&quot;_id&quot;:&quot;6a530de&quot;,&quot;jet_parallax_layout_image_tablet&quot;:{&quot;url&quot;:&quot;&quot;,&quot;id&quot;:&quot;&quot;,&quot;size&quot;:&quot;&quot;},&quot;jet_parallax_layout_image_mobile&quot;:{&quot;url&quot;:&quot;&quot;,&quot;id&quot;:&quot;&quot;,&quot;size&quot;:&quot;&quot;},&quot;jet_parallax_layout_speed&quot;:{&quot;unit&quot;:&quot;%&quot;,&quot;size&quot;:50,&quot;sizes&quot;:[]},&quot;jet_parallax_layout_type&quot;:&quot;scroll&quot;,&quot;jet_parallax_layout_direction&quot;:null,&quot;jet_parallax_layout_fx_direction&quot;:null,&quot;jet_parallax_layout_z_index&quot;:&quot;&quot;,&quot;jet_parallax_layout_bg_x&quot;:50,&quot;jet_parallax_layout_bg_y&quot;:50,&quot;jet_parallax_layout_bg_size&quot;:&quot;auto&quot;,&quot;jet_parallax_layout_animation_prop&quot;:&quot;transform&quot;,&quot;jet_parallax_layout_on&quot;:[&quot;desktop&quot;,&quot;tablet&quot;],&quot;jet_parallax_layout_bg_x_tablet&quot;:&quot;&quot;,&quot;jet_parallax_layout_bg_x_mobile&quot;:&quot;&quot;,&quot;jet_parallax_layout_bg_y_tablet&quot;:&quot;&quot;,&quot;jet_parallax_layout_bg_y_mobile&quot;:&quot;&quot;,&quot;jet_parallax_layout_bg_size_tablet&quot;:&quot;&quot;,&quot;jet_parallax_layout_bg_size_mobile&quot;:&quot;&quot;}]}\">\n\t\t\t\t\t\t<div class=\"elementor-container elementor-column-gap-default\">\n\t\t\t\t\t<div class=\"elementor-column elementor-col-100 elementor-top-column elementor-element elementor-element-edc53ed\" data-id=\"edc53ed\" data-element_type=\"column\">\n\t\t\t<div class=\"elementor-widget-wrap elementor-element-populated\">\n\t\t\t\t\t\t<div class=\"elementor-element elementor-element-1acf037 elementor-widget elementor-widget-text-editor\" data-id=\"1acf037\" data-element_type=\"widget\" data-widget_type=\"text-editor.default\">\n\t\t\t\t<div class=\"elementor-widget-container\">\n\t\t\t\t\t\t\t<h3><strong>Association of Cardiovascular Interventions of the Polish Cardiac Society<\/strong> (\u201eAsocjacja PTK\u201d) jest terenow\u0105 jednostk\u0105 organizacyjn\u0105 Polskiego Towarzystwa Kardiologicznego ( &#8222;PTK&#8221;) w Warszawie<\/h3><p>\u00a0<\/p><p>\u00a0<\/p><h4>Do zada\u0144 Asocjacji PTK nale\u017cy w szczeg\u00f3lno\u015bci zapewnienie optymalnego inwazyjnego leczenia ostrych zespo\u0142\u00f3w wie\u0144cowych, tworzenie systemu szkolenia lekarzy w dziedzinie kardiologii interwencyjnej i angiologii oraz kompleksowego systemu kontroli jako\u015bci wykonywanych zabieg\u00f3w.<\/h4><p>\u00a0<\/p><p>\u00a0<\/p><p>\u00a0<\/p><p>\u00a0<\/p><p>\u00a0<\/p>\t\t\t\t\t\t<\/div>\n\t\t\t\t<\/div>\n\t\t\t\t\t<\/div>\n\t\t<\/div>\n\t\t\t\t\t<\/div>\n\t\t<\/section>\n\t\t\t\t<\/div>","protected":false},"excerpt":{"rendered":"<p>Asocjacja Interwencji Sercowo-Naczyniowych Polskiego Towarzystwa Kardiologicznego (\u201eAsocjacja PTK\u201d) jest terenow\u0105 jednostk\u0105 organizacyjn\u0105 Polskiego Towarzystwa Kardiologicznego ( &#8222;PTK&#8221;) w Warszawie \u00a0 \u00a0 Do zada\u0144 Asocjacji PTK nale\u017cy w szczeg\u00f3lno\u015bci zapewnienie optymalnego inwazyjnego leczenia ostrych zespo\u0142\u00f3w wie\u0144cowych, tworzenie systemu szkolenia lekarzy w dziedzinie kardiologii interwencyjnej i angiologii oraz kompleksowego systemu kontroli jako\u015bci wykonywanych zabieg\u00f3w. \u00a0 \u00a0 \u00a0 [&hellip;]<\/p>","protected":false},"author":6,"featured_media":0,"parent":0,"menu_order":99,"comment_status":"closed","ping_status":"closed","template":"","meta":{"footnotes":""},"class_list":["post-98","page","type-page","status-publish","hentry"],"_links":{"self":[{"href":"https:\/\/aisn.pl\/en\/wp-json\/wp\/v2\/pages\/98","targetHints":{"allow":["GET"]}}],"collection":[{"href":"https:\/\/aisn.pl\/en\/wp-json\/wp\/v2\/pages"}],"about":[{"href":"https:\/\/aisn.pl\/en\/wp-json\/wp\/v2\/types\/page"}],"author":[{"embeddable":true,"href":"https:\/\/aisn.pl\/en\/wp-json\/wp\/v2\/users\/6"}],"replies":[{"embeddable":true,"href":"https:\/\/aisn.pl\/en\/wp-json\/wp\/v2\/comments?post=98"}],"version-history":[{"count":0,"href":"https:\/\/aisn.pl\/en\/wp-json\/wp\/v2\/pages\/98\/revisions"}],"wp:attachment":[{"href":"https:\/\/aisn.pl\/en\/wp-json\/wp\/v2\/media?parent=98"}],"curies":[{"name":"wp","href":"https:\/\/api.w.org\/{rel}","templated":true}]}} 